{"id":17376,"date":"2025-10-18T16:52:16","date_gmt":"2025-10-18T08:52:16","guid":{"rendered":"https:\/\/green-grasshopper-921422.hostingersite.com\/?post_type=product&#038;p=17376"},"modified":"2025-12-15T21:30:17","modified_gmt":"2025-12-15T13:30:17","slug":"mesii-triple-niice-35k-vape-ajustavel","status":"publish","type":"product","link":"https:\/\/agoravape.com\/pt\/product\/mesii-triple-niice-35k-adjustable-vape\/","title":{"rendered":"Mesii Triple NIICE 35K Puffs Ajust\u00e1vel Gelo &amp; Nic Vape | Grande Contagem de Puffs. Conforto de marca\u00e7\u00e3o."},"content":{"rendered":"<h2 data-v-md-heading=\"what-is-special-about-mesii-triple-niice-35000-puff-adjustable-freezing-point-and-nicotine-vape\" data-v-md-line=\"3\"><img loading=\"lazy\" decoding=\"async\" class=\"aligncenter size-full wp-image-17393\" src=\"https:\/\/agoravape.com\/wp-content\/uploads\/2025\/10\/Mesii-Triple-NIICE-35K-Puffs-Adjustable-Ice-Nic-Vape_Agora_vape-1.webp\" alt=\"\" width=\"1000\" height=\"1000\" srcset=\"https:\/\/agoravape.com\/wp-content\/uploads\/2025\/10\/Mesii-Triple-NIICE-35K-Puffs-Adjustable-Ice-Nic-Vape_Agora_vape-1.webp 1000w, https:\/\/agoravape.com\/wp-content\/uploads\/2025\/10\/Mesii-Triple-NIICE-35K-Puffs-Adjustable-Ice-Nic-Vape_Agora_vape-1-600x600.webp 600w, https:\/\/agoravape.com\/wp-content\/uploads\/2025\/10\/Mesii-Triple-NIICE-35K-Puffs-Adjustable-Ice-Nic-Vape_Agora_vape-1-300x300.webp 300w, https:\/\/agoravape.com\/wp-content\/uploads\/2025\/10\/Mesii-Triple-NIICE-35K-Puffs-Adjustable-Ice-Nic-Vape_Agora_vape-1-150x150.webp 150w, https:\/\/agoravape.com\/wp-content\/uploads\/2025\/10\/Mesii-Triple-NIICE-35K-Puffs-Adjustable-Ice-Nic-Vape_Agora_vape-1-768x768.webp 768w\" sizes=\"auto, (max-width: 1000px) 100vw, 1000px\" \/><\/h2>\n<h2 data-v-md-heading=\"what-is-special-about-mesii-triple-niice-35000-puff-adjustable-freezing-point-and-nicotine-vape\" data-v-md-line=\"3\">O que h\u00e1 de especial no Mesii Triple NIICE 35000 puff ponto de congela\u00e7\u00e3o ajust\u00e1vel e no vape de nicotina?<\/h2>\n<p data-v-md-line=\"4\">Se est\u00e1 cansado dos vapes descart\u00e1veis que se esgotam numa semana, talvez queira dar uma vista de olhos a este produto. O Mesii Triple NIICE pode aguentar at\u00e9 35000 bocados, com um sabor suave e fi\u00e1vel, e uma del\u00edcia duradoura.<\/p>\n<p data-v-md-line=\"6\">Foi concebido especificamente para aqueles que procuram um controlo f\u00e1cil. \u00c9 poss\u00edvel ajustar o ponto de congela\u00e7\u00e3o e a concentra\u00e7\u00e3o de nicotina no dispositivo. Isto significa que pode encontrar o equil\u00edbrio perfeito entre o golpe na garganta e a sensa\u00e7\u00e3o de gelo, e depois desfrut\u00e1-lo ao m\u00e1ximo. Pode pensar-se que ter um vape de t\u00e3o grande calibre seria volumoso, mas ficar\u00e1 surpreendido com a natureza leve e port\u00e1til deste vape.<\/p>\n<h2 data-v-md-heading=\"excellent-performance-and-easy-operation\" data-v-md-line=\"8\">Excelente desempenho e opera\u00e7\u00e3o f\u00e1cil.<\/h2>\n<p data-v-md-line=\"9\">O n\u00facleo do Triple NIICE \u00e9 uma bobina de malha. Aquece uniformemente, tornando cada mordida t\u00e3o deliciosa como o primeiro gole. Quando a bateria estiver fraca, basta lig\u00e1-lo e carreg\u00e1-lo atrav\u00e9s de USB-C. N\u00e3o s\u00e3o necess\u00e1rios cabos especiais ou interfaces complicadas. F\u00e1cil de usar.<\/p>\n<h2 data-v-md-heading=\"specification-introduction\" data-v-md-line=\"11\">Introdu\u00e7\u00e3o \u00e0 especifica\u00e7\u00e3o<\/h2>\n<ul data-v-md-line=\"12\">\n<li>Frequ\u00eancia de suc\u00e7\u00e3o: at\u00e9 35000 vezes<\/li>\n<li>Capacidade do e-l\u00edquido: 20ml+10ml+10ml (tr\u00eas dep\u00f3sitos de armazenamento)<\/li>\n<li>Bateria: Bateria recarreg\u00e1vel de 800mAh<\/li>\n<li>Concentra\u00e7\u00e3o de nicotina: 0%, 2%, 3%, 5% opcional<\/li>\n<li>N\u00edvel de gelo: sem gelo, baixo, m\u00e9dio, extremamente alto<\/li>\n<li>Controlo integrado da concentra\u00e7\u00e3o de nicotina no dispositivo: nenhuma, baixa, m\u00e9dia, forte<\/li>\n<li>Princ\u00edpio de funcionamento: Ativado por inala\u00e7\u00e3o<\/li>\n<li>N\u00facleo de atomiza\u00e7\u00e3o: N\u00facleo de atomiza\u00e7\u00e3o em malha, sabor consistente<\/li>\n<li>Carregamento: Interface USB-C padr\u00e3o<\/li>\n<li>Estado: Pronto para usar assim que abrir a caixa.<\/li>\n<\/ul>\n<h2 data-v-md-heading=\"full-range-of-flavors\" data-v-md-line=\"23\">Full range of flavors<\/h2>\n<ul data-v-md-line=\"24\">\n<li>Gelo de Melancia<\/li>\n<li>Sorvete de uva<\/li>\n<li>Pista de gelo azul<\/li>\n<li>Gelo de mirtilo e melancia<\/li>\n<li>Gelo de lima e menta<\/li>\n<li>Sorvete de p\u00eassego<\/li>\n<li>Sorvete de morango<\/li>\n<li>Sorvete de Frutas Vermelhas<\/li>\n<li>Gelo de Ma\u00e7\u00e3 Duplo<\/li>\n<li>Coca-Cola de cereja gelada<\/li>\n<\/ul>\n<h2 data-v-md-heading=\"to-create-for-you-and-your-business\" data-v-md-line=\"35\">Para criar algo para voc\u00ea e para o seu neg\u00f3cio.<\/h2>\n<p data-v-md-line=\"36\">Pode adquirir Mesii Triple NIICE 35K para si ou para a sua loja. A caixa de cart\u00e3o para venda por grosso cont\u00e9m 160 pe\u00e7as, pelo que pode facilmente criar um efeito de exposi\u00e7\u00e3o simples, apelativo e din\u00e2mico.<\/p>\n<p data-v-md-line=\"38\">Fornecemos servi\u00e7os de entrega DDP em toda a Europa atrav\u00e9s de parceiros de confian\u00e7a como a UPS, a DPD e a DHL. Isto significa que as tarifas ser\u00e3o processadas antecipadamente, pelo que n\u00e3o haver\u00e1 incidentes inesperados na alf\u00e2ndega. O teor de nicotina e a disponibilidade variam consoante o pa\u00eds\/regi\u00e3o, pelo que deve verificar os regulamentos locais antes de efetuar uma encomenda.<\/p>\n<h2 data-v-md-heading=\"why-do-you-like-it\" data-v-md-line=\"40\">Por que voc\u00ea gosta disso?<\/h2>\n<ul data-v-md-line=\"41\">\n<li>Fumar em grande quantidade: Dur\u00e1vel e de longa dura\u00e7\u00e3o, n\u00e3o \u00e9 necess\u00e1rio comprar frequentemente novos cigarros.<\/li>\n<li>Sele\u00e7\u00e3o do teor de nicotina: Escolha 0%, 2%, 3%, ou 5% de acordo com a sua prefer\u00eancia.<\/li>\n<li>Recarreg\u00e1vel: Pode utilizar todos os e-l\u00edquidos comprados.<\/li>\n<li>Bobina de malha: Proporciona um sabor consistente e rico em todas as ocasi\u00f5es.<\/li>\n<li>Conte\u00fado de gelo ajust\u00e1vel: Ajuste o teor de gelo de acordo com a sua disposi\u00e7\u00e3o, desde nada at\u00e9 ao extremo.<\/li>\n<\/ul>\n<h2 data-v-md-heading=\"why-collaborate-with-agoravape\" data-v-md-line=\"47\">Por que colaborar com a AgoraVape?<\/h2>\n<p data-v-md-line=\"48\">N\u00f3s vendemos apenas produtos genu\u00ednos 100% e n\u00e3o temos d\u00favidas sobre isso. Para clientes comerciais, isso significa que o ponto de congelamento ajust\u00e1vel Mesii Triple NIICE 35K e o vape de nicotina t\u00eam pre\u00e7os de atacado altamente competitivos, suporte p\u00f3s-venda conveniente e servi\u00e7os de entrega r\u00e1pidos e confi\u00e1veis. Se voc\u00ea deseja um vape descart\u00e1vel ajust\u00e1vel e com alto teor de fuma\u00e7a que possa aumentar sua taxa de reten\u00e7\u00e3o de clientes, entre em contato conosco.<\/p>","protected":false},"excerpt":{"rendered":"<p>&nbsp;<\/p>\n<p><script src=\"chrome-extension:\/\/fpelahbljekknahkcaegamhcndkfpfnc\/iFrame.js\" type=\"text\/javascript\"><\/script><\/p>\n<p><script src=\"chrome-extension:\/\/fpelahbljekknahkcaegamhcndkfpfnc\/iFrame.js\" type=\"text\/javascript\"><\/script><\/p>\n<p><script src=\"chrome-extension:\/\/fpelahbljekknahkcaegamhcndkfpfnc\/iFrame.js\" type=\"text\/javascript\"><\/script><\/p>\n<p><script src=\"chrome-extension:\/\/fpelahbljekknahkcaegamhcndkfpfnc\/iFrame.js\" type=\"text\/javascript\"><\/script><\/p>\n<p><script src=\"chrome-extension:\/\/fpelahbljekknahkcaegamhcndkfpfnc\/iFrame.js\" type=\"text\/javascript\"><\/script><\/p>\n<p><script src=\"chrome-extension:\/\/fpelahbljekknahkcaegamhcndkfpfnc\/iFrame.js\" type=\"text\/javascript\"><\/script><\/p>\n<p><script src=\"chrome-extension:\/\/fpelahbljekknahkcaegamhcndkfpfnc\/iFrame.js\" type=\"text\/javascript\"><\/script><\/p>\n<p><script src=\"chrome-extension:\/\/fpelahbljekknahkcaegamhcndkfpfnc\/iFrame.js\" type=\"text\/javascript\"><\/script><\/p>\n<p><script src=\"chrome-extension:\/\/fpelahbljekknahkcaegamhcndkfpfnc\/iFrame.js\" type=\"text\/javascript\"><\/script><\/p>\n<p><script src=\"chrome-extension:\/\/fpelahbljekknahkcaegamhcndkfpfnc\/iFrame.js\" type=\"text\/javascript\"><\/script><\/p>\n<p><script src=\"chrome-extension:\/\/fpelahbljekknahkcaegamhcndkfpfnc\/iFrame.js\" type=\"text\/javascript\"><\/script><\/p>\n<p><script src=\"chrome-extension:\/\/fpelahbljekknahkcaegamhcndkfpfnc\/iFrame.js\" type=\"text\/javascript\"><\/script><\/p>\n<p><script src=\"chrome-extension:\/\/fpelahbljekknahkcaegamhcndkfpfnc\/iFrame.js\" type=\"text\/javascript\"><\/script><\/p>\n<p><script src=\"chrome-extension:\/\/fpelahbljekknahkcaegamhcndkfpfnc\/iFrame.js\" type=\"text\/javascript\"><\/script><\/p>\n<p><script src=\"chrome-extension:\/\/fpelahbljekknahkcaegamhcndkfpfnc\/iFrame.js\" type=\"text\/javascript\"><\/script><\/p>","protected":false},"featured_media":17403,"comment_status":"open","ping_status":"closed","template":"","meta":[],"product_brand":[234],"product_cat":[124,187,185,189,174,175,193,161,191,173,186,180,190,192],"product_tag":[],"class_list":{"0":"post-17376","1":"product","2":"type-product","3":"status-publish","4":"has-post-thumbnail","6":"product_brand-mesii","7":"product_cat-vape-by-brand","8":"product_cat-0mg-nicotine-free-vapes","9":"product_cat-10000-puffs-high-capacity","10":"product_cat-20mg-standard-nicotine-vapes","11":"product_cat-fruit-flavors","12":"product_cat-icy-mint","13":"product_cat-mesh-coil","14":"product_cat-mesii","15":"product_cat-rechargeable-disposables","16":"product_cat-vape-by-flavor-profile","17":"product_cat-vape-by-nicotine-strength","18":"product_cat-vape-by-puff-count","19":"product_cat-vape-by-feature-or-type","20":"product_cat-vapes-with-screens","22":"first","23":"instock","24":"shipping-taxable","25":"purchasable","26":"product-type-variable","27":"has-default-attributes"},"tiered_pricing_type":"percentage","tiered_pricing_fixed_rules":[],"tiered_pricing_product_settings":{"layout":"default","base_unit_name":{"singular":null,"plural":null},"default_variation":null},"tiered_pricing_minimum_quantity":10,"tiered_pricing_roles_data":[],"tiered_pricing_percentage_rules":{"30":"29","50":"35","100":"40","200":"44","500":"47","1000":"49"},"tiered_pricing_maximum_quantity":null,"tiered_pricing_quantity_step":"10","_links":{"self":[{"href":"https:\/\/agoravape.com\/pt\/wp-json\/wp\/v2\/product\/17376","targetHints":{"allow":["GET"]}}],"collection":[{"href":"https:\/\/agoravape.com\/pt\/wp-json\/wp\/v2\/product"}],"about":[{"href":"https:\/\/agoravape.com\/pt\/wp-json\/wp\/v2\/types\/product"}],"replies":[{"embeddable":true,"href":"https:\/\/agoravape.com\/pt\/wp-json\/wp\/v2\/comments?post=17376"}],"version-history":[{"count":0,"href":"https:\/\/agoravape.com\/pt\/wp-json\/wp\/v2\/product\/17376\/revisions"}],"wp:featuredmedia":[{"embeddable":true,"href":"https:\/\/agoravape.com\/pt\/wp-json\/wp\/v2\/media\/17403"}],"wp:attachment":[{"href":"https:\/\/agoravape.com\/pt\/wp-json\/wp\/v2\/media?parent=17376"}],"wp:term":[{"taxonomy":"product_brand","embeddable":true,"href":"https:\/\/agoravape.com\/pt\/wp-json\/wp\/v2\/product_brand?post=17376"},{"taxonomy":"product_cat","embeddable":true,"href":"https:\/\/agoravape.com\/pt\/wp-json\/wp\/v2\/product_cat?post=17376"},{"taxonomy":"product_tag","embeddable":true,"href":"https:\/\/agoravape.com\/pt\/wp-json\/wp\/v2\/product_tag?post=17376"}],"curies":[{"name":"wp","href":"https:\/\/api.w.org\/{rel}","templated":true}]}}