{"id":17416,"date":"2025-10-18T17:04:25","date_gmt":"2025-10-18T09:04:25","guid":{"rendered":"https:\/\/green-grasshopper-921422.hostingersite.com\/?post_type=product&#038;p=17416"},"modified":"2026-02-22T15:15:40","modified_gmt":"2026-02-22T14:15:40","slug":"mesii-vast-energy-30000-puffs-vape","status":"publish","type":"product","link":"https:\/\/agoravape.com\/pt\/product\/mesii-vast-energy-30000-puffs-vape\/","title":{"rendered":"Mesii Vast Energy 30K Puffs 4-Mode LED Marquee Vape | Grande Contagem de Puffs, Controlo T\u00e1ctil Simples"},"content":{"rendered":"<h2 data-v-md-heading=\"what-are-the-special-features-of-mesii-vast-energy-30k-suction-capacity-4-speed-led-screen-vape\" data-v-md-line=\"3\"><img loading=\"lazy\" decoding=\"async\" class=\"aligncenter size-full wp-image-17443\" src=\"https:\/\/agoravape.com\/wp-content\/uploads\/2025\/10\/Mesii-Vast-Energy-30K-Puffs-4-Mode-LED-Marquee-Vape_Agora_vape-16.webp\" alt=\"\" width=\"1600\" height=\"1600\" srcset=\"https:\/\/agoravape.com\/wp-content\/uploads\/2025\/10\/Mesii-Vast-Energy-30K-Puffs-4-Mode-LED-Marquee-Vape_Agora_vape-16.webp 1600w, https:\/\/agoravape.com\/wp-content\/uploads\/2025\/10\/Mesii-Vast-Energy-30K-Puffs-4-Mode-LED-Marquee-Vape_Agora_vape-16-600x600.webp 600w, https:\/\/agoravape.com\/wp-content\/uploads\/2025\/10\/Mesii-Vast-Energy-30K-Puffs-4-Mode-LED-Marquee-Vape_Agora_vape-16-1200x1200.webp 1200w, https:\/\/agoravape.com\/wp-content\/uploads\/2025\/10\/Mesii-Vast-Energy-30K-Puffs-4-Mode-LED-Marquee-Vape_Agora_vape-16-300x300.webp 300w, https:\/\/agoravape.com\/wp-content\/uploads\/2025\/10\/Mesii-Vast-Energy-30K-Puffs-4-Mode-LED-Marquee-Vape_Agora_vape-16-1024x1024.webp 1024w, https:\/\/agoravape.com\/wp-content\/uploads\/2025\/10\/Mesii-Vast-Energy-30K-Puffs-4-Mode-LED-Marquee-Vape_Agora_vape-16-150x150.webp 150w, https:\/\/agoravape.com\/wp-content\/uploads\/2025\/10\/Mesii-Vast-Energy-30K-Puffs-4-Mode-LED-Marquee-Vape_Agora_vape-16-768x768.webp 768w, https:\/\/agoravape.com\/wp-content\/uploads\/2025\/10\/Mesii-Vast-Energy-30K-Puffs-4-Mode-LED-Marquee-Vape_Agora_vape-16-1536x1536.webp 1536w\" sizes=\"auto, (max-width: 1600px) 100vw, 1600px\" \/><\/h2>\n<h2 data-v-md-heading=\"what-are-the-special-features-of-mesii-vast-energy-30k-suction-capacity-4-speed-led-screen-vape\" data-v-md-line=\"3\">Quais s\u00e3o as carater\u00edsticas especiais do vape de ecr\u00e3 LED de 4 velocidades com capacidade de suc\u00e7\u00e3o Mesii Vast Energy 30K?<\/h2>\n<p data-v-md-line=\"4\">Se est\u00e1 cansado de vaporizadores descart\u00e1veis e de os utilizar rapidamente de cada vez, ent\u00e3o este vape \u00e9 definitivamente a sua melhor escolha. O Mesii Vast Energy tem uma capacidade de at\u00e9 30000 baforadas e est\u00e1 equipado com um impressionante vape de estilo ecr\u00e3 LED de 360 \u00b0, permitindo-lhe utiliz\u00e1-lo verdadeiramente em vez de apenas olhar para ele. Toque no interrutor t\u00e1til para alternar entre os quatro modos, proporcionando uma experi\u00eancia maravilhosa durante todo o dia.<\/p>\n<p data-v-md-line=\"6\">Se quiser desfrutar facilmente de sabores ricos sem o inc\u00f3modo da opera\u00e7\u00e3o, este vape \u00e9 a escolha ideal. Sem necessidade de menus complexos, sem bot\u00f5es complicados, com um aspeto elegante, uma experi\u00eancia de utiliza\u00e7\u00e3o simples e um excelente desempenho.<\/p>\n<h2 data-v-md-heading=\"excellent-performance-without-any-complex-operations\" data-v-md-line=\"8\">Excelente desempenho sem opera\u00e7\u00f5es complexas<\/h2>\n<p data-v-md-line=\"9\">Quatro modos pr\u00e1ticos - ECO, PLUS, PRO e MAX - permitem-lhe ajustar livremente o volume e a pot\u00eancia de suc\u00e7\u00e3o pretendidos. O modo ECO prolonga o tempo de utiliza\u00e7\u00e3o. O modo MAX proporciona uma experi\u00eancia mais potente. A bobina foi afinada e tem um sabor est\u00e1vel, com a primeira mordida t\u00e3o suave quanto a \u00faltima. Alimentado por uma bateria de 800mAh, \u00e9 suficiente para lidar com uma grande capacidade de 30ml. Basta tocar para mudar de modo para uma utiliza\u00e7\u00e3o normal.<\/p>\n<h2 data-v-md-heading=\"specification-overview\" data-v-md-line=\"11\">Vis\u00e3o geral das especifica\u00e7\u00f5es<\/h2>\n<p data-v-md-line=\"12\"><strong>Frequ\u00eancia de aspira\u00e7\u00e3o<\/strong>: at\u00e9 30000 vezes<br \/>\n<strong>Teor de nicotina<\/strong>: 0%, 2%, 3%, 5%<br \/>\n<strong>Princ\u00edpio de funcionamento<\/strong>: Interruptor t\u00e1til para alternar entre os modos ECO, PLUS, PRO e MAX. Sem necessidade de configura\u00e7\u00f5es complexas<br \/>\n<strong>Carregamento:<\/strong>\u00a0Bateria de 800mAh incorporada<br \/>\n<strong>Estado:<\/strong>\u00a0Pronto a utilizar a partir da caixa<\/p>\n<h2 data-v-md-heading=\"full-range-of-flavors\" data-v-md-line=\"18\">Full range of flavors<\/h2>\n<ul data-v-md-line=\"19\">\n<li>Gelo de Melancia<\/li>\n<li>Sorvete de uva<\/li>\n<li>Bomba de bagas<\/li>\n<li>morango kiwi<\/li>\n<li>Pista de gelo azul<\/li>\n<li>Sorvete de p\u00eassego<\/li>\n<li>Coca-Cola de cereja gelada<\/li>\n<li>Gelo de ma\u00e7\u00e3 verde<\/li>\n<li>Casa da Moeda de Miami<\/li>\n<li>Lim\u00e3o e lima<\/li>\n<li>Melancia de morango<\/li>\n<li>Bai Xiang Laranja Goiaba<\/li>\n<li>Melancia de framboesa<\/li>\n<li>Anan\u00e1s Manga<\/li>\n<li>Fruta do drag\u00e3o, banana, cereja<\/li>\n<\/ul>\n<h2 data-v-md-heading=\"for-you-for-your-business\" data-v-md-line=\"35\">Para voc\u00ea, para o seu neg\u00f3cio<\/h2>\n<p data-v-md-line=\"36\">Pode escolher uma para si ou fazer um stock para a sua loja. Caixas de cart\u00e3o por grosso de 150 por caixa, com um peso bruto de aproximadamente 18 quilogramas. Enviamos atrav\u00e9s de parceiros de confian\u00e7a, como a UPS, a DPD e a DHL, numa base de Entrega com Direitos Pagos (DDP), para que a sua encomenda possa ser entregue rapidamente e evitar quaisquer incidentes inesperados na alf\u00e2ndega.<\/p>\n<p data-v-md-line=\"38\">Se necessitar de pre\u00e7os para encomendas a granel ou cartuchos de sabores mistos, contacte a nossa equipa. Ajud\u00e1-lo-emos a criar uma s\u00e9rie de clientes recorrentes que atrai verdadeiramente os clientes.<\/p>\n<h2 data-v-md-heading=\"why-do-you-like-it\" data-v-md-line=\"40\">Por que voc\u00ea gosta disso?<\/h2>\n<p data-v-md-line=\"41\"><strong>Aspira\u00e7\u00e3o excessiva:<\/strong>\u00a0Menos tempo de substitui\u00e7\u00e3o, poupando tempo e problemas<br \/>\n<strong>Quatro modos de alimenta\u00e7\u00e3o:<\/strong>\u00a0Personalize a experi\u00eancia de suc\u00e7\u00e3o de acordo com a sua disposi\u00e7\u00e3o, quer prefira suavidade ou for\u00e7a<br \/>\n<strong>Luz de desloca\u00e7\u00e3o LED de 360\u00b0:<\/strong>\u00a0Aspeto v\u00edvido, feedback de modo claro e vis\u00edvel<br \/>\n<strong>Sele\u00e7\u00e3o de nicotina:<\/strong>\u00a0De 0% a concentra\u00e7\u00f5es mais elevadas, pode escolher a que mais lhe conv\u00e9m<br \/>\n<strong>Controlo t\u00e1til:<\/strong>\u00a0Basta tocar para mudar rapidamente de modo<\/p>\n<h2 data-v-md-heading=\"why-collaborate-with-agoravape\" data-v-md-line=\"47\">Por que colaborar com a AgoraVape?<\/h2>\n<p data-v-md-line=\"48\">N\u00f3s vendemos apenas produtos genu\u00ednos 100% de nossas marcas confi\u00e1veis. Como um dos distribuidores de vape mais confi\u00e1veis da Europa, oferecemos pre\u00e7os com desconto no atacado, suporte confi\u00e1vel e entrega r\u00e1pida de DDP para os vapes de ticker LED de 4 modos Mesii Vast Energy 30K para fumar. Quer comprar? Entre em contato conosco e n\u00f3s providenciaremos isso para voc\u00ea, eliminando suas preocupa\u00e7\u00f5es.<\/p>\n<p data-v-md-line=\"50\">Aviso aos retalhistas da UE: Antes de vender a retalho, certifique-se de que verifica os regulamentos locais relativos aos produtos do tabaco (TPD)\/produtos e embalagens de tabaco (TRPR). A op\u00e7\u00e3o de 30 ml de capacidade e um teor de nicotina mais elevado pode n\u00e3o ser permitida em alguns mercados europeus. Podemos fornecer-lhe conselhos que cumpram o \u00e2mbito de conformidade do seu pa\u00eds\/regi\u00e3o.<\/p>","protected":false},"excerpt":{"rendered":"<p>&nbsp;<\/p>\n<p><script src=\"chrome-extension:\/\/fpelahbljekknahkcaegamhcndkfpfnc\/iFrame.js\" type=\"text\/javascript\"><\/script><\/p>\n<p><script src=\"chrome-extension:\/\/fpelahbljekknahkcaegamhcndkfpfnc\/iFrame.js\" type=\"text\/javascript\"><\/script><\/p>\n<p><script src=\"chrome-extension:\/\/fpelahbljekknahkcaegamhcndkfpfnc\/iFrame.js\" type=\"text\/javascript\"><\/script><\/p>\n<p><script src=\"chrome-extension:\/\/fpelahbljekknahkcaegamhcndkfpfnc\/iFrame.js\" type=\"text\/javascript\"><\/script><\/p>\n<p><script src=\"chrome-extension:\/\/fpelahbljekknahkcaegamhcndkfpfnc\/iFrame.js\" type=\"text\/javascript\"><\/script><\/p>\n<p><script src=\"chrome-extension:\/\/fpelahbljekknahkcaegamhcndkfpfnc\/iFrame.js\" type=\"text\/javascript\"><\/script><\/p>\n<p><script src=\"chrome-extension:\/\/fpelahbljekknahkcaegamhcndkfpfnc\/iFrame.js\" type=\"text\/javascript\"><\/script><\/p>\n<p><script src=\"chrome-extension:\/\/fpelahbljekknahkcaegamhcndkfpfnc\/iFrame.js\" type=\"text\/javascript\"><\/script><\/p>\n<p><script src=\"chrome-extension:\/\/fpelahbljekknahkcaegamhcndkfpfnc\/iFrame.js\" type=\"text\/javascript\"><\/script><\/p>\n<p><script src=\"chrome-extension:\/\/fpelahbljekknahkcaegamhcndkfpfnc\/iFrame.js\" type=\"text\/javascript\"><\/script><\/p>\n<p><script src=\"chrome-extension:\/\/fpelahbljekknahkcaegamhcndkfpfnc\/iFrame.js\" type=\"text\/javascript\"><\/script><\/p>\n<p><script src=\"chrome-extension:\/\/fpelahbljekknahkcaegamhcndkfpfnc\/iFrame.js\" type=\"text\/javascript\"><\/script><\/p>\n<p><script src=\"chrome-extension:\/\/fpelahbljekknahkcaegamhcndkfpfnc\/iFrame.js\" type=\"text\/javascript\"><\/script><\/p>\n<p><script src=\"chrome-extension:\/\/fpelahbljekknahkcaegamhcndkfpfnc\/iFrame.js\" type=\"text\/javascript\"><\/script><\/p>\n<p><script src=\"chrome-extension:\/\/fpelahbljekknahkcaegamhcndkfpfnc\/iFrame.js\" type=\"text\/javascript\"><\/script><\/p>","protected":false},"featured_media":17442,"comment_status":"open","ping_status":"closed","template":"","meta":[],"product_brand":[234],"product_cat":[124,187,185,189,1637,174,175,193,161,191,173,186,180,190,192],"product_tag":[],"class_list":{"0":"post-17416","1":"product","2":"type-product","3":"status-publish","4":"has-post-thumbnail","6":"product_brand-mesii","7":"product_cat-vape-by-brand","8":"product_cat-0mg-nicotine-free-vapes","9":"product_cat-10000-puffs-high-capacity","10":"product_cat-20mg-standard-nicotine-vapes","11":"product_cat-30000-puffs","12":"product_cat-fruit-flavors","13":"product_cat-icy-mint","14":"product_cat-mesh-coil","15":"product_cat-mesii","16":"product_cat-rechargeable-disposables","17":"product_cat-vape-by-flavor-profile","18":"product_cat-vape-by-nicotine-strength","19":"product_cat-vape-by-puff-count","20":"product_cat-vape-by-feature-or-type","21":"product_cat-vapes-with-screens","23":"first","24":"instock","25":"shipping-taxable","26":"purchasable","27":"product-type-variable","28":"has-default-attributes"},"tiered_pricing_type":"percentage","tiered_pricing_fixed_rules":[],"tiered_pricing_product_settings":{"layout":"default","base_unit_name":{"singular":null,"plural":null},"default_variation":null},"tiered_pricing_minimum_quantity":10,"tiered_pricing_roles_data":[],"tiered_pricing_percentage_rules":{"30":"29","50":"35","100":"40","200":"44","500":"47","1000":"49"},"tiered_pricing_maximum_quantity":null,"tiered_pricing_quantity_step":"10","_links":{"self":[{"href":"https:\/\/agoravape.com\/pt\/wp-json\/wp\/v2\/product\/17416","targetHints":{"allow":["GET"]}}],"collection":[{"href":"https:\/\/agoravape.com\/pt\/wp-json\/wp\/v2\/product"}],"about":[{"href":"https:\/\/agoravape.com\/pt\/wp-json\/wp\/v2\/types\/product"}],"replies":[{"embeddable":true,"href":"https:\/\/agoravape.com\/pt\/wp-json\/wp\/v2\/comments?post=17416"}],"version-history":[{"count":0,"href":"https:\/\/agoravape.com\/pt\/wp-json\/wp\/v2\/product\/17416\/revisions"}],"wp:featuredmedia":[{"embeddable":true,"href":"https:\/\/agoravape.com\/pt\/wp-json\/wp\/v2\/media\/17442"}],"wp:attachment":[{"href":"https:\/\/agoravape.com\/pt\/wp-json\/wp\/v2\/media?parent=17416"}],"wp:term":[{"taxonomy":"product_brand","embeddable":true,"href":"https:\/\/agoravape.com\/pt\/wp-json\/wp\/v2\/product_brand?post=17416"},{"taxonomy":"product_cat","embeddable":true,"href":"https:\/\/agoravape.com\/pt\/wp-json\/wp\/v2\/product_cat?post=17416"},{"taxonomy":"product_tag","embeddable":true,"href":"https:\/\/agoravape.com\/pt\/wp-json\/wp\/v2\/product_tag?post=17416"}],"curies":[{"name":"wp","href":"https:\/\/api.w.org\/{rel}","templated":true}]}}