{"id":17451,"date":"2025-10-18T17:13:28","date_gmt":"2025-10-18T09:13:28","guid":{"rendered":"https:\/\/green-grasshopper-921422.hostingersite.com\/?post_type=product&#038;p=17451"},"modified":"2025-12-15T21:30:15","modified_gmt":"2025-12-15T13:30:15","slug":"mesii-visual-boxx-16000-puffs-vape","status":"publish","type":"product","link":"https:\/\/agoravape.com\/pt\/product\/mesii-visual-boxx-16000-puffs-vape\/","title":{"rendered":"Mesii Visual Boxx 16K Puffs Full Screen Vape | Controlo de ecr\u00e3 grande com sabor duradouro"},"content":{"rendered":"<h2 data-v-md-heading=\"how-about-mesii-visual-boxx-16k-full-screen-vape\" data-v-md-line=\"3\"><img loading=\"lazy\" decoding=\"async\" class=\"aligncenter size-full wp-image-17468\" src=\"https:\/\/agoravape.com\/wp-content\/uploads\/2025\/10\/Mesii-Visual-Boxx-16K-Puffs-Full-Screen-Vape_Agora_vape-1.webp\" alt=\"\" width=\"1920\" height=\"1082\" srcset=\"https:\/\/agoravape.com\/wp-content\/uploads\/2025\/10\/Mesii-Visual-Boxx-16K-Puffs-Full-Screen-Vape_Agora_vape-1.webp 1920w, https:\/\/agoravape.com\/wp-content\/uploads\/2025\/10\/Mesii-Visual-Boxx-16K-Puffs-Full-Screen-Vape_Agora_vape-1-1200x676.webp 1200w, https:\/\/agoravape.com\/wp-content\/uploads\/2025\/10\/Mesii-Visual-Boxx-16K-Puffs-Full-Screen-Vape_Agora_vape-1-300x169.webp 300w, https:\/\/agoravape.com\/wp-content\/uploads\/2025\/10\/Mesii-Visual-Boxx-16K-Puffs-Full-Screen-Vape_Agora_vape-1-1024x577.webp 1024w, https:\/\/agoravape.com\/wp-content\/uploads\/2025\/10\/Mesii-Visual-Boxx-16K-Puffs-Full-Screen-Vape_Agora_vape-1-768x433.webp 768w, https:\/\/agoravape.com\/wp-content\/uploads\/2025\/10\/Mesii-Visual-Boxx-16K-Puffs-Full-Screen-Vape_Agora_vape-1-1536x866.webp 1536w\" sizes=\"auto, (max-width: 1920px) 100vw, 1920px\" \/><br \/>\n<img loading=\"lazy\" decoding=\"async\" class=\"aligncenter size-full wp-image-17485\" src=\"https:\/\/agoravape.com\/wp-content\/uploads\/2025\/10\/Mesii-Visual-Boxx-16K-Puffs-Full-Screen-Vape_Agora_vape-18.webp\" alt=\"\" width=\"1920\" height=\"1082\" srcset=\"https:\/\/agoravape.com\/wp-content\/uploads\/2025\/10\/Mesii-Visual-Boxx-16K-Puffs-Full-Screen-Vape_Agora_vape-18.webp 1920w, https:\/\/agoravape.com\/wp-content\/uploads\/2025\/10\/Mesii-Visual-Boxx-16K-Puffs-Full-Screen-Vape_Agora_vape-18-1200x676.webp 1200w, https:\/\/agoravape.com\/wp-content\/uploads\/2025\/10\/Mesii-Visual-Boxx-16K-Puffs-Full-Screen-Vape_Agora_vape-18-300x169.webp 300w, https:\/\/agoravape.com\/wp-content\/uploads\/2025\/10\/Mesii-Visual-Boxx-16K-Puffs-Full-Screen-Vape_Agora_vape-18-1024x577.webp 1024w, https:\/\/agoravape.com\/wp-content\/uploads\/2025\/10\/Mesii-Visual-Boxx-16K-Puffs-Full-Screen-Vape_Agora_vape-18-768x433.webp 768w, https:\/\/agoravape.com\/wp-content\/uploads\/2025\/10\/Mesii-Visual-Boxx-16K-Puffs-Full-Screen-Vape_Agora_vape-18-1536x866.webp 1536w\" sizes=\"auto, (max-width: 1920px) 100vw, 1920px\" \/><\/h2>\n<h2 data-v-md-heading=\"how-about-mesii-visual-boxx-16k-full-screen-vape\" data-v-md-line=\"3\">Que tal o vape de ecr\u00e3 inteiro Mesii Visual Boxx 16K?<\/h2>\n<p data-v-md-line=\"4\">Se est\u00e1 cansado de vaporizadores descart\u00e1veis que se esgotam antes do fim de semana, ent\u00e3o este vaporizador pode definitivamente satisfazer as suas necessidades. O Mesii Visual Boxx tem uma capacidade de at\u00e9 16000 portas, e o seu design de ecr\u00e3 completo n\u00e3o s\u00f3 proporciona comodidade, como tamb\u00e9m lhe permite estar mais concentrado. O n\u00edvel e o modo da bateria s\u00e3o vis\u00edveis num relance, tornando a utiliza\u00e7\u00e3o di\u00e1ria mais conveniente.<\/p>\n<p data-v-md-line=\"6\">Se pretende um vape fi\u00e1vel e equilibrado, ent\u00e3o este vape \u00e9 a sua escolha ideal. A entrada ajust\u00e1vel permite-lhe controlar facilmente a suc\u00e7\u00e3o da boca ou abrir a boca para desfrutar de uma experi\u00eancia mais suave. O bloqueio para crian\u00e7as permite-lhe ficar descansado e sem preocupa\u00e7\u00f5es, com quatro modos que pode definir de acordo com as suas prefer\u00eancias.<\/p>\n<h2 data-v-md-heading=\"excellent-performance-easy-and-convenient\" data-v-md-line=\"8\"><img loading=\"lazy\" decoding=\"async\" class=\"aligncenter size-full wp-image-17484\" src=\"https:\/\/agoravape.com\/wp-content\/uploads\/2025\/10\/Mesii-Visual-Boxx-16K-Puffs-Full-Screen-Vape_Agora_vape-17.webp\" alt=\"\" width=\"1920\" height=\"1082\" srcset=\"https:\/\/agoravape.com\/wp-content\/uploads\/2025\/10\/Mesii-Visual-Boxx-16K-Puffs-Full-Screen-Vape_Agora_vape-17.webp 1920w, https:\/\/agoravape.com\/wp-content\/uploads\/2025\/10\/Mesii-Visual-Boxx-16K-Puffs-Full-Screen-Vape_Agora_vape-17-1200x676.webp 1200w, https:\/\/agoravape.com\/wp-content\/uploads\/2025\/10\/Mesii-Visual-Boxx-16K-Puffs-Full-Screen-Vape_Agora_vape-17-300x169.webp 300w, https:\/\/agoravape.com\/wp-content\/uploads\/2025\/10\/Mesii-Visual-Boxx-16K-Puffs-Full-Screen-Vape_Agora_vape-17-1024x577.webp 1024w, https:\/\/agoravape.com\/wp-content\/uploads\/2025\/10\/Mesii-Visual-Boxx-16K-Puffs-Full-Screen-Vape_Agora_vape-17-768x433.webp 768w, https:\/\/agoravape.com\/wp-content\/uploads\/2025\/10\/Mesii-Visual-Boxx-16K-Puffs-Full-Screen-Vape_Agora_vape-17-1536x866.webp 1536w\" sizes=\"auto, (max-width: 1920px) 100vw, 1920px\" \/><\/h2>\n<h2 data-v-md-heading=\"excellent-performance-easy-and-convenient\" data-v-md-line=\"8\">Excelente desempenho, f\u00e1cil e pr\u00e1tico<\/h2>\n<p data-v-md-line=\"9\">Gra\u00e7as ao excelente design da bobina, cada suc\u00e7\u00e3o pode manter a estabilidade e um sabor puro e est\u00e1vel. A bateria recarreg\u00e1vel de 600mAh elimina a necessidade de desperdi\u00e7ar qualquer l\u00edquido eletr\u00f3nico e permite-lhe continuar a utilizar o mesmo dispositivo at\u00e9 que o l\u00edquido eletr\u00f3nico se esgote. O ecr\u00e3 completo n\u00e3o serve apenas para se exibir, tamb\u00e9m permite mudar de modo de forma r\u00e1pida e f\u00e1cil e verificar a dura\u00e7\u00e3o restante da bateria.<\/p>\n<h2 data-v-md-heading=\"specification-introduction\" data-v-md-line=\"11\">Introdu\u00e7\u00e3o \u00e0 especifica\u00e7\u00e3o<\/h2>\n<ul data-v-md-line=\"12\">\n<li>Frequ\u00eancia de suc\u00e7\u00e3o: at\u00e9 16000 vezes<\/li>\n<li>Teor de nicotina: 0%, 2%, 3%, 5%<\/li>\n<li>Princ\u00edpio de funcionamento: Ativado por inala\u00e7\u00e3o<\/li>\n<li>Carregamento: Porta USB-C (Tipo C) padr\u00e3o<\/li>\n<li>Status: Pronto para usar assim que sai da caixa<\/li>\n<li>Capacidade do e-l\u00edquido: 20 mililitros<\/li>\n<li>Fluxo de ar: Ajust\u00e1vel<\/li>\n<li>Seguran\u00e7a: Bloqueio para crian\u00e7as<\/li>\n<li>Modo: Quatro modos selecion\u00e1veis<\/li>\n<\/ul>\n<h2 data-v-md-heading=\"multiple-flavor-options\" data-v-md-line=\"22\">Diversas op\u00e7\u00f5es de sabor<\/h2>\n<ul data-v-md-line=\"23\">\n<li>Tempestade de Mirtilo<\/li>\n<li>Smoothie de mirtilo<\/li>\n<li>Casa da Moeda de Miami<\/li>\n<li>Batido de p\u00eassego<\/li>\n<li>Smoothie de melancia<\/li>\n<li>Fruta do drag\u00e3o, banana, cereja<\/li>\n<li>Frutas vermelhas misturadas<\/li>\n<li>Batido de ma\u00e7\u00e3 azeda<\/li>\n<li>Anan\u00e1s de coco<\/li>\n<li>Melancia de framboesa<\/li>\n<li>Chiclete de Melancia<\/li>\n<li>Melancia de morango<\/li>\n<li>Morango, framboesa, cereja<\/li>\n<li>Batido de uva<\/li>\n<li>morango kiwi<\/li>\n<\/ul>\n<p>&nbsp;<\/p>\n<h2 data-v-md-heading=\"for-you-and-your-business\" data-v-md-line=\"39\">Para voc\u00ea e sua empresa<\/h2>\n<p data-v-md-line=\"40\">Pode adquirir o Mesii Visual Boxx 16K para uso pessoal ou para armazenar na sua loja. Caixas de cart\u00e3o por grosso de 200 unidades por caixa para um reabastecimento f\u00e1cil. Fornecemos servi\u00e7os de envio DDP atrav\u00e9s de parceiros de confian\u00e7a como a UPS, DPD e DHL, pelo que as tarifas podem ser processadas antecipadamente para evitar acidentes aduaneiros.<\/p>\n<h2 data-v-md-heading=\"why-do-you-like-it\" data-v-md-line=\"42\">Por que voc\u00ea gosta disso?<\/h2>\n<ul data-v-md-line=\"43\">\n<li>Grande capacidade de suc\u00e7\u00e3o: Dur\u00e1vel e de longa dura\u00e7\u00e3o, n\u00e3o precisa de substituir frequentemente o seu vape.<\/li>\n<li>Sele\u00e7\u00e3o da nicotina: Escolha uma concentra\u00e7\u00e3o que se adeq\u00fae aos seus h\u00e1bitos di\u00e1rios.<\/li>\n<li>Recarreg\u00e1vel: S\u00f3 precisa de utilizar os 20ml adquiridos.<\/li>\n<li>N\u00facleo de atomiza\u00e7\u00e3o optimizado: Pode proporcionar um sabor est\u00e1vel e rico em todas as ocasi\u00f5es.<\/li>\n<li>Aspira\u00e7\u00e3o regul\u00e1vel: Ajuste o volume de suc\u00e7\u00e3o de acordo com as suas prefer\u00eancias.<\/li>\n<li>Controlo em ecr\u00e3 total: Visualiza\u00e7\u00e3o clara do n\u00edvel e do modo da bateria, f\u00e1cil de utilizar.<\/li>\n<\/ul>\n<h2 data-v-md-heading=\"why-choose-agoravape\" data-v-md-line=\"50\">Por que escolher a AgoraVape?<\/h2>\n<p data-v-md-line=\"51\">Vendemos apenas produtos genu\u00ednos 100% e somos respons\u00e1veis pelos produtos que enviamos. Para os clientes comerciais, isto significa que o Mesii Visual Boxx 16K Puffs full screen vapes oferece pre\u00e7os grossistas com desconto, suporte t\u00e9cnico fi\u00e1vel e entrega r\u00e1pida e fi\u00e1vel. Bem-vindo a contactar-nos e estocar um dispositivo que voc\u00ea realmente ama para seus clientes.<\/p>","protected":false},"excerpt":{"rendered":"<p>&nbsp;<\/p>\n<p><script src=\"chrome-extension:\/\/fpelahbljekknahkcaegamhcndkfpfnc\/iFrame.js\" type=\"text\/javascript\"><\/script><\/p>\n<p><script src=\"chrome-extension:\/\/fpelahbljekknahkcaegamhcndkfpfnc\/iFrame.js\" type=\"text\/javascript\"><\/script><\/p>\n<p><script src=\"chrome-extension:\/\/fpelahbljekknahkcaegamhcndkfpfnc\/iFrame.js\" type=\"text\/javascript\"><\/script><\/p>\n<p><script src=\"chrome-extension:\/\/fpelahbljekknahkcaegamhcndkfpfnc\/iFrame.js\" type=\"text\/javascript\"><\/script><\/p>\n<p><script src=\"chrome-extension:\/\/fpelahbljekknahkcaegamhcndkfpfnc\/iFrame.js\" type=\"text\/javascript\"><\/script><\/p>\n<p><script src=\"chrome-extension:\/\/fpelahbljekknahkcaegamhcndkfpfnc\/iFrame.js\" type=\"text\/javascript\"><\/script><\/p>\n<p><script src=\"chrome-extension:\/\/fpelahbljekknahkcaegamhcndkfpfnc\/iFrame.js\" type=\"text\/javascript\"><\/script><\/p>\n<p><script src=\"chrome-extension:\/\/fpelahbljekknahkcaegamhcndkfpfnc\/iFrame.js\" type=\"text\/javascript\"><\/script><\/p>\n<p><script src=\"chrome-extension:\/\/fpelahbljekknahkcaegamhcndkfpfnc\/iFrame.js\" type=\"text\/javascript\"><\/script><\/p>\n<p><script src=\"chrome-extension:\/\/fpelahbljekknahkcaegamhcndkfpfnc\/iFrame.js\" type=\"text\/javascript\"><\/script><\/p>\n<p><script src=\"chrome-extension:\/\/fpelahbljekknahkcaegamhcndkfpfnc\/iFrame.js\" type=\"text\/javascript\"><\/script><\/p>\n<p><script src=\"chrome-extension:\/\/fpelahbljekknahkcaegamhcndkfpfnc\/iFrame.js\" type=\"text\/javascript\"><\/script><\/p>\n<p><script src=\"chrome-extension:\/\/fpelahbljekknahkcaegamhcndkfpfnc\/iFrame.js\" type=\"text\/javascript\"><\/script><\/p>\n<p><script src=\"chrome-extension:\/\/fpelahbljekknahkcaegamhcndkfpfnc\/iFrame.js\" type=\"text\/javascript\"><\/script><\/p>\n<p><script src=\"chrome-extension:\/\/fpelahbljekknahkcaegamhcndkfpfnc\/iFrame.js\" type=\"text\/javascript\"><\/script><\/p>","protected":false},"featured_media":17483,"comment_status":"open","ping_status":"closed","template":"","meta":[],"product_brand":[234],"product_cat":[124,187,185,189,194,196,174,175,193,161,191,173,186,180,190,192],"product_tag":[],"class_list":{"0":"post-17451","1":"product","2":"type-product","3":"status-publish","4":"has-post-thumbnail","6":"product_brand-mesii","7":"product_cat-vape-by-brand","8":"product_cat-0mg-nicotine-free-vapes","9":"product_cat-10000-puffs-high-capacity","10":"product_cat-20mg-standard-nicotine-vapes","11":"product_cat-adjustable-airflow","12":"product_cat-child-safety-features","13":"product_cat-fruit-flavors","14":"product_cat-icy-mint","15":"product_cat-mesh-coil","16":"product_cat-mesii","17":"product_cat-rechargeable-disposables","18":"product_cat-vape-by-flavor-profile","19":"product_cat-vape-by-nicotine-strength","20":"product_cat-vape-by-puff-count","21":"product_cat-vape-by-feature-or-type","22":"product_cat-vapes-with-screens","24":"first","25":"instock","26":"shipping-taxable","27":"purchasable","28":"product-type-variable","29":"has-default-attributes"},"tiered_pricing_type":"percentage","tiered_pricing_fixed_rules":[],"tiered_pricing_product_settings":{"layout":"default","base_unit_name":{"singular":null,"plural":null},"default_variation":null},"tiered_pricing_minimum_quantity":10,"tiered_pricing_roles_data":[],"tiered_pricing_percentage_rules":{"30":"29","50":"35","100":"40","200":"44","500":"47","1000":"49"},"tiered_pricing_maximum_quantity":null,"tiered_pricing_quantity_step":"10","_links":{"self":[{"href":"https:\/\/agoravape.com\/pt\/wp-json\/wp\/v2\/product\/17451","targetHints":{"allow":["GET"]}}],"collection":[{"href":"https:\/\/agoravape.com\/pt\/wp-json\/wp\/v2\/product"}],"about":[{"href":"https:\/\/agoravape.com\/pt\/wp-json\/wp\/v2\/types\/product"}],"replies":[{"embeddable":true,"href":"https:\/\/agoravape.com\/pt\/wp-json\/wp\/v2\/comments?post=17451"}],"version-history":[{"count":0,"href":"https:\/\/agoravape.com\/pt\/wp-json\/wp\/v2\/product\/17451\/revisions"}],"wp:featuredmedia":[{"embeddable":true,"href":"https:\/\/agoravape.com\/pt\/wp-json\/wp\/v2\/media\/17483"}],"wp:attachment":[{"href":"https:\/\/agoravape.com\/pt\/wp-json\/wp\/v2\/media?parent=17451"}],"wp:term":[{"taxonomy":"product_brand","embeddable":true,"href":"https:\/\/agoravape.com\/pt\/wp-json\/wp\/v2\/product_brand?post=17451"},{"taxonomy":"product_cat","embeddable":true,"href":"https:\/\/agoravape.com\/pt\/wp-json\/wp\/v2\/product_cat?post=17451"},{"taxonomy":"product_tag","embeddable":true,"href":"https:\/\/agoravape.com\/pt\/wp-json\/wp\/v2\/product_tag?post=17451"}],"curies":[{"name":"wp","href":"https:\/\/api.w.org\/{rel}","templated":true}]}}