{"id":17491,"date":"2025-10-18T17:34:29","date_gmt":"2025-10-18T09:34:29","guid":{"rendered":"https:\/\/green-grasshopper-921422.hostingersite.com\/?post_type=product&#038;p=17491"},"modified":"2026-01-19T22:00:46","modified_gmt":"2026-01-19T14:00:46","slug":"lavande-bm18000-puffs-boost-vape","status":"publish","type":"product","link":"https:\/\/agoravape.com\/pt\/product\/lavande-bm18000-puffs-boost-vape\/","title":{"rendered":"Lavande BM18000 Puffs Boost Mode Mesh Coil Vape | Sabor duradouro com carregamento f\u00e1cil tipo C"},"content":{"rendered":"<h2 data-v-md-heading=\"what-are-the-special-features-of-lavande-bm18000-enhanced-mode-mesh-coil-vape\" data-v-md-line=\"3\"><img loading=\"lazy\" decoding=\"async\" class=\"aligncenter size-full wp-image-17487\" src=\"https:\/\/agoravape.com\/wp-content\/uploads\/2025\/10\/Lavande-BM18000-Puffs-Boost-Mode-Mesh-Coil-Vape_Agora_vape-1-scaled.webp\" alt=\"\" width=\"2560\" height=\"1440\" srcset=\"https:\/\/agoravape.com\/wp-content\/uploads\/2025\/10\/Lavande-BM18000-Puffs-Boost-Mode-Mesh-Coil-Vape_Agora_vape-1-scaled.webp 2560w, https:\/\/agoravape.com\/wp-content\/uploads\/2025\/10\/Lavande-BM18000-Puffs-Boost-Mode-Mesh-Coil-Vape_Agora_vape-1-scaled-1200x675.webp 1200w, https:\/\/agoravape.com\/wp-content\/uploads\/2025\/10\/Lavande-BM18000-Puffs-Boost-Mode-Mesh-Coil-Vape_Agora_vape-1-300x169.webp 300w, https:\/\/agoravape.com\/wp-content\/uploads\/2025\/10\/Lavande-BM18000-Puffs-Boost-Mode-Mesh-Coil-Vape_Agora_vape-1-1024x576.webp 1024w, https:\/\/agoravape.com\/wp-content\/uploads\/2025\/10\/Lavande-BM18000-Puffs-Boost-Mode-Mesh-Coil-Vape_Agora_vape-1-768x432.webp 768w, https:\/\/agoravape.com\/wp-content\/uploads\/2025\/10\/Lavande-BM18000-Puffs-Boost-Mode-Mesh-Coil-Vape_Agora_vape-1-1536x864.webp 1536w, https:\/\/agoravape.com\/wp-content\/uploads\/2025\/10\/Lavande-BM18000-Puffs-Boost-Mode-Mesh-Coil-Vape_Agora_vape-1-2048x1152.webp 2048w\" sizes=\"auto, (max-width: 2560px) 100vw, 2560px\" \/><\/h2>\n<h2 data-v-md-heading=\"what-are-the-special-features-of-lavande-bm18000-enhanced-mode-mesh-coil-vape\" data-v-md-line=\"3\">Quais s\u00e3o as carater\u00edsticas especiais do vape de bobina de malha de modo aprimorado Lavande BM18000?<\/h2>\n<p data-v-md-line=\"4\">Se est\u00e1 cansado de substituir os vaporizadores descart\u00e1veis a cada poucos dias, este produto facilitar\u00e1 a sua vida. O Lavande BM18000 foi concebido para uma utiliza\u00e7\u00e3o a longo prazo, suportando at\u00e9 18000 baforadas e equipado com uma bateria recarreg\u00e1vel para uma utiliza\u00e7\u00e3o f\u00e1cil.<\/p>\n<p data-v-md-line=\"6\">\u00c9 adequado para qualquer utilizador que pretenda limpeza, estabilidade e n\u00e3o necessite de bot\u00f5es ou defini\u00e7\u00f5es complicadas. Gra\u00e7as \u00e0s suas bobinas de malha e \u00e0 entrada de ar ajust\u00e1vel de acordo com as prefer\u00eancias pessoais, \u00e9 poss\u00edvel obter um sabor suave. Se quiser um fumo mais rico, basta ativar o modo de aperfei\u00e7oamento sem alterar os seus h\u00e1bitos.<\/p>\n<h2 data-v-md-heading=\"excellent-performance-easy-and-convenient\" data-v-md-line=\"8\">Excelente desempenho, f\u00e1cil e pr\u00e1tico<\/h2>\n<p data-v-md-line=\"9\">A bobina de malha \u00e9 a alma deste vape, que consegue manter um sabor refrescante desde a primeira at\u00e9 \u00e0 \u00faltima dentada. O fluxo de ar ajust\u00e1vel permite-lhe ajustar a suc\u00e7\u00e3o de acordo com a sua disposi\u00e7\u00e3o. Quando a bateria estiver fraca, basta ligar o cabo de dados Tipo C para o utilizar normalmente. N\u00e3o precisa de carregadores especiais, \u00e9 f\u00e1cil de manusear.<\/p>\n<h2 data-v-md-heading=\"specification-overview\" data-v-md-line=\"11\">Vis\u00e3o geral das especifica\u00e7\u00f5es<\/h2>\n<p data-v-md-line=\"12\"><strong>Frequ\u00eancia de aspira\u00e7\u00e3o<\/strong>: at\u00e9 18000 vezes<br \/>\n<strong>Capacidade do e-l\u00edquido<\/strong>: 18 mililitros, pode escolher 1-2 recargas<br \/>\n<strong>Nicotina<\/strong>: 0,3% nicotina salgada<br \/>\n<strong>Fluxo de ar<\/strong>: Ajust\u00e1vel<br \/>\n<strong>Modo melhorado<\/strong>: alimenta\u00e7\u00e3o el\u00e9ctrica a pedido, fumo mais intenso<br \/>\n<strong>Bateria<\/strong>Bateria recarreg\u00e1vel de 650 mAh<br \/>\n<strong>Princ\u00edpio de funcionamento<\/strong>: Ativar com uma s\u00f3 baforada<br \/>\n<strong>Carregando<\/strong>Interface USB Tipo-C padr\u00e3o<br \/>\n<strong>Status<\/strong>Pronto para usar assim que sai da caixa.<\/p>\n<h2 data-v-md-heading=\"to-create-for-you-and-your-business\" data-v-md-line=\"22\">Para criar algo para voc\u00ea e para o seu neg\u00f3cio.<\/h2>\n<p data-v-md-line=\"23\">Pode adquirir o Lavande BM18000 para uso pessoal ou adicion\u00e1-lo \u00e0 sua loja. A caixa de cart\u00e3o para venda por grosso cont\u00e9m 200 unidades, o que facilita a manuten\u00e7\u00e3o das prateleiras totalmente carregadas sem necessidade de reabastecimento frequente.<\/p>\n<p data-v-md-line=\"25\">Oferecemos op\u00e7\u00f5es de DDP com pagamento de impostos atrav\u00e9s de parceiros de confian\u00e7a como a UPS DPD e a DHL, tornando mais f\u00e1cil e c\u00f3modo para si receber as suas mercadorias e evitar acidentes aduaneiros. Se precisar de ajuda com encomendas a granel ou sabores mistos, n\u00e3o hesite em contactar-nos e teremos todo o gosto em servi-lo.<\/p>\n<h2 data-v-md-heading=\"why-do-you-like-it\" data-v-md-line=\"27\">Por que voc\u00ea gosta disso?<\/h2>\n<p data-v-md-line=\"28\"><strong>Suc\u00e7\u00e3o de boca grande:<\/strong>\u00a0Dur\u00e1vel e duradouro, n\u00e3o \u00e9 necess\u00e1rio comprar frequentemente novos cigarros.<br \/>\n<strong>Admiss\u00e3o regul\u00e1vel:<\/strong>\u00a0Pode ajustar a suc\u00e7\u00e3o de acordo com as suas prefer\u00eancias.<br \/>\n<strong>Bateria recarreg\u00e1vel:<\/strong>\u00a0Utilize todo o e-l\u00edquido comprado de uma s\u00f3 vez.<br \/>\n<strong>Modo melhorado:<\/strong>\u00a0Aumenta rapidamente a pot\u00eancia para uma experi\u00eancia mais poderosa.<br \/>\n<strong>N\u00facleo do atomizador em malha:<\/strong>\u00a0Sabor consistente.<\/p>\n<h2 data-v-md-heading=\"why-choose-to-collaborate-with-agoravape\" data-v-md-line=\"34\">Por que escolher colaborar com a AgoraVape?<\/h2>\n<p data-v-md-line=\"35\">Vendemos apenas produtos genu\u00ednos e damos-lhes garantias. Os clientes empresariais podem usufruir de pre\u00e7os grossistas altamente competitivos, apoio fi\u00e1vel e servi\u00e7os de transporte r\u00e1pidos e fi\u00e1veis em toda a Europa. Seguimos protocolos de verifica\u00e7\u00e3o de idade e operamos de acordo com as normas europeias de venda de vape, tornando a encomenda segura e conveniente. Contacte-nos para armazenar o Lavande BM18000 e fornecer um dispositivo que os seus clientes ter\u00e3o todo o prazer em escolher.<\/p>\n<p><script src=\"chrome-extension:\/\/fpelahbljekknahkcaegamhcndkfpfnc\/iFrame.js\" type=\"text\/javascript\"><\/script><\/p>\n<p><script src=\"chrome-extension:\/\/fpelahbljekknahkcaegamhcndkfpfnc\/iFrame.js\" type=\"text\/javascript\"><\/script><\/p>","protected":false},"excerpt":{"rendered":"<p>&nbsp;<\/p>\n<p><script src=\"chrome-extension:\/\/fpelahbljekknahkcaegamhcndkfpfnc\/iFrame.js\" type=\"text\/javascript\"><\/script><\/p>\n<p><script src=\"chrome-extension:\/\/fpelahbljekknahkcaegamhcndkfpfnc\/iFrame.js\" type=\"text\/javascript\"><\/script><\/p>\n<p><script src=\"chrome-extension:\/\/fpelahbljekknahkcaegamhcndkfpfnc\/iFrame.js\" type=\"text\/javascript\"><\/script><\/p>\n<p><script src=\"chrome-extension:\/\/fpelahbljekknahkcaegamhcndkfpfnc\/iFrame.js\" type=\"text\/javascript\"><\/script><\/p>\n<p><script src=\"chrome-extension:\/\/fpelahbljekknahkcaegamhcndkfpfnc\/iFrame.js\" type=\"text\/javascript\"><\/script><\/p>\n<p><script src=\"chrome-extension:\/\/fpelahbljekknahkcaegamhcndkfpfnc\/iFrame.js\" type=\"text\/javascript\"><\/script><\/p>\n<p><script src=\"chrome-extension:\/\/fpelahbljekknahkcaegamhcndkfpfnc\/iFrame.js\" type=\"text\/javascript\"><\/script><\/p>\n<p><script src=\"chrome-extension:\/\/fpelahbljekknahkcaegamhcndkfpfnc\/iFrame.js\" type=\"text\/javascript\"><\/script><\/p>\n<p><script src=\"chrome-extension:\/\/fpelahbljekknahkcaegamhcndkfpfnc\/iFrame.js\" type=\"text\/javascript\"><\/script><\/p>\n<p><script src=\"chrome-extension:\/\/fpelahbljekknahkcaegamhcndkfpfnc\/iFrame.js\" type=\"text\/javascript\"><\/script><\/p>\n<p><script src=\"chrome-extension:\/\/fpelahbljekknahkcaegamhcndkfpfnc\/iFrame.js\" type=\"text\/javascript\"><\/script><\/p>\n<p><script src=\"chrome-extension:\/\/fpelahbljekknahkcaegamhcndkfpfnc\/iFrame.js\" type=\"text\/javascript\"><\/script><\/p>\n<p><script src=\"chrome-extension:\/\/fpelahbljekknahkcaegamhcndkfpfnc\/iFrame.js\" type=\"text\/javascript\"><\/script><\/p>\n<p><script src=\"chrome-extension:\/\/fpelahbljekknahkcaegamhcndkfpfnc\/iFrame.js\" type=\"text\/javascript\"><\/script><\/p>\n<p><script src=\"chrome-extension:\/\/fpelahbljekknahkcaegamhcndkfpfnc\/iFrame.js\" type=\"text\/javascript\"><\/script><\/p>","protected":false},"featured_media":17490,"comment_status":"open","ping_status":"closed","template":"","meta":[],"product_brand":[235],"product_cat":[124,185,194,174,175,162,193,191,173,186,180,190,192],"product_tag":[],"class_list":{"0":"post-17491","1":"product","2":"type-product","3":"status-publish","4":"has-post-thumbnail","6":"product_brand-lavande","7":"product_cat-vape-by-brand","8":"product_cat-10000-puffs-high-capacity","9":"product_cat-adjustable-airflow","10":"product_cat-fruit-flavors","11":"product_cat-icy-mint","12":"product_cat-lavande","13":"product_cat-mesh-coil","14":"product_cat-rechargeable-disposables","15":"product_cat-vape-by-flavor-profile","16":"product_cat-vape-by-nicotine-strength","17":"product_cat-vape-by-puff-count","18":"product_cat-vape-by-feature-or-type","19":"product_cat-vapes-with-screens","21":"first","22":"onbackorder","23":"shipping-taxable","24":"purchasable","25":"product-type-variable","26":"has-default-attributes"},"tiered_pricing_type":"percentage","tiered_pricing_fixed_rules":[],"tiered_pricing_product_settings":{"layout":"default","base_unit_name":{"singular":null,"plural":null},"default_variation":null},"tiered_pricing_minimum_quantity":50,"tiered_pricing_roles_data":[],"tiered_pricing_percentage_rules":{"100":"40","200":"44","500":"47","1000":"49"},"tiered_pricing_maximum_quantity":null,"tiered_pricing_quantity_step":"10","_links":{"self":[{"href":"https:\/\/agoravape.com\/pt\/wp-json\/wp\/v2\/product\/17491","targetHints":{"allow":["GET"]}}],"collection":[{"href":"https:\/\/agoravape.com\/pt\/wp-json\/wp\/v2\/product"}],"about":[{"href":"https:\/\/agoravape.com\/pt\/wp-json\/wp\/v2\/types\/product"}],"replies":[{"embeddable":true,"href":"https:\/\/agoravape.com\/pt\/wp-json\/wp\/v2\/comments?post=17491"}],"version-history":[{"count":0,"href":"https:\/\/agoravape.com\/pt\/wp-json\/wp\/v2\/product\/17491\/revisions"}],"wp:featuredmedia":[{"embeddable":true,"href":"https:\/\/agoravape.com\/pt\/wp-json\/wp\/v2\/media\/17490"}],"wp:attachment":[{"href":"https:\/\/agoravape.com\/pt\/wp-json\/wp\/v2\/media?parent=17491"}],"wp:term":[{"taxonomy":"product_brand","embeddable":true,"href":"https:\/\/agoravape.com\/pt\/wp-json\/wp\/v2\/product_brand?post=17491"},{"taxonomy":"product_cat","embeddable":true,"href":"https:\/\/agoravape.com\/pt\/wp-json\/wp\/v2\/product_cat?post=17491"},{"taxonomy":"product_tag","embeddable":true,"href":"https:\/\/agoravape.com\/pt\/wp-json\/wp\/v2\/product_tag?post=17491"}],"curies":[{"name":"wp","href":"https:\/\/api.w.org\/{rel}","templated":true}]}}