{"id":17532,"date":"2025-10-18T17:54:05","date_gmt":"2025-10-18T09:54:05","guid":{"rendered":"https:\/\/green-grasshopper-921422.hostingersite.com\/?post_type=product&#038;p=17532"},"modified":"2026-01-19T22:00:40","modified_gmt":"2026-01-19T14:00:40","slug":"lavande-nebula-15000-puffs-led-vape","status":"publish","type":"product","link":"https:\/\/agoravape.com\/pt\/product\/lavande-nebula-15000-puffs-led-vape\/","title":{"rendered":"Lavande NEBULA 15K Puffs Vape descart\u00e1vel com ecr\u00e3 LED | Sabor duradouro com estado inteligente no ecr\u00e3"},"content":{"rendered":"<h2 data-v-md-heading=\"what-is-special-about-lavande-nebula-s-15000-port-led-screen-disposable-vape\" data-v-md-line=\"3\"><img loading=\"lazy\" decoding=\"async\" class=\"aligncenter size-full wp-image-17564\" src=\"https:\/\/agoravape.com\/wp-content\/uploads\/2025\/10\/Lavande-NEBULA-15K-Puffs-LED-Screen-Disposable-Vape_Agora_vape-11-scaled.webp\" alt=\"\" width=\"2560\" height=\"1440\" srcset=\"https:\/\/agoravape.com\/wp-content\/uploads\/2025\/10\/Lavande-NEBULA-15K-Puffs-LED-Screen-Disposable-Vape_Agora_vape-11-scaled.webp 2560w, https:\/\/agoravape.com\/wp-content\/uploads\/2025\/10\/Lavande-NEBULA-15K-Puffs-LED-Screen-Disposable-Vape_Agora_vape-11-scaled-1200x675.webp 1200w, https:\/\/agoravape.com\/wp-content\/uploads\/2025\/10\/Lavande-NEBULA-15K-Puffs-LED-Screen-Disposable-Vape_Agora_vape-11-300x169.webp 300w, https:\/\/agoravape.com\/wp-content\/uploads\/2025\/10\/Lavande-NEBULA-15K-Puffs-LED-Screen-Disposable-Vape_Agora_vape-11-1024x576.webp 1024w, https:\/\/agoravape.com\/wp-content\/uploads\/2025\/10\/Lavande-NEBULA-15K-Puffs-LED-Screen-Disposable-Vape_Agora_vape-11-768x432.webp 768w, https:\/\/agoravape.com\/wp-content\/uploads\/2025\/10\/Lavande-NEBULA-15K-Puffs-LED-Screen-Disposable-Vape_Agora_vape-11-1536x864.webp 1536w, https:\/\/agoravape.com\/wp-content\/uploads\/2025\/10\/Lavande-NEBULA-15K-Puffs-LED-Screen-Disposable-Vape_Agora_vape-11-2048x1152.webp 2048w\" sizes=\"auto, (max-width: 2560px) 100vw, 2560px\" \/><\/h2>\n<h2 data-v-md-heading=\"what-is-special-about-lavande-nebula-s-15000-port-led-screen-disposable-vape\" data-v-md-line=\"3\">O que tem de especial o vape descart\u00e1vel com ecr\u00e3 LED de 15000 portas da Lavande NEBULA?<\/h2>\n<p data-v-md-line=\"4\">Se est\u00e1 cansado de mudar de vape a cada poucos dias, este produto facilitar\u00e1 a sua vida. O Lavande NEBULA tem uma bateria de longa dura\u00e7\u00e3o de at\u00e9 15000 portas e est\u00e1 equipado com um pr\u00e1tico ecr\u00e3 LED, que lhe permite acompanhar o seu estado a qualquer momento.<\/p>\n<p data-v-md-line=\"6\">Se pretende uma experi\u00eancia de vaporiza\u00e7\u00e3o simples e f\u00e1cil de utilizar sem perder a sofistica\u00e7\u00e3o, ent\u00e3o este produto \u00e9 a escolha ideal. N\u00e3o h\u00e1 necessidade de configura\u00e7\u00f5es entediantes, nem de adivinhar. A bobina de malha proporciona uma textura consistente e pode ser facilmente carregada atrav\u00e9s da interface Tipo C, quando necess\u00e1rio.<\/p>\n<h2 data-v-md-heading=\"excellent-performance-worry-free\" data-v-md-line=\"8\">Excelente desempenho, sem preocupa\u00e7\u00f5es.<\/h2>\n<p data-v-md-line=\"9\">O n\u00facleo do NEBULA \u00e9 uma bobina de malha de 1,2 \u03a9, para que cada mordida possa manter um sabor puro e est\u00e1vel do in\u00edcio ao fim. Os ecr\u00e3s LED podem fornecer rapidamente feedback visual, permitindo-lhe compreender facilmente o estado atual. Quando a bateria estiver fraca, pode utilizar o cabo de dados Tipo C que j\u00e1 possui para a carregar. No caso de dispositivos de elevada capacidade, \u00e9 natural que se preocupe com a dura\u00e7\u00e3o da bateria, mas a funcionalidade de carregamento r\u00e1pido Tipo C torna-o f\u00e1cil e sem preocupa\u00e7\u00f5es.<\/p>\n<h2 data-v-md-heading=\"specification-overview\" data-v-md-line=\"11\">Vis\u00e3o geral das especifica\u00e7\u00f5es<\/h2>\n<ul data-v-md-line=\"12\">\n<li>Capacidade de suc\u00e7\u00e3o: at\u00e9 15000 bocados<\/li>\n<li>Concentra\u00e7\u00e3o de nicotina: Os fabricantes oferecem duas op\u00e7\u00f5es: 2% (20mg) e 5%<\/li>\n<li>Capacidade de e-l\u00edquido: 15 mililitros<\/li>\n<li>Bateria: Bateria recarreg\u00e1vel de 550mAh<\/li>\n<li>N\u00facleo de atomiza\u00e7\u00e3o: bobina de malha de 1,2 \u03a9<\/li>\n<li>Ecr\u00e3: Ecr\u00e3 LED integrado<\/li>\n<li>Princ\u00edpio de funcionamento: N\u00e3o \u00e9 necess\u00e1rio qualquer ajuste - abrir, inalar, carregar conforme necess\u00e1rio<\/li>\n<li>Carregamento: Porta USB Tipo C padr\u00e3o<\/li>\n<li>Status: Pronto para usar assim que sai da caixa<\/li>\n<\/ul>\n<p data-v-md-line=\"22\">Declara\u00e7\u00e3o de conformidade: A concentra\u00e7\u00e3o e a capacidade da nicotina variam consoante o pa\u00eds\/regi\u00e3o. Fornecemos produtos que cumprem os requisitos dos regulamentos locais.<\/p>\n<h2 data-v-md-heading=\"for-you-and-your-business\" data-v-md-line=\"24\">Para voc\u00ea e sua empresa<\/h2>\n<p data-v-md-line=\"25\">Compre para si, f\u00e1cil e c\u00f3modo. Adicione ao carrinho para come\u00e7ar a usar. Se tem uma loja f\u00edsica ou online, Lavande NEBULA pode ser comprado por grosso, com 100 unidades por caixa. O peso total da caixa \u00e9 de 7,26 kg, o que facilita o planeamento dos custos de envio.<\/p>\n<p data-v-md-line=\"27\">Trabalhamos com parceiros de confian\u00e7a, como a UPS, a DPD e a DHL, para fornecer servi\u00e7os de entrega com direitos pagos (DDP), pelo que as tarifas podem ser processadas antecipadamente para evitar situa\u00e7\u00f5es inesperadas com a alf\u00e2ndega. Isto significa uma velocidade de entrega mais r\u00e1pida e menos inc\u00f3modos.<\/p>\n<h2 data-v-md-heading=\"why-do-you-like-it\" data-v-md-line=\"29\">Por que voc\u00ea gosta disso?<\/h2>\n<ul data-v-md-line=\"30\">\n<li>Suc\u00e7\u00e3o maci\u00e7a: at\u00e9 15000 baforadas, o que significa menos pedidos repetidos e mais dias sem preocupa\u00e7\u00f5es<\/li>\n<li>Sele\u00e7\u00e3o da nicotina: Escolha um teor de nicotina de 2% ou 5% com base na oferta e prefer\u00eancia do mercado<\/li>\n<li>Recarreg\u00e1vel: A interface de carregamento tipo C ajuda-o a utilizar todas as gotas de e-l\u00edquido<\/li>\n<li>N\u00facleo de atomiza\u00e7\u00e3o em malha: Cada suc\u00e7\u00e3o pode proporcionar um sabor suave e consistente<\/li>\n<li>Ecr\u00e3 LED: Estado claro e r\u00e1pido num relance, permitindo-lhe saber a quantidade restante em qualquer altura<\/li>\n<\/ul>\n<h2 data-v-md-heading=\"why-choose-to-collaborate-with-agoravape\" data-v-md-line=\"36\">Por que escolher colaborar com a AgoraVape?<\/h2>\n<p data-v-md-line=\"37\">Fornecemos apenas produtos genu\u00ednos 100% de fabricantes verificados. Lavande NEBULA 15K vape descart\u00e1vel com tela de LED, voc\u00ea receber\u00e1 pre\u00e7os de atacado com desconto, suporte confi\u00e1vel e servi\u00e7os de entrega r\u00e1pidos e confi\u00e1veis na Europa. Precisa de um or\u00e7amento ou de um plano de encomenda personalizado? Entre em contacto connosco e iremos fornecer-lhe um dispositivo que os seus clientes ir\u00e3o realmente voltar a comprar.<\/p>\n<p data-v-md-line=\"39\">Este produto tem um limite de idade. Apenas para indiv\u00edduos com idade igual ou superior a 18 anos. Verificar a regulamenta\u00e7\u00e3o local antes de efetuar a compra.<\/p>","protected":false},"excerpt":{"rendered":"<p>&nbsp;<\/p>\n<p><script src=\"chrome-extension:\/\/fpelahbljekknahkcaegamhcndkfpfnc\/iFrame.js\" type=\"text\/javascript\"><\/script><\/p>\n<p><script src=\"chrome-extension:\/\/fpelahbljekknahkcaegamhcndkfpfnc\/iFrame.js\" type=\"text\/javascript\"><\/script><\/p>\n<p><script src=\"chrome-extension:\/\/fpelahbljekknahkcaegamhcndkfpfnc\/iFrame.js\" type=\"text\/javascript\"><\/script><\/p>\n<p><script src=\"chrome-extension:\/\/fpelahbljekknahkcaegamhcndkfpfnc\/iFrame.js\" type=\"text\/javascript\"><\/script><\/p>\n<p><script src=\"chrome-extension:\/\/fpelahbljekknahkcaegamhcndkfpfnc\/iFrame.js\" type=\"text\/javascript\"><\/script><\/p>\n<p><script src=\"chrome-extension:\/\/fpelahbljekknahkcaegamhcndkfpfnc\/iFrame.js\" type=\"text\/javascript\"><\/script><\/p>\n<p><script src=\"chrome-extension:\/\/fpelahbljekknahkcaegamhcndkfpfnc\/iFrame.js\" type=\"text\/javascript\"><\/script><\/p>\n<p><script src=\"chrome-extension:\/\/fpelahbljekknahkcaegamhcndkfpfnc\/iFrame.js\" type=\"text\/javascript\"><\/script><\/p>\n<p><script src=\"chrome-extension:\/\/fpelahbljekknahkcaegamhcndkfpfnc\/iFrame.js\" type=\"text\/javascript\"><\/script><\/p>\n<p><script src=\"chrome-extension:\/\/fpelahbljekknahkcaegamhcndkfpfnc\/iFrame.js\" type=\"text\/javascript\"><\/script><\/p>\n<p><script src=\"chrome-extension:\/\/fpelahbljekknahkcaegamhcndkfpfnc\/iFrame.js\" type=\"text\/javascript\"><\/script><\/p>\n<p><script src=\"chrome-extension:\/\/fpelahbljekknahkcaegamhcndkfpfnc\/iFrame.js\" type=\"text\/javascript\"><\/script><\/p>\n<p><script src=\"chrome-extension:\/\/fpelahbljekknahkcaegamhcndkfpfnc\/iFrame.js\" type=\"text\/javascript\"><\/script><\/p>\n<p><script src=\"chrome-extension:\/\/fpelahbljekknahkcaegamhcndkfpfnc\/iFrame.js\" type=\"text\/javascript\"><\/script><\/p>\n<p><script src=\"chrome-extension:\/\/fpelahbljekknahkcaegamhcndkfpfnc\/iFrame.js\" type=\"text\/javascript\"><\/script><\/p>","protected":false},"featured_media":17563,"comment_status":"open","ping_status":"closed","template":"","meta":[],"product_brand":[235],"product_cat":[124,185,1635,189,174,175,162,193,191,173,186,180,190,192],"product_tag":[],"class_list":{"0":"post-17532","1":"product","2":"type-product","3":"status-publish","4":"has-post-thumbnail","6":"product_brand-lavande","7":"product_cat-vape-by-brand","8":"product_cat-10000-puffs-high-capacity","9":"product_cat-15000-puffs","10":"product_cat-20mg-standard-nicotine-vapes","11":"product_cat-fruit-flavors","12":"product_cat-icy-mint","13":"product_cat-lavande","14":"product_cat-mesh-coil","15":"product_cat-rechargeable-disposables","16":"product_cat-vape-by-flavor-profile","17":"product_cat-vape-by-nicotine-strength","18":"product_cat-vape-by-puff-count","19":"product_cat-vape-by-feature-or-type","20":"product_cat-vapes-with-screens","22":"first","23":"onbackorder","24":"shipping-taxable","25":"purchasable","26":"product-type-variable","27":"has-default-attributes"},"tiered_pricing_type":"percentage","tiered_pricing_fixed_rules":[],"tiered_pricing_product_settings":{"layout":"default","base_unit_name":{"singular":null,"plural":null},"default_variation":null},"tiered_pricing_minimum_quantity":50,"tiered_pricing_roles_data":[],"tiered_pricing_percentage_rules":{"100":"40","200":"44","500":"47","1000":"49"},"tiered_pricing_maximum_quantity":null,"tiered_pricing_quantity_step":"10","_links":{"self":[{"href":"https:\/\/agoravape.com\/pt\/wp-json\/wp\/v2\/product\/17532","targetHints":{"allow":["GET"]}}],"collection":[{"href":"https:\/\/agoravape.com\/pt\/wp-json\/wp\/v2\/product"}],"about":[{"href":"https:\/\/agoravape.com\/pt\/wp-json\/wp\/v2\/types\/product"}],"replies":[{"embeddable":true,"href":"https:\/\/agoravape.com\/pt\/wp-json\/wp\/v2\/comments?post=17532"}],"version-history":[{"count":0,"href":"https:\/\/agoravape.com\/pt\/wp-json\/wp\/v2\/product\/17532\/revisions"}],"wp:featuredmedia":[{"embeddable":true,"href":"https:\/\/agoravape.com\/pt\/wp-json\/wp\/v2\/media\/17563"}],"wp:attachment":[{"href":"https:\/\/agoravape.com\/pt\/wp-json\/wp\/v2\/media?parent=17532"}],"wp:term":[{"taxonomy":"product_brand","embeddable":true,"href":"https:\/\/agoravape.com\/pt\/wp-json\/wp\/v2\/product_brand?post=17532"},{"taxonomy":"product_cat","embeddable":true,"href":"https:\/\/agoravape.com\/pt\/wp-json\/wp\/v2\/product_cat?post=17532"},{"taxonomy":"product_tag","embeddable":true,"href":"https:\/\/agoravape.com\/pt\/wp-json\/wp\/v2\/product_tag?post=17532"}],"curies":[{"name":"wp","href":"https:\/\/api.w.org\/{rel}","templated":true}]}}