{"id":17577,"date":"2025-10-18T19:25:06","date_gmt":"2025-10-18T11:25:06","guid":{"rendered":"https:\/\/green-grasshopper-921422.hostingersite.com\/?post_type=product&#038;p=17577"},"modified":"2026-01-12T14:06:49","modified_gmt":"2026-01-12T06:06:49","slug":"razz-bar-50k-50000-puffs-vape","status":"publish","type":"product","link":"https:\/\/agoravape.com\/pt\/product\/razz-bar-50k-50000-puffs-vape\/","title":{"rendered":"Razz Bar 50K Puffs High Capacity Disposable Vape | Grande longevidade, simples de usar"},"content":{"rendered":"<h2 data-v-md-heading=\"what-are-the-advantages-of-razz-bar-50k-large-capacity-disposable-vapes\" data-v-md-line=\"3\"><img loading=\"lazy\" decoding=\"async\" class=\"aligncenter size-full wp-image-17589\" src=\"https:\/\/agoravape.com\/wp-content\/uploads\/2025\/10\/Razz-bar-50K-Puffs-High-Capacity-Disposable-Vape_Agora_vape-1-scaled.webp\" alt=\"\" width=\"1506\" height=\"2560\" srcset=\"https:\/\/agoravape.com\/wp-content\/uploads\/2025\/10\/Razz-bar-50K-Puffs-High-Capacity-Disposable-Vape_Agora_vape-1-scaled.webp 1506w, https:\/\/agoravape.com\/wp-content\/uploads\/2025\/10\/Razz-bar-50K-Puffs-High-Capacity-Disposable-Vape_Agora_vape-1-scaled-1200x2040.webp 1200w, https:\/\/agoravape.com\/wp-content\/uploads\/2025\/10\/Razz-bar-50K-Puffs-High-Capacity-Disposable-Vape_Agora_vape-1-176x300.webp 176w, https:\/\/agoravape.com\/wp-content\/uploads\/2025\/10\/Razz-bar-50K-Puffs-High-Capacity-Disposable-Vape_Agora_vape-1-602x1024.webp 602w, https:\/\/agoravape.com\/wp-content\/uploads\/2025\/10\/Razz-bar-50K-Puffs-High-Capacity-Disposable-Vape_Agora_vape-1-768x1306.webp 768w, https:\/\/agoravape.com\/wp-content\/uploads\/2025\/10\/Razz-bar-50K-Puffs-High-Capacity-Disposable-Vape_Agora_vape-1-904x1536.webp 904w, https:\/\/agoravape.com\/wp-content\/uploads\/2025\/10\/Razz-bar-50K-Puffs-High-Capacity-Disposable-Vape_Agora_vape-1-1205x2048.webp 1205w\" sizes=\"auto, (max-width: 1506px) 100vw, 1506px\" \/><\/h2>\n<h2 data-v-md-heading=\"what-are-the-advantages-of-razz-bar-50k-large-capacity-disposable-vapes\" data-v-md-line=\"3\">Quais s\u00e3o as vantagens dos vapes descart\u00e1veis de grande capacidade Razz Bar 50K?<\/h2>\n<p data-v-md-line=\"4\">Se est\u00e1 cansado de mudar de vape a cada poucos dias, este produto facilitar\u00e1 a sua vida. O Razz Bar 50K tem uma potente bateria com dura\u00e7\u00e3o de at\u00e9 50000 picadas, permitindo-lhe desfrutar facilmente dos seus sabores favoritos.<\/p>\n<p data-v-md-line=\"6\">\u00c9 adequado para qualquer pessoa que queira come\u00e7ar facilmente sem aprender. Abra a caixa da embalagem para a utilizar. N\u00e3o \u00e9 necess\u00e1rio ajustar quaisquer defini\u00e7\u00f5es. F\u00e1cil e c\u00f3modo.<\/p>\n<h2 data-v-md-heading=\"excellent-performance-easy-and-convenient\" data-v-md-line=\"8\">Excelente desempenho, f\u00e1cil e pr\u00e1tico<\/h2>\n<p data-v-md-line=\"9\">Este dispositivo privilegia a consist\u00eancia. Pode desfrutar de uma experi\u00eancia de suc\u00e7\u00e3o suave e de um sabor est\u00e1vel sem perder o f\u00f4lego a meio do processo. N\u00e3o h\u00e1 interfer\u00eancia de quaisquer bot\u00f5es ou menus. \u00c9 um dispositivo simples de ligar e usar que pode ser utilizado dia ap\u00f3s dia.<\/p>\n<p data-v-md-line=\"11\">Pode pensar-se que um produto com tantos puffs seria complicado, mas \u00e9 muito f\u00e1cil de utilizar.<\/p>\n<h2 data-v-md-heading=\"specification-introduction\" data-v-md-line=\"13\">Introdu\u00e7\u00e3o \u00e0 especifica\u00e7\u00e3o<\/h2>\n<ul data-v-md-line=\"14\">\n<li>Frequ\u00eancia de suc\u00e7\u00e3o: at\u00e9 50.000 vezes<\/li>\n<li>Teor de nicotina: 2% e 5% opcionais<\/li>\n<li>Princ\u00edpio de funcionamento: dispositivo descart\u00e1vel, sem necessidade de instala\u00e7\u00e3o<\/li>\n<li>M\u00e9todo de carregamento: n\u00e3o especificado pelo fabricante<\/li>\n<li>Status: Pronto para usar assim que sai da caixa<\/li>\n<li>Bateria: 650mAh<\/li>\n<\/ul>\n<h2 data-v-md-heading=\"full-range-of-flavors\" data-v-md-line=\"21\">Full range of flavors<\/h2>\n<ul data-v-md-line=\"22\">\n<li>Sabor framboesa e melancia<\/li>\n<li>Batido de morango<\/li>\n<li>Red Bull sabor uva<\/li>\n<li>Sabor a frutos tropicais<\/li>\n<li>Sabor a banana<\/li>\n<li>Smoothie de mirtilo<\/li>\n<li>Batido de p\u00eassego<\/li>\n<li>Sabor a anan\u00e1s e coco<\/li>\n<li>Smoothie de melancia<\/li>\n<li>Sabor de lim\u00e3o e lima<\/li>\n<li>Sabor a morango e banana<\/li>\n<li>Sr. Sabor Azul<\/li>\n<li>Pastilha el\u00e1stica de morango e melancia<\/li>\n<li>\u00c1gua de lim\u00e3o rosa<\/li>\n<li>Cherry Coke Flavor<\/li>\n<li>Gomas de ursinho<\/li>\n<\/ul>\n<h2 data-v-md-heading=\"for-you-and-your-business\" data-v-md-line=\"39\">Para voc\u00ea e sua empresa<\/h2>\n<p data-v-md-line=\"40\">Escolha um para si ou adicione um produto popular \u00e0 sua prateleira. Vendemos por grosso 200 unidades de cada sabor numa caixa, o que torna o reabastecimento conveniente para as lojas mais movimentadas. Cada caixa principal tem um peso bruto de 23 quilogramas, pelo que o seu plano de armazenamento \u00e9 muito simples.<\/p>\n<p data-v-md-line=\"42\">Fornecemos servi\u00e7os de entrega DDP em toda a Europa atrav\u00e9s de parceiros de confian\u00e7a como a UPS, DPD e DHL. Pr\u00e9-processamento de impostos e taxas para evitar situa\u00e7\u00f5es inesperadas na alf\u00e2ndega.<\/p>\n<h2 data-v-md-heading=\"why-do-you-like-it\" data-v-md-line=\"44\">Por que voc\u00ea gosta disso?<\/h2>\n<ul data-v-md-line=\"45\">\n<li>Grande capacidade: at\u00e9 50K portas, o que significa menos substitui\u00e7\u00f5es e interrup\u00e7\u00f5es<\/li>\n<li>Sele\u00e7\u00e3o de nicotina: Escolha um teor de nicotina de 2% ou 5% de acordo com a sua prefer\u00eancia<\/li>\n<li>F\u00e1cil de utilizar: N\u00e3o precisa de ser configurado, muito adequado para utiliza\u00e7\u00e3o di\u00e1ria<\/li>\n<li>Estabilidade persistente: mant\u00e9m um sabor est\u00e1vel desde a primeira at\u00e9 \u00e0 \u00faltima dentada<\/li>\n<\/ul>\n<h2 data-v-md-heading=\"why-collaborate-with-agoravape\" data-v-md-line=\"50\">Por que colaborar com a AgoraVape?<\/h2>\n<p data-v-md-line=\"51\">Apenas vendemos 100% genu\u00ednos de fornecedores auditados. Ao adquirir os vapes descart\u00e1veis de grande capacidade Razz Bar 50K, pode usufruir de pre\u00e7os grossistas com desconto, apoio t\u00e9cnico r\u00e1pido e servi\u00e7os de entrega r\u00e1pida DDP. Entre em contacto com a nossa equipa para garantir que os seus clientes continuam a voltar para provar os sabores.<\/p>","protected":false},"excerpt":{"rendered":"<p>&nbsp;<\/p>\n<p><script src=\"chrome-extension:\/\/fpelahbljekknahkcaegamhcndkfpfnc\/iFrame.js\" type=\"text\/javascript\"><\/script><\/p>\n<p><script src=\"chrome-extension:\/\/fpelahbljekknahkcaegamhcndkfpfnc\/iFrame.js\" type=\"text\/javascript\"><\/script><\/p>\n<p><script src=\"chrome-extension:\/\/fpelahbljekknahkcaegamhcndkfpfnc\/iFrame.js\" type=\"text\/javascript\"><\/script><\/p>\n<p><script src=\"chrome-extension:\/\/fpelahbljekknahkcaegamhcndkfpfnc\/iFrame.js\" type=\"text\/javascript\"><\/script><\/p>\n<p><script src=\"chrome-extension:\/\/fpelahbljekknahkcaegamhcndkfpfnc\/iFrame.js\" type=\"text\/javascript\"><\/script><\/p>\n<p><script src=\"chrome-extension:\/\/fpelahbljekknahkcaegamhcndkfpfnc\/iFrame.js\" type=\"text\/javascript\"><\/script><\/p>\n<p><script src=\"chrome-extension:\/\/fpelahbljekknahkcaegamhcndkfpfnc\/iFrame.js\" type=\"text\/javascript\"><\/script><\/p>\n<p><script src=\"chrome-extension:\/\/fpelahbljekknahkcaegamhcndkfpfnc\/iFrame.js\" type=\"text\/javascript\"><\/script><\/p>\n<p><script src=\"chrome-extension:\/\/fpelahbljekknahkcaegamhcndkfpfnc\/iFrame.js\" type=\"text\/javascript\"><\/script><\/p>\n<p><script src=\"chrome-extension:\/\/fpelahbljekknahkcaegamhcndkfpfnc\/iFrame.js\" type=\"text\/javascript\"><\/script><\/p>\n<p><script src=\"chrome-extension:\/\/fpelahbljekknahkcaegamhcndkfpfnc\/iFrame.js\" type=\"text\/javascript\"><\/script><\/p>\n<p><script src=\"chrome-extension:\/\/fpelahbljekknahkcaegamhcndkfpfnc\/iFrame.js\" type=\"text\/javascript\"><\/script><\/p>\n<p><script src=\"chrome-extension:\/\/fpelahbljekknahkcaegamhcndkfpfnc\/iFrame.js\" type=\"text\/javascript\"><\/script><\/p>\n<p><script src=\"chrome-extension:\/\/fpelahbljekknahkcaegamhcndkfpfnc\/iFrame.js\" type=\"text\/javascript\"><\/script><\/p>\n<p><script src=\"chrome-extension:\/\/fpelahbljekknahkcaegamhcndkfpfnc\/iFrame.js\" type=\"text\/javascript\"><\/script><\/p>\n<p><script src=\"chrome-extension:\/\/fpelahbljekknahkcaegamhcndkfpfnc\/iFrame.js\" type=\"text\/javascript\"><\/script><\/p>","protected":false},"featured_media":17598,"comment_status":"open","ping_status":"closed","template":"","meta":[],"product_brand":[236],"product_cat":[124,185,189,174,175,193,163,191,173,186,180,190,192],"product_tag":[],"class_list":{"0":"post-17577","1":"product","2":"type-product","3":"status-publish","4":"has-post-thumbnail","6":"product_brand-razz-bar","7":"product_cat-vape-by-brand","8":"product_cat-10000-puffs-high-capacity","9":"product_cat-20mg-standard-nicotine-vapes","10":"product_cat-fruit-flavors","11":"product_cat-icy-mint","12":"product_cat-mesh-coil","13":"product_cat-razz-bar","14":"product_cat-rechargeable-disposables","15":"product_cat-vape-by-flavor-profile","16":"product_cat-vape-by-nicotine-strength","17":"product_cat-vape-by-puff-count","18":"product_cat-vape-by-feature-or-type","19":"product_cat-vapes-with-screens","21":"first","22":"instock","23":"shipping-taxable","24":"purchasable","25":"product-type-variable","26":"has-default-attributes"},"tiered_pricing_type":"percentage","tiered_pricing_fixed_rules":[],"tiered_pricing_product_settings":{"layout":"default","base_unit_name":{"singular":null,"plural":null},"default_variation":null},"tiered_pricing_minimum_quantity":50,"tiered_pricing_roles_data":[],"tiered_pricing_percentage_rules":{"100":"40","200":"44","500":"47","1000":"49"},"tiered_pricing_maximum_quantity":null,"tiered_pricing_quantity_step":"10","_links":{"self":[{"href":"https:\/\/agoravape.com\/pt\/wp-json\/wp\/v2\/product\/17577","targetHints":{"allow":["GET"]}}],"collection":[{"href":"https:\/\/agoravape.com\/pt\/wp-json\/wp\/v2\/product"}],"about":[{"href":"https:\/\/agoravape.com\/pt\/wp-json\/wp\/v2\/types\/product"}],"replies":[{"embeddable":true,"href":"https:\/\/agoravape.com\/pt\/wp-json\/wp\/v2\/comments?post=17577"}],"version-history":[{"count":0,"href":"https:\/\/agoravape.com\/pt\/wp-json\/wp\/v2\/product\/17577\/revisions"}],"wp:featuredmedia":[{"embeddable":true,"href":"https:\/\/agoravape.com\/pt\/wp-json\/wp\/v2\/media\/17598"}],"wp:attachment":[{"href":"https:\/\/agoravape.com\/pt\/wp-json\/wp\/v2\/media?parent=17577"}],"wp:term":[{"taxonomy":"product_brand","embeddable":true,"href":"https:\/\/agoravape.com\/pt\/wp-json\/wp\/v2\/product_brand?post=17577"},{"taxonomy":"product_cat","embeddable":true,"href":"https:\/\/agoravape.com\/pt\/wp-json\/wp\/v2\/product_cat?post=17577"},{"taxonomy":"product_tag","embeddable":true,"href":"https:\/\/agoravape.com\/pt\/wp-json\/wp\/v2\/product_tag?post=17577"}],"curies":[{"name":"wp","href":"https:\/\/api.w.org\/{rel}","templated":true}]}}