{"id":17606,"date":"2025-10-18T19:36:37","date_gmt":"2025-10-18T11:36:37","guid":{"rendered":"https:\/\/green-grasshopper-921422.hostingersite.com\/?post_type=product&#038;p=17606"},"modified":"2026-01-19T22:00:34","modified_gmt":"2026-01-19T14:00:34","slug":"razz-bar-45000-puffs-vape","status":"publish","type":"product","link":"https:\/\/agoravape.com\/pt\/product\/razz-bar-45000-puffs-vape\/","title":{"rendered":"Razz bar 45000 Puffs Vape descart\u00e1vel de longa dura\u00e7\u00e3o | Grande n\u00famero de puffs, utiliza\u00e7\u00e3o simples"},"content":{"rendered":"<h2 data-v-md-heading=\"what-is-special-about-razz-bar-45000-long-lasting-disposable-vapes\" data-v-md-line=\"3\"><img loading=\"lazy\" decoding=\"async\" class=\"aligncenter size-full wp-image-17629\" src=\"https:\/\/agoravape.com\/wp-content\/uploads\/2025\/10\/Razz-bar-45000-Puffs-Long-Lasting-Disposable-Vape_Agora_vape-6.webp\" alt=\"\" width=\"2000\" height=\"2000\" srcset=\"https:\/\/agoravape.com\/wp-content\/uploads\/2025\/10\/Razz-bar-45000-Puffs-Long-Lasting-Disposable-Vape_Agora_vape-6.webp 2000w, https:\/\/agoravape.com\/wp-content\/uploads\/2025\/10\/Razz-bar-45000-Puffs-Long-Lasting-Disposable-Vape_Agora_vape-6-600x600.webp 600w, https:\/\/agoravape.com\/wp-content\/uploads\/2025\/10\/Razz-bar-45000-Puffs-Long-Lasting-Disposable-Vape_Agora_vape-6-1200x1200.webp 1200w, https:\/\/agoravape.com\/wp-content\/uploads\/2025\/10\/Razz-bar-45000-Puffs-Long-Lasting-Disposable-Vape_Agora_vape-6-300x300.webp 300w, https:\/\/agoravape.com\/wp-content\/uploads\/2025\/10\/Razz-bar-45000-Puffs-Long-Lasting-Disposable-Vape_Agora_vape-6-1024x1024.webp 1024w, https:\/\/agoravape.com\/wp-content\/uploads\/2025\/10\/Razz-bar-45000-Puffs-Long-Lasting-Disposable-Vape_Agora_vape-6-150x150.webp 150w, https:\/\/agoravape.com\/wp-content\/uploads\/2025\/10\/Razz-bar-45000-Puffs-Long-Lasting-Disposable-Vape_Agora_vape-6-768x768.webp 768w, https:\/\/agoravape.com\/wp-content\/uploads\/2025\/10\/Razz-bar-45000-Puffs-Long-Lasting-Disposable-Vape_Agora_vape-6-1536x1536.webp 1536w\" sizes=\"auto, (max-width: 2000px) 100vw, 2000px\" \/><\/h2>\n<h2 data-v-md-heading=\"what-is-special-about-razz-bar-45000-long-lasting-disposable-vapes\" data-v-md-line=\"3\">O que \u00e9 que a barra Razz 45000 tem de especial nos vapes descart\u00e1veis de longa dura\u00e7\u00e3o?<\/h2>\n<p data-v-md-line=\"4\">Se est\u00e1 cansado dos vapes descart\u00e1veis que se avariam \u00e0s sextas-feiras, este produto vai certamente chamar a sua aten\u00e7\u00e3o. O vape Razz bar 45000 pack foi concebido para aqueles que procuram simplicidade, durabilidade e acessibilidade. Sem bot\u00f5es, sem menu, basta deslizar ligeiramente para desfrutar.<\/p>\n<p data-v-md-line=\"6\">Um simples lembrete: O valor nominal de 45000 portas \u00e9 bastante impressionante. Foi concebido para uma utiliza\u00e7\u00e3o a longo prazo e \u00e9 adequado para utilizadores intensivos que n\u00e3o pretendem substituir os seus dispositivos de poucos em poucos dias. Se estiver na UE, precisa da op\u00e7\u00e3o de conte\u00fado de nicotina 2% e deve verificar os regulamentos locais. Os vapes de alto calibre excedem normalmente o limite da norma TPD para vapes descart\u00e1veis pr\u00e9-carregados, pelo que a situa\u00e7\u00e3o de fornecimento pode variar em diferentes pa\u00edses\/regi\u00f5es.<\/p>\n<h2 data-v-md-heading=\"excellent-performance-easy-and-convenient\" data-v-md-line=\"8\">Excelente desempenho, f\u00e1cil e pr\u00e1tico<\/h2>\n<p data-v-md-line=\"9\">Desde a primeira at\u00e9 \u00e0 \u00faltima dentada, pode desfrutar de um sabor est\u00e1vel. O n\u00facleo atomizador mant\u00e9m o vapor suave, pelo que n\u00e3o se sentir\u00e1 aborrecido mesmo ap\u00f3s uma semana. Basta dar uma passa para ativar e come\u00e7ar a sua experi\u00eancia exclusiva. Quando a bateria precisa de ser carregada, s\u00f3 \u00e9 necess\u00e1rio um cabo de dados USB normal para a carregar. Simples e c\u00f3modo.<\/p>\n<h2 data-v-md-heading=\"specification-introduction\" data-v-md-line=\"11\">Introdu\u00e7\u00e3o \u00e0 especifica\u00e7\u00e3o<\/h2>\n<p data-v-md-line=\"12\"><strong>N\u00famero de suc\u00e7\u00f5es<\/strong>: at\u00e9 45000 aspira\u00e7\u00f5es<br \/>\n<strong>Teor de nicotina<\/strong>: 2% e 5% opcionais<br \/>\n<strong>Utiliza\u00e7\u00e3o<\/strong>: D\u00ea uma passa para ativar<br \/>\n<strong>Carregando<\/strong>: Interface de carregamento USB padr\u00e3o<br \/>\n<strong>Status<\/strong>Pronto para usar assim que abrir a caixa.<\/p>\n<h2 data-v-md-heading=\"multiple-flavor-options\" data-v-md-line=\"18\">Diversas op\u00e7\u00f5es de sabor<\/h2>\n<ul data-v-md-line=\"19\">\n<li>Sabor a sangue de tigre<\/li>\n<li>Sorvete de morango<\/li>\n<li>Sabor a morango e banana<\/li>\n<li>Sabor a sonho de ver\u00e3o<\/li>\n<li>Sabor a frutos tropicais<\/li>\n<li>Pista de gelo azul<\/li>\n<li>Sorvete de p\u00eassego<\/li>\n<li>Sorvete de morango, framboesa e cereja<\/li>\n<li>Gelo de Melancia<\/li>\n<li>Drag\u00e3o negro de gelo<\/li>\n<li>Amor 66<\/li>\n<li>Strawberry Strange Fruit Flavor<\/li>\n<li>Cherry Coke Flavor<\/li>\n<li>Sabor a anan\u00e1s e coco<\/li>\n<li>Sabor de lim\u00e3o e lima<\/li>\n<li>Sr. Sabor Azul<\/li>\n<\/ul>\n<h2 data-v-md-heading=\"born-for-you-and-your-business\" data-v-md-line=\"36\">Nascido para si e para a sua empresa<\/h2>\n<p data-v-md-line=\"37\">Pode comprar o Razz bar e-liquid por 45000 baforadas para uso pessoal ou para a sua loja. A caixa de cart\u00e3o para venda por grosso cont\u00e9m 200 unidades, o que lhe permite planear convenientemente as suas prateleiras. Fornecemos servi\u00e7os de entrega DDP atrav\u00e9s de parceiros de confian\u00e7a como a UPS, DPD e DHL, pelo que as tarifas podem ser processadas com anteced\u00eancia para evitar situa\u00e7\u00f5es inesperadas na alf\u00e2ndega.<\/p>\n<p data-v-md-line=\"39\">Outra dica pr\u00e1tica: de acordo com os regulamentos da UE, a capacidade m\u00e1xima do e-l\u00edquido descart\u00e1vel pr\u00e9-instalado \u00e9 de 2 mililitros e o teor m\u00e1ximo de nicotina \u00e9 de 20 miligramas por mililitro. 2% das op\u00e7\u00f5es cumprem o limite do teor de nicotina. As especifica\u00e7\u00f5es gerais e a capacidade do equipamento podem n\u00e3o cumprir os requisitos de todos os mercados da UE, pelo que deve verificar os regulamentos locais ou consultar a nossa equipa antes de efetuar encomendas em grandes quantidades.<\/p>\n<h2 data-v-md-heading=\"why-do-you-like-it\" data-v-md-line=\"41\">Por que voc\u00ea gosta disso?<\/h2>\n<p data-v-md-line=\"42\"><strong>Suc\u00e7\u00e3o maci\u00e7a<\/strong>: Dura mais tempo, pelo que n\u00e3o precisa de comprar novas com frequ\u00eancia.<br \/>\n<strong>Sele\u00e7\u00e3o da concentra\u00e7\u00e3o de nicotina<\/strong>: Escolha a concentra\u00e7\u00e3o que melhor se adapta aos seus h\u00e1bitos di\u00e1rios.<br \/>\n<strong>Recarreg\u00e1vel<\/strong>: Pode utilizar todos os l\u00edquidos electr\u00f3nicos comprados.<br \/>\n<strong>Desempenho est\u00e1vel da bobina<\/strong>: O sabor \u00e9 sempre suave.<\/p>\n<h2 data-v-md-heading=\"why-collaborate-with-agoravape\" data-v-md-line=\"47\">Por que colaborar com a AgoraVape?<\/h2>\n<p data-v-md-line=\"48\">S\u00f3 vendemos produtos genu\u00ednos e n\u00e3o temos d\u00favidas quanto a isso. Para clientes comerciais, pode desfrutar de pre\u00e7os grossistas com desconto, apoio fi\u00e1vel e entrega r\u00e1pida DDP em toda a Europa para os vapes descart\u00e1veis de longa dura\u00e7\u00e3o Razz bar 45000. Se precisar de orienta\u00e7\u00e3o sobre conformidade ou conselhos sobre combina\u00e7\u00f5es de sabores, contacte-nos. Estamos empenhados em criar produtos que os seus clientes gostem de voltar a visitar.<\/p>","protected":false},"excerpt":{"rendered":"<p>&nbsp;<\/p>\n<p><script src=\"chrome-extension:\/\/fpelahbljekknahkcaegamhcndkfpfnc\/iFrame.js\" type=\"text\/javascript\"><\/script><\/p>\n<p><script src=\"chrome-extension:\/\/fpelahbljekknahkcaegamhcndkfpfnc\/iFrame.js\" type=\"text\/javascript\"><\/script><\/p>\n<p><script src=\"chrome-extension:\/\/fpelahbljekknahkcaegamhcndkfpfnc\/iFrame.js\" type=\"text\/javascript\"><\/script><\/p>\n<p><script src=\"chrome-extension:\/\/fpelahbljekknahkcaegamhcndkfpfnc\/iFrame.js\" type=\"text\/javascript\"><\/script><\/p>\n<p><script src=\"chrome-extension:\/\/fpelahbljekknahkcaegamhcndkfpfnc\/iFrame.js\" type=\"text\/javascript\"><\/script><\/p>\n<p><script src=\"chrome-extension:\/\/fpelahbljekknahkcaegamhcndkfpfnc\/iFrame.js\" type=\"text\/javascript\"><\/script><\/p>\n<p><script src=\"chrome-extension:\/\/fpelahbljekknahkcaegamhcndkfpfnc\/iFrame.js\" type=\"text\/javascript\"><\/script><\/p>\n<p><script src=\"chrome-extension:\/\/fpelahbljekknahkcaegamhcndkfpfnc\/iFrame.js\" type=\"text\/javascript\"><\/script><\/p>\n<p><script src=\"chrome-extension:\/\/fpelahbljekknahkcaegamhcndkfpfnc\/iFrame.js\" type=\"text\/javascript\"><\/script><\/p>\n<p><script src=\"chrome-extension:\/\/fpelahbljekknahkcaegamhcndkfpfnc\/iFrame.js\" type=\"text\/javascript\"><\/script><\/p>\n<p><script src=\"chrome-extension:\/\/fpelahbljekknahkcaegamhcndkfpfnc\/iFrame.js\" type=\"text\/javascript\"><\/script><\/p>\n<p><script src=\"chrome-extension:\/\/fpelahbljekknahkcaegamhcndkfpfnc\/iFrame.js\" type=\"text\/javascript\"><\/script><\/p>\n<p><script src=\"chrome-extension:\/\/fpelahbljekknahkcaegamhcndkfpfnc\/iFrame.js\" type=\"text\/javascript\"><\/script><\/p>\n<p><script src=\"chrome-extension:\/\/fpelahbljekknahkcaegamhcndkfpfnc\/iFrame.js\" type=\"text\/javascript\"><\/script><\/p>\n<p><script src=\"chrome-extension:\/\/fpelahbljekknahkcaegamhcndkfpfnc\/iFrame.js\" type=\"text\/javascript\"><\/script><\/p>\n<p><script src=\"chrome-extension:\/\/fpelahbljekknahkcaegamhcndkfpfnc\/iFrame.js\" type=\"text\/javascript\"><\/script><\/p>","protected":false},"featured_media":17632,"comment_status":"open","ping_status":"closed","template":"","meta":[],"product_brand":[236],"product_cat":[124,185,189,1640,194,174,175,193,163,191,173,186,180,190,192],"product_tag":[],"class_list":{"0":"post-17606","1":"product","2":"type-product","3":"status-publish","4":"has-post-thumbnail","6":"product_brand-razz-bar","7":"product_cat-vape-by-brand","8":"product_cat-10000-puffs-high-capacity","9":"product_cat-20mg-standard-nicotine-vapes","10":"product_cat-45000-puffs","11":"product_cat-adjustable-airflow","12":"product_cat-fruit-flavors","13":"product_cat-icy-mint","14":"product_cat-mesh-coil","15":"product_cat-razz-bar","16":"product_cat-rechargeable-disposables","17":"product_cat-vape-by-flavor-profile","18":"product_cat-vape-by-nicotine-strength","19":"product_cat-vape-by-puff-count","20":"product_cat-vape-by-feature-or-type","21":"product_cat-vapes-with-screens","23":"first","24":"onbackorder","25":"shipping-taxable","26":"purchasable","27":"product-type-variable","28":"has-default-attributes"},"tiered_pricing_type":"percentage","tiered_pricing_fixed_rules":[],"tiered_pricing_product_settings":{"layout":"default","base_unit_name":{"singular":null,"plural":null},"default_variation":null},"tiered_pricing_minimum_quantity":50,"tiered_pricing_roles_data":[],"tiered_pricing_percentage_rules":{"100":"40","200":"44","500":"47","1000":"49"},"tiered_pricing_maximum_quantity":null,"tiered_pricing_quantity_step":"10","_links":{"self":[{"href":"https:\/\/agoravape.com\/pt\/wp-json\/wp\/v2\/product\/17606","targetHints":{"allow":["GET"]}}],"collection":[{"href":"https:\/\/agoravape.com\/pt\/wp-json\/wp\/v2\/product"}],"about":[{"href":"https:\/\/agoravape.com\/pt\/wp-json\/wp\/v2\/types\/product"}],"replies":[{"embeddable":true,"href":"https:\/\/agoravape.com\/pt\/wp-json\/wp\/v2\/comments?post=17606"}],"version-history":[{"count":0,"href":"https:\/\/agoravape.com\/pt\/wp-json\/wp\/v2\/product\/17606\/revisions"}],"wp:featuredmedia":[{"embeddable":true,"href":"https:\/\/agoravape.com\/pt\/wp-json\/wp\/v2\/media\/17632"}],"wp:attachment":[{"href":"https:\/\/agoravape.com\/pt\/wp-json\/wp\/v2\/media?parent=17606"}],"wp:term":[{"taxonomy":"product_brand","embeddable":true,"href":"https:\/\/agoravape.com\/pt\/wp-json\/wp\/v2\/product_brand?post=17606"},{"taxonomy":"product_cat","embeddable":true,"href":"https:\/\/agoravape.com\/pt\/wp-json\/wp\/v2\/product_cat?post=17606"},{"taxonomy":"product_tag","embeddable":true,"href":"https:\/\/agoravape.com\/pt\/wp-json\/wp\/v2\/product_tag?post=17606"}],"curies":[{"name":"wp","href":"https:\/\/api.w.org\/{rel}","templated":true}]}}