{"id":17677,"date":"2025-10-18T20:43:53","date_gmt":"2025-10-18T12:43:53","guid":{"rendered":"https:\/\/green-grasshopper-921422.hostingersite.com\/?post_type=product&#038;p=17677"},"modified":"2026-03-31T04:20:40","modified_gmt":"2026-03-31T02:20:40","slug":"razz-bar-30000-puffs-vape-descartavel","status":"publish","type":"product","link":"https:\/\/agoravape.com\/pt\/product\/razz-bar-30000-puffs-disposable-vape\/","title":{"rendered":"Razz Bar 30000 Puffs Vape Descart\u00e1vel Recarreg\u00e1vel | Grande Capacidade. Sabor Simples e Direto"},"content":{"rendered":"<h2 data-v-md-heading=\"what-is-special-about-the-razz-bar-30000-rechargeable-disposable-vape\" data-v-md-line=\"3\"><img loading=\"lazy\" decoding=\"async\" class=\"aligncenter size-full wp-image-17689\" src=\"https:\/\/agoravape.com\/wp-content\/uploads\/2025\/10\/Razz-bar-30000-Puffs-Rechargeable-Disposable-Vape_Agora_vape-3.webp\" alt=\"\" width=\"2000\" height=\"2000\" srcset=\"https:\/\/agoravape.com\/wp-content\/uploads\/2025\/10\/Razz-bar-30000-Puffs-Rechargeable-Disposable-Vape_Agora_vape-3.webp 2000w, https:\/\/agoravape.com\/wp-content\/uploads\/2025\/10\/Razz-bar-30000-Puffs-Rechargeable-Disposable-Vape_Agora_vape-3-600x600.webp 600w, https:\/\/agoravape.com\/wp-content\/uploads\/2025\/10\/Razz-bar-30000-Puffs-Rechargeable-Disposable-Vape_Agora_vape-3-1200x1200.webp 1200w, https:\/\/agoravape.com\/wp-content\/uploads\/2025\/10\/Razz-bar-30000-Puffs-Rechargeable-Disposable-Vape_Agora_vape-3-300x300.webp 300w, https:\/\/agoravape.com\/wp-content\/uploads\/2025\/10\/Razz-bar-30000-Puffs-Rechargeable-Disposable-Vape_Agora_vape-3-1024x1024.webp 1024w, https:\/\/agoravape.com\/wp-content\/uploads\/2025\/10\/Razz-bar-30000-Puffs-Rechargeable-Disposable-Vape_Agora_vape-3-150x150.webp 150w, https:\/\/agoravape.com\/wp-content\/uploads\/2025\/10\/Razz-bar-30000-Puffs-Rechargeable-Disposable-Vape_Agora_vape-3-768x768.webp 768w, https:\/\/agoravape.com\/wp-content\/uploads\/2025\/10\/Razz-bar-30000-Puffs-Rechargeable-Disposable-Vape_Agora_vape-3-1536x1536.webp 1536w\" sizes=\"auto, (max-width: 2000px) 100vw, 2000px\" \/><\/h2>\n<h2 data-v-md-heading=\"what-is-special-about-the-razz-bar-30000-rechargeable-disposable-vape\" data-v-md-line=\"3\">O que tem de especial o Vape descart\u00e1vel recarreg\u00e1vel Razz Bar 30000?<\/h2>\n<p data-v-md-line=\"4\">Se est\u00e1 cansado de vapes que s\u00e3o descontinuados nos dias de semana, ent\u00e3o este produto pode definitivamente satisfazer as suas necessidades. O Razz Bar tem uma capacidade de at\u00e9 30000 baforadas e uma bateria recarreg\u00e1vel de 650mAh, o que lhe permite utilizar verdadeiramente o e-l\u00edquido que compra.<\/p>\n<p data-v-md-line=\"6\">Se quer um vape fi\u00e1vel, delicioso e sem complica\u00e7\u00f5es, ent\u00e3o o Razz Bar \u00e9 a sua escolha ideal. Sem necessidade de bot\u00f5es, sem necessidade de menus. Com suc\u00e7\u00e3o suave e sabor est\u00e1vel, pode ser facilmente transportado.<\/p>\n<h2 data-v-md-heading=\"excellent-performance-easy-and-convenient\" data-v-md-line=\"8\">Excelente desempenho, f\u00e1cil e pr\u00e1tico<\/h2>\n<p data-v-md-line=\"9\">A bobina e a entrada de ar foram cuidadosamente afinadas para proporcionar uma experi\u00eancia limpa e consistente, tornando a sua primeira dentada t\u00e3o deliciosa como a mil\u00e9sima. Quando a bateria estiver fraca, basta lig\u00e1-la \u00e0 corrente e carreg\u00e1-la totalmente. O carregamento r\u00e1pido pode restaurar o uso sem a necessidade de substituir dispositivos ou desperdi\u00e7ar energia.<\/p>\n<p data-v-md-line=\"11\">Poder\u00e1 pensar que um vape de t\u00e3o grande capacidade \u00e9 volumoso, mas ficar\u00e1 surpreendido ao descobrir que pode ser facilmente levado para casa todos os dias.<\/p>\n<h2 data-v-md-heading=\"specification-introduction\" data-v-md-line=\"13\">Introdu\u00e7\u00e3o \u00e0 especifica\u00e7\u00e3o<\/h2>\n<ul data-v-md-line=\"14\">\n<li>Suction frequency: up to 30000 times<\/li>\n<li>Teor de nicotina: 2% e 5% opcionais<\/li>\n<li>Princ\u00edpio de funcionamento: Ativa-se com apenas uma tragada.<\/li>\n<li>M\u00e9todo de carregamento: Pode ser carregado atrav\u00e9s de uma porta USB padr\u00e3o<\/li>\n<li>Capacidade da bateria: 650mAh<\/li>\n<li>Status: Pronto para usar assim que sai da caixa<\/li>\n<\/ul>\n<h2 data-v-md-heading=\"full-range-of-flavors\" data-v-md-line=\"21\">Full range of flavors<\/h2>\n<ul data-v-md-line=\"22\">\n<li>Mel\u00e3o triplamente doce<\/li>\n<li>Sorvete de morango<\/li>\n<li>Ma\u00e7\u00e3s azedas<\/li>\n<li>Manga, p\u00eassego, melancia<\/li>\n<li>Morango e banana<\/li>\n<li>Pista de gelo azul<\/li>\n<li>Sorvete de p\u00eassego<\/li>\n<li>morango kiwi<\/li>\n<li>Gelo de Melancia<\/li>\n<li>Sonhos de ver\u00e3o<\/li>\n<li>Melancia de morango<\/li>\n<li>Frutas vermelhas misturadas<\/li>\n<li>Pista de gelo azul<\/li>\n<li>Lim\u00e3o e lima<\/li>\n<li>Coca-Cola Ice<\/li>\n<li>Gelo de Amora<\/li>\n<\/ul>\n<h2 data-v-md-heading=\"for-you-and-your-business\" data-v-md-line=\"39\">Para voc\u00ea e sua empresa<\/h2>\n<p data-v-md-line=\"40\">Voc\u00ea pode comprar <a class=\"wpil_keyword_link\" href=\"https:\/\/agoravape.com\/pt\/produto\/razz-bar-50k-50000-puffs-vape\/\" target=\"_blank\" rel=\"noopener\" title=\"Razz Bar 50K Puffs High Capacity Disposable Vape | Grande longevidade, simples de usar\" data-wpil-keyword-link=\"linked\" data-wpil-monitor-id=\"7159\">Razz Bar<\/a> 30000 para uso pessoal ou para a sua loja. Caixas de cart\u00e3o por atacado de 200 por caixa, com pre\u00e7os razo\u00e1veis e reabastecimento conveniente.<\/p>\n<p data-v-md-line=\"42\">Fornecemos servi\u00e7os de entrega DDP em toda a Europa atrav\u00e9s de parceiros de confian\u00e7a como a UPS, a DPD e a DHL, pelo que as tarifas e taxas alfandeg\u00e1rias podem ser processadas antecipadamente e s\u00e3o fornecidos servi\u00e7os de seguimento porta-a-porta. Os regulamentos podem variar consoante o pa\u00eds, pelo que deve consultar os regulamentos locais relativos ao tamanho do dispositivo e \u00e0 concentra\u00e7\u00e3o de nicotina antes de publicar ou comprar.<\/p>\n<h2 data-v-md-heading=\"why-do-you-like-it\" data-v-md-line=\"44\">Por que voc\u00ea gosta disso?<\/h2>\n<ul data-v-md-line=\"45\">\n<li>Grande capacidade de fumo: maior dura\u00e7\u00e3o da bateria, sem necessidade de substituir frequentemente os vapores<\/li>\n<li>Sele\u00e7\u00e3o da concentra\u00e7\u00e3o de nicotina: Escolha uma concentra\u00e7\u00e3o de nicotina de 2% ou 5% de acordo com a sua prefer\u00eancia<\/li>\n<li>Recarreg\u00e1vel: Reabastece rapidamente o e-l\u00edquido sem ter de deitar fora metade do dispositivo<\/li>\n<li>Desempenho est\u00e1vel da bobina: Desfrute sempre de uma experi\u00eancia de suc\u00e7\u00e3o est\u00e1vel e deliciosa<\/li>\n<\/ul>\n<h2 data-v-md-heading=\"why-choose-to-collaborate-with-agoravape\" data-v-md-line=\"50\">Por que escolher colaborar com a AgoraVape?<\/h2>\n<p data-v-md-line=\"51\">Oferecemos apenas produtos genu\u00ednos 100%, apoiados por pre\u00e7os claros e suporte de resposta r\u00e1pida. Os compradores comerciais que adquirem 30000 vapes descart\u00e1veis recarreg\u00e1veis na Razz Bar podem desfrutar de pre\u00e7os grossistas altamente competitivos, de um servi\u00e7o de apoio ao cliente fi\u00e1vel e de servi\u00e7os de entrega DDP r\u00e1pidos e fi\u00e1veis. Se quiser ter um vape duradouro e que valha a pena devolver, contacte-nos.<\/p>","protected":false},"excerpt":{"rendered":"<p>&nbsp;<\/p>","protected":false},"featured_media":17694,"comment_status":"open","ping_status":"closed","template":"","meta":[],"product_brand":[236],"product_cat":[124,185,189,1637,194,1674,174,175,193,163,191,173,186,180,190],"product_tag":[],"class_list":{"0":"post-17677","1":"product","2":"type-product","3":"status-publish","4":"has-post-thumbnail","6":"product_brand-razz-bar","7":"product_cat-vape-by-brand","8":"product_cat-10000-puffs-high-capacity","9":"product_cat-20mg-standard-nicotine-vapes","10":"product_cat-30000-puffs","11":"product_cat-adjustable-airflow","12":"product_cat-eu-warehouse","13":"product_cat-fruit-flavors","14":"product_cat-icy-mint","15":"product_cat-mesh-coil","16":"product_cat-razz-bar","17":"product_cat-rechargeable-disposables","18":"product_cat-vape-by-flavor-profile","19":"product_cat-vape-by-nicotine-strength","20":"product_cat-vape-by-puff-count","21":"product_cat-vape-by-feature-or-type","23":"first","24":"instock","25":"shipping-taxable","26":"purchasable","27":"product-type-variable","28":"has-default-attributes"},"tiered_pricing_type":"percentage","tiered_pricing_fixed_rules":[],"tiered_pricing_product_settings":{"layout":"default","base_unit_name":{"singular":null,"plural":null},"default_variation":null},"tiered_pricing_minimum_quantity":50,"tiered_pricing_roles_data":[],"tiered_pricing_percentage_rules":{"100":"40","200":"44","500":"47","1000":"49"},"tiered_pricing_maximum_quantity":null,"tiered_pricing_quantity_step":"10","_links":{"self":[{"href":"https:\/\/agoravape.com\/pt\/wp-json\/wp\/v2\/product\/17677","targetHints":{"allow":["GET"]}}],"collection":[{"href":"https:\/\/agoravape.com\/pt\/wp-json\/wp\/v2\/product"}],"about":[{"href":"https:\/\/agoravape.com\/pt\/wp-json\/wp\/v2\/types\/product"}],"replies":[{"embeddable":true,"href":"https:\/\/agoravape.com\/pt\/wp-json\/wp\/v2\/comments?post=17677"}],"version-history":[{"count":1,"href":"https:\/\/agoravape.com\/pt\/wp-json\/wp\/v2\/product\/17677\/revisions"}],"predecessor-version":[{"id":29811,"href":"https:\/\/agoravape.com\/pt\/wp-json\/wp\/v2\/product\/17677\/revisions\/29811"}],"wp:featuredmedia":[{"embeddable":true,"href":"https:\/\/agoravape.com\/pt\/wp-json\/wp\/v2\/media\/17694"}],"wp:attachment":[{"href":"https:\/\/agoravape.com\/pt\/wp-json\/wp\/v2\/media?parent=17677"}],"wp:term":[{"taxonomy":"product_brand","embeddable":true,"href":"https:\/\/agoravape.com\/pt\/wp-json\/wp\/v2\/product_brand?post=17677"},{"taxonomy":"product_cat","embeddable":true,"href":"https:\/\/agoravape.com\/pt\/wp-json\/wp\/v2\/product_cat?post=17677"},{"taxonomy":"product_tag","embeddable":true,"href":"https:\/\/agoravape.com\/pt\/wp-json\/wp\/v2\/product_tag?post=17677"}],"curies":[{"name":"wp","href":"https:\/\/api.w.org\/{rel}","templated":true}]}}