{"id":17707,"date":"2025-10-18T21:04:07","date_gmt":"2025-10-18T13:04:07","guid":{"rendered":"https:\/\/green-grasshopper-921422.hostingersite.com\/?post_type=product&#038;p=17707"},"modified":"2026-03-31T04:20:40","modified_gmt":"2026-03-31T02:20:40","slug":"razz-bar-15000-puffs-vape","status":"publish","type":"product","link":"https:\/\/agoravape.com\/pt\/product\/razz-bar-15000-puffs-vape\/","title":{"rendered":"Razz Bar 15000 Puffs Vape descart\u00e1vel | Grande quantidade de puffs com sabores arrojados"},"content":{"rendered":"<h2 data-v-md-heading=\"how-about-razz-bar-15000-disposable-vapes-online-shopping\" data-v-md-line=\"3\"><img loading=\"lazy\" decoding=\"async\" class=\"aligncenter size-full wp-image-17705\" src=\"https:\/\/agoravape.com\/wp-content\/uploads\/2025\/10\/Razz-bar-15000-Puffs-Disposable-Vape-Shop-Online_Agora_vape-1.webp\" alt=\"\" width=\"1250\" height=\"800\" srcset=\"https:\/\/agoravape.com\/wp-content\/uploads\/2025\/10\/Razz-bar-15000-Puffs-Disposable-Vape-Shop-Online_Agora_vape-1.webp 1250w, https:\/\/agoravape.com\/wp-content\/uploads\/2025\/10\/Razz-bar-15000-Puffs-Disposable-Vape-Shop-Online_Agora_vape-1-1200x768.webp 1200w, https:\/\/agoravape.com\/wp-content\/uploads\/2025\/10\/Razz-bar-15000-Puffs-Disposable-Vape-Shop-Online_Agora_vape-1-300x192.webp 300w, https:\/\/agoravape.com\/wp-content\/uploads\/2025\/10\/Razz-bar-15000-Puffs-Disposable-Vape-Shop-Online_Agora_vape-1-1024x655.webp 1024w, https:\/\/agoravape.com\/wp-content\/uploads\/2025\/10\/Razz-bar-15000-Puffs-Disposable-Vape-Shop-Online_Agora_vape-1-768x492.webp 768w\" sizes=\"auto, (max-width: 1250px) 100vw, 1250px\" \/><\/h2>\n<h2 data-v-md-heading=\"how-about-razz-bar-15000-disposable-vapes-online-shopping\" data-v-md-line=\"3\">Que tal os vapes descart\u00e1veis Razz Bar 15000? Compras online!<\/h2>\n<p data-v-md-line=\"4\">Se est\u00e1 cansado de usar vaporizadores descart\u00e1veis a meio do dia de trabalho, este produto \u00e9 a sua escolha ideal. O vape de 15000 baforadas do Razz Bar permite-lhe desfrutar de at\u00e9 15000 baforadas de prazer e proporciona um aroma frutado refrescante e agrad\u00e1vel.<\/p>\n<p data-v-md-line=\"6\">\u00c9 adequado para quem pretende durabilidade e um funcionamento sem esfor\u00e7o. Pronto a utilizar assim que \u00e9 retirado da caixa. N\u00e3o precisa de ser lubrificado ou regulado, tem um sabor consistente e uma experi\u00eancia de suc\u00e7\u00e3o suave.<\/p>\n<h2 data-v-md-heading=\"excellent-performance-worry-free\" data-v-md-line=\"8\">Excelente desempenho, sem preocupa\u00e7\u00f5es.<\/h2>\n<p data-v-md-line=\"9\">Este dispositivo equilibra a pot\u00eancia e o design da bobina, garantindo um sabor est\u00e1vel em cada dentada, do princ\u00edpio ao fim. N\u00e3o ser\u00e1 pungente, nem cortar\u00e1 o \u00f3leo a meio. A bateria recarreg\u00e1vel de 650mAh garante que a festa continua, o que significa que pode utilizar o e-l\u00edquido que comprou. Quando a bateria estiver fraca, basta carreg\u00e1-la para continuar a utilizar.<\/p>\n<h2 data-v-md-heading=\"specification-introduction\" data-v-md-line=\"11\">Introdu\u00e7\u00e3o \u00e0 especifica\u00e7\u00e3o<\/h2>\n<p data-v-md-line=\"12\"><strong>N\u00famero de suc\u00e7\u00f5es<\/strong>: at\u00e9 15000 aspira\u00e7\u00f5es<br \/>\n<strong>Teor de nicotina<\/strong>: 2% e 5% opcionais<br \/>\n<strong>Princ\u00edpio de funcionamento<\/strong>: Ativar por inala\u00e7\u00e3o<br \/>\n<strong>Carregando<\/strong>Bateria recarreg\u00e1vel de 650 mAh<br \/>\n<strong>Status<\/strong>Pronto para usar assim que abrir a caixa.<\/p>\n<h2 data-v-md-heading=\"full-range-of-flavors\" data-v-md-line=\"18\">Full range of flavors<\/h2>\n<ul data-v-md-line=\"19\">\n<li>Gomas de framboesa<\/li>\n<li>Batido de morango<\/li>\n<li>Gelado de Red Bull<\/li>\n<li>Kiwi, maracuj\u00e1, goiaba<\/li>\n<li>Serpente Mamba<\/li>\n<li>Smoothie de mirtilo<\/li>\n<li>Batido de p\u00eassego<\/li>\n<li>morango kiwi<\/li>\n<li>Smoothie de melancia<\/li>\n<li>P\u00eassego, Manga, Anan\u00e1s<\/li>\n<li>Chiclete de Melancia<\/li>\n<li>Frutas vermelhas misturadas<\/li>\n<li>Mirtilos, framboesas, lim\u00f5es<\/li>\n<li>Lim\u00e3o e lima<\/li>\n<li>Batido de cola<\/li>\n<li>Ma\u00e7\u00e3s Duplas<\/li>\n<\/ul>\n<h2 data-v-md-heading=\"for-you-and-your-business\" data-v-md-line=\"36\">Para voc\u00ea e sua empresa<\/h2>\n<p data-v-md-line=\"37\">Pode escolher os cigarros Razz Bar 15000 para uso pessoal ou fazer um stock para a sua loja. Caixas de cart\u00e3o por grosso de 200 unidades por caixa, convenientes para planear o invent\u00e1rio. Enviamos atrav\u00e9s de parceiros de confian\u00e7a como a UPS, DPD e DHL em DDP ap\u00f3s o pagamento de impostos, para que n\u00e3o haja acidentes na alf\u00e2ndega.<\/p>\n<p data-v-md-line=\"39\">O processo de encomenda \u00e9 simples e c\u00f3modo. Utilizamos gateways de pagamento seguros e checkout encriptado SSL para garantir a seguran\u00e7a das suas informa\u00e7\u00f5es.<\/p>\n<p data-v-md-line=\"41\">Introdu\u00e7\u00e3o \u00e0 regulamenta\u00e7\u00e3o da UE: Muitos pa\u00edses da UE fixam o limite m\u00e1ximo do teor de nicotina em 20 miligramas por mililitro e limitam a capacidade do e-l\u00edquido descart\u00e1vel. A vers\u00e3o 2% \u00e9 compat\u00edvel com o limite do teor de nicotina, mas os dispositivos de elevada capacidade e a vers\u00e3o 5% podem n\u00e3o ser permitidos. Verifique os regulamentos locais antes de efetuar uma encomenda, e ajud\u00e1-lo-emos a enviar o invent\u00e1rio em conformidade para onde for necess\u00e1rio.<\/p>\n<h2 data-v-md-heading=\"why-do-you-like-it\" data-v-md-line=\"43\">Por que voc\u00ea gosta disso?<\/h2>\n<p data-v-md-line=\"44\"><strong>Grande quantidade de bombas de fumo<\/strong>: at\u00e9 15000 baforadas, o que significa menos substitui\u00e7\u00f5es e maior valor.<br \/>\n<strong>Sele\u00e7\u00e3o de nicotina<\/strong>: Escolha um teor de nicotina de 2% ou 5% de acordo com a sua prefer\u00eancia.<br \/>\n<strong>Recarreg\u00e1vel<\/strong>: N\u00e3o h\u00e1 necessidade de deitar fora o e-l\u00edquido n\u00e3o utilizado, basta carreg\u00e1-lo para o utilizar.<br \/>\n<strong>Sabor est\u00e1vel<\/strong>: Concebida para lhe proporcionar uma experi\u00eancia consistente e deliciosa desde a primeira at\u00e9 \u00e0 \u00faltima dentada.<\/p>\n<h2 data-v-md-heading=\"why-choose-to-collaborate-with-agoravape\" data-v-md-line=\"49\">Por que escolher colaborar com a AgoraVape?<\/h2>\n<p data-v-md-line=\"50\">S\u00f3 vendemos produtos genu\u00ednos, com uma cadeia de abastecimento clara e uma verifica\u00e7\u00e3o de idade adequada. Os clientes empresariais podem obter pre\u00e7os competitivos por grosso, apoio fi\u00e1vel e transporte r\u00e1pido e fi\u00e1vel na Europa. Se quiser armazenar produtos descart\u00e1veis e os seus clientes voltarem definitivamente, contacte-nos e colocaremos a cigarreira Razz Bar 15000 na sua prateleira.<\/p>","protected":false},"excerpt":{"rendered":"<p>Que tal os vapes descart\u00e1veis Razz Bar 15000? Compras online! Se est\u00e1 farto de usar vapes descart\u00e1veis a meio do<\/p>","protected":false},"featured_media":17728,"comment_status":"open","ping_status":"closed","template":"","meta":[],"product_brand":[236],"product_cat":[124,185,1635,189,194,1674,174,175,193,163,191,173,186,180,190],"product_tag":[],"class_list":{"0":"post-17707","1":"product","2":"type-product","3":"status-publish","4":"has-post-thumbnail","6":"product_brand-razz-bar","7":"product_cat-vape-by-brand","8":"product_cat-10000-puffs-high-capacity","9":"product_cat-15000-puffs","10":"product_cat-20mg-standard-nicotine-vapes","11":"product_cat-adjustable-airflow","12":"product_cat-eu-warehouse","13":"product_cat-fruit-flavors","14":"product_cat-icy-mint","15":"product_cat-mesh-coil","16":"product_cat-razz-bar","17":"product_cat-rechargeable-disposables","18":"product_cat-vape-by-flavor-profile","19":"product_cat-vape-by-nicotine-strength","20":"product_cat-vape-by-puff-count","21":"product_cat-vape-by-feature-or-type","23":"first","24":"instock","25":"shipping-taxable","26":"purchasable","27":"product-type-variable","28":"has-default-attributes"},"tiered_pricing_type":"percentage","tiered_pricing_fixed_rules":[],"tiered_pricing_product_settings":{"layout":"default","base_unit_name":{"singular":null,"plural":null},"default_variation":null},"tiered_pricing_minimum_quantity":50,"tiered_pricing_roles_data":[],"tiered_pricing_percentage_rules":{"100":"40","200":"44","500":"47","1000":"49"},"tiered_pricing_maximum_quantity":null,"tiered_pricing_quantity_step":"10","_links":{"self":[{"href":"https:\/\/agoravape.com\/pt\/wp-json\/wp\/v2\/product\/17707","targetHints":{"allow":["GET"]}}],"collection":[{"href":"https:\/\/agoravape.com\/pt\/wp-json\/wp\/v2\/product"}],"about":[{"href":"https:\/\/agoravape.com\/pt\/wp-json\/wp\/v2\/types\/product"}],"replies":[{"embeddable":true,"href":"https:\/\/agoravape.com\/pt\/wp-json\/wp\/v2\/comments?post=17707"}],"version-history":[{"count":1,"href":"https:\/\/agoravape.com\/pt\/wp-json\/wp\/v2\/product\/17707\/revisions"}],"predecessor-version":[{"id":29810,"href":"https:\/\/agoravape.com\/pt\/wp-json\/wp\/v2\/product\/17707\/revisions\/29810"}],"wp:featuredmedia":[{"embeddable":true,"href":"https:\/\/agoravape.com\/pt\/wp-json\/wp\/v2\/media\/17728"}],"wp:attachment":[{"href":"https:\/\/agoravape.com\/pt\/wp-json\/wp\/v2\/media?parent=17707"}],"wp:term":[{"taxonomy":"product_brand","embeddable":true,"href":"https:\/\/agoravape.com\/pt\/wp-json\/wp\/v2\/product_brand?post=17707"},{"taxonomy":"product_cat","embeddable":true,"href":"https:\/\/agoravape.com\/pt\/wp-json\/wp\/v2\/product_cat?post=17707"},{"taxonomy":"product_tag","embeddable":true,"href":"https:\/\/agoravape.com\/pt\/wp-json\/wp\/v2\/product_tag?post=17707"}],"curies":[{"name":"wp","href":"https:\/\/api.w.org\/{rel}","templated":true}]}}