{"id":17770,"date":"2025-10-19T19:52:07","date_gmt":"2025-10-19T11:52:07","guid":{"rendered":"https:\/\/green-grasshopper-921422.hostingersite.com\/?post_type=product&#038;p=17770"},"modified":"2026-01-19T22:00:21","modified_gmt":"2026-01-19T14:00:21","slug":"hazey-a40-15000-puffs-vape","status":"publish","type":"product","link":"https:\/\/agoravape.com\/pt\/product\/hazey-a40-15000-puffs-vape\/","title":{"rendered":"Hazey A40 15K Puffs Vape Descart\u00e1vel de Ecr\u00e3 Duplo | Grandes baforadas, ecr\u00e3s transparentes, sem confus\u00e3o"},"content":{"rendered":"<h2 data-v-md-heading=\"what-are-the-characteristics-of-hazey-a40-15000-dual-screen-disposable-vapes\" data-v-md-line=\"3\">Quais s\u00e3o as carater\u00edsticas dos vaporizadores descart\u00e1veis de ecr\u00e3 duplo Hazey A40 15000?<\/h2>\n<p data-v-md-line=\"4\">Se est\u00e1 cansado de adivinhar o n\u00edvel restante da bateria ou do e-l\u00edquido, vai adorar este produto. O Hazey A40 oferece uma capacidade de at\u00e9 15000 portas e est\u00e1 equipado com dois ecr\u00e3s claros, permitindo uma visibilidade clara dos n\u00edveis de e-l\u00edquido e de bateria. Sem acidentes, sem queimaduras a seco.<\/p>\n<p data-v-md-line=\"6\">Se pretende um sabor duradouro e uma utiliza\u00e7\u00e3o di\u00e1ria simples, esta \u00e9 a escolha ideal. N\u00e3o precisa de mexer nas defini\u00e7\u00f5es, basta escolher o seu sabor preferido e come\u00e7ar a us\u00e1-lo. Pode pensar que o ecr\u00e3 duplo seria complicado, mas a verdade \u00e9 que n\u00e3o \u00e9 assim. Claro, simples e c\u00f3modo.<\/p>\n<h2 data-v-md-heading=\"excellent-performance-easy-and-convenient\" data-v-md-line=\"8\">Excelente desempenho, f\u00e1cil e pr\u00e1tico<\/h2>\n<p data-v-md-line=\"9\">Constru\u00eddo com um n\u00facleo de atomiza\u00e7\u00e3o de malha de 0,8 \u03a9, pode manter um sabor brilhante e consistente desde a primeira at\u00e9 \u00e0 \u00faltima dentada. O n\u00facleo de atomiza\u00e7\u00e3o da malha \u00e9 aquecido uniformemente, tornando cada suc\u00e7\u00e3o suave e agrad\u00e1vel, fazendo com que as pessoas se sintam refrescadas e felizes. Quando a bateria estiver fraca, basta ligar atrav\u00e9s da porta USB-C do telem\u00f3vel. Simples e c\u00f3modo.<\/p>\n<h2 data-v-md-heading=\"specification-introduction\" data-v-md-line=\"11\">Introdu\u00e7\u00e3o \u00e0 especifica\u00e7\u00e3o<\/h2>\n<ul data-v-md-line=\"12\">\n<li>Frequ\u00eancia de suc\u00e7\u00e3o: at\u00e9 15.000 vezes<\/li>\n<li>Teor de nicotina: 2% (20mg\/mL) ou 5% opcional<\/li>\n<li>N\u00facleo de atomiza\u00e7\u00e3o: n\u00facleo de atomiza\u00e7\u00e3o com malha de 0,8 \u03a9<\/li>\n<li>Capacidade do e-l\u00edquido: 25 mililitros<\/li>\n<li>Bateria: bateria recarreg\u00e1vel de 650 mAh<\/li>\n<li>Ecr\u00e3 de visualiza\u00e7\u00e3o: ecr\u00e3 duplo com indica\u00e7\u00e3o do n\u00edvel do e-l\u00edquido e da bateria<\/li>\n<li>Princ\u00edpio de funcionamento: Ativa-se com apenas uma tragada.<\/li>\n<li>Carregamento: Interface USB Tipo-C<\/li>\n<li>Status: Pronto para usar assim que sai da caixa<\/li>\n<\/ul>\n<p data-v-md-line=\"22\">Aviso aos compradores da UE: De acordo com as normas TPD\/TRRP, um teor de nicotina de 2% \u00e9 o m\u00e1ximo legal para a maioria dos mercados da UE. A op\u00e7\u00e3o 5% \u00e9 aplic\u00e1vel a mercados fora da UE. A situa\u00e7\u00e3o espec\u00edfica do fornecimento varia consoante o pa\u00eds\/regi\u00e3o; consulte a regulamenta\u00e7\u00e3o local.<\/p>\n<h2 data-v-md-heading=\"full-flavor-series\" data-v-md-line=\"24\">S\u00e9rie Sabor Completo<\/h2>\n<ul data-v-md-line=\"25\">\n<li>Sorvete de morango<\/li>\n<li>Gelo de Melancia<\/li>\n<li>Pista de gelo azul<\/li>\n<li>Kiwi, maracuj\u00e1, goiaba<\/li>\n<li>Mirtilos e framboesas<\/li>\n<li>Homem Melancia<\/li>\n<li>Bebidas energ\u00e9ticas<\/li>\n<li>Morango e banana<\/li>\n<li>Gelado<\/li>\n<li>Chiclete de Melancia<\/li>\n<\/ul>\n<p><img loading=\"lazy\" decoding=\"async\" class=\"aligncenter size-full wp-image-17769\" src=\"https:\/\/agoravape.com\/wp-content\/uploads\/2025\/10\/Hazey-A40-15K-Puffs-Dual-Display-Disposable-Vape_Agora_vape-7-scaled.webp\" alt=\"\" width=\"2560\" height=\"2360\" srcset=\"https:\/\/agoravape.com\/wp-content\/uploads\/2025\/10\/Hazey-A40-15K-Puffs-Dual-Display-Disposable-Vape_Agora_vape-7-scaled.webp 2560w, https:\/\/agoravape.com\/wp-content\/uploads\/2025\/10\/Hazey-A40-15K-Puffs-Dual-Display-Disposable-Vape_Agora_vape-7-scaled-1200x1106.webp 1200w, https:\/\/agoravape.com\/wp-content\/uploads\/2025\/10\/Hazey-A40-15K-Puffs-Dual-Display-Disposable-Vape_Agora_vape-7-300x277.webp 300w, https:\/\/agoravape.com\/wp-content\/uploads\/2025\/10\/Hazey-A40-15K-Puffs-Dual-Display-Disposable-Vape_Agora_vape-7-1024x944.webp 1024w, https:\/\/agoravape.com\/wp-content\/uploads\/2025\/10\/Hazey-A40-15K-Puffs-Dual-Display-Disposable-Vape_Agora_vape-7-768x708.webp 768w, https:\/\/agoravape.com\/wp-content\/uploads\/2025\/10\/Hazey-A40-15K-Puffs-Dual-Display-Disposable-Vape_Agora_vape-7-1536x1416.webp 1536w, https:\/\/agoravape.com\/wp-content\/uploads\/2025\/10\/Hazey-A40-15K-Puffs-Dual-Display-Disposable-Vape_Agora_vape-7-2048x1888.webp 2048w\" sizes=\"auto, (max-width: 2560px) 100vw, 2560px\" \/><\/p>\n<h2 data-v-md-heading=\"for-you-for-your-business\" data-v-md-line=\"36\">Para voc\u00ea, para o seu neg\u00f3cio<\/h2>\n<p data-v-md-line=\"37\">Pode comprar o Hazey A40 para uso pessoal ou adicion\u00e1-lo \u00e0 sua loja. A caixa de cart\u00e3o para venda por grosso cont\u00e9m 200 unidades, o que facilita a reposi\u00e7\u00e3o do stock. Fornecemos servi\u00e7os de entrega DDP atrav\u00e9s de parceiros de confian\u00e7a como a UPS, DPD e DHL, pelo que as tarifas ser\u00e3o processadas antecipadamente e n\u00e3o ter\u00e1 de se preocupar com taxas alfandeg\u00e1rias adicionais.<\/p>\n<p data-v-md-line=\"39\">Se o seu \u00e2mbito de vendas abrange diferentes mercados europeus, podemos ajud\u00e1-lo a fazer corresponder a concentra\u00e7\u00e3o de nicotina e os r\u00f3tulos de conformidade adequados. Receber\u00e1 produtos genu\u00ednos com rastreabilidade do lote e dados claros sobre o produto.<\/p>\n<h2 data-v-md-heading=\"why-do-you-like-it\" data-v-md-line=\"41\">Por que voc\u00ea gosta disso?<\/h2>\n<ul data-v-md-line=\"42\">\n<li>Suc\u00e7\u00e3o maci\u00e7a: at\u00e9 15000 baforadas, o que significa menos recargas e compras de \u00faltima hora.<\/li>\n<li>Sele\u00e7\u00e3o da nicotina: A norma da UE permite uma sele\u00e7\u00e3o de 2%, enquanto as regi\u00f5es com um teor de nicotina de 5% podem escolher.<\/li>\n<li>Recarreg\u00e1vel: Pode utilizar todo o e-l\u00edquido que comprar sem desperdi\u00e7ar uma gota.<\/li>\n<li>Bobina de malha: Desde a primeira at\u00e9 \u00e0 \u00faltima dentada, o sabor \u00e9 consistente e suave como a seda.<\/li>\n<li>Ecr\u00e3 de dupla visualiza\u00e7\u00e3o: Os n\u00edveis da bateria e do e-l\u00edquido s\u00e3o claros num relance, permitindo-lhe ficar descansado e sem preocupa\u00e7\u00f5es.<\/li>\n<\/ul>\n<h2 data-v-md-heading=\"why-choose-agoravape\" data-v-md-line=\"48\">Por que escolher a AgoraVape?<\/h2>\n<p data-v-md-line=\"49\">Somos um dos distribuidores de vape mais fi\u00e1veis da Europa e vendemos apenas produtos genu\u00ednos 100%. Os clientes empresariais que compram os vapores descart\u00e1veis Hazey A40 15000 de ecr\u00e3 duplo podem desfrutar de pre\u00e7os de atacado com desconto, servi\u00e7o p\u00f3s-venda r\u00e1pido e servi\u00e7o de entrega DDP r\u00e1pido. Bem-vindo a contactar-nos, vamos ajud\u00e1-lo a listar facilmente este dispositivo fi\u00e1vel e de grande procura.<\/p>\n<p data-v-md-line=\"51\">Lembrete de conformidade: Os regulamentos TPD\/TRRP relativos \u00e0 concentra\u00e7\u00e3o de nicotina, capacidade do l\u00edquido eletr\u00f3nico, embalagem e rotulagem aplicam-se a todos os pa\u00edses. Efectuamos uma verifica\u00e7\u00e3o rigorosa da idade e fornecemos informa\u00e7\u00f5es completas sobre o produto para garantir que pode vender com tranquilidade.<\/p>","protected":false},"excerpt":{"rendered":"<p>&nbsp;<\/p>\n<p><script src=\"chrome-extension:\/\/fpelahbljekknahkcaegamhcndkfpfnc\/iFrame.js\" type=\"text\/javascript\"><\/script><\/p>\n<p><script src=\"chrome-extension:\/\/fpelahbljekknahkcaegamhcndkfpfnc\/iFrame.js\" type=\"text\/javascript\"><\/script><\/p>\n<p><script src=\"chrome-extension:\/\/fpelahbljekknahkcaegamhcndkfpfnc\/iFrame.js\" type=\"text\/javascript\"><\/script><\/p>\n<p><script src=\"chrome-extension:\/\/fpelahbljekknahkcaegamhcndkfpfnc\/iFrame.js\" type=\"text\/javascript\"><\/script><\/p>\n<p><script src=\"chrome-extension:\/\/fpelahbljekknahkcaegamhcndkfpfnc\/iFrame.js\" type=\"text\/javascript\"><\/script><\/p>\n<p><script src=\"chrome-extension:\/\/fpelahbljekknahkcaegamhcndkfpfnc\/iFrame.js\" type=\"text\/javascript\"><\/script><\/p>\n<p><script src=\"chrome-extension:\/\/fpelahbljekknahkcaegamhcndkfpfnc\/iFrame.js\" type=\"text\/javascript\"><\/script><\/p>\n<p><script src=\"chrome-extension:\/\/fpelahbljekknahkcaegamhcndkfpfnc\/iFrame.js\" type=\"text\/javascript\"><\/script><\/p>\n<p><script src=\"chrome-extension:\/\/fpelahbljekknahkcaegamhcndkfpfnc\/iFrame.js\" type=\"text\/javascript\"><\/script><\/p>\n<p><script src=\"chrome-extension:\/\/fpelahbljekknahkcaegamhcndkfpfnc\/iFrame.js\" type=\"text\/javascript\"><\/script><\/p>\n<p><script src=\"chrome-extension:\/\/fpelahbljekknahkcaegamhcndkfpfnc\/iFrame.js\" type=\"text\/javascript\"><\/script><\/p>\n<p><script src=\"chrome-extension:\/\/fpelahbljekknahkcaegamhcndkfpfnc\/iFrame.js\" type=\"text\/javascript\"><\/script><\/p>\n<p><script src=\"chrome-extension:\/\/fpelahbljekknahkcaegamhcndkfpfnc\/iFrame.js\" type=\"text\/javascript\"><\/script><\/p>\n<p><script src=\"chrome-extension:\/\/fpelahbljekknahkcaegamhcndkfpfnc\/iFrame.js\" type=\"text\/javascript\"><\/script><\/p>\n<p><script src=\"chrome-extension:\/\/fpelahbljekknahkcaegamhcndkfpfnc\/iFrame.js\" type=\"text\/javascript\"><\/script><\/p>\n<p><script src=\"chrome-extension:\/\/fpelahbljekknahkcaegamhcndkfpfnc\/iFrame.js\" type=\"text\/javascript\"><\/script><\/p>\n<p><script src=\"chrome-extension:\/\/fpelahbljekknahkcaegamhcndkfpfnc\/iFrame.js\" type=\"text\/javascript\"><\/script><\/p>","protected":false},"featured_media":17768,"comment_status":"open","ping_status":"closed","template":"","meta":[],"product_brand":[237],"product_cat":[124,185,189,174,164,175,193,191,173,186,180,190,192],"product_tag":[],"class_list":{"0":"post-17770","1":"product","2":"type-product","3":"status-publish","4":"has-post-thumbnail","6":"product_brand-hazey","7":"product_cat-vape-by-brand","8":"product_cat-10000-puffs-high-capacity","9":"product_cat-20mg-standard-nicotine-vapes","10":"product_cat-fruit-flavors","11":"product_cat-hazey","12":"product_cat-icy-mint","13":"product_cat-mesh-coil","14":"product_cat-rechargeable-disposables","15":"product_cat-vape-by-flavor-profile","16":"product_cat-vape-by-nicotine-strength","17":"product_cat-vape-by-puff-count","18":"product_cat-vape-by-feature-or-type","19":"product_cat-vapes-with-screens","21":"first","22":"onbackorder","23":"shipping-taxable","24":"purchasable","25":"product-type-variable","26":"has-default-attributes"},"tiered_pricing_type":"percentage","tiered_pricing_fixed_rules":[],"tiered_pricing_product_settings":{"layout":"default","base_unit_name":{"singular":null,"plural":null},"default_variation":null},"tiered_pricing_minimum_quantity":50,"tiered_pricing_roles_data":[],"tiered_pricing_percentage_rules":{"100":"40","200":"44","500":"47","1000":"49"},"tiered_pricing_maximum_quantity":null,"tiered_pricing_quantity_step":"10","_links":{"self":[{"href":"https:\/\/agoravape.com\/pt\/wp-json\/wp\/v2\/product\/17770","targetHints":{"allow":["GET"]}}],"collection":[{"href":"https:\/\/agoravape.com\/pt\/wp-json\/wp\/v2\/product"}],"about":[{"href":"https:\/\/agoravape.com\/pt\/wp-json\/wp\/v2\/types\/product"}],"replies":[{"embeddable":true,"href":"https:\/\/agoravape.com\/pt\/wp-json\/wp\/v2\/comments?post=17770"}],"version-history":[{"count":0,"href":"https:\/\/agoravape.com\/pt\/wp-json\/wp\/v2\/product\/17770\/revisions"}],"wp:featuredmedia":[{"embeddable":true,"href":"https:\/\/agoravape.com\/pt\/wp-json\/wp\/v2\/media\/17768"}],"wp:attachment":[{"href":"https:\/\/agoravape.com\/pt\/wp-json\/wp\/v2\/media?parent=17770"}],"wp:term":[{"taxonomy":"product_brand","embeddable":true,"href":"https:\/\/agoravape.com\/pt\/wp-json\/wp\/v2\/product_brand?post=17770"},{"taxonomy":"product_cat","embeddable":true,"href":"https:\/\/agoravape.com\/pt\/wp-json\/wp\/v2\/product_cat?post=17770"},{"taxonomy":"product_tag","embeddable":true,"href":"https:\/\/agoravape.com\/pt\/wp-json\/wp\/v2\/product_tag?post=17770"}],"curies":[{"name":"wp","href":"https:\/\/api.w.org\/{rel}","templated":true}]}}