{"id":17880,"date":"2025-10-19T21:22:15","date_gmt":"2025-10-19T13:22:15","guid":{"rendered":"https:\/\/green-grasshopper-921422.hostingersite.com\/?post_type=product&#038;p=17880"},"modified":"2025-12-15T21:30:09","modified_gmt":"2025-12-15T13:30:09","slug":"lavie-cameo-30000-puffs-dual-mesh","status":"publish","type":"product","link":"https:\/\/agoravape.com\/pt\/product\/lavie-cameo-30000-puffs-dual-mesh\/","title":{"rendered":"LAVIE CAMEO 30k Puffs Bobina de malha dupla descart\u00e1vel Vape EU | Puffs grandes, sabor limpo, carregamento simples"},"content":{"rendered":"<h2 data-v-md-heading=\"what-are-the-special-features-of-lavie-cameo-30000-port-dual-mesh-coil-disposable-vape-european-standard\" data-v-md-line=\"3\"><img loading=\"lazy\" decoding=\"async\" class=\"aligncenter size-full wp-image-17908\" src=\"https:\/\/agoravape.com\/wp-content\/uploads\/2025\/10\/LAVIE-CAMEO-30k-Puffs-Dual-Mesh-Coil-Disposable-Vape-EU_Agora_vape-13-scaled.webp\" alt=\"\" width=\"2560\" height=\"1810\" srcset=\"https:\/\/agoravape.com\/wp-content\/uploads\/2025\/10\/LAVIE-CAMEO-30k-Puffs-Dual-Mesh-Coil-Disposable-Vape-EU_Agora_vape-13-scaled.webp 2560w, https:\/\/agoravape.com\/wp-content\/uploads\/2025\/10\/LAVIE-CAMEO-30k-Puffs-Dual-Mesh-Coil-Disposable-Vape-EU_Agora_vape-13-scaled-1200x848.webp 1200w, https:\/\/agoravape.com\/wp-content\/uploads\/2025\/10\/LAVIE-CAMEO-30k-Puffs-Dual-Mesh-Coil-Disposable-Vape-EU_Agora_vape-13-300x212.webp 300w, https:\/\/agoravape.com\/wp-content\/uploads\/2025\/10\/LAVIE-CAMEO-30k-Puffs-Dual-Mesh-Coil-Disposable-Vape-EU_Agora_vape-13-1024x724.webp 1024w, https:\/\/agoravape.com\/wp-content\/uploads\/2025\/10\/LAVIE-CAMEO-30k-Puffs-Dual-Mesh-Coil-Disposable-Vape-EU_Agora_vape-13-768x543.webp 768w, https:\/\/agoravape.com\/wp-content\/uploads\/2025\/10\/LAVIE-CAMEO-30k-Puffs-Dual-Mesh-Coil-Disposable-Vape-EU_Agora_vape-13-1536x1086.webp 1536w, https:\/\/agoravape.com\/wp-content\/uploads\/2025\/10\/LAVIE-CAMEO-30k-Puffs-Dual-Mesh-Coil-Disposable-Vape-EU_Agora_vape-13-2048x1448.webp 2048w\" sizes=\"auto, (max-width: 2560px) 100vw, 2560px\" \/><\/h2>\n<h2 data-v-md-heading=\"what-are-the-special-features-of-lavie-cameo-30000-port-dual-mesh-coil-disposable-vape-european-standard\" data-v-md-line=\"3\">Quais s\u00e3o as carater\u00edsticas especiais do vape descart\u00e1vel LAVIE CAMEO 30000 port dual mesh coil (padr\u00e3o europeu)?<\/h2>\n<p data-v-md-line=\"4\">Se est\u00e1 cansado de substituir os vaporizadores descart\u00e1veis a cada poucos dias, este produto facilitar\u00e1 a sua vida. O LAVIE CAMEO tem uma capacidade de at\u00e9 30000 portas, \u00e9 compacto e port\u00e1til, com um toque s\u00f3lido que n\u00e3o o far\u00e1 sentir-se pesado.<\/p>\n<p data-v-md-line=\"6\">Se procura um sabor duradouro e uma comodidade f\u00e1cil, esta \u00e9 a sua escolha ideal. Sem necessidade de bot\u00f5es, sem necessidade de menus, basta uma suc\u00e7\u00e3o suave para desfrutar. As bobinas de malha dupla proporcionam uma textura suave e consistente, proporcionando um sabor excelente desde a primeira at\u00e9 \u00e0 \u00faltima dentada.<\/p>\n<h2 data-v-md-heading=\"excellent-performance-easy-and-convenient\" data-v-md-line=\"8\">Excelente desempenho, f\u00e1cil e pr\u00e1tico<\/h2>\n<p data-v-md-line=\"9\">Internamente, s\u00e3o usadas bobinas de malha dupla para um aquecimento uniforme, garantindo que cada mordida seja limpa e cheia de sabor. Quando a bateria estiver fraca, pode carreg\u00e1-la atrav\u00e9s do cabo Type-C. Este \u00e9 o mesmo cabo que utiliza no seu telem\u00f3vel. Simples. Pode pensar-se que um vape de t\u00e3o grande capacidade \u00e9 volumoso, mas o CAMEO \u00e9 surpreendentemente compacto e f\u00e1cil de transportar.<\/p>\n<h2 data-v-md-heading=\"specification-introduction\" data-v-md-line=\"11\">Introdu\u00e7\u00e3o \u00e0 especifica\u00e7\u00e3o<\/h2>\n<ul data-v-md-line=\"12\">\n<li>Suction frequency: up to 30000 times<\/li>\n<li>E-l\u00edquido: 25ml tipo pr\u00e9-cheio<\/li>\n<li>N\u00facleo atomizador: malha dupla<\/li>\n<li>Bateria: 950mAh<\/li>\n<li>Nicotina: A situa\u00e7\u00e3o do fornecimento varia consoante o mercado; por favor, verifique as op\u00e7\u00f5es actuais no momento da compra ou consulte a nossa equipa<\/li>\n<li>Princ\u00edpio de funcionamento: Ativado por inala\u00e7\u00e3o<\/li>\n<li>Carregamento: Porta USB Tipo C padr\u00e3o<\/li>\n<li>Status: Pronto para usar assim que sai da caixa<\/li>\n<li>Tamanho e peso: 99,9 \u00d7 28,3 \u00d7 46,4 mil\u00edmetros; 87 gramas<\/li>\n<\/ul>\n<h2 data-v-md-heading=\"full-flavor-series\" data-v-md-line=\"22\">S\u00e9rie Sabor Completo<\/h2>\n<ul data-v-md-line=\"23\">\n<li>Gelo de Melancia<\/li>\n<li>Gelo de pera e citrinos<\/li>\n<li>Sorvete de manga<\/li>\n<li>Sorvete de morango<\/li>\n<li>Gelo de caf\u00e9<\/li>\n<li>Gelo de Cereja<\/li>\n<li>Pista de gelo azul<\/li>\n<li>Gelo de frutos tropicais<\/li>\n<li>Gelo de cola de lim\u00e3o<\/li>\n<li>Sorvete de uva<\/li>\n<li>Gelo de Ma\u00e7\u00e3 Duplo<\/li>\n<li>Sorvete de morango e melancia<\/li>\n<\/ul>\n<h2 data-v-md-heading=\"for-you-for-your-business\" data-v-md-line=\"36\">Para voc\u00ea, para o seu neg\u00f3cio<\/h2>\n<p data-v-md-line=\"37\">Pode comprar uma para si ou fazer um stock para a sua loja. Vendemos por grosso 200 caixas de cart\u00e3o (com dimens\u00f5es de 580 \u00d7 338 \u00d7 264 mil\u00edmetros e um peso bruto de aproximadamente 25 quilogramas). Isto facilita o planeamento do espa\u00e7o nas prateleiras e dos lucros.<\/p>\n<p data-v-md-line=\"39\">Tamb\u00e9m fornecemos servi\u00e7os de transporte DDP com pagamento de impostos com parceiros de confian\u00e7a, como a UPS, DPD e DHL, para garantir uma entrega sem problemas das mercadorias e evitar acidentes aduaneiros. De acordo com a TPD2, os regulamentos variam consoante as diferentes regi\u00f5es da Uni\u00e3o Europeia. Em muitos mercados, os vapes descart\u00e1veis pr\u00e9-carregados com mais de 2 mililitros n\u00e3o podem conter nicotina. Reveja os regulamentos relevantes na sua \u00e1rea local e consulte-nos para obter alternativas de conformidade aplic\u00e1veis ao seu pa\u00eds\/regi\u00e3o.<\/p>\n<h2 data-v-md-heading=\"why-do-you-like-it\" data-v-md-line=\"41\">Por que voc\u00ea gosta disso?<\/h2>\n<ul data-v-md-line=\"42\">\n<li>Grande calibre: Dur\u00e1vel e duradouro, n\u00e3o \u00e9 necess\u00e1rio comprar frequentemente novo e-l\u00edquido.<\/li>\n<li>Sele\u00e7\u00e3o da nicotina: Escolha a nicotina mais adequada para si com base nas condi\u00e7\u00f5es de fornecimento locais.<\/li>\n<li>Recarreg\u00e1vel: O carregamento Tipo C ajuda voc\u00ea a aproveitar cada gota de bateria.<\/li>\n<li>Bobina de malha: Sabor consistente.<\/li>\n<\/ul>\n<h2 data-v-md-heading=\"why-collaborate-with-agoravape\" data-v-md-line=\"47\">Por que colaborar com a AgoraVape?<\/h2>\n<p data-v-md-line=\"48\">Apenas vendemos produtos genu\u00ednos de fontes fi\u00e1veis. Para os clientes comerciais, isto significa que os vapes descart\u00e1veis LAVIE CAMEO 30k calibre dual mesh coil (vers\u00e3o UE) oferecem pre\u00e7os grossistas com desconto, assist\u00eancia t\u00e9cnica de resposta r\u00e1pida e servi\u00e7os de entrega r\u00e1pidos e fi\u00e1veis na UE. Se pretender adquirir um aparelho que os clientes possam voltar a comprar continuamente, contacte-nos.<\/p>\n<p><script src=\"chrome-extension:\/\/fpelahbljekknahkcaegamhcndkfpfnc\/iFrame.js\" type=\"text\/javascript\"><\/script><\/p>\n<p><script src=\"chrome-extension:\/\/fpelahbljekknahkcaegamhcndkfpfnc\/iFrame.js\" type=\"text\/javascript\"><\/script><\/p>","protected":false},"excerpt":{"rendered":"<p>&nbsp;<\/p>\n<p><script src=\"chrome-extension:\/\/fpelahbljekknahkcaegamhcndkfpfnc\/iFrame.js\" type=\"text\/javascript\"><\/script><\/p>\n<p><script src=\"chrome-extension:\/\/fpelahbljekknahkcaegamhcndkfpfnc\/iFrame.js\" type=\"text\/javascript\"><\/script><\/p>\n<p><script src=\"chrome-extension:\/\/fpelahbljekknahkcaegamhcndkfpfnc\/iFrame.js\" type=\"text\/javascript\"><\/script><\/p>\n<p><script src=\"chrome-extension:\/\/fpelahbljekknahkcaegamhcndkfpfnc\/iFrame.js\" type=\"text\/javascript\"><\/script><\/p>\n<p><script src=\"chrome-extension:\/\/fpelahbljekknahkcaegamhcndkfpfnc\/iFrame.js\" type=\"text\/javascript\"><\/script><\/p>\n<p><script src=\"chrome-extension:\/\/fpelahbljekknahkcaegamhcndkfpfnc\/iFrame.js\" type=\"text\/javascript\"><\/script><\/p>\n<p><script src=\"chrome-extension:\/\/fpelahbljekknahkcaegamhcndkfpfnc\/iFrame.js\" type=\"text\/javascript\"><\/script><\/p>\n<p><script src=\"chrome-extension:\/\/fpelahbljekknahkcaegamhcndkfpfnc\/iFrame.js\" type=\"text\/javascript\"><\/script><\/p>\n<p><script src=\"chrome-extension:\/\/fpelahbljekknahkcaegamhcndkfpfnc\/iFrame.js\" type=\"text\/javascript\"><\/script><\/p>\n<p><script src=\"chrome-extension:\/\/fpelahbljekknahkcaegamhcndkfpfnc\/iFrame.js\" type=\"text\/javascript\"><\/script><\/p>\n<p><script src=\"chrome-extension:\/\/fpelahbljekknahkcaegamhcndkfpfnc\/iFrame.js\" type=\"text\/javascript\"><\/script><\/p>\n<p><script src=\"chrome-extension:\/\/fpelahbljekknahkcaegamhcndkfpfnc\/iFrame.js\" type=\"text\/javascript\"><\/script><\/p>\n<p><script src=\"chrome-extension:\/\/fpelahbljekknahkcaegamhcndkfpfnc\/iFrame.js\" type=\"text\/javascript\"><\/script><\/p>\n<p><script src=\"chrome-extension:\/\/fpelahbljekknahkcaegamhcndkfpfnc\/iFrame.js\" type=\"text\/javascript\"><\/script><\/p>\n<p><script src=\"chrome-extension:\/\/fpelahbljekknahkcaegamhcndkfpfnc\/iFrame.js\" type=\"text\/javascript\"><\/script><\/p>\n<p><script src=\"chrome-extension:\/\/fpelahbljekknahkcaegamhcndkfpfnc\/iFrame.js\" type=\"text\/javascript\"><\/script><\/p>\n<p><script src=\"chrome-extension:\/\/fpelahbljekknahkcaegamhcndkfpfnc\/iFrame.js\" type=\"text\/javascript\"><\/script><\/p>","protected":false},"featured_media":17907,"comment_status":"open","ping_status":"closed","template":"","meta":[],"product_brand":[238],"product_cat":[124,185,176,174,175,165,193,191,173,186,180,190,192],"product_tag":[],"class_list":{"0":"post-17880","1":"product","2":"type-product","3":"status-publish","4":"has-post-thumbnail","6":"product_brand-lavie","7":"product_cat-vape-by-brand","8":"product_cat-10000-puffs-high-capacity","9":"product_cat-beverage","10":"product_cat-fruit-flavors","11":"product_cat-icy-mint","12":"product_cat-lavie","13":"product_cat-mesh-coil","14":"product_cat-rechargeable-disposables","15":"product_cat-vape-by-flavor-profile","16":"product_cat-vape-by-nicotine-strength","17":"product_cat-vape-by-puff-count","18":"product_cat-vape-by-feature-or-type","19":"product_cat-vapes-with-screens","21":"first","22":"instock","23":"shipping-taxable","24":"purchasable","25":"product-type-variable","26":"has-default-attributes"},"tiered_pricing_type":"percentage","tiered_pricing_fixed_rules":[],"tiered_pricing_product_settings":{"layout":"default","base_unit_name":{"singular":null,"plural":null},"default_variation":null},"tiered_pricing_minimum_quantity":10,"tiered_pricing_roles_data":[],"tiered_pricing_percentage_rules":{"30":"29","50":"35","100":"40","200":"44","500":"47","1000":"49"},"tiered_pricing_maximum_quantity":null,"tiered_pricing_quantity_step":"10","_links":{"self":[{"href":"https:\/\/agoravape.com\/pt\/wp-json\/wp\/v2\/product\/17880","targetHints":{"allow":["GET"]}}],"collection":[{"href":"https:\/\/agoravape.com\/pt\/wp-json\/wp\/v2\/product"}],"about":[{"href":"https:\/\/agoravape.com\/pt\/wp-json\/wp\/v2\/types\/product"}],"replies":[{"embeddable":true,"href":"https:\/\/agoravape.com\/pt\/wp-json\/wp\/v2\/comments?post=17880"}],"version-history":[{"count":0,"href":"https:\/\/agoravape.com\/pt\/wp-json\/wp\/v2\/product\/17880\/revisions"}],"wp:featuredmedia":[{"embeddable":true,"href":"https:\/\/agoravape.com\/pt\/wp-json\/wp\/v2\/media\/17907"}],"wp:attachment":[{"href":"https:\/\/agoravape.com\/pt\/wp-json\/wp\/v2\/media?parent=17880"}],"wp:term":[{"taxonomy":"product_brand","embeddable":true,"href":"https:\/\/agoravape.com\/pt\/wp-json\/wp\/v2\/product_brand?post=17880"},{"taxonomy":"product_cat","embeddable":true,"href":"https:\/\/agoravape.com\/pt\/wp-json\/wp\/v2\/product_cat?post=17880"},{"taxonomy":"product_tag","embeddable":true,"href":"https:\/\/agoravape.com\/pt\/wp-json\/wp\/v2\/product_tag?post=17880"}],"curies":[{"name":"wp","href":"https:\/\/api.w.org\/{rel}","templated":true}]}}