{"id":17927,"date":"2025-10-20T11:18:51","date_gmt":"2025-10-20T03:18:51","guid":{"rendered":"https:\/\/green-grasshopper-921422.hostingersite.com\/?post_type=product&#038;p=17927"},"modified":"2025-12-15T21:30:09","modified_gmt":"2025-12-15T13:30:09","slug":"lavie-cube-10000-puffs","status":"publish","type":"product","link":"https:\/\/agoravape.com\/pt\/product\/lavie-cube-10000-puffs\/","title":{"rendered":"LAVIE Cube 10000 Puffs Vape descart\u00e1vel | Bateria 1600mAh | Sabor duradouro, f\u00e1cil de usar"},"content":{"rendered":"<h2 data-v-md-heading=\"lavie-cube-10000-disposable-vape-1600mah-battery-what-are-the-highlights\" data-v-md-line=\"3\">LAVIE Cube 10000 vape descart\u00e1vel | bateria 1600mAh, quais s\u00e3o os destaques?<\/h2>\n<p data-v-md-line=\"4\">Se est\u00e1 cansado dos vapes descart\u00e1veis que ficam sem bateria em poucos dias, talvez queira dar uma vista de olhos a este produto. O LAVIE Cube est\u00e1 equipado com um compartimento de armazenamento de 16 mililitros e uma bateria recarreg\u00e1vel de 1600mAh, que pode acomodar at\u00e9 10000 portas. Foi concebido para utilizadores que procuram vapes fi\u00e1veis, deliciosos e duradouros.<\/p>\n<p data-v-md-line=\"6\">Pode pensar-se que ter um vape de t\u00e3o grande capacidade o tornaria volumoso, mas o Cube \u00e9 surpreendentemente port\u00e1til. Tem um corpo compacto de 112 \u00d7 40 \u00d7 17,5 mil\u00edmetros, que \u00e9 muito confort\u00e1vel de segurar na m\u00e3o e pesa apenas 74 gramas.<\/p>\n<h2 data-v-md-heading=\"excellent-performance-without-any-complex-operations\" data-v-md-line=\"8\">Excelente desempenho sem opera\u00e7\u00f5es complexas<\/h2>\n<p data-v-md-line=\"9\">A bobina de malha dupla assumiu a pesada responsabilidade. Aquece uniformemente, e cada dentada \u00e9 t\u00e3o limpa e estaladi\u00e7a como a primeira. Ap\u00f3s uma semana de utiliza\u00e7\u00e3o, n\u00e3o haver\u00e1 qualquer fen\u00f3meno de queimadura. Quando a bateria estiver fraca, basta utilizar o Type-C para a carregar. Pode utilizar o mesmo cabo de dados que o seu telem\u00f3vel, pelo que n\u00e3o precisa de se preocupar em encontrar um cabo de dados dedicado.<\/p>\n<h2 data-v-md-heading=\"specification-introduction\" data-v-md-line=\"11\">Introdu\u00e7\u00e3o \u00e0 especifica\u00e7\u00e3o<\/h2>\n<p data-v-md-line=\"12\"><strong>Frequ\u00eancia de aspira\u00e7\u00e3o<\/strong>: at\u00e9 10000 vezes<br \/>\n<strong>Teor de nicotina<\/strong>: Padr\u00e3o 2% ou personalizado por OEM 5%<br \/>\n<strong>Utiliza\u00e7\u00e3o<\/strong>: Inalar para ativar<br \/>\n<strong>Carregando<\/strong>Interface USB Tipo-C padr\u00e3o<br \/>\n<strong>Status<\/strong>Pronto para usar assim que abrir a caixa.<\/p>\n<h2 data-v-md-heading=\"full-range-of-flavors\" data-v-md-line=\"18\">Full range of flavors<\/h2>\n<ul data-v-md-line=\"19\">\n<li>Sorvete de uva<\/li>\n<li>Gelo de Melancia<\/li>\n<li>Mirtilos, framboesas, uvas, gelado<\/li>\n<li>Gelo de morango e kiwi<\/li>\n<li>Sorvete de morango e melancia<\/li>\n<li>Gelo de Amora<\/li>\n<li>Amora, rom\u00e3, cereja gelada<\/li>\n<li>Gelo de l\u00edchia com morango<\/li>\n<li>Como<\/li>\n<li>Ma\u00e7\u00e3s Duplas<\/li>\n<li>Pastilha el\u00e1stica de mirtilo e framboesa<\/li>\n<li>Gelo de ma\u00e7\u00e3 e uva<\/li>\n<li>Gelo de uva e p\u00eassego<\/li>\n<li>Monstro de manga<\/li>\n<li>Gelo de uva Alo\u00e9 Vera<\/li>\n<\/ul>\n<p><img loading=\"lazy\" decoding=\"async\" class=\"aligncenter size-full wp-image-17977\" src=\"https:\/\/agoravape.com\/wp-content\/uploads\/2025\/10\/LAVIE-Cube-10000-port-disposable-vape_Agora_vape-19-scaled.webp\" alt=\"\" width=\"2560\" height=\"1811\" srcset=\"https:\/\/agoravape.com\/wp-content\/uploads\/2025\/10\/LAVIE-Cube-10000-port-disposable-vape_Agora_vape-19-scaled.webp 2560w, https:\/\/agoravape.com\/wp-content\/uploads\/2025\/10\/LAVIE-Cube-10000-port-disposable-vape_Agora_vape-19-scaled-1200x849.webp 1200w, https:\/\/agoravape.com\/wp-content\/uploads\/2025\/10\/LAVIE-Cube-10000-port-disposable-vape_Agora_vape-19-300x212.webp 300w, https:\/\/agoravape.com\/wp-content\/uploads\/2025\/10\/LAVIE-Cube-10000-port-disposable-vape_Agora_vape-19-1024x724.webp 1024w, https:\/\/agoravape.com\/wp-content\/uploads\/2025\/10\/LAVIE-Cube-10000-port-disposable-vape_Agora_vape-19-768x543.webp 768w, https:\/\/agoravape.com\/wp-content\/uploads\/2025\/10\/LAVIE-Cube-10000-port-disposable-vape_Agora_vape-19-1536x1086.webp 1536w, https:\/\/agoravape.com\/wp-content\/uploads\/2025\/10\/LAVIE-Cube-10000-port-disposable-vape_Agora_vape-19-2048x1448.webp 2048w\" sizes=\"auto, (max-width: 2560px) 100vw, 2560px\" \/><\/p>\n<h2 data-v-md-heading=\"for-you-and-your-business\" data-v-md-line=\"35\">Para voc\u00ea e sua empresa<\/h2>\n<p data-v-md-line=\"36\">Compre para si, simples e conveniente. Escolha o seu sabor e concentra\u00e7\u00e3o de nicotina preferidos e, em seguida, utilize o carregamento de tipo C quando necess\u00e1rio para reabastecimento. Se \u00e9 propriet\u00e1rio de uma empresa, tamb\u00e9m podemos satisfazer as suas necessidades. O LAVIE Cube vem em embalagens por atacado de 200 unidades por caixa, para que possa facilmente estocar e atender \u00e0s necessidades de seus clientes.<\/p>\n<p data-v-md-line=\"38\">Enviamos DDP atrav\u00e9s de parceiros de confian\u00e7a como a UPS, DPD e DHL para garantir que as suas mercadorias podem ser vendidas ap\u00f3s o desalfandegamento. N\u00e3o h\u00e1 despesas inesperadas na entrada.<\/p>\n<h2 data-v-md-heading=\"why-do-you-like-it\" data-v-md-line=\"40\">Por que voc\u00ea gosta disso?<\/h2>\n<p data-v-md-line=\"41\"><strong>Suc\u00e7\u00e3o maci\u00e7a<\/strong>O seu produto \u00e9 um produto de qualidade: at\u00e9 10000 baforadas, o que significa menos compras repetidas e mais tempo para desfrutar do seu sabor.<br \/>\n<strong>Sele\u00e7\u00e3o de nicotina<\/strong>: Escolha uma concentra\u00e7\u00e3o de nicotina de 2% para desfrutar de um sabor mais suave; ou para mercados eleg\u00edveis, escolha uma concentra\u00e7\u00e3o de nicotina OEM de 5%.<br \/>\n<strong>Recarreg\u00e1vel<\/strong>: O carregamento tipo C permite-lhe utilizar todos os 16 mililitros de e-l\u00edquido sem o desperdi\u00e7ar.<br \/>\n<strong>Bobina de malha<\/strong>: As bobinas de malha dupla proporcionam um sabor consistente e uma suc\u00e7\u00e3o est\u00e1vel em todas as ocasi\u00f5es.<\/p>\n<h2 data-v-md-heading=\"why-collaborate-with-agoravape\" data-v-md-line=\"46\">Por que colaborar com a AgoraVape?<\/h2>\n<p data-v-md-line=\"47\">N\u00f3s s\u00f3 vendemos produtos genu\u00ednos 100% e n\u00e3o temos d\u00favidas sobre isso. Para os clientes grossistas, isto significa pre\u00e7os justos, apoio fi\u00e1vel e entrega r\u00e1pida e fi\u00e1vel, LAVIE Cube 10000 vapes descart\u00e1veis | bateria de 1600mAh. Contacte-nos para fazer stock para os seus clientes e torn\u00e1-los clientes habituais.<\/p>\n<p><script src=\"chrome-extension:\/\/fpelahbljekknahkcaegamhcndkfpfnc\/iFrame.js\" type=\"text\/javascript\"><\/script><\/p>","protected":false},"excerpt":{"rendered":"<p>&nbsp;<\/p>\n<p><script src=\"chrome-extension:\/\/fpelahbljekknahkcaegamhcndkfpfnc\/iFrame.js\" type=\"text\/javascript\"><\/script><\/p>\n<p><script src=\"chrome-extension:\/\/fpelahbljekknahkcaegamhcndkfpfnc\/iFrame.js\" type=\"text\/javascript\"><\/script><\/p>\n<p><script src=\"chrome-extension:\/\/fpelahbljekknahkcaegamhcndkfpfnc\/iFrame.js\" type=\"text\/javascript\"><\/script><\/p>\n<p><script src=\"chrome-extension:\/\/fpelahbljekknahkcaegamhcndkfpfnc\/iFrame.js\" type=\"text\/javascript\"><\/script><\/p>\n<p><script src=\"chrome-extension:\/\/fpelahbljekknahkcaegamhcndkfpfnc\/iFrame.js\" type=\"text\/javascript\"><\/script><\/p>\n<p><script src=\"chrome-extension:\/\/fpelahbljekknahkcaegamhcndkfpfnc\/iFrame.js\" type=\"text\/javascript\"><\/script><\/p>\n<p><script src=\"chrome-extension:\/\/fpelahbljekknahkcaegamhcndkfpfnc\/iFrame.js\" type=\"text\/javascript\"><\/script><\/p>\n<p><script src=\"chrome-extension:\/\/fpelahbljekknahkcaegamhcndkfpfnc\/iFrame.js\" type=\"text\/javascript\"><\/script><\/p>\n<p><script src=\"chrome-extension:\/\/fpelahbljekknahkcaegamhcndkfpfnc\/iFrame.js\" type=\"text\/javascript\"><\/script><\/p>\n<p><script src=\"chrome-extension:\/\/fpelahbljekknahkcaegamhcndkfpfnc\/iFrame.js\" type=\"text\/javascript\"><\/script><\/p>\n<p><script src=\"chrome-extension:\/\/fpelahbljekknahkcaegamhcndkfpfnc\/iFrame.js\" type=\"text\/javascript\"><\/script><\/p>\n<p><script src=\"chrome-extension:\/\/fpelahbljekknahkcaegamhcndkfpfnc\/iFrame.js\" type=\"text\/javascript\"><\/script><\/p>\n<p><script src=\"chrome-extension:\/\/fpelahbljekknahkcaegamhcndkfpfnc\/iFrame.js\" type=\"text\/javascript\"><\/script><\/p>\n<p><script src=\"chrome-extension:\/\/fpelahbljekknahkcaegamhcndkfpfnc\/iFrame.js\" type=\"text\/javascript\"><\/script><\/p>\n<p><script src=\"chrome-extension:\/\/fpelahbljekknahkcaegamhcndkfpfnc\/iFrame.js\" type=\"text\/javascript\"><\/script><\/p>\n<p><script src=\"chrome-extension:\/\/fpelahbljekknahkcaegamhcndkfpfnc\/iFrame.js\" type=\"text\/javascript\"><\/script><\/p>\n<p><script src=\"chrome-extension:\/\/fpelahbljekknahkcaegamhcndkfpfnc\/iFrame.js\" type=\"text\/javascript\"><\/script><\/p>\n<p><script src=\"chrome-extension:\/\/fpelahbljekknahkcaegamhcndkfpfnc\/iFrame.js\" type=\"text\/javascript\"><\/script><\/p>","protected":false},"featured_media":17976,"comment_status":"open","ping_status":"closed","template":"","meta":[],"product_brand":[238],"product_cat":[124,185,189,174,175,165,193,191,173,186,180,190],"product_tag":[],"class_list":{"0":"post-17927","1":"product","2":"type-product","3":"status-publish","4":"has-post-thumbnail","6":"product_brand-lavie","7":"product_cat-vape-by-brand","8":"product_cat-10000-puffs-high-capacity","9":"product_cat-20mg-standard-nicotine-vapes","10":"product_cat-fruit-flavors","11":"product_cat-icy-mint","12":"product_cat-lavie","13":"product_cat-mesh-coil","14":"product_cat-rechargeable-disposables","15":"product_cat-vape-by-flavor-profile","16":"product_cat-vape-by-nicotine-strength","17":"product_cat-vape-by-puff-count","18":"product_cat-vape-by-feature-or-type","20":"first","21":"instock","22":"shipping-taxable","23":"purchasable","24":"product-type-variable","25":"has-default-attributes"},"tiered_pricing_type":"percentage","tiered_pricing_fixed_rules":[],"tiered_pricing_product_settings":{"layout":"default","base_unit_name":{"singular":null,"plural":null},"default_variation":null},"tiered_pricing_minimum_quantity":10,"tiered_pricing_roles_data":[],"tiered_pricing_percentage_rules":{"30":"29","50":"35","100":"40","200":"44","500":"47","1000":"49"},"tiered_pricing_maximum_quantity":null,"tiered_pricing_quantity_step":"10","_links":{"self":[{"href":"https:\/\/agoravape.com\/pt\/wp-json\/wp\/v2\/product\/17927","targetHints":{"allow":["GET"]}}],"collection":[{"href":"https:\/\/agoravape.com\/pt\/wp-json\/wp\/v2\/product"}],"about":[{"href":"https:\/\/agoravape.com\/pt\/wp-json\/wp\/v2\/types\/product"}],"replies":[{"embeddable":true,"href":"https:\/\/agoravape.com\/pt\/wp-json\/wp\/v2\/comments?post=17927"}],"version-history":[{"count":0,"href":"https:\/\/agoravape.com\/pt\/wp-json\/wp\/v2\/product\/17927\/revisions"}],"wp:featuredmedia":[{"embeddable":true,"href":"https:\/\/agoravape.com\/pt\/wp-json\/wp\/v2\/media\/17976"}],"wp:attachment":[{"href":"https:\/\/agoravape.com\/pt\/wp-json\/wp\/v2\/media?parent=17927"}],"wp:term":[{"taxonomy":"product_brand","embeddable":true,"href":"https:\/\/agoravape.com\/pt\/wp-json\/wp\/v2\/product_brand?post=17927"},{"taxonomy":"product_cat","embeddable":true,"href":"https:\/\/agoravape.com\/pt\/wp-json\/wp\/v2\/product_cat?post=17927"},{"taxonomy":"product_tag","embeddable":true,"href":"https:\/\/agoravape.com\/pt\/wp-json\/wp\/v2\/product_tag?post=17927"}],"curies":[{"name":"wp","href":"https:\/\/api.w.org\/{rel}","templated":true}]}}