{"id":17986,"date":"2025-10-20T11:50:36","date_gmt":"2025-10-20T03:50:36","guid":{"rendered":"https:\/\/green-grasshopper-921422.hostingersite.com\/?post_type=product&#038;p=17986"},"modified":"2025-12-15T21:30:09","modified_gmt":"2025-12-15T13:30:09","slug":"lavie-camera-8000-puffs-vape","status":"publish","type":"product","link":"https:\/\/agoravape.com\/pt\/product\/lavie-camera-8000-puffs-vape\/","title":{"rendered":"LAVIE Camera 8000 Puffs Retro Design Vape Descart\u00e1vel | Estilo Retro, Conveni\u00eancia de Longa Dura\u00e7\u00e3o"},"content":{"rendered":"<h2 data-v-md-heading=\"what-are-the-special-features-of-lavie-camera-8000-retro-design-disposable-vape\" data-v-md-line=\"3\"><img loading=\"lazy\" decoding=\"async\" class=\"aligncenter size-full wp-image-18011\" src=\"https:\/\/agoravape.com\/wp-content\/uploads\/2025\/10\/Lavie-Camera-8000-Puffs-Retro-Camera-Design-Vape-Online_Agora_vape-12.webp\" alt=\"\" width=\"1500\" height=\"1500\" srcset=\"https:\/\/agoravape.com\/wp-content\/uploads\/2025\/10\/Lavie-Camera-8000-Puffs-Retro-Camera-Design-Vape-Online_Agora_vape-12.webp 1500w, https:\/\/agoravape.com\/wp-content\/uploads\/2025\/10\/Lavie-Camera-8000-Puffs-Retro-Camera-Design-Vape-Online_Agora_vape-12-600x600.webp 600w, https:\/\/agoravape.com\/wp-content\/uploads\/2025\/10\/Lavie-Camera-8000-Puffs-Retro-Camera-Design-Vape-Online_Agora_vape-12-1200x1200.webp 1200w, https:\/\/agoravape.com\/wp-content\/uploads\/2025\/10\/Lavie-Camera-8000-Puffs-Retro-Camera-Design-Vape-Online_Agora_vape-12-300x300.webp 300w, https:\/\/agoravape.com\/wp-content\/uploads\/2025\/10\/Lavie-Camera-8000-Puffs-Retro-Camera-Design-Vape-Online_Agora_vape-12-1024x1024.webp 1024w, https:\/\/agoravape.com\/wp-content\/uploads\/2025\/10\/Lavie-Camera-8000-Puffs-Retro-Camera-Design-Vape-Online_Agora_vape-12-150x150.webp 150w, https:\/\/agoravape.com\/wp-content\/uploads\/2025\/10\/Lavie-Camera-8000-Puffs-Retro-Camera-Design-Vape-Online_Agora_vape-12-768x768.webp 768w\" sizes=\"auto, (max-width: 1500px) 100vw, 1500px\" \/><\/h2>\n<h2 data-v-md-heading=\"what-are-the-special-features-of-lavie-camera-8000-retro-design-disposable-vape\" data-v-md-line=\"3\">Quais s\u00e3o as carater\u00edsticas especiais do vape descart\u00e1vel de design retro LAVIE Camera 8000?<\/h2>\n<p data-v-md-line=\"4\">Se est\u00e1 cansado de mudar de vape de poucos em poucos dias, este produto vai facilitar-lhe a vida. A LAVIE Camera tem um interessante aspeto de c\u00e2mara retro e pode fornecer at\u00e9 8000 lugares, o que a torna muito confort\u00e1vel de segurar na m\u00e3o. \u00c9 compacta, leve e f\u00e1cil de utilizar.<\/p>\n<p data-v-md-line=\"6\">\u00c9 adequado para qualquer pessoa que pretenda um vape descart\u00e1vel fi\u00e1vel, delicioso e sem complica\u00e7\u00f5es. Pode obter bastante e-l\u00edquido, baterias recarreg\u00e1veis e uma experi\u00eancia consistentemente suave.<\/p>\n<h2 data-v-md-heading=\"excellent-performance-no-need-for-complex-operations\" data-v-md-line=\"8\">Excelente desempenho, sem necessidade de opera\u00e7\u00f5es complexas<\/h2>\n<p data-v-md-line=\"9\">O design da bobina pode manter o sabor est\u00e1vel, fazendo com que a \u00faltima mordida seja quase a mesma que a primeira. Quando a bateria estiver fraca, basta carreg\u00e1-la atrav\u00e9s do Type-C, tal como o cabo de dados que utiliza no seu telem\u00f3vel. N\u00e3o precisa de bot\u00f5es ou defini\u00e7\u00f5es. Escolha o seu sabor favorito e desfrute-o ao m\u00e1ximo.<\/p>\n<h2 data-v-md-heading=\"specification-overview\" data-v-md-line=\"11\">Vis\u00e3o geral das especifica\u00e7\u00f5es<\/h2>\n<ul data-v-md-line=\"12\">\n<li>Frequ\u00eancia de suc\u00e7\u00e3o: at\u00e9 8000 vezes<\/li>\n<li>Nicotina: 2% e 5% opcionais<\/li>\n<li>E-liquid capacity: 18 milliliters<\/li>\n<li>Bateria: Bateria recarreg\u00e1vel de 550mAh<\/li>\n<li>Princ\u00edpio de funcionamento: Ativado por inala\u00e7\u00e3o<\/li>\n<li>Charging: Standard Type-C USB interface<\/li>\n<li>Tamanho: 50 \u00d7 26 \u00d7 65 mil\u00edmetros<\/li>\n<li>Peso: Peso l\u00edquido 70 gramas<\/li>\n<li>Estado: Pronto para usar assim que abrir a caixa.<\/li>\n<\/ul>\n<h2 data-v-md-heading=\"complete-flavor-series\" data-v-md-line=\"22\">S\u00e9rie completa de sabores<\/h2>\n<ul data-v-md-line=\"23\">\n<li>Como<\/li>\n<li>Frutas vermelhas misturadas<\/li>\n<li>Leite de rosas<\/li>\n<li>Yakult Duo<\/li>\n<li>Melancia de morango<\/li>\n<li>Ma\u00e7\u00e3s Duplas<\/li>\n<li>Maracuj\u00e1<\/li>\n<li>Sorvete de uva<\/li>\n<li>Gelo de Melancia<\/li>\n<li>Sumo de p\u00eassego<\/li>\n<li>Coca-Cola Ice<\/li>\n<li>Sorvete de manga<\/li>\n<\/ul>\n<p>&nbsp;<\/p>\n<h2 data-v-md-heading=\"for-you-for-your-business\" data-v-md-line=\"36\">Para voc\u00ea, para o seu neg\u00f3cio<\/h2>\n<p data-v-md-line=\"37\">F\u00e1cil de escolher. Se tem uma loja f\u00edsica ou online, pode comprar com confian\u00e7a. Fornecemos caixas m\u00e9dias de 10 pacotes e caixas grandes de 300 pacotes para um reabastecimento eficiente.<\/p>\n<p data-v-md-line=\"39\">Tamb\u00e9m colaboramos com parceiros de confian\u00e7a, como a UPS, a DPD e a DHL, para fornecer servi\u00e7os de envio DDP com impostos pagos em toda a Europa, garantindo uma entrega previs\u00edvel e evitando acidentes aduaneiros.<\/p>\n<h2 data-v-md-heading=\"why-do-you-like-it\" data-v-md-line=\"41\">Por que voc\u00ea gosta disso?<\/h2>\n<ul data-v-md-line=\"42\">\n<li>Grande capacidade de suc\u00e7\u00e3o: at\u00e9 8000 unidades, o que significa menos recargas e encomendas repetidas<\/li>\n<li>Sele\u00e7\u00e3o do teor de nicotina: Escolha 2% ou 5% de acordo com a sua prefer\u00eancia<\/li>\n<li>Recarreg\u00e1vel: O carregamento tipo C ajuda-o a utilizar todo o e-l\u00edquido de 18 ml<\/li>\n<li>Sabor consistente: O n\u00facleo do atomizador cuidadosamente afinado mant\u00e9m sempre um sabor est\u00e1vel<\/li>\n<li>Port\u00e1til e f\u00e1cil de transportar: os 8000 e-l\u00edquidos podem parecer volumosos, mas s\u00e3o pequenos e leves<\/li>\n<li>F\u00e1cil de utilizar: design de suc\u00e7\u00e3o, sem bot\u00f5es ou menus<\/li>\n<\/ul>\n<h2 data-v-md-heading=\"why-choose-to-collaborate-with-agoravape\" data-v-md-line=\"49\">Por que escolher colaborar com a AgoraVape?<\/h2>\n<p data-v-md-line=\"50\">Oferecemos 100% produtos genu\u00ednos, todos de marcas com as quais os seus clientes est\u00e3o familiarizados. LAVIE Camera 8000 vape descart\u00e1vel de design retro, voc\u00ea desfrutar\u00e1 de pre\u00e7os justos de atacado, suporte de resposta r\u00e1pida e servi\u00e7os de entrega r\u00e1pidos e confi\u00e1veis. Precisa de OEM ou personaliza\u00e7\u00e3o especial para concentra\u00e7\u00e3o de nicotina 2% ou 5%? Bem-vindo a contactar-nos. N\u00f3s fornecemos dispositivos que s\u00e3o f\u00e1ceis de vender e amados pelos clientes.<\/p>","protected":false},"excerpt":{"rendered":"<p>&nbsp;<\/p>\n<p><script src=\"chrome-extension:\/\/fpelahbljekknahkcaegamhcndkfpfnc\/iFrame.js\" type=\"text\/javascript\"><\/script><\/p>\n<p><script src=\"chrome-extension:\/\/fpelahbljekknahkcaegamhcndkfpfnc\/iFrame.js\" type=\"text\/javascript\"><\/script><\/p>\n<p><script src=\"chrome-extension:\/\/fpelahbljekknahkcaegamhcndkfpfnc\/iFrame.js\" type=\"text\/javascript\"><\/script><\/p>\n<p><script src=\"chrome-extension:\/\/fpelahbljekknahkcaegamhcndkfpfnc\/iFrame.js\" type=\"text\/javascript\"><\/script><\/p>\n<p><script src=\"chrome-extension:\/\/fpelahbljekknahkcaegamhcndkfpfnc\/iFrame.js\" type=\"text\/javascript\"><\/script><\/p>\n<p><script src=\"chrome-extension:\/\/fpelahbljekknahkcaegamhcndkfpfnc\/iFrame.js\" type=\"text\/javascript\"><\/script><\/p>\n<p><script src=\"chrome-extension:\/\/fpelahbljekknahkcaegamhcndkfpfnc\/iFrame.js\" type=\"text\/javascript\"><\/script><\/p>\n<p><script src=\"chrome-extension:\/\/fpelahbljekknahkcaegamhcndkfpfnc\/iFrame.js\" type=\"text\/javascript\"><\/script><\/p>\n<p><script src=\"chrome-extension:\/\/fpelahbljekknahkcaegamhcndkfpfnc\/iFrame.js\" type=\"text\/javascript\"><\/script><\/p>\n<p><script src=\"chrome-extension:\/\/fpelahbljekknahkcaegamhcndkfpfnc\/iFrame.js\" type=\"text\/javascript\"><\/script><\/p>\n<p><script src=\"chrome-extension:\/\/fpelahbljekknahkcaegamhcndkfpfnc\/iFrame.js\" type=\"text\/javascript\"><\/script><\/p>\n<p><script src=\"chrome-extension:\/\/fpelahbljekknahkcaegamhcndkfpfnc\/iFrame.js\" type=\"text\/javascript\"><\/script><\/p>\n<p><script src=\"chrome-extension:\/\/fpelahbljekknahkcaegamhcndkfpfnc\/iFrame.js\" type=\"text\/javascript\"><\/script><\/p>\n<p><script src=\"chrome-extension:\/\/fpelahbljekknahkcaegamhcndkfpfnc\/iFrame.js\" type=\"text\/javascript\"><\/script><\/p>\n<p><script src=\"chrome-extension:\/\/fpelahbljekknahkcaegamhcndkfpfnc\/iFrame.js\" type=\"text\/javascript\"><\/script><\/p>\n<p><script src=\"chrome-extension:\/\/fpelahbljekknahkcaegamhcndkfpfnc\/iFrame.js\" type=\"text\/javascript\"><\/script><\/p>\n<p><script src=\"chrome-extension:\/\/fpelahbljekknahkcaegamhcndkfpfnc\/iFrame.js\" type=\"text\/javascript\"><\/script><\/p>\n<p><script src=\"chrome-extension:\/\/fpelahbljekknahkcaegamhcndkfpfnc\/iFrame.js\" type=\"text\/javascript\"><\/script><\/p>","protected":false},"featured_media":18010,"comment_status":"open","ping_status":"closed","template":"","meta":[],"product_brand":[238],"product_cat":[124,189,184,176,174,175,165,193,191,179,173,186,180,190],"product_tag":[],"class_list":{"0":"post-17986","1":"product","2":"type-product","3":"status-publish","4":"has-post-thumbnail","6":"product_brand-lavie","7":"product_cat-vape-by-brand","8":"product_cat-20mg-standard-nicotine-vapes","9":"product_cat-5000-8000-puffs","10":"product_cat-beverage","11":"product_cat-fruit-flavors","12":"product_cat-icy-mint","13":"product_cat-lavie","14":"product_cat-mesh-coil","15":"product_cat-rechargeable-disposables","16":"product_cat-unique-blends","17":"product_cat-vape-by-flavor-profile","18":"product_cat-vape-by-nicotine-strength","19":"product_cat-vape-by-puff-count","20":"product_cat-vape-by-feature-or-type","22":"first","23":"instock","24":"shipping-taxable","25":"purchasable","26":"product-type-variable","27":"has-default-attributes"},"tiered_pricing_type":"percentage","tiered_pricing_fixed_rules":[],"tiered_pricing_product_settings":{"layout":"default","base_unit_name":{"singular":null,"plural":null},"default_variation":null},"tiered_pricing_minimum_quantity":10,"tiered_pricing_roles_data":[],"tiered_pricing_percentage_rules":{"30":"29","50":"35","100":"40","200":"44","500":"47","1000":"49"},"tiered_pricing_maximum_quantity":null,"tiered_pricing_quantity_step":"10","_links":{"self":[{"href":"https:\/\/agoravape.com\/pt\/wp-json\/wp\/v2\/product\/17986","targetHints":{"allow":["GET"]}}],"collection":[{"href":"https:\/\/agoravape.com\/pt\/wp-json\/wp\/v2\/product"}],"about":[{"href":"https:\/\/agoravape.com\/pt\/wp-json\/wp\/v2\/types\/product"}],"replies":[{"embeddable":true,"href":"https:\/\/agoravape.com\/pt\/wp-json\/wp\/v2\/comments?post=17986"}],"version-history":[{"count":0,"href":"https:\/\/agoravape.com\/pt\/wp-json\/wp\/v2\/product\/17986\/revisions"}],"wp:featuredmedia":[{"embeddable":true,"href":"https:\/\/agoravape.com\/pt\/wp-json\/wp\/v2\/media\/18010"}],"wp:attachment":[{"href":"https:\/\/agoravape.com\/pt\/wp-json\/wp\/v2\/media?parent=17986"}],"wp:term":[{"taxonomy":"product_brand","embeddable":true,"href":"https:\/\/agoravape.com\/pt\/wp-json\/wp\/v2\/product_brand?post=17986"},{"taxonomy":"product_cat","embeddable":true,"href":"https:\/\/agoravape.com\/pt\/wp-json\/wp\/v2\/product_cat?post=17986"},{"taxonomy":"product_tag","embeddable":true,"href":"https:\/\/agoravape.com\/pt\/wp-json\/wp\/v2\/product_tag?post=17986"}],"curies":[{"name":"wp","href":"https:\/\/api.w.org\/{rel}","templated":true}]}}