{"id":18013,"date":"2025-10-20T12:10:51","date_gmt":"2025-10-20T04:10:51","guid":{"rendered":"https:\/\/green-grasshopper-921422.hostingersite.com\/?post_type=product&#038;p=18013"},"modified":"2026-01-15T19:44:35","modified_gmt":"2026-01-15T11:44:35","slug":"lavie-astronaut-9000-puffs","status":"publish","type":"product","link":"https:\/\/agoravape.com\/pt\/product\/lavie-astronaut-9000-puffs\/","title":{"rendered":"Lavie Astronaut 9000 Puffs Forma \u00fanica Vape descart\u00e1vel | Sabor duradouro, forma que cabe no bolso"},"content":{"rendered":"<h2 data-v-md-heading=\"what-is-special-about-lavie-astronaut-9000-disposable-vapes-with-unique-shapes\" data-v-md-line=\"3\">O que t\u00eam de especial os vaporizadores descart\u00e1veis Lavie Astronaut 9000 com formas \u00fanicas?<\/h2>\n<p data-v-md-line=\"4\">Se est\u00e1 cansado dos vapes descart\u00e1veis que consomem demasiado combust\u00edvel, ent\u00e3o este produto pode definitivamente satisfazer as suas necessidades. O Lavie Astronaut est\u00e1 equipado com uma bateria recarreg\u00e1vel que pode conter at\u00e9 9000 pacotes, permitindo-lhe utilizar verdadeiramente o e-l\u00edquido que comprar.<\/p>\n<p data-v-md-line=\"6\">\u00c9 adequado para qualquer pessoa que pretenda um vape fi\u00e1vel, delicioso e sem esfor\u00e7o. O design \u00fanico \u00e9 muito apelativo quando colocado na mesa, mas cabe facilmente num bolso. Pode pensar-se que este vape com tantas baforadas seria volumoso, mas pesa apenas 93 gramas e \u00e9 muito f\u00e1cil de transportar, o que o surpreende.<\/p>\n<h2 data-v-md-heading=\"excellent-performance-easy-and-convenient\" data-v-md-line=\"8\">Excelente desempenho, f\u00e1cil e pr\u00e1tico<\/h2>\n<p data-v-md-line=\"9\">O objetivo do Astronaut \u00e9 proporcionar um sabor consistente e uma experi\u00eancia suave do in\u00edcio ao fim. Tem uma capacidade de e-l\u00edquido suficiente de 18 mililitros e est\u00e1 equipado com uma bateria de 650mAh, o que lhe permite utiliz\u00e1-lo durante muito tempo. Quando a bateria est\u00e1 fraca, basta usar os cabos normalmente utilizados no telem\u00f3vel e carreg\u00e1-lo atrav\u00e9s da interface Type-C. \u00c9 simples.<\/p>\n<h2 data-v-md-heading=\"specification-overview\" data-v-md-line=\"11\">Vis\u00e3o geral das especifica\u00e7\u00f5es<\/h2>\n<ul data-v-md-line=\"12\">\n<li>Frequ\u00eancia de suc\u00e7\u00e3o: at\u00e9 9000 vezes<\/li>\n<li>Teor de nicotina: 2% e 5% (servi\u00e7o OEM dispon\u00edvel)<\/li>\n<li>Princ\u00edpio de funcionamento: Ativado por inala\u00e7\u00e3o<\/li>\n<li>Charging: Standard Type-C USB interface<\/li>\n<li>Estado: Pronto para usar assim que abrir a caixa.<\/li>\n<\/ul>\n<h2 data-v-md-heading=\"multiple-flavor-options\" data-v-md-line=\"18\">Diversas op\u00e7\u00f5es de sabor<\/h2>\n<ul data-v-md-line=\"19\">\n<li>Pipocas de caramelo<\/li>\n<li>Coca Cola<\/li>\n<li>Sumo de laranja Refrigerante<\/li>\n<li>Ma\u00e7\u00e3 dupla<\/li>\n<li>Cappuccino<\/li>\n<li>P\u00eassego e ameixa<\/li>\n<li>Gelo de Melancia<\/li>\n<li>Mirtilos e framboesas<\/li>\n<li>Uvas roxas<\/li>\n<li>Gelado de morango<\/li>\n<\/ul>\n<h2 data-v-md-heading=\"for-you-and-your-business\" data-v-md-line=\"30\">Para voc\u00ea e sua empresa<\/h2>\n<p data-v-md-line=\"31\">Adquira um dispositivo para utiliza\u00e7\u00e3o di\u00e1ria ou fa\u00e7a um stock para a sua loja. As caixas de venda por grosso t\u00eam 10 unidades por caixa m\u00e9dia e 200 unidades por caixa grande para um armazenamento e reabastecimento c\u00f3modos. Fornecemos servi\u00e7os de entrega DDP atrav\u00e9s de parceiros de confian\u00e7a como a UPS, DPD e DHL para garantir uma entrega r\u00e1pida e evitar acidentes alfandeg\u00e1rios.<\/p>\n<h2 data-v-md-heading=\"why-do-you-like-it\" data-v-md-line=\"33\">Por que voc\u00ea gosta disso?<\/h2>\n<ul data-v-md-line=\"34\">\n<li>V\u00e1rias baforadas: Dur\u00e1vel e duradouro, n\u00e3o \u00e9 necess\u00e1rio comprar frequentemente um novo e-l\u00edquido.<\/li>\n<li>Sele\u00e7\u00e3o da nicotina: Escolha uma concentra\u00e7\u00e3o que se adeq\u00fae aos seus h\u00e1bitos di\u00e1rios.<\/li>\n<li>Recarreg\u00e1vel: Utiliza todos os 18 mililitros de e-l\u00edquido sem desperdi\u00e7ar uma gota.<\/li>\n<li>Fumo cont\u00ednuo: da primeira \u00e0 \u00faltima dentada, o sabor \u00e9 suave.<\/li>\n<\/ul>\n<h2 data-v-md-heading=\"why-choose-agoravape\" data-v-md-line=\"39\">Por que escolher a AgoraVape?<\/h2>\n<p data-v-md-line=\"40\">Como um dos distribuidores de vape mais fi\u00e1veis da Europa, vendemos apenas produtos genu\u00ednos 100%. Para os clientes empresariais, isto significa que os vapes descart\u00e1veis Lavie Astronaut 9000 com formas \u00fanicas oferecem pre\u00e7os grossistas razo\u00e1veis, apoio de resposta r\u00e1pida e servi\u00e7os de entrega r\u00e1pidos e fi\u00e1veis. Contacte-nos para reservar equipamento que os seus clientes voltar\u00e3o verdadeiramente a comprar.<\/p>","protected":false},"excerpt":{"rendered":"<p>&nbsp;<\/p>\n<p><script src=\"chrome-extension:\/\/fpelahbljekknahkcaegamhcndkfpfnc\/iFrame.js\" type=\"text\/javascript\"><\/script><\/p>\n<p><script src=\"chrome-extension:\/\/fpelahbljekknahkcaegamhcndkfpfnc\/iFrame.js\" type=\"text\/javascript\"><\/script><\/p>\n<p><script src=\"chrome-extension:\/\/fpelahbljekknahkcaegamhcndkfpfnc\/iFrame.js\" type=\"text\/javascript\"><\/script><\/p>\n<p><script src=\"chrome-extension:\/\/fpelahbljekknahkcaegamhcndkfpfnc\/iFrame.js\" type=\"text\/javascript\"><\/script><\/p>\n<p><script src=\"chrome-extension:\/\/fpelahbljekknahkcaegamhcndkfpfnc\/iFrame.js\" type=\"text\/javascript\"><\/script><\/p>\n<p><script src=\"chrome-extension:\/\/fpelahbljekknahkcaegamhcndkfpfnc\/iFrame.js\" type=\"text\/javascript\"><\/script><\/p>\n<p><script src=\"chrome-extension:\/\/fpelahbljekknahkcaegamhcndkfpfnc\/iFrame.js\" type=\"text\/javascript\"><\/script><\/p>\n<p><script src=\"chrome-extension:\/\/fpelahbljekknahkcaegamhcndkfpfnc\/iFrame.js\" type=\"text\/javascript\"><\/script><\/p>\n<p><script src=\"chrome-extension:\/\/fpelahbljekknahkcaegamhcndkfpfnc\/iFrame.js\" type=\"text\/javascript\"><\/script><\/p>\n<p><script src=\"chrome-extension:\/\/fpelahbljekknahkcaegamhcndkfpfnc\/iFrame.js\" type=\"text\/javascript\"><\/script><\/p>\n<p><script src=\"chrome-extension:\/\/fpelahbljekknahkcaegamhcndkfpfnc\/iFrame.js\" type=\"text\/javascript\"><\/script><\/p>\n<p><script src=\"chrome-extension:\/\/fpelahbljekknahkcaegamhcndkfpfnc\/iFrame.js\" type=\"text\/javascript\"><\/script><\/p>\n<p><script src=\"chrome-extension:\/\/fpelahbljekknahkcaegamhcndkfpfnc\/iFrame.js\" type=\"text\/javascript\"><\/script><\/p>\n<p><script src=\"chrome-extension:\/\/fpelahbljekknahkcaegamhcndkfpfnc\/iFrame.js\" type=\"text\/javascript\"><\/script><\/p>\n<p><script src=\"chrome-extension:\/\/fpelahbljekknahkcaegamhcndkfpfnc\/iFrame.js\" type=\"text\/javascript\"><\/script><\/p>\n<p><script src=\"chrome-extension:\/\/fpelahbljekknahkcaegamhcndkfpfnc\/iFrame.js\" type=\"text\/javascript\"><\/script><\/p>\n<p><script src=\"chrome-extension:\/\/fpelahbljekknahkcaegamhcndkfpfnc\/iFrame.js\" type=\"text\/javascript\"><\/script><\/p>\n<p><script src=\"chrome-extension:\/\/fpelahbljekknahkcaegamhcndkfpfnc\/iFrame.js\" type=\"text\/javascript\"><\/script><\/p>","protected":false},"featured_media":18029,"comment_status":"open","ping_status":"closed","template":"","meta":[],"product_brand":[238],"product_cat":[124,189,184,174,175,165,193,191,173,186,180,190],"product_tag":[],"class_list":{"0":"post-18013","1":"product","2":"type-product","3":"status-publish","4":"has-post-thumbnail","6":"product_brand-lavie","7":"product_cat-vape-by-brand","8":"product_cat-20mg-standard-nicotine-vapes","9":"product_cat-5000-8000-puffs","10":"product_cat-fruit-flavors","11":"product_cat-icy-mint","12":"product_cat-lavie","13":"product_cat-mesh-coil","14":"product_cat-rechargeable-disposables","15":"product_cat-vape-by-flavor-profile","16":"product_cat-vape-by-nicotine-strength","17":"product_cat-vape-by-puff-count","18":"product_cat-vape-by-feature-or-type","20":"first","21":"instock","22":"shipping-taxable","23":"purchasable","24":"product-type-variable","25":"has-default-attributes"},"tiered_pricing_type":"percentage","tiered_pricing_fixed_rules":[],"tiered_pricing_product_settings":{"layout":"default","base_unit_name":{"singular":null,"plural":null},"default_variation":null},"tiered_pricing_minimum_quantity":10,"tiered_pricing_roles_data":[],"tiered_pricing_percentage_rules":{"30":"29","50":"35","100":"40","200":"44","500":"47","1000":"49"},"tiered_pricing_maximum_quantity":null,"tiered_pricing_quantity_step":"10","_links":{"self":[{"href":"https:\/\/agoravape.com\/pt\/wp-json\/wp\/v2\/product\/18013","targetHints":{"allow":["GET"]}}],"collection":[{"href":"https:\/\/agoravape.com\/pt\/wp-json\/wp\/v2\/product"}],"about":[{"href":"https:\/\/agoravape.com\/pt\/wp-json\/wp\/v2\/types\/product"}],"replies":[{"embeddable":true,"href":"https:\/\/agoravape.com\/pt\/wp-json\/wp\/v2\/comments?post=18013"}],"version-history":[{"count":0,"href":"https:\/\/agoravape.com\/pt\/wp-json\/wp\/v2\/product\/18013\/revisions"}],"wp:featuredmedia":[{"embeddable":true,"href":"https:\/\/agoravape.com\/pt\/wp-json\/wp\/v2\/media\/18029"}],"wp:attachment":[{"href":"https:\/\/agoravape.com\/pt\/wp-json\/wp\/v2\/media?parent=18013"}],"wp:term":[{"taxonomy":"product_brand","embeddable":true,"href":"https:\/\/agoravape.com\/pt\/wp-json\/wp\/v2\/product_brand?post=18013"},{"taxonomy":"product_cat","embeddable":true,"href":"https:\/\/agoravape.com\/pt\/wp-json\/wp\/v2\/product_cat?post=18013"},{"taxonomy":"product_tag","embeddable":true,"href":"https:\/\/agoravape.com\/pt\/wp-json\/wp\/v2\/product_tag?post=18013"}],"curies":[{"name":"wp","href":"https:\/\/api.w.org\/{rel}","templated":true}]}}