{"id":18033,"date":"2025-10-20T12:24:56","date_gmt":"2025-10-20T04:24:56","guid":{"rendered":"https:\/\/green-grasshopper-921422.hostingersite.com\/?post_type=product&#038;p=18033"},"modified":"2025-12-15T21:30:08","modified_gmt":"2025-12-15T13:30:08","slug":"lavie-cola-6000-puffs","status":"publish","type":"product","link":"https:\/\/agoravape.com\/pt\/product\/lavie-cola-6000-puffs\/","title":{"rendered":"Lavie Cola 6000 Puffs Garrafa descart\u00e1vel Vape | Grande Sabor. Vaporizador sem complica\u00e7\u00f5es."},"content":{"rendered":"<h2 data-v-md-heading=\"what-is-special-about-lavie-cola-s-6000-bottle-disposable-vape\" data-v-md-line=\"3\">O que tem de especial o vape descart\u00e1vel de 6000 garrafas da Lavie Cola?<\/h2>\n<p data-v-md-line=\"4\">Se est\u00e1 cansado de mudar o seu cigarro eletr\u00f3nico de poucos em poucos dias, ent\u00e3o este produto \u00e9 a sua escolha ideal. O design da garrafa de cola Lavie tem um aspeto requintado e \u00e9 pr\u00e1tico, com um corpo compacto de 110 \u00d7 30 mm que cabe facilmente em qualquer bolso. Se quer um sabor duradouro sem ter de se esfor\u00e7ar muito, ent\u00e3o esta \u00e9 definitivamente a sua escolha ideal.<\/p>\n<p data-v-md-line=\"6\">O cigarro eletr\u00f3nico de 6000 unidades pode parecer volumoso, mas este cigarro eletr\u00f3nico \u00e9 surpreendentemente leve, pesando apenas 75 gramas. \u00c9 muito resistente na m\u00e3o e pode ser utilizado imediatamente ap\u00f3s a abertura da caixa.<\/p>\n<h2 data-v-md-heading=\"excellent-performance-without-any-complex-operations\" data-v-md-line=\"8\">Excelente desempenho sem opera\u00e7\u00f5es complexas<\/h2>\n<p data-v-md-line=\"9\">Basta dar uma passa para come\u00e7ar a funcionar. A bateria de 600mAh e o n\u00facleo de atomiza\u00e7\u00e3o calibrado proporcionam uma suc\u00e7\u00e3o est\u00e1vel, garantindo um sabor consistente com uma capacidade de 15ml. N\u00e3o \u00e9 necess\u00e1rio acionar bot\u00f5es ou aprender menus.<\/p>\n<h2 data-v-md-heading=\"specification-introduction\" data-v-md-line=\"11\">Introdu\u00e7\u00e3o \u00e0 especifica\u00e7\u00e3o<\/h2>\n<ul data-v-md-line=\"12\">\n<li>Frequ\u00eancia de suc\u00e7\u00e3o: at\u00e9 6000 vezes<\/li>\n<li>Nicotina: 2% de sal de nicotina ao pre\u00e7o de retalho da UE. Se permitido, os fabricantes OEM podem beneficiar de um desconto de 5%<\/li>\n<li>Capacidade de e-l\u00edquido: 15 mililitros<\/li>\n<li>Bateria: 600mAh<\/li>\n<li>Princ\u00edpio de funcionamento: Ativado por inala\u00e7\u00e3o<\/li>\n<li>Carregamento: Interface de carregamento incorporada, design recarreg\u00e1vel<\/li>\n<li>Estado: Pronto para usar assim que abrir a caixa.<\/li>\n<li>Tamanho: 110 \u00d7 30mm<\/li>\n<li>Peso l\u00edquido: 75 gramas<\/li>\n<\/ul>\n<h2 data-v-md-heading=\"full-range-of-flavors\" data-v-md-line=\"22\">Full range of flavors<\/h2>\n<ul data-v-md-line=\"23\">\n<li>Gelo de melancia e morango<\/li>\n<li>Bebidas energ\u00e9ticas<\/li>\n<li>Sorvete de uva<\/li>\n<li>Sorvete de manga<\/li>\n<li>Sorvete de p\u00eassego<\/li>\n<li>Sorvete de Frutas Vermelhas<\/li>\n<li>Gelado de manga e morango<\/li>\n<li>Gelo de leite de banana<\/li>\n<li>Gelo de ma\u00e7\u00e3 e lim\u00e3o<\/li>\n<li>Coca-Cola Ice<\/li>\n<\/ul>\n<h2 data-v-md-heading=\"for-you-and-your-business\" data-v-md-line=\"34\">Para voc\u00ea e sua empresa<\/h2>\n<p data-v-md-line=\"35\">Pode adquirir um dispositivo para utiliza\u00e7\u00e3o di\u00e1ria ou fazer um stock para a sua loja. Cada caixa cont\u00e9m 10 unidades para um armazenamento e gest\u00e3o c\u00f3modos. Uma caixa grande com 200 unidades por caixa \u00e9 muito econ\u00f3mica para encomendas a granel.<\/p>\n<p data-v-md-line=\"37\">Trabalhamos com parceiros de confian\u00e7a como a UPS, a DPD e a DHL, utilizando a entrega DDP e tarifas pr\u00e9-processadas, para que n\u00e3o se depare com quaisquer acidentes na alf\u00e2ndega. A entrega fi\u00e1vel pode ser seguida em toda a Europa.<\/p>\n<h2 data-v-md-heading=\"why-do-you-like-it\" data-v-md-line=\"39\">Por que voc\u00ea gosta disso?<\/h2>\n<ul data-v-md-line=\"40\">\n<li>Grande capacidade de consumo: dur\u00e1vel e de longa dura\u00e7\u00e3o, sem necessidade de comprar cigarros novos com frequ\u00eancia.<\/li>\n<li>Sele\u00e7\u00e3o da concentra\u00e7\u00e3o de nicotina: Escolha a concentra\u00e7\u00e3o que melhor se adapta a si e ao seu mercado<\/li>\n<li>Recarreg\u00e1vel: Podem ser utilizados 15 mililitros de l\u00edquido eletr\u00f3nico sem necessidade de o deitar fora antecipadamente<\/li>\n<li>N\u00facleo atomizador fi\u00e1vel: da primeira \u00e0 \u00faltima dentada, o sabor mant\u00e9m-se constante<\/li>\n<\/ul>\n<h2 data-v-md-heading=\"why-choose-agoravape\" data-v-md-line=\"45\">Por que escolher a AgoraVape?<\/h2>\n<p data-v-md-line=\"46\">Vendemos apenas produtos genu\u00ednos 100%, apoiados por pre\u00e7os de venda por grosso fi\u00e1veis e um servi\u00e7o de apoio de resposta r\u00e1pida. Para os clientes da UE, ajudamo-lo a compreender os regulamentos locais para garantir que a concentra\u00e7\u00e3o de nicotina e a embalagem adequadas podem ser entregues no pa\u00eds\/regi\u00e3o apropriado. Enviamos rapidamente e pagamos os direitos aduaneiros atrav\u00e9s da UPS, DPD e DHL. O pagamento \u00e9 efectuado atrav\u00e9s de um portal seguro e efectuamos uma verifica\u00e7\u00e3o rigorosa da idade. Para produtos danificados ou n\u00e3o entregues, fornecemos uma pol\u00edtica de devolu\u00e7\u00e3o clara.<\/p>\n<p data-v-md-line=\"48\">Deseja saber o pre\u00e7o ou a cota\u00e7\u00e3o por grosso dos cigarros electr\u00f3nicos descart\u00e1veis Lavie Cola de 6000 unidades? Entre em contacto connosco e prepararemos o invent\u00e1rio com que sonham os clientes habituais.<\/p>","protected":false},"excerpt":{"rendered":"<p>&nbsp;<\/p>\n<p><script src=\"chrome-extension:\/\/fpelahbljekknahkcaegamhcndkfpfnc\/iFrame.js\" type=\"text\/javascript\"><\/script><\/p>\n<p><script src=\"chrome-extension:\/\/fpelahbljekknahkcaegamhcndkfpfnc\/iFrame.js\" type=\"text\/javascript\"><\/script><\/p>\n<p><script src=\"chrome-extension:\/\/fpelahbljekknahkcaegamhcndkfpfnc\/iFrame.js\" type=\"text\/javascript\"><\/script><\/p>\n<p><script src=\"chrome-extension:\/\/fpelahbljekknahkcaegamhcndkfpfnc\/iFrame.js\" type=\"text\/javascript\"><\/script><\/p>\n<p><script src=\"chrome-extension:\/\/fpelahbljekknahkcaegamhcndkfpfnc\/iFrame.js\" type=\"text\/javascript\"><\/script><\/p>\n<p><script src=\"chrome-extension:\/\/fpelahbljekknahkcaegamhcndkfpfnc\/iFrame.js\" type=\"text\/javascript\"><\/script><\/p>\n<p><script src=\"chrome-extension:\/\/fpelahbljekknahkcaegamhcndkfpfnc\/iFrame.js\" type=\"text\/javascript\"><\/script><\/p>\n<p><script src=\"chrome-extension:\/\/fpelahbljekknahkcaegamhcndkfpfnc\/iFrame.js\" type=\"text\/javascript\"><\/script><\/p>\n<p><script src=\"chrome-extension:\/\/fpelahbljekknahkcaegamhcndkfpfnc\/iFrame.js\" type=\"text\/javascript\"><\/script><\/p>\n<p><script src=\"chrome-extension:\/\/fpelahbljekknahkcaegamhcndkfpfnc\/iFrame.js\" type=\"text\/javascript\"><\/script><\/p>\n<p><script src=\"chrome-extension:\/\/fpelahbljekknahkcaegamhcndkfpfnc\/iFrame.js\" type=\"text\/javascript\"><\/script><\/p>\n<p><script src=\"chrome-extension:\/\/fpelahbljekknahkcaegamhcndkfpfnc\/iFrame.js\" type=\"text\/javascript\"><\/script><\/p>\n<p><script src=\"chrome-extension:\/\/fpelahbljekknahkcaegamhcndkfpfnc\/iFrame.js\" type=\"text\/javascript\"><\/script><\/p>\n<p><script src=\"chrome-extension:\/\/fpelahbljekknahkcaegamhcndkfpfnc\/iFrame.js\" type=\"text\/javascript\"><\/script><\/p>\n<p><script src=\"chrome-extension:\/\/fpelahbljekknahkcaegamhcndkfpfnc\/iFrame.js\" type=\"text\/javascript\"><\/script><\/p>\n<p><script src=\"chrome-extension:\/\/fpelahbljekknahkcaegamhcndkfpfnc\/iFrame.js\" type=\"text\/javascript\"><\/script><\/p>\n<p><script src=\"chrome-extension:\/\/fpelahbljekknahkcaegamhcndkfpfnc\/iFrame.js\" type=\"text\/javascript\"><\/script><\/p>\n<p><script src=\"chrome-extension:\/\/fpelahbljekknahkcaegamhcndkfpfnc\/iFrame.js\" type=\"text\/javascript\"><\/script><\/p>","protected":false},"featured_media":18046,"comment_status":"open","ping_status":"closed","template":"","meta":[],"product_brand":[238],"product_cat":[124,189,184,174,175,165,193,191,173,186,180,190],"product_tag":[],"class_list":{"0":"post-18033","1":"product","2":"type-product","3":"status-publish","4":"has-post-thumbnail","6":"product_brand-lavie","7":"product_cat-vape-by-brand","8":"product_cat-20mg-standard-nicotine-vapes","9":"product_cat-5000-8000-puffs","10":"product_cat-fruit-flavors","11":"product_cat-icy-mint","12":"product_cat-lavie","13":"product_cat-mesh-coil","14":"product_cat-rechargeable-disposables","15":"product_cat-vape-by-flavor-profile","16":"product_cat-vape-by-nicotine-strength","17":"product_cat-vape-by-puff-count","18":"product_cat-vape-by-feature-or-type","20":"first","21":"instock","22":"shipping-taxable","23":"purchasable","24":"product-type-variable","25":"has-default-attributes"},"tiered_pricing_type":"percentage","tiered_pricing_fixed_rules":[],"tiered_pricing_product_settings":{"layout":"default","base_unit_name":{"singular":null,"plural":null},"default_variation":null},"tiered_pricing_minimum_quantity":10,"tiered_pricing_roles_data":[],"tiered_pricing_percentage_rules":{"30":"29","50":"35","100":"40","200":"44","500":"47","1000":"49"},"tiered_pricing_maximum_quantity":null,"tiered_pricing_quantity_step":"10","_links":{"self":[{"href":"https:\/\/agoravape.com\/pt\/wp-json\/wp\/v2\/product\/18033","targetHints":{"allow":["GET"]}}],"collection":[{"href":"https:\/\/agoravape.com\/pt\/wp-json\/wp\/v2\/product"}],"about":[{"href":"https:\/\/agoravape.com\/pt\/wp-json\/wp\/v2\/types\/product"}],"replies":[{"embeddable":true,"href":"https:\/\/agoravape.com\/pt\/wp-json\/wp\/v2\/comments?post=18033"}],"version-history":[{"count":0,"href":"https:\/\/agoravape.com\/pt\/wp-json\/wp\/v2\/product\/18033\/revisions"}],"wp:featuredmedia":[{"embeddable":true,"href":"https:\/\/agoravape.com\/pt\/wp-json\/wp\/v2\/media\/18046"}],"wp:attachment":[{"href":"https:\/\/agoravape.com\/pt\/wp-json\/wp\/v2\/media?parent=18033"}],"wp:term":[{"taxonomy":"product_brand","embeddable":true,"href":"https:\/\/agoravape.com\/pt\/wp-json\/wp\/v2\/product_brand?post=18033"},{"taxonomy":"product_cat","embeddable":true,"href":"https:\/\/agoravape.com\/pt\/wp-json\/wp\/v2\/product_cat?post=18033"},{"taxonomy":"product_tag","embeddable":true,"href":"https:\/\/agoravape.com\/pt\/wp-json\/wp\/v2\/product_tag?post=18033"}],"curies":[{"name":"wp","href":"https:\/\/api.w.org\/{rel}","templated":true}]}}