{"id":18126,"date":"2025-10-20T13:29:45","date_gmt":"2025-10-20T05:29:45","guid":{"rendered":"https:\/\/green-grasshopper-921422.hostingersite.com\/?post_type=product&#038;p=18126"},"modified":"2026-03-31T04:20:35","modified_gmt":"2026-03-31T02:20:35","slug":"pluscig-s20-heat-not-burn","status":"publish","type":"product","link":"https:\/\/agoravape.com\/pt\/product\/pluscig-s20-heat-not-burn\/","title":{"rendered":"Pluscig S20 Dispositivo de tabaco aquecido | 40\u201350 cigarros por carga, controle limpo"},"content":{"rendered":"<h2 data-v-md-heading=\"pluscig-s20-non-combustible-heating-device-can-40-50-units-be-used-per-charge\" data-v-md-line=\"3\">Dispositivo de aquecimento n\u00e3o combust\u00edvel Pluscig S20 | Podem ser utilizadas 40-50 unidades por carregamento?<\/h2>\n<p data-v-md-line=\"4\">Se pretende um dispositivo de aquecimento n\u00e3o combust\u00edvel que possa durar todo o dia sem se preocupar com a perda da bateria, o Pluscig S20 \u00e9 a sua escolha ideal. Pode utilizar 40-50 unidades por carregamento, o que lhe permite manter uma pot\u00eancia suficiente mesmo em dias atarefados.<\/p>\n<p data-v-md-line=\"6\">\u00c9 adequado para quem gosta de uma experi\u00eancia de fumar limpa, est\u00e1vel e f\u00e1cil de controlar. Pode ajustar a temperatura e a dura\u00e7\u00e3o do fumo de acordo com as suas prefer\u00eancias. N\u00e3o precisa de se preocupar, basta configur\u00e1-lo uma vez para desfrutar.<\/p>\n<h2 data-v-md-heading=\"excellent-performance-easy-and-convenient\" data-v-md-line=\"8\">Excelente desempenho, f\u00e1cil e pr\u00e1tico<\/h2>\n<p data-v-md-line=\"9\">A S20 pode aquecer com precis\u00e3o a sua vara de tabaco. Pode ajustar o intervalo de temperatura para 250-390 \u00b0 C e definir a dura\u00e7\u00e3o do fumo para 180-300 segundos. O tempo de pr\u00e9-aquecimento tamb\u00e9m pode ser ajustado, variando de 5 a 20 segundos, fazendo com que se sinta pronto \u00e0 primeira dentada em vez de se apressar. Est\u00e1 ainda equipado com uma fun\u00e7\u00e3o de limpeza autom\u00e1tica, que ajuda a manter est\u00e1vel o desempenho de cada vareta de tabaco. Este dispositivo equipado com uma bateria de 3500mAh pode parecer volumoso, mas pesa apenas 110 gramas e cabe facilmente num bolso.<\/p>\n<h2 data-v-md-heading=\"specification-introduction\" data-v-md-line=\"11\">Introdu\u00e7\u00e3o \u00e0 especifica\u00e7\u00e3o<\/h2>\n<ul data-v-md-line=\"12\">\n<li>N\u00famero de utiliza\u00e7\u00f5es por carregamento: 40-50<\/li>\n<li>Capacidade da bateria: 3500 mAh<\/li>\n<li>Dura\u00e7\u00e3o de cada utiliza\u00e7\u00e3o: regul\u00e1vel de 180 a 300 segundos<\/li>\n<li>Gama de temperaturas: ajust\u00e1vel de 250-390 \u00b0 C<\/li>\n<li>Tempo de pr\u00e9-aquecimento: regul\u00e1vel de 5 a 20 segundos<\/li>\n<li>Tempo de carregamento: 120-180 minutos para carregar completamente<\/li>\n<li>Tamanho e peso: 106 \u00d7 33 \u00d7 22 mil\u00edmetros, 110 gramas<\/li>\n<li>Material: PEEK e alum\u00ednio aeroespacial<\/li>\n<li>Cores: Preto, vermelho, verde, azul, dourado<\/li>\n<li>Princ\u00edpio de funcionamento: Introduzir um cartucho de cigarro, premir para pr\u00e9-aquecer e depois inalar<\/li>\n<li>Teor de nicotina: depende do cartucho que escolher (excluindo cartuchos)<\/li>\n<li>Carater\u00edstica adicional: Fun\u00e7\u00e3o de limpeza autom\u00e1tica<\/li>\n<li>Status: Pronto para usar assim que sai da caixa<\/li>\n<\/ul>\n<h2 data-v-md-heading=\"to-create-for-you-and-your-business\" data-v-md-line=\"26\">Para criar algo para voc\u00ea e para o seu neg\u00f3cio.<\/h2>\n<p data-v-md-line=\"27\">Se pretender utiliz\u00e1-lo durante um longo per\u00edodo de tempo, ajustar o tempo de utiliza\u00e7\u00e3o e n\u00e3o pretender transportar um carregador consigo, poder\u00e1 querer adquirir <a class=\"wpil_keyword_link\" href=\"https:\/\/agoravape.com\/pt\/produto\/pluscig-c10-heat-not-burn\/\" target=\"_blank\" rel=\"noopener\" title=\"Pluscig C10 Sistema de aquecimento sem combust\u00e3o | Sess\u00f5es longas e est\u00e1veis \u200b\u200bcom temperatura ajust\u00e1vel\" data-wpil-keyword-link=\"linked\" data-wpil-monitor-id=\"7156\">Pluscig<\/a> S20 para uso pessoal. Gosta de acumular mercadorias? Tamb\u00e9m oferecemos caixas de cart\u00e3o por atacado para garantir que as suas prateleiras est\u00e3o totalmente carregadas e que os seus clientes est\u00e3o satisfeitos.<\/p>\n<p data-v-md-line=\"29\">Fornecemos servi\u00e7os DDP fi\u00e1veis atrav\u00e9s de parceiros como a UPS, DPD e DHL, e podemos efetuar envios para toda a Europa. O pr\u00e9-processamento dos direitos aduaneiros assegura uma entrega sem problemas da sua encomenda, sem incidentes inesperados na alf\u00e2ndega.<\/p>\n<h2 data-v-md-heading=\"why-do-you-like-it\" data-v-md-line=\"31\">Por que voc\u00ea gosta disso?<\/h2>\n<ul data-v-md-line=\"32\">\n<li>Pode utilizar 40-50 unidades por carregamento: menos tempo de recarga significa que tem mais tempo para desfrutar de cada dia.<\/li>\n<li>Temperatura e tempo ajust\u00e1veis: Defina a temperatura e a dura\u00e7\u00e3o da utiliza\u00e7\u00e3o de acordo com as suas prefer\u00eancias.<\/li>\n<li>Bateria de grande capacidade, corpo port\u00e1til: bateria de 3500 mAh, corpo compacto que pesa 110 gramas.<\/li>\n<li>Arranque r\u00e1pido: Fun\u00e7\u00e3o de pr\u00e9-aquecimento ajust\u00e1vel, permitindo que a vara de tabaco atinja rapidamente o seu estado \u00f3timo.<\/li>\n<li>Desempenho est\u00e1vel: A limpeza autom\u00e1tica ajuda a manter a consist\u00eancia em cada utiliza\u00e7\u00e3o.<\/li>\n<li>Dur\u00e1vel e resistente: Fabricado em PEEK e materiais de alum\u00ednio de avia\u00e7\u00e3o, tem um toque forte e um aspeto elegante.<\/li>\n<\/ul>\n<h2 data-v-md-heading=\"why-choose-to-collaborate-with-agoravape\" data-v-md-line=\"39\">Por que escolher colaborar com a AgoraVape?<\/h2>\n<p data-v-md-line=\"40\">Dispomos de equipamento genu\u00edno 100% e fornecemos-lhe pre\u00e7os razo\u00e1veis, servi\u00e7os de resposta r\u00e1pida e servi\u00e7os europeus de entrega r\u00e1pida para Pluscig S20. Se \u00e9 um comprador empresarial, n\u00e3o hesite em contactar-nos para saber mais sobre solu\u00e7\u00f5es fi\u00e1veis de fornecimento e distribui\u00e7\u00e3o por grosso.<\/p>","protected":false},"excerpt":{"rendered":"<p>Pluscig S20 non combustible heating device | Can 40-50 units be used per charge? If you want a non combustible<\/p>","protected":false},"featured_media":18132,"comment_status":"open","ping_status":"closed","template":"","meta":[],"product_brand":[239],"product_cat":[124,165,166,191,178,173,190],"product_tag":[],"class_list":{"0":"post-18126","1":"product","2":"type-product","3":"status-publish","4":"has-post-thumbnail","6":"product_brand-pluscig","7":"product_cat-vape-by-brand","8":"product_cat-lavie","9":"product_cat-pluscig","10":"product_cat-rechargeable-disposables","11":"product_cat-tobacco","12":"product_cat-vape-by-flavor-profile","13":"product_cat-vape-by-feature-or-type","15":"first","16":"instock","17":"shipping-taxable","18":"purchasable","19":"product-type-variable","20":"has-default-attributes"},"tiered_pricing_type":"percentage","tiered_pricing_fixed_rules":[],"tiered_pricing_product_settings":{"layout":"default","base_unit_name":{"singular":null,"plural":null},"default_variation":null},"tiered_pricing_minimum_quantity":200,"tiered_pricing_roles_data":[],"tiered_pricing_percentage_rules":{"500":"47","1000":"49"},"tiered_pricing_maximum_quantity":null,"tiered_pricing_quantity_step":"10","_links":{"self":[{"href":"https:\/\/agoravape.com\/pt\/wp-json\/wp\/v2\/product\/18126","targetHints":{"allow":["GET"]}}],"collection":[{"href":"https:\/\/agoravape.com\/pt\/wp-json\/wp\/v2\/product"}],"about":[{"href":"https:\/\/agoravape.com\/pt\/wp-json\/wp\/v2\/types\/product"}],"replies":[{"embeddable":true,"href":"https:\/\/agoravape.com\/pt\/wp-json\/wp\/v2\/comments?post=18126"}],"version-history":[{"count":1,"href":"https:\/\/agoravape.com\/pt\/wp-json\/wp\/v2\/product\/18126\/revisions"}],"predecessor-version":[{"id":29808,"href":"https:\/\/agoravape.com\/pt\/wp-json\/wp\/v2\/product\/18126\/revisions\/29808"}],"wp:featuredmedia":[{"embeddable":true,"href":"https:\/\/agoravape.com\/pt\/wp-json\/wp\/v2\/media\/18132"}],"wp:attachment":[{"href":"https:\/\/agoravape.com\/pt\/wp-json\/wp\/v2\/media?parent=18126"}],"wp:term":[{"taxonomy":"product_brand","embeddable":true,"href":"https:\/\/agoravape.com\/pt\/wp-json\/wp\/v2\/product_brand?post=18126"},{"taxonomy":"product_cat","embeddable":true,"href":"https:\/\/agoravape.com\/pt\/wp-json\/wp\/v2\/product_cat?post=18126"},{"taxonomy":"product_tag","embeddable":true,"href":"https:\/\/agoravape.com\/pt\/wp-json\/wp\/v2\/product_tag?post=18126"}],"curies":[{"name":"wp","href":"https:\/\/api.w.org\/{rel}","templated":true}]}}