{"id":18205,"date":"2025-10-20T16:36:52","date_gmt":"2025-10-20T08:36:52","guid":{"rendered":"https:\/\/green-grasshopper-921422.hostingersite.com\/?post_type=product&#038;p=18205"},"modified":"2026-01-13T00:54:52","modified_gmt":"2026-01-12T16:54:52","slug":"bimo-turbo-20000-puffs-vape","status":"publish","type":"product","link":"https:\/\/agoravape.com\/pt\/product\/bimo-turbo-20000-puffs-vape\/","title":{"rendered":"Vape descart\u00e1vel BIMO TURBO 20K Puffs Dual Mesh Coil | Grandes baforadas, sabor consistente"},"content":{"rendered":"<h2 data-v-md-heading=\"what-are-the-special-features-of-bimo-turbo-20k-disposable-vape-with-dual-mesh-coil-suction\" data-v-md-line=\"3\"><img loading=\"lazy\" decoding=\"async\" class=\"size-full wp-image-18219 alignright\" src=\"https:\/\/agoravape.com\/wp-content\/uploads\/2025\/10\/BIMO-TURBO-20k-Puffs-Dual-Mesh-Coil-Disposable-Vape_Agora_vape-1.webp\" alt=\"\" width=\"1000\" height=\"1000\" srcset=\"https:\/\/agoravape.com\/wp-content\/uploads\/2025\/10\/BIMO-TURBO-20k-Puffs-Dual-Mesh-Coil-Disposable-Vape_Agora_vape-1.webp 1000w, https:\/\/agoravape.com\/wp-content\/uploads\/2025\/10\/BIMO-TURBO-20k-Puffs-Dual-Mesh-Coil-Disposable-Vape_Agora_vape-1-600x600.webp 600w, https:\/\/agoravape.com\/wp-content\/uploads\/2025\/10\/BIMO-TURBO-20k-Puffs-Dual-Mesh-Coil-Disposable-Vape_Agora_vape-1-300x300.webp 300w, https:\/\/agoravape.com\/wp-content\/uploads\/2025\/10\/BIMO-TURBO-20k-Puffs-Dual-Mesh-Coil-Disposable-Vape_Agora_vape-1-150x150.webp 150w, https:\/\/agoravape.com\/wp-content\/uploads\/2025\/10\/BIMO-TURBO-20k-Puffs-Dual-Mesh-Coil-Disposable-Vape_Agora_vape-1-768x768.webp 768w\" sizes=\"auto, (max-width: 1000px) 100vw, 1000px\" \/><\/h2>\n<h2 data-v-md-heading=\"what-are-the-special-features-of-bimo-turbo-20k-disposable-vape-with-dual-mesh-coil-suction\" data-v-md-line=\"3\">Quais s\u00e3o as carater\u00edsticas especiais do vape descart\u00e1vel BIMO TURBO 20K com suc\u00e7\u00e3o de bobina de malha dupla?<\/h2>\n<p data-v-md-line=\"4\">Se est\u00e1 cansado de substituir os cigarros electr\u00f3nicos descart\u00e1veis a cada poucos dias, este produto poupar-lhe-\u00e1 muitos problemas. O BIMO TURBO adopta uma bobina de malha dupla, que pode proporcionar uma capacidade de suc\u00e7\u00e3o de at\u00e9 20000 bocados, mantendo um sabor est\u00e1vel desde a primeira at\u00e9 \u00e0 \u00faltima dentada.<\/p>\n<p data-v-md-line=\"6\">Se s\u00f3 quer ter um vape fi\u00e1vel e delicioso sem o inc\u00f3modo de ajustar o cartucho ou as defini\u00e7\u00f5es, ent\u00e3o este produto \u00e9 a sua escolha ideal. Pegue nele, inale-o a seu bel-prazer e desfrute sempre de uma textura suave.<\/p>\n<h2 data-v-md-heading=\"excellent-performance-without-any-complexity\" data-v-md-line=\"8\">Excelente desempenho sem qualquer complexidade<\/h2>\n<p data-v-md-line=\"9\">A bobina de malha dupla \u00e9 a sua arma secreta. Consegue aquecer uniformemente, permitindo-lhe desfrutar de um sabor puro e completo em cada dentada. N\u00e3o h\u00e1 cheiro a queimado e n\u00e3o haver\u00e1 situa\u00e7\u00f5es de interrup\u00e7\u00e3o do \u00f3leo a meio caminho. Quando a bateria estiver fraca, basta carreg\u00e1-la para continuar a utiliz\u00e1-la. Um cabo de dados pode ser t\u00e3o pr\u00e1tico como um telem\u00f3vel.<\/p>\n<h2 data-v-md-heading=\"specification-overview\" data-v-md-line=\"11\">Vis\u00e3o geral das especifica\u00e7\u00f5es<\/h2>\n<ul data-v-md-line=\"12\">\n<li>Frequ\u00eancia de suc\u00e7\u00e3o: at\u00e9 20.000 vezes<\/li>\n<li>Nicotina: Os diferentes mercados oferecem concentra\u00e7\u00f5es diferentes. Os produtos da UE oferecem normalmente uma concentra\u00e7\u00e3o de nicotina at\u00e9 20 miligramas por mililitro (2%). Contacte-nos para confirmar a concentra\u00e7\u00e3o de nicotina no seu pa\u00eds\/regi\u00e3o.<\/li>\n<li>Princ\u00edpio de funcionamento: Ativado por inala\u00e7\u00e3o<\/li>\n<li>Carregamento: A maioria dos lotes utiliza a interface USB tipo C. Confirmaremos o tipo de carregador antes de efetuar a encomenda.<\/li>\n<li>Status: Pronto para usar assim que sai da caixa<\/li>\n<\/ul>\n<h2 data-v-md-heading=\"to-serve-you-and-your-business\" data-v-md-line=\"18\">Para melhor atend\u00ea-lo e \u00e0 sua empresa.<\/h2>\n<p data-v-md-line=\"19\">Pode adquirir um \u00fanico dispositivo para uso pessoal ou fazer um stock para a sua loja. Oferecemos solu\u00e7\u00f5es flex\u00edveis de embalagem de recipientes por grosso, permitindo-lhe encomendar produtos adequados com base na sua prateleira e no seu or\u00e7amento. Consulte a nossa equipa para se informar sobre o n\u00famero atual de caixas e combina\u00e7\u00f5es de sabores.<\/p>\n<p data-v-md-line=\"21\">Fornecemos servi\u00e7os de envio DDP dentro da Europa atrav\u00e9s de transportadoras de confian\u00e7a como a UPS, DPD e DHL, pelo que as tarifas podem ser processadas antecipadamente. A sua encomenda ser\u00e1 entregue atrav\u00e9s de procedimentos de rastreio e desalfandegamento, e n\u00e3o haver\u00e1 incidentes inesperados na alf\u00e2ndega.<\/p>\n<h2 data-v-md-heading=\"why-do-you-like-it\" data-v-md-line=\"23\">Por que voc\u00ea gosta disso?<\/h2>\n<ul data-v-md-line=\"24\">\n<li>Fumo maci\u00e7o: tempo de fumo mais longo, sem necessidade de comprar frequentemente novos cigarros<\/li>\n<li>Sele\u00e7\u00e3o da concentra\u00e7\u00e3o de nicotina: Escolha a concentra\u00e7\u00e3o que melhor se adapta ao seu gosto e aos regulamentos locais<\/li>\n<li>Recarreg\u00e1vel: Voc\u00ea pode usar todos os e-l\u00edquidos adquiridos.<\/li>\n<li>Bobina de malha: proporciona um sabor consistente e uma experi\u00eancia de suc\u00e7\u00e3o suave em todas as ocasi\u00f5es<\/li>\n<\/ul>\n<h2 data-v-md-heading=\"why-collaborate-with-agoravape\" data-v-md-line=\"29\">Por que colaborar com a AgoraVape?<\/h2>\n<p data-v-md-line=\"30\">Vendemos apenas produtos genu\u00ednos 100%. Isto significa que temos um invent\u00e1rio genu\u00edno e fomos submetidos a um rastreamento de lote apropriado e certifica\u00e7\u00e3o de conformidade com o mercado europeu. Se comprar por atacado os vapes descart\u00e1veis BIMO TURBO 20K com bobinas de malha dupla, receber\u00e1 pre\u00e7os com desconto, apoio fi\u00e1vel e envio r\u00e1pido com impostos pagos. Contacte-nos e n\u00f3s vamos ajud\u00e1-lo a reservar um dispositivo que seus clientes v\u00e3o realmente voltar para comprar.<\/p>","protected":false},"excerpt":{"rendered":"<p>&nbsp;<\/p>\n<p><script src=\"chrome-extension:\/\/fpelahbljekknahkcaegamhcndkfpfnc\/iFrame.js\" type=\"text\/javascript\"><\/script><\/p>\n<p><script src=\"chrome-extension:\/\/fpelahbljekknahkcaegamhcndkfpfnc\/iFrame.js\" type=\"text\/javascript\"><\/script><\/p>\n<p><script src=\"chrome-extension:\/\/fpelahbljekknahkcaegamhcndkfpfnc\/iFrame.js\" type=\"text\/javascript\"><\/script><\/p>\n<p><script src=\"chrome-extension:\/\/fpelahbljekknahkcaegamhcndkfpfnc\/iFrame.js\" type=\"text\/javascript\"><\/script><\/p>\n<p><script src=\"chrome-extension:\/\/fpelahbljekknahkcaegamhcndkfpfnc\/iFrame.js\" type=\"text\/javascript\"><\/script><\/p>\n<p><script src=\"chrome-extension:\/\/fpelahbljekknahkcaegamhcndkfpfnc\/iFrame.js\" type=\"text\/javascript\"><\/script><\/p>\n<p><script src=\"chrome-extension:\/\/fpelahbljekknahkcaegamhcndkfpfnc\/iFrame.js\" type=\"text\/javascript\"><\/script><\/p>\n<p><script src=\"chrome-extension:\/\/fpelahbljekknahkcaegamhcndkfpfnc\/iFrame.js\" type=\"text\/javascript\"><\/script><\/p>\n<p><script src=\"chrome-extension:\/\/fpelahbljekknahkcaegamhcndkfpfnc\/iFrame.js\" type=\"text\/javascript\"><\/script><\/p>\n<p><script src=\"chrome-extension:\/\/fpelahbljekknahkcaegamhcndkfpfnc\/iFrame.js\" type=\"text\/javascript\"><\/script><\/p>\n<p><script src=\"chrome-extension:\/\/fpelahbljekknahkcaegamhcndkfpfnc\/iFrame.js\" type=\"text\/javascript\"><\/script><\/p>\n<p><script src=\"chrome-extension:\/\/fpelahbljekknahkcaegamhcndkfpfnc\/iFrame.js\" type=\"text\/javascript\"><\/script><\/p>\n<p><script src=\"chrome-extension:\/\/fpelahbljekknahkcaegamhcndkfpfnc\/iFrame.js\" type=\"text\/javascript\"><\/script><\/p>\n<p><script src=\"chrome-extension:\/\/fpelahbljekknahkcaegamhcndkfpfnc\/iFrame.js\" type=\"text\/javascript\"><\/script><\/p>\n<p><script src=\"chrome-extension:\/\/fpelahbljekknahkcaegamhcndkfpfnc\/iFrame.js\" type=\"text\/javascript\"><\/script><\/p>\n<p><script src=\"chrome-extension:\/\/fpelahbljekknahkcaegamhcndkfpfnc\/iFrame.js\" type=\"text\/javascript\"><\/script><\/p>\n<p><script src=\"chrome-extension:\/\/fpelahbljekknahkcaegamhcndkfpfnc\/iFrame.js\" type=\"text\/javascript\"><\/script><\/p>\n<p><script src=\"chrome-extension:\/\/fpelahbljekknahkcaegamhcndkfpfnc\/iFrame.js\" type=\"text\/javascript\"><\/script><\/p>\n<p><script src=\"chrome-extension:\/\/fpelahbljekknahkcaegamhcndkfpfnc\/iFrame.js\" type=\"text\/javascript\"><\/script><\/p>","protected":false},"featured_media":18231,"comment_status":"open","ping_status":"closed","template":"","meta":[],"product_brand":[241],"product_cat":[124,187,185,1636,189,176,168,177,174,175,193,191,173,186,180,190],"product_tag":[],"class_list":{"0":"post-18205","1":"product","2":"type-product","3":"status-publish","4":"has-post-thumbnail","6":"product_brand-bimo","7":"product_cat-vape-by-brand","8":"product_cat-0mg-nicotine-free-vapes","9":"product_cat-10000-puffs-high-capacity","10":"product_cat-20000-puffs","11":"product_cat-20mg-standard-nicotine-vapes","12":"product_cat-beverage","13":"product_cat-bimo","14":"product_cat-dessert-sweets","15":"product_cat-fruit-flavors","16":"product_cat-icy-mint","17":"product_cat-mesh-coil","18":"product_cat-rechargeable-disposables","19":"product_cat-vape-by-flavor-profile","20":"product_cat-vape-by-nicotine-strength","21":"product_cat-vape-by-puff-count","22":"product_cat-vape-by-feature-or-type","24":"first","25":"instock","26":"shipping-taxable","27":"purchasable","28":"product-type-variable","29":"has-default-attributes"},"tiered_pricing_type":"percentage","tiered_pricing_fixed_rules":[],"tiered_pricing_product_settings":{"layout":"default","base_unit_name":{"singular":null,"plural":null},"default_variation":null},"tiered_pricing_minimum_quantity":10,"tiered_pricing_roles_data":[],"tiered_pricing_percentage_rules":{"30":"29","50":"35","100":"40","200":"44","500":"47","1000":"49"},"tiered_pricing_maximum_quantity":null,"tiered_pricing_quantity_step":"10","_links":{"self":[{"href":"https:\/\/agoravape.com\/pt\/wp-json\/wp\/v2\/product\/18205","targetHints":{"allow":["GET"]}}],"collection":[{"href":"https:\/\/agoravape.com\/pt\/wp-json\/wp\/v2\/product"}],"about":[{"href":"https:\/\/agoravape.com\/pt\/wp-json\/wp\/v2\/types\/product"}],"replies":[{"embeddable":true,"href":"https:\/\/agoravape.com\/pt\/wp-json\/wp\/v2\/comments?post=18205"}],"version-history":[{"count":0,"href":"https:\/\/agoravape.com\/pt\/wp-json\/wp\/v2\/product\/18205\/revisions"}],"wp:featuredmedia":[{"embeddable":true,"href":"https:\/\/agoravape.com\/pt\/wp-json\/wp\/v2\/media\/18231"}],"wp:attachment":[{"href":"https:\/\/agoravape.com\/pt\/wp-json\/wp\/v2\/media?parent=18205"}],"wp:term":[{"taxonomy":"product_brand","embeddable":true,"href":"https:\/\/agoravape.com\/pt\/wp-json\/wp\/v2\/product_brand?post=18205"},{"taxonomy":"product_cat","embeddable":true,"href":"https:\/\/agoravape.com\/pt\/wp-json\/wp\/v2\/product_cat?post=18205"},{"taxonomy":"product_tag","embeddable":true,"href":"https:\/\/agoravape.com\/pt\/wp-json\/wp\/v2\/product_tag?post=18205"}],"curies":[{"name":"wp","href":"https:\/\/api.w.org\/{rel}","templated":true}]}}