{"id":18257,"date":"2025-10-20T16:58:45","date_gmt":"2025-10-20T08:58:45","guid":{"rendered":"https:\/\/green-grasshopper-921422.hostingersite.com\/?post_type=product&#038;p=18257"},"modified":"2026-01-19T22:00:15","modified_gmt":"2026-01-19T14:00:15","slug":"bimo-crystal-12000-puffs-vape","status":"publish","type":"product","link":"https:\/\/agoravape.com\/pt\/product\/bimo-crystal-12000-puffs-vape\/","title":{"rendered":"BIMO CRYSTAL 12K Puffs Dual Mesh Coil Vape | Grande sabor que vai longe"},"content":{"rendered":"<h2 data-v-md-heading=\"bimo-crystal-12k-double-mesh-coil-vape-20-flavors-what-s-up\" data-v-md-line=\"3\"><img loading=\"lazy\" decoding=\"async\" class=\"size-full wp-image-18241 alignright\" src=\"https:\/\/agoravape.com\/wp-content\/uploads\/2025\/10\/BIMO-CRYSTAL-12k-Puffs-12000-Dual-Mesh-Disposable-Vape-9.webp\" alt=\"\" width=\"1000\" height=\"1000\" srcset=\"https:\/\/agoravape.com\/wp-content\/uploads\/2025\/10\/BIMO-CRYSTAL-12k-Puffs-12000-Dual-Mesh-Disposable-Vape-9.webp 1000w, https:\/\/agoravape.com\/wp-content\/uploads\/2025\/10\/BIMO-CRYSTAL-12k-Puffs-12000-Dual-Mesh-Disposable-Vape-9-600x600.webp 600w, https:\/\/agoravape.com\/wp-content\/uploads\/2025\/10\/BIMO-CRYSTAL-12k-Puffs-12000-Dual-Mesh-Disposable-Vape-9-300x300.webp 300w, https:\/\/agoravape.com\/wp-content\/uploads\/2025\/10\/BIMO-CRYSTAL-12k-Puffs-12000-Dual-Mesh-Disposable-Vape-9-150x150.webp 150w, https:\/\/agoravape.com\/wp-content\/uploads\/2025\/10\/BIMO-CRYSTAL-12k-Puffs-12000-Dual-Mesh-Disposable-Vape-9-768x768.webp 768w\" sizes=\"auto, (max-width: 1000px) 100vw, 1000px\" \/><\/h2>\n<h2 data-v-md-heading=\"bimo-crystal-12k-double-mesh-coil-vape-20-flavors-what-s-up\" data-v-md-line=\"3\">BIMO CRYSTAL 12K Double Mesh Coil Vape | 20+Flavors, What's Up?<\/h2>\n<p data-v-md-line=\"4\">Se est\u00e1 farto de vaporizadores descart\u00e1veis que s\u00e3o abandonados a meio da semana, vale a pena dar uma vista de olhos a este produto. O BIMO CRYSTAL 12K pode fornecer at\u00e9 12000 baforadas, com um sabor limpo e est\u00e1vel, e n\u00e3o haver\u00e1 falta de e-l\u00edquido mesmo no dia seguinte. Foi concebido para utilizadores que procuram uma experi\u00eancia de vape fi\u00e1vel sem a necessidade de menus complicados.<\/p>\n<p data-v-md-line=\"6\">A bobina de malha dupla proporciona um sabor mais rico e est\u00e1 equipada com uma interface Type-C recarreg\u00e1vel, permitindo-lhe utilizar facilmente at\u00e9 20 mililitros de e-l\u00edquido. \u00c9 adequado tanto para uso di\u00e1rio como para transporte em viagem. \u00c9 compacto e port\u00e1til, f\u00e1cil de transportar e pode ser utilizado em qualquer altura.<\/p>\n<h2 data-v-md-heading=\"excellent-performance-without-any-complex-operations\" data-v-md-line=\"8\">Excelente desempenho sem opera\u00e7\u00f5es complexas<\/h2>\n<p data-v-md-line=\"9\">O design de malha dupla significa um aquecimento mais uniforme, tornando cada dentada t\u00e3o deliciosa como o primeiro gole. N\u00e3o s\u00e3o necess\u00e1rios bot\u00f5es, basta dar um gole. Quando a bateria estiver fraca, basta ligar o cabo de dados Tipo C normalmente utilizado no telem\u00f3vel. Simples e c\u00f3modo. A bateria de 650 mAh pode ser carregada continuamente durante a utiliza\u00e7\u00e3o do e-l\u00edquido, permitindo-lhe n\u00e3o desperdi\u00e7ar uma gota de e-l\u00edquido.<\/p>\n<h2 data-v-md-heading=\"specification-overview\" data-v-md-line=\"11\">Vis\u00e3o geral das especifica\u00e7\u00f5es<\/h2>\n<p data-v-md-line=\"12\"><strong>N\u00famero de suc\u00e7\u00f5es<\/strong>: at\u00e9 12000 aspira\u00e7\u00f5es<br \/>\n<strong>Capacidade do e-l\u00edquido<\/strong>: 20ml<br \/>\n<strong>Nicotina<\/strong>: 0%, 2%, 5% opcional (o fornecimento espec\u00edfico pode variar consoante o pa\u00eds\/regi\u00e3o)<br \/>\n<strong>Princ\u00edpio de funcionamento<\/strong>: Ativado por inala\u00e7\u00e3o<br \/>\n<strong>Carregando<\/strong>Interface USB Tipo-C padr\u00e3o<br \/>\n<strong>Bateria<\/strong>Bateria recarreg\u00e1vel de 650 mAh<br \/>\n<strong>N\u00facleo atomizador<\/strong>: Malha dupla<br \/>\n<strong>Status<\/strong>Pronto para usar assim que abrir a caixa.<\/p>\n<h2 data-v-md-heading=\"full-range-of-flavors\" data-v-md-line=\"21\">Full range of flavors<\/h2>\n<ul data-v-md-line=\"22\">\n<li>Sabor a banana e abacate<\/li>\n<li>Sabor a amora, cereja e rom\u00e3<\/li>\n<li>Sabor a batido de amora<\/li>\n<li>Sabor a batido de mirtilo<\/li>\n<li>Mirtilos, framboesas, sabor a pastilha el\u00e1stica<\/li>\n<li>Sabor a batido de Coca-Cola<\/li>\n<li>Duplo sabor a ma\u00e7\u00e3<\/li>\n<li>Vitalidade sabor a menta<\/li>\n<li>Sabor a manga e p\u00eassego<\/li>\n<li>Sabor de frutos silvestres mistos<\/li>\n<li>Maracuj\u00e1, kiwi, goiaba<\/li>\n<li>Anan\u00e1s de coco<\/li>\n<li>\u00c1gua de lim\u00e3o rosa<\/li>\n<li>Doces arco-\u00edris<\/li>\n<li>Red Bull<\/li>\n<li>Uva de neve<\/li>\n<li>Coco com morango<\/li>\n<li>Sorvete de morango<\/li>\n<li>morango kiwi<\/li>\n<li>Morango e Framboesa<\/li>\n<li>Melancia de morango<\/li>\n<li>Mel\u00e3o triplamente doce<\/li>\n<li>Gelo de Melancia<\/li>\n<\/ul>\n<h2 data-v-md-heading=\"for-you-and-for-your-business-as-well\" data-v-md-line=\"46\">Para voc\u00ea e para o seu neg\u00f3cio tamb\u00e9m.<\/h2>\n<p data-v-md-line=\"47\">Pode comprar BIMO CRYSTAL 12K na Europa e beneficiar de um servi\u00e7o de entrega r\u00e1pido. Se tem uma loja f\u00edsica ou online, pode comprar atrav\u00e9s do nosso programa de venda por grosso. Fornecemos servi\u00e7os de envio DDP para UPS, DPD e DHL para garantir que n\u00e3o encontrar\u00e1 nenhum acidente na alf\u00e2ndega.<\/p>\n<p data-v-md-line=\"49\">Se necessitar de misturar sabores ou de compreender os regulamentos locais relativos \u00e0 nicotina, contacte-nos. Fornecemos servi\u00e7os de verifica\u00e7\u00e3o de idade e servi\u00e7os de log\u00edstica compat\u00edveis para garantir que a sua encomenda \u00e9 entregue rapidamente e fornecemos servi\u00e7os de rastreio completos.<\/p>\n<h2 data-v-md-heading=\"why-do-you-like-it\" data-v-md-line=\"51\">Por que voc\u00ea gosta disso?<\/h2>\n<p data-v-md-line=\"52\"><strong>Grande f\u00f4lego:<\/strong>\u00a0Bateria de longa dura\u00e7\u00e3o, n\u00e3o precisa de substituir frequentemente o seu vape.<br \/>\n<strong>Sele\u00e7\u00e3o de nicotina:<\/strong>\u00a0Escolha a concentra\u00e7\u00e3o de nicotina adequada \u00e0 sua utiliza\u00e7\u00e3o di\u00e1ria: 0%, 2% ou 5%, consoante as condi\u00e7\u00f5es de fornecimento locais.<br \/>\n<strong>Recarreg\u00e1vel:<\/strong>\u00a0Pode recarregar facilmente atrav\u00e9s da interface Tipo C e utilizar todo o e-l\u00edquido que comprar de uma s\u00f3 vez.<br \/>\n<strong>Bobina de malha:<\/strong>\u00a0O design da bobina de malha dupla garante um sabor suave e consistente.<\/p>\n<h2 data-v-md-heading=\"why-collaborate-with-agoravape\" data-v-md-line=\"57\">Por que colaborar com a AgoraVape?<\/h2>\n<p data-v-md-line=\"58\">Como um dos distribuidores de vape de confian\u00e7a na Europa, vendemos apenas produtos genu\u00ednos 100%. Para os clientes comerciais, isto significa pre\u00e7os grossistas com desconto, apoio ao cliente fi\u00e1vel e servi\u00e7os de entrega r\u00e1pidos e fi\u00e1veis para os vapes com bobina de malha dupla BIMO CRYSTAL 12K. Por favor contacte-nos, os seus clientes que fizerem uma encomenda ir\u00e3o certamente apreciar o seu produto.<\/p>","protected":false},"excerpt":{"rendered":"<p>&nbsp;<\/p>\n<p><script src=\"chrome-extension:\/\/fpelahbljekknahkcaegamhcndkfpfnc\/iFrame.js\" type=\"text\/javascript\"><\/script><\/p>\n<p><script src=\"chrome-extension:\/\/fpelahbljekknahkcaegamhcndkfpfnc\/iFrame.js\" type=\"text\/javascript\"><\/script><\/p>\n<p><script src=\"chrome-extension:\/\/fpelahbljekknahkcaegamhcndkfpfnc\/iFrame.js\" type=\"text\/javascript\"><\/script><\/p>\n<p><script src=\"chrome-extension:\/\/fpelahbljekknahkcaegamhcndkfpfnc\/iFrame.js\" type=\"text\/javascript\"><\/script><\/p>\n<p><script src=\"chrome-extension:\/\/fpelahbljekknahkcaegamhcndkfpfnc\/iFrame.js\" type=\"text\/javascript\"><\/script><\/p>\n<p><script src=\"chrome-extension:\/\/fpelahbljekknahkcaegamhcndkfpfnc\/iFrame.js\" type=\"text\/javascript\"><\/script><\/p>\n<p><script src=\"chrome-extension:\/\/fpelahbljekknahkcaegamhcndkfpfnc\/iFrame.js\" type=\"text\/javascript\"><\/script><\/p>\n<p><script src=\"chrome-extension:\/\/fpelahbljekknahkcaegamhcndkfpfnc\/iFrame.js\" type=\"text\/javascript\"><\/script><\/p>\n<p><script src=\"chrome-extension:\/\/fpelahbljekknahkcaegamhcndkfpfnc\/iFrame.js\" type=\"text\/javascript\"><\/script><\/p>\n<p><script src=\"chrome-extension:\/\/fpelahbljekknahkcaegamhcndkfpfnc\/iFrame.js\" type=\"text\/javascript\"><\/script><\/p>\n<p><script src=\"chrome-extension:\/\/fpelahbljekknahkcaegamhcndkfpfnc\/iFrame.js\" type=\"text\/javascript\"><\/script><\/p>\n<p><script src=\"chrome-extension:\/\/fpelahbljekknahkcaegamhcndkfpfnc\/iFrame.js\" type=\"text\/javascript\"><\/script><\/p>\n<p><script src=\"chrome-extension:\/\/fpelahbljekknahkcaegamhcndkfpfnc\/iFrame.js\" type=\"text\/javascript\"><\/script><\/p>\n<p><script src=\"chrome-extension:\/\/fpelahbljekknahkcaegamhcndkfpfnc\/iFrame.js\" type=\"text\/javascript\"><\/script><\/p>\n<p><script src=\"chrome-extension:\/\/fpelahbljekknahkcaegamhcndkfpfnc\/iFrame.js\" type=\"text\/javascript\"><\/script><\/p>\n<p><script src=\"chrome-extension:\/\/fpelahbljekknahkcaegamhcndkfpfnc\/iFrame.js\" type=\"text\/javascript\"><\/script><\/p>\n<p><script src=\"chrome-extension:\/\/fpelahbljekknahkcaegamhcndkfpfnc\/iFrame.js\" type=\"text\/javascript\"><\/script><\/p>\n<p><script src=\"chrome-extension:\/\/fpelahbljekknahkcaegamhcndkfpfnc\/iFrame.js\" type=\"text\/javascript\"><\/script><\/p>\n<p><script src=\"chrome-extension:\/\/fpelahbljekknahkcaegamhcndkfpfnc\/iFrame.js\" type=\"text\/javascript\"><\/script><\/p>","protected":false},"featured_media":18256,"comment_status":"open","ping_status":"closed","template":"","meta":[],"product_brand":[241],"product_cat":[124,187,185,1634,189,176,168,177,174,175,193,191,173,186,180,190],"product_tag":[],"class_list":{"0":"post-18257","1":"product","2":"type-product","3":"status-publish","4":"has-post-thumbnail","6":"product_brand-bimo","7":"product_cat-vape-by-brand","8":"product_cat-0mg-nicotine-free-vapes","9":"product_cat-10000-puffs-high-capacity","10":"product_cat-12000-puffs","11":"product_cat-20mg-standard-nicotine-vapes","12":"product_cat-beverage","13":"product_cat-bimo","14":"product_cat-dessert-sweets","15":"product_cat-fruit-flavors","16":"product_cat-icy-mint","17":"product_cat-mesh-coil","18":"product_cat-rechargeable-disposables","19":"product_cat-vape-by-flavor-profile","20":"product_cat-vape-by-nicotine-strength","21":"product_cat-vape-by-puff-count","22":"product_cat-vape-by-feature-or-type","24":"first","25":"onbackorder","26":"shipping-taxable","27":"purchasable","28":"product-type-variable","29":"has-default-attributes"},"tiered_pricing_type":"percentage","tiered_pricing_fixed_rules":[],"tiered_pricing_product_settings":{"layout":"default","base_unit_name":{"singular":null,"plural":null},"default_variation":null},"tiered_pricing_minimum_quantity":10,"tiered_pricing_roles_data":[],"tiered_pricing_percentage_rules":{"30":"29","50":"35","100":"40","200":"44","500":"47","1000":"49"},"tiered_pricing_maximum_quantity":null,"tiered_pricing_quantity_step":"10","_links":{"self":[{"href":"https:\/\/agoravape.com\/pt\/wp-json\/wp\/v2\/product\/18257","targetHints":{"allow":["GET"]}}],"collection":[{"href":"https:\/\/agoravape.com\/pt\/wp-json\/wp\/v2\/product"}],"about":[{"href":"https:\/\/agoravape.com\/pt\/wp-json\/wp\/v2\/types\/product"}],"replies":[{"embeddable":true,"href":"https:\/\/agoravape.com\/pt\/wp-json\/wp\/v2\/comments?post=18257"}],"version-history":[{"count":0,"href":"https:\/\/agoravape.com\/pt\/wp-json\/wp\/v2\/product\/18257\/revisions"}],"wp:featuredmedia":[{"embeddable":true,"href":"https:\/\/agoravape.com\/pt\/wp-json\/wp\/v2\/media\/18256"}],"wp:attachment":[{"href":"https:\/\/agoravape.com\/pt\/wp-json\/wp\/v2\/media?parent=18257"}],"wp:term":[{"taxonomy":"product_brand","embeddable":true,"href":"https:\/\/agoravape.com\/pt\/wp-json\/wp\/v2\/product_brand?post=18257"},{"taxonomy":"product_cat","embeddable":true,"href":"https:\/\/agoravape.com\/pt\/wp-json\/wp\/v2\/product_cat?post=18257"},{"taxonomy":"product_tag","embeddable":true,"href":"https:\/\/agoravape.com\/pt\/wp-json\/wp\/v2\/product_tag?post=18257"}],"curies":[{"name":"wp","href":"https:\/\/api.w.org\/{rel}","templated":true}]}}