{"id":18348,"date":"2025-10-20T18:16:09","date_gmt":"2025-10-20T10:16:09","guid":{"rendered":"https:\/\/green-grasshopper-921422.hostingersite.com\/?post_type=product&#038;p=18348"},"modified":"2026-01-12T13:50:21","modified_gmt":"2026-01-12T05:50:21","slug":"uwin-randm-tornado-60k-vape-de-triplo-sabor","status":"publish","type":"product","link":"https:\/\/agoravape.com\/pt\/product\/uwin-randm-tornado-60k-triple-flavor-vape\/","title":{"rendered":"Uwin RandM Tornado 60K Puffs 3 em 1 Vape descart\u00e1vel | Tr\u00eas sabores, at\u00e9 60K Puffs"},"content":{"rendered":"<h2 data-v-md-heading=\"what-is-special-about-the-uwin-randm-tornado-60k-disposable-vape\" data-v-md-line=\"3\">O que tem de especial o vape descart\u00e1vel Uwin RandM Tornado 60K?<\/h2>\n<p data-v-md-line=\"4\">Se est\u00e1 cansado do sabor mon\u00f3tono dia ap\u00f3s dia, este produto pode resolver perfeitamente este problema. A Uwin RandM Tornado 60K integra tr\u00eas sabores num s\u00f3 dispositivo, com uma capacidade m\u00e1xima de 60000 picadas. Desfrute de uma variedade de sabores sem esfor\u00e7o e sem qualquer esfor\u00e7o. N\u00e3o \u00e9 necess\u00e1rio utilizar garrafas de e-l\u00edquido, nem substituir os cartuchos.<\/p>\n<p data-v-md-line=\"6\">\u00c9 adequado para todos os que procuram um estilo de vida descontra\u00eddo. Quer se trate de utilizadores di\u00e1rios de vaporizadores, trabalhadores pendulares ou viajantes. Pode pensar-se que ter tantas baforadas de vaporizadores o tornaria volumoso, mas o Tornado 60K cabe facilmente num bolso e \u00e9 confort\u00e1vel de segurar na m\u00e3o.<\/p>\n<h2 data-v-md-heading=\"excellent-performance-easy-and-convenient\" data-v-md-line=\"8\">Excelente desempenho, f\u00e1cil e pr\u00e1tico<\/h2>\n<p data-v-md-line=\"9\">A bobina de malha est\u00e1 localizada na sua posi\u00e7\u00e3o central, garantindo uma suc\u00e7\u00e3o suave e forte do in\u00edcio ao fim. Quando a bateria estiver fraca, basta ligar o cabo de dados Tipo C para carregar rapidamente. Os n\u00edveis da bateria e do e-l\u00edquido t\u00eam luzes indicadoras claras, o que facilita a sua visualiza\u00e7\u00e3o imediata.<\/p>\n<h2 data-v-md-heading=\"specification-introduction\" data-v-md-line=\"11\">Introdu\u00e7\u00e3o \u00e0 especifica\u00e7\u00e3o<\/h2>\n<ul data-v-md-line=\"12\">\n<li>Frequ\u00eancia de suc\u00e7\u00e3o: at\u00e9 60.000 vezes<\/li>\n<li>Teor de nicotina: 0%, 2%, 3%, ou 5%<\/li>\n<li>Princ\u00edpio de funcionamento: Ativa-se com apenas uma tragada.<\/li>\n<li>M\u00e9todo de carregamento: Interface USB Tipo-C padr\u00e3o<\/li>\n<li>Status: Pronto para usar assim que sai da caixa<\/li>\n<li>N\u00facleo de atomiza\u00e7\u00e3o: tipo malha<\/li>\n<li>Bateria: Bateria de cobalto recarreg\u00e1vel de 650 mAh<\/li>\n<li>Tamanho: 47 \u00d7 47 \u00d7 116 mil\u00edmetros<\/li>\n<li>Luzes indicadoras: luz indicadora do n\u00edvel da bateria e luz indicadora do n\u00edvel de e-l\u00edquido<\/li>\n<li>Triplo em um: Tr\u00eas combina\u00e7\u00f5es de sabores<\/li>\n<\/ul>\n<h2 data-v-md-heading=\"complete-flavor-series\" data-v-md-line=\"23\">S\u00e9rie completa de sabores<\/h2>\n<p data-v-md-line=\"24\">Cada aparelho est\u00e1 equipado com tr\u00eas sabores. Dez conjuntos de sabores \u00e0 escolha:<\/p>\n<ul data-v-md-line=\"25\">\n<li>Cereja gelada\/Morango Red Bull\/Framboesa azul<\/li>\n<li>Gelo de mirtilo\/melancia com morango\/melancia com morango e framboesa com cereja<\/li>\n<li>Limonada cor-de-rosa\/gelo de baunilha\/confeito de morango e framboesa<\/li>\n<li>Morango kiwi\/Love 66 (mel\u00e3o de maracuj\u00e1)\/gelo de mirtilo<\/li>\n<li>Lim\u00e3o, lima, morango, banana, frutos mistos<\/li>\n<li>Gelo de melancia\/Gelo de cola\/Mr. Blue<\/li>\n<li>Summer Peach Ice\/Blueberry Raspberry\/Strawberry Red Bull<\/li>\n<li>Kiwi maracuj\u00e1 goiaba\/p\u00eassego manga\/melancia framboesa<\/li>\n<li>Red Bull\/Cherry Ice\/Lim\u00e3o<\/li>\n<li>Gelo de morango\/Gelo de p\u00eassego de ver\u00e3o\/Gelo de uva<\/li>\n<\/ul>\n<h2 data-v-md-heading=\"for-you-and-your-business\" data-v-md-line=\"36\">Para voc\u00ea e sua empresa<\/h2>\n<p data-v-md-line=\"37\">Se voc\u00ea deseja um vaporizador confi\u00e1vel, duradouro, f\u00e1cil de carregar e vers\u00e1til, escolha o Uwin. <a class=\"wpil_keyword_link\" title=\"RandM\" href=\"https:\/\/agoravape.com\/pt\/vape-por-marca\/randm\/\" data-wpil-keyword-link=\"linked\" data-wpil-monitor-id=\"7\">RandM<\/a> Tornado 60K. Simplifica tudo e permite que continue a utiliz\u00e1-lo.<\/p>\n<p data-v-md-line=\"39\">A prepara\u00e7\u00e3o para lojas de retalho ou sal\u00f5es \u00e9 igualmente simples. 10 unidades por caixa grossista e 160 unidades por caixa normal. Fornecemos servi\u00e7os de entrega DDP em toda a Europa atrav\u00e9s de parceiros de confian\u00e7a como a UPS, DPD e DHL, garantindo que recebe pre\u00e7os claros e evitando surpresas alfandeg\u00e1rias.<\/p>\n<h2 data-v-md-heading=\"why-do-you-like-it\" data-v-md-line=\"41\">Por que voc\u00ea gosta disso?<\/h2>\n<ul data-v-md-line=\"42\">\n<li>Suc\u00e7\u00e3o maci\u00e7a: at\u00e9 60000 baforadas, o que significa menos pedidos repetidos e interrup\u00e7\u00f5es.<\/li>\n<li>Op\u00e7\u00f5es de teor de nicotina: 0%, 2%, 3% ou 5%, pode escolher o teor de nicotina mais adequado para si.<\/li>\n<li>Recarreg\u00e1vel: O carregamento Tipo C ajuda voc\u00ea a aproveitar at\u00e9 a \u00faltima gota de e-l\u00edquido.<\/li>\n<li>Bobina de malha: Pode obter-se um sabor consistente e satisfat\u00f3rio com cada suc\u00e7\u00e3o.<\/li>\n<li>Sabores triplos: Um dispositivo tem tr\u00eas sabores, sem necessidade de substituir o kit, mantendo-o fresco.<\/li>\n<li>Luzes indicadoras claras: Os n\u00edveis da bateria e do e-l\u00edquido s\u00e3o claros num relance, poupando o trabalho de adivinhar.<\/li>\n<\/ul>\n<h2 data-v-md-heading=\"why-choose-to-collaborate-with-agoravape\" data-v-md-line=\"49\">Por que escolher colaborar com a AgoraVape?<\/h2>\n<p data-v-md-line=\"50\">Fornecemos produtos genu\u00ednos 100% a pre\u00e7os grossistas com desconto e prestamos um apoio fi\u00e1vel. Fornecemos servi\u00e7os de entrega DDP r\u00e1pidos e fi\u00e1veis em toda a Europa, assegurando que o seu invent\u00e1rio de prateleiras \u00e9 suficiente e que os custos s\u00e3o control\u00e1veis. Bem-vindo a discutir connosco o vape descart\u00e1vel Uwin RandM Tornado 60K Puffs tr\u00eas em um, criando um produto vape altamente aclamado e altamente antecipado que atrai clientes.<\/p>","protected":false},"excerpt":{"rendered":"<p>&nbsp;<\/p>\n<p><script src=\"chrome-extension:\/\/fpelahbljekknahkcaegamhcndkfpfnc\/iFrame.js\" type=\"text\/javascript\"><\/script><\/p>\n<p><script src=\"chrome-extension:\/\/fpelahbljekknahkcaegamhcndkfpfnc\/iFrame.js\" type=\"text\/javascript\"><\/script><\/p>\n<p><script src=\"chrome-extension:\/\/fpelahbljekknahkcaegamhcndkfpfnc\/iFrame.js\" type=\"text\/javascript\"><\/script><\/p>\n<p><script src=\"chrome-extension:\/\/fpelahbljekknahkcaegamhcndkfpfnc\/iFrame.js\" type=\"text\/javascript\"><\/script><\/p>\n<p><script src=\"chrome-extension:\/\/fpelahbljekknahkcaegamhcndkfpfnc\/iFrame.js\" type=\"text\/javascript\"><\/script><\/p>\n<p><script src=\"chrome-extension:\/\/fpelahbljekknahkcaegamhcndkfpfnc\/iFrame.js\" type=\"text\/javascript\"><\/script><\/p>\n<p><script src=\"chrome-extension:\/\/fpelahbljekknahkcaegamhcndkfpfnc\/iFrame.js\" type=\"text\/javascript\"><\/script><\/p>\n<p><script src=\"chrome-extension:\/\/fpelahbljekknahkcaegamhcndkfpfnc\/iFrame.js\" type=\"text\/javascript\"><\/script><\/p>\n<p><script src=\"chrome-extension:\/\/fpelahbljekknahkcaegamhcndkfpfnc\/iFrame.js\" type=\"text\/javascript\"><\/script><\/p>\n<p><script src=\"chrome-extension:\/\/fpelahbljekknahkcaegamhcndkfpfnc\/iFrame.js\" type=\"text\/javascript\"><\/script><\/p>\n<p><script src=\"chrome-extension:\/\/fpelahbljekknahkcaegamhcndkfpfnc\/iFrame.js\" type=\"text\/javascript\"><\/script><\/p>\n<p><script src=\"chrome-extension:\/\/fpelahbljekknahkcaegamhcndkfpfnc\/iFrame.js\" type=\"text\/javascript\"><\/script><\/p>\n<p><script src=\"chrome-extension:\/\/fpelahbljekknahkcaegamhcndkfpfnc\/iFrame.js\" type=\"text\/javascript\"><\/script><\/p>\n<p><script src=\"chrome-extension:\/\/fpelahbljekknahkcaegamhcndkfpfnc\/iFrame.js\" type=\"text\/javascript\"><\/script><\/p>\n<p><script src=\"chrome-extension:\/\/fpelahbljekknahkcaegamhcndkfpfnc\/iFrame.js\" type=\"text\/javascript\"><\/script><\/p>\n<p><script src=\"chrome-extension:\/\/fpelahbljekknahkcaegamhcndkfpfnc\/iFrame.js\" type=\"text\/javascript\"><\/script><\/p>\n<p><script src=\"chrome-extension:\/\/fpelahbljekknahkcaegamhcndkfpfnc\/iFrame.js\" type=\"text\/javascript\"><\/script><\/p>\n<p><script src=\"chrome-extension:\/\/fpelahbljekknahkcaegamhcndkfpfnc\/iFrame.js\" type=\"text\/javascript\"><\/script><\/p>\n<p><script src=\"chrome-extension:\/\/fpelahbljekknahkcaegamhcndkfpfnc\/iFrame.js\" type=\"text\/javascript\"><\/script><\/p>","protected":false},"featured_media":18347,"comment_status":"open","ping_status":"closed","template":"","meta":[],"product_brand":[244],"product_cat":[124,187,185,189,195,174,175,193,191,179,171,173,186,180,190,192],"product_tag":[],"class_list":{"0":"post-18348","1":"product","2":"type-product","3":"status-publish","4":"has-post-thumbnail","6":"product_brand-uwin","7":"product_cat-vape-by-brand","8":"product_cat-0mg-nicotine-free-vapes","9":"product_cat-10000-puffs-high-capacity","10":"product_cat-20mg-standard-nicotine-vapes","11":"product_cat-dual-flavor-switch","12":"product_cat-fruit-flavors","13":"product_cat-icy-mint","14":"product_cat-mesh-coil","15":"product_cat-rechargeable-disposables","16":"product_cat-unique-blends","17":"product_cat-uwin","18":"product_cat-vape-by-flavor-profile","19":"product_cat-vape-by-nicotine-strength","20":"product_cat-vape-by-puff-count","21":"product_cat-vape-by-feature-or-type","22":"product_cat-vapes-with-screens","24":"first","25":"instock","26":"shipping-taxable","27":"purchasable","28":"product-type-variable","29":"has-default-attributes"},"tiered_pricing_type":"percentage","tiered_pricing_fixed_rules":[],"tiered_pricing_product_settings":{"layout":"default","base_unit_name":{"singular":null,"plural":null},"default_variation":null},"tiered_pricing_minimum_quantity":100,"tiered_pricing_roles_data":[],"tiered_pricing_percentage_rules":{"200":"44","500":"47","1000":"49"},"tiered_pricing_maximum_quantity":null,"tiered_pricing_quantity_step":"10","_links":{"self":[{"href":"https:\/\/agoravape.com\/pt\/wp-json\/wp\/v2\/product\/18348","targetHints":{"allow":["GET"]}}],"collection":[{"href":"https:\/\/agoravape.com\/pt\/wp-json\/wp\/v2\/product"}],"about":[{"href":"https:\/\/agoravape.com\/pt\/wp-json\/wp\/v2\/types\/product"}],"replies":[{"embeddable":true,"href":"https:\/\/agoravape.com\/pt\/wp-json\/wp\/v2\/comments?post=18348"}],"version-history":[{"count":0,"href":"https:\/\/agoravape.com\/pt\/wp-json\/wp\/v2\/product\/18348\/revisions"}],"wp:featuredmedia":[{"embeddable":true,"href":"https:\/\/agoravape.com\/pt\/wp-json\/wp\/v2\/media\/18347"}],"wp:attachment":[{"href":"https:\/\/agoravape.com\/pt\/wp-json\/wp\/v2\/media?parent=18348"}],"wp:term":[{"taxonomy":"product_brand","embeddable":true,"href":"https:\/\/agoravape.com\/pt\/wp-json\/wp\/v2\/product_brand?post=18348"},{"taxonomy":"product_cat","embeddable":true,"href":"https:\/\/agoravape.com\/pt\/wp-json\/wp\/v2\/product_cat?post=18348"},{"taxonomy":"product_tag","embeddable":true,"href":"https:\/\/agoravape.com\/pt\/wp-json\/wp\/v2\/product_tag?post=18348"}],"curies":[{"name":"wp","href":"https:\/\/api.w.org\/{rel}","templated":true}]}}