{"id":18992,"date":"2025-10-29T12:21:25","date_gmt":"2025-10-29T04:21:25","guid":{"rendered":"https:\/\/agoravape.com\/?post_type=product&#038;p=18992"},"modified":"2026-01-19T22:00:08","modified_gmt":"2026-01-19T14:00:08","slug":"bang-b50k-50000-puffs-vape-descartavel","status":"publish","type":"product","link":"https:\/\/agoravape.com\/pt\/product\/bang-b50k-50000-puffs-disposable-vape\/","title":{"rendered":"Bang B50K Vape Descart\u00e1vel de Alta Capacidade com 50.000 Puffs | Grande Capacidade, F\u00e1cil Carregamento"},"content":{"rendered":"<h2 data-v-md-heading=\"what-is-special-about-bang-b50k-50000-capacity-disposable-vape\" data-v-md-line=\"3\">O que tem de especial o vape descart\u00e1vel Bang B50K de capacidade 50000?<\/h2>\n<p data-v-md-line=\"5\">Se est\u00e1 cansado dos vapes descart\u00e1veis que perdem a energia em poucos dias, este produto vai facilitar-lhe a vida. O Bang B50K tem uma autonomia de at\u00e9 50000 unidades, equipado com 36ml de e-l\u00edquido de grande capacidade e bateria recarreg\u00e1vel. Dur\u00e1vel e de longa dura\u00e7\u00e3o, n\u00e3o necessita de opera\u00e7\u00f5es aborrecidas.<\/p>\n<p data-v-md-line=\"7\">Se pretende um vape fi\u00e1vel, delicioso e f\u00e1cil de utilizar, ent\u00e3o esta \u00e9 a sua escolha ideal. Sem opera\u00e7\u00e3o de menu, sem inje\u00e7\u00e3o de \u00f3leo e sem necessidade de substituir o n\u00facleo de atomiza\u00e7\u00e3o. Pode parecer que um dispositivo de t\u00e3o grande capacidade \u00e9 volumoso, mas cabe facilmente num bolso e tem um aspeto elegante e bonito quando colocado numa secret\u00e1ria.<\/p>\n<h2 data-v-md-heading=\"excellent-performance-and-easy-operation\" data-v-md-line=\"9\">Excelente desempenho e opera\u00e7\u00e3o f\u00e1cil.<\/h2>\n<p data-v-md-line=\"11\">O componente central da B50K \u00e9 o n\u00facleo atomizador de malha, pelo que o sabor permanece consistente desde a primeira at\u00e9 \u00e0 \u00faltima dentada. As bebidas mistas com sabor a fruta derretem na boca, com um sabor refrescante, e o mentol tem um sabor refrescante. Quando a bateria estiver fraca, pode utilizar o cabo de dados Tipo C que pode ter sido utilizado no seu telem\u00f3vel para a carregar. Ligue a ficha \u00e0 corrente e continue a desfrutar.<\/p>\n<h2 data-v-md-heading=\"quick-specifications\" data-v-md-line=\"13\">Especifica\u00e7\u00f5es r\u00e1pidas<\/h2>\n<ul data-v-md-line=\"15\">\n<li>\n<p data-v-md-line=\"15\">Frequ\u00eancia de consumo: at\u00e9 50.000 tragadas<\/p>\n<\/li>\n<li>\n<p data-v-md-line=\"17\">Concentra\u00e7\u00e3o de nicotina: 0%, 2%, 3%, 5% opcional<\/p>\n<\/li>\n<li>\n<p data-v-md-line=\"19\">Capacidade do e-l\u00edquido: 36 ml<\/p>\n<\/li>\n<li>\n<p data-v-md-line=\"21\">Bateria: bateria recarreg\u00e1vel de 650 mAh<\/p>\n<\/li>\n<li>\n<p data-v-md-line=\"23\">Bobina: bobina de malha de 1,09 \u03a9<\/p>\n<\/li>\n<li>\n<p data-v-md-line=\"25\">Modo de usar: Inale para ativar.<\/p>\n<\/li>\n<li>\n<p data-v-md-line=\"27\">M\u00e9todo de carregamento: Interface USB Tipo-C padr\u00e3o<\/p>\n<\/li>\n<li>\n<p data-v-md-line=\"29\">Status: Pronto para usar assim que sai da caixa<\/p>\n<\/li>\n<\/ul>\n<h2 data-v-md-heading=\"complete-flavor-lineup\" data-v-md-line=\"31\">Linha completa de sabores<\/h2>\n<ul data-v-md-line=\"33\">\n<li>\n<p data-v-md-line=\"33\">Como<\/p>\n<\/li>\n<li>\n<p data-v-md-line=\"35\">Hortel\u00e3 com mirtilo<\/p>\n<\/li>\n<li>\n<p data-v-md-line=\"37\">Ma\u00e7\u00e3s Duplas<\/p>\n<\/li>\n<li>\n<p data-v-md-line=\"39\">Sorvete de p\u00eassego<\/p>\n<\/li>\n<li>\n<p data-v-md-line=\"41\">Mirtilos e framboesas<\/p>\n<\/li>\n<li>\n<p data-v-md-line=\"43\">Pista de gelo azul<\/p>\n<\/li>\n<li>\n<p data-v-md-line=\"45\">Mirtilos e p\u00eassegos<\/p>\n<\/li>\n<li>\n<p data-v-md-line=\"47\">Melancia<\/p>\n<\/li>\n<li>\n<p data-v-md-line=\"49\">Melancia de morango<\/p>\n<\/li>\n<li>\n<p data-v-md-line=\"51\">Lichia de morango<\/p>\n<\/li>\n<li>\n<p data-v-md-line=\"53\">Menta de uva<\/p>\n<\/li>\n<li>\n<p data-v-md-line=\"55\">Frutas mistas<\/p>\n<\/li>\n<\/ul>\n<h2 data-v-md-heading=\"suitable-for-individuals-and-businesses\" data-v-md-line=\"57\">Indicado para pessoas f\u00edsicas e jur\u00eddicas<\/h2>\n<p data-v-md-line=\"59\">Est\u00e1 a comprar para si pr\u00f3prio? Escolha o seu sabor preferido e a concentra\u00e7\u00e3o de nicotina para satisfazer as suas necessidades a longo prazo. A bateria recarreg\u00e1vel significa que pode realmente utilizar 36 mililitros de e-l\u00edquido sem o desperdi\u00e7ar.<\/p>\n<p data-v-md-line=\"61\">Tem uma loja f\u00edsica ou uma loja online? O Bang B50K pode ser vendido por grosso, com 10 unidades por caixa. Tamb\u00e9m oferecemos embalagens de caixa completa de 20 unidades por caixa para armazenamento e transporte conveniente e eficiente. Cooperamos com parceiros como a UPS, DPD e DHL para fornecer servi\u00e7os de envio DDP na Europa, tratar de quest\u00f5es de desalfandegamento com anteced\u00eancia e evitar quaisquer acidentes durante a rece\u00e7\u00e3o.<\/p>\n<h2 data-v-md-heading=\"reasons-why-you-will-like-it\" data-v-md-line=\"63\">Reasons why you will like it<\/h2>\n<ul data-v-md-line=\"65\">\n<li>\n<p data-v-md-line=\"65\">Dura\u00e7\u00e3o ultra longa da bateria: at\u00e9 50000 unidades, reduzindo o n\u00famero de substitui\u00e7\u00f5es e idas \u00e0 loja.<\/p>\n<\/li>\n<li>\n<p data-v-md-line=\"67\">Est\u00e3o dispon\u00edveis v\u00e1rias concentra\u00e7\u00f5es de nicotina: 0%, 2%, 3%, ou 5% para satisfazer as suas necessidades personalizadas.<\/p>\n<\/li>\n<li>\n<p data-v-md-line=\"69\">Recarreg\u00e1vel: Interface de carregamento tipo C, que lhe permite utilizar todas as gotas de e-l\u00edquido.<\/p>\n<\/li>\n<li>\n<p data-v-md-line=\"71\">N\u00facleo do atomizador em malha: Cada inala\u00e7\u00e3o proporciona um sabor suave e est\u00e1vel.<\/p>\n<\/li>\n<li>\n<p data-v-md-line=\"73\">Pr\u00e1tico de utilizar: Design de ativa\u00e7\u00e3o por inala\u00e7\u00e3o, f\u00e1cil de utilizar.<\/p>\n<\/li>\n<\/ul>\n<h2 data-v-md-heading=\"why-choose-to-collaborate-with-agoravape\" data-v-md-line=\"75\">Por que escolher colaborar com a AgoraVape?<\/h2>\n<p data-v-md-line=\"77\">Vendemos apenas produtos genu\u00ednos 100% e somos respons\u00e1veis pelos produtos que vendemos. Os clientes empresariais podem usufruir de pre\u00e7os grossistas com desconto, apoio t\u00e9cnico de resposta r\u00e1pida e servi\u00e7os de entrega DDP para os vapores descart\u00e1veis de grande capacidade Bang B50K 50000. Contacte-nos imediatamente para obter este vape descart\u00e1vel de grande capacidade fi\u00e1vel que os seus clientes v\u00e3o adorar.<\/p>\n<p><script src=\"chrome-extension:\/\/fpelahbljekknahkcaegamhcndkfpfnc\/iFrame.js\" type=\"text\/javascript\"><\/script><\/p>","protected":false},"excerpt":{"rendered":"<p>Bang B50K com a sua enorme contagem de 50.000 baforadas e capacidade para 36 ml de e-l\u00edquido. Possui uma bateria recarreg\u00e1vel e uma bobina de malha para um sabor consistentemente suave. Vaping f\u00e1cil e duradouro.<\/p>","protected":false},"featured_media":19004,"comment_status":"open","ping_status":"closed","template":"","meta":[],"product_brand":[197],"product_cat":[124,187,185,189,1641,123,174,175,193,191,173,186,180,190],"product_tag":[],"class_list":{"0":"post-18992","1":"product","2":"type-product","3":"status-publish","4":"has-post-thumbnail","6":"product_brand-bang","7":"product_cat-vape-by-brand","8":"product_cat-0mg-nicotine-free-vapes","9":"product_cat-10000-puffs-high-capacity","10":"product_cat-20mg-standard-nicotine-vapes","11":"product_cat-50000-puffs","12":"product_cat-bang","13":"product_cat-fruit-flavors","14":"product_cat-icy-mint","15":"product_cat-mesh-coil","16":"product_cat-rechargeable-disposables","17":"product_cat-vape-by-flavor-profile","18":"product_cat-vape-by-nicotine-strength","19":"product_cat-vape-by-puff-count","20":"product_cat-vape-by-feature-or-type","22":"first","23":"onbackorder","24":"shipping-taxable","25":"purchasable","26":"product-type-variable","27":"has-default-attributes"},"tiered_pricing_type":"percentage","tiered_pricing_fixed_rules":[],"tiered_pricing_product_settings":{"layout":"default","base_unit_name":{"singular":null,"plural":null},"default_variation":null},"tiered_pricing_minimum_quantity":10,"tiered_pricing_roles_data":[],"tiered_pricing_percentage_rules":{"30":"29","50":"35","100":"40","200":"44","500":"47","1000":"49"},"tiered_pricing_maximum_quantity":null,"tiered_pricing_quantity_step":"10","_links":{"self":[{"href":"https:\/\/agoravape.com\/pt\/wp-json\/wp\/v2\/product\/18992","targetHints":{"allow":["GET"]}}],"collection":[{"href":"https:\/\/agoravape.com\/pt\/wp-json\/wp\/v2\/product"}],"about":[{"href":"https:\/\/agoravape.com\/pt\/wp-json\/wp\/v2\/types\/product"}],"replies":[{"embeddable":true,"href":"https:\/\/agoravape.com\/pt\/wp-json\/wp\/v2\/comments?post=18992"}],"version-history":[{"count":0,"href":"https:\/\/agoravape.com\/pt\/wp-json\/wp\/v2\/product\/18992\/revisions"}],"wp:featuredmedia":[{"embeddable":true,"href":"https:\/\/agoravape.com\/pt\/wp-json\/wp\/v2\/media\/19004"}],"wp:attachment":[{"href":"https:\/\/agoravape.com\/pt\/wp-json\/wp\/v2\/media?parent=18992"}],"wp:term":[{"taxonomy":"product_brand","embeddable":true,"href":"https:\/\/agoravape.com\/pt\/wp-json\/wp\/v2\/product_brand?post=18992"},{"taxonomy":"product_cat","embeddable":true,"href":"https:\/\/agoravape.com\/pt\/wp-json\/wp\/v2\/product_cat?post=18992"},{"taxonomy":"product_tag","embeddable":true,"href":"https:\/\/agoravape.com\/pt\/wp-json\/wp\/v2\/product_tag?post=18992"}],"curies":[{"name":"wp","href":"https:\/\/api.w.org\/{rel}","templated":true}]}}