{"id":19021,"date":"2025-10-29T12:45:42","date_gmt":"2025-10-29T04:45:42","guid":{"rendered":"https:\/\/agoravape.com\/?post_type=product&#038;p=19021"},"modified":"2026-03-21T12:44:22","modified_gmt":"2026-03-21T11:44:22","slug":"capsula-de-substituicao-bang-40k-10ml","status":"publish","type":"product","link":"https:\/\/agoravape.com\/pt\/product\/bang-40k-10ml-replacement-pod\/","title":{"rendered":"C\u00e1psula de reposi\u00e7\u00e3o para e-l\u00edquido Bang 40K de 10ml | Grande capacidade, troca simples"},"content":{"rendered":"<h2 data-v-md-heading=\"what-are-the-advantages-of-replacing-e-liquid-cartridges-with-bang-40k-10ml\" data-v-md-line=\"3\"><img loading=\"lazy\" decoding=\"async\" class=\"aligncenter wp-image-19059 size-full\" src=\"https:\/\/agoravape.com\/wp-content\/uploads\/2025\/10\/Bang-40K-10ml-Replacement-E-liquid-Pod-Big-Capacity-Simple-Swap_Agora_vape-25.webp\" alt=\"\" width=\"2275\" height=\"1280\" srcset=\"https:\/\/agoravape.com\/wp-content\/uploads\/2025\/10\/Bang-40K-10ml-Replacement-E-liquid-Pod-Big-Capacity-Simple-Swap_Agora_vape-25.webp 2275w, https:\/\/agoravape.com\/wp-content\/uploads\/2025\/10\/Bang-40K-10ml-Replacement-E-liquid-Pod-Big-Capacity-Simple-Swap_Agora_vape-25-1200x675.webp 1200w, https:\/\/agoravape.com\/wp-content\/uploads\/2025\/10\/Bang-40K-10ml-Replacement-E-liquid-Pod-Big-Capacity-Simple-Swap_Agora_vape-25-300x169.webp 300w, https:\/\/agoravape.com\/wp-content\/uploads\/2025\/10\/Bang-40K-10ml-Replacement-E-liquid-Pod-Big-Capacity-Simple-Swap_Agora_vape-25-1024x576.webp 1024w, https:\/\/agoravape.com\/wp-content\/uploads\/2025\/10\/Bang-40K-10ml-Replacement-E-liquid-Pod-Big-Capacity-Simple-Swap_Agora_vape-25-768x432.webp 768w, https:\/\/agoravape.com\/wp-content\/uploads\/2025\/10\/Bang-40K-10ml-Replacement-E-liquid-Pod-Big-Capacity-Simple-Swap_Agora_vape-25-1536x864.webp 1536w, https:\/\/agoravape.com\/wp-content\/uploads\/2025\/10\/Bang-40K-10ml-Replacement-E-liquid-Pod-Big-Capacity-Simple-Swap_Agora_vape-25-2048x1152.webp 2048w\" sizes=\"auto, (max-width: 2275px) 100vw, 2275px\" \/><\/h2>\n<h2 data-v-md-heading=\"what-are-the-advantages-of-replacing-e-liquid-cartridges-with-bang-40k-10ml\" data-v-md-line=\"3\">Quais s\u00e3o as vantagens de substituir os cartuchos de e-l\u00edquidos pelo Bang 40K 10ml?<\/h2>\n<p data-v-md-line=\"5\">Se est\u00e1 cansado de olear as suas pequenas bombas de cigarro dia sim, dia n\u00e3o, ent\u00e3o este produto \u00e9 definitivamente adequado para si. Cartucho de e-l\u00edquido de substitui\u00e7\u00e3o Bang 40K 10ml com uma capacidade de at\u00e9 10ml, design pr\u00e9-oleado, instala\u00e7\u00e3o r\u00e1pida, permitindo-lhe desfrutar de um sabor rico. N\u00e3o h\u00e1 necessidade de garrafas de e-l\u00edquido, diga adeus \u00e0 sujidade, basta substituir facilmente e continuar a usar.<\/p>\n<p data-v-md-line=\"7\">Se j\u00e1 utiliza o equipamento Bang 40K e pretende uma maior capacidade de e-l\u00edquido, ent\u00e3o este produto \u00e9 a sua escolha ideal. \u00c9 adequado para todos os utilizadores que procuram uma experi\u00eancia de cigarro eletr\u00f3nico fi\u00e1vel, deliciosa e conveniente.<\/p>\n<h2 data-v-md-heading=\"excellent-performance-and-easy-operation\" data-v-md-line=\"9\">Excelente desempenho e opera\u00e7\u00e3o f\u00e1cil.<\/h2>\n<p data-v-md-line=\"11\">Este exaustor de gama pr\u00e9-cheio selado garante um sabor consistentemente rico do in\u00edcio ao fim. N\u00e3o h\u00e1 necessidade de lubrifica\u00e7\u00e3o pr\u00e9via, nem de opera\u00e7\u00f5es aborrecidas. Basta coloc\u00e1-lo no seu aparelho Bang 40K e pode utiliz\u00e1-lo imediatamente. Pode pensar que a substitui\u00e7\u00e3o do cartucho de cigarros \u00e9 inc\u00f3moda, mas na realidade demora apenas alguns segundos.<\/p>\n<h2 data-v-md-heading=\"quick-specifications\" data-v-md-line=\"13\">Especifica\u00e7\u00f5es r\u00e1pidas<\/h2>\n<ul data-v-md-line=\"15\">\n<li>Frequ\u00eancia de fumo: fabricante n\u00e3o especificado (exaustor de 10 ml pr\u00e9-cheio)<\/li>\n<li>Teor de nicotina: a oferta pode variar consoante o mercado e o gosto<\/li>\n<li>Utiliza\u00e7\u00e3o: Adequado para equipamento Bang 40K, cartucho de substitui\u00e7\u00e3o do tipo prensa<\/li>\n<li>Carregamento: O cartucho de cigarros n\u00e3o necessita de ser carregado. Carregue o seu dispositivo Bang 40K como habitualmente<\/li>\n<li>Estado: Pr\u00e9-preenchido com \u00f3leo, pronto a utilizar ao abrir a caixa<\/li>\n<\/ul>\n<h2 data-v-md-heading=\"complete-flavor-lineup\" data-v-md-line=\"21\">Linha completa de sabores<\/h2>\n<ul data-v-md-line=\"23\">\n<li>Gelo de Melancia<\/li>\n<li>Morango e Manga<\/li>\n<li>Melancia de morango<\/li>\n<li>Sorvete de uva<\/li>\n<li>Homem Melancia<\/li>\n<li>Mirtilos e framboesas<\/li>\n<li>Pista de gelo azul<\/li>\n<li>Morango e banana<\/li>\n<li>Mirtilos e Melancias<\/li>\n<li>Red Bull<\/li>\n<li>morango kiwi<\/li>\n<li>Frutas vermelhas misturadas<\/li>\n<\/ul>\n<p><img loading=\"lazy\" decoding=\"async\" class=\"aligncenter wp-image-19046 size-full\" src=\"https:\/\/agoravape.com\/wp-content\/uploads\/2025\/10\/Bang-40K-10ml-Replacement-E-liquid-Pod-Big-Capacity-Simple-Swap_Agora_vape-12.webp\" alt=\"\" width=\"1920\" height=\"1080\" srcset=\"https:\/\/agoravape.com\/wp-content\/uploads\/2025\/10\/Bang-40K-10ml-Replacement-E-liquid-Pod-Big-Capacity-Simple-Swap_Agora_vape-12.webp 1920w, https:\/\/agoravape.com\/wp-content\/uploads\/2025\/10\/Bang-40K-10ml-Replacement-E-liquid-Pod-Big-Capacity-Simple-Swap_Agora_vape-12-1200x675.webp 1200w, https:\/\/agoravape.com\/wp-content\/uploads\/2025\/10\/Bang-40K-10ml-Replacement-E-liquid-Pod-Big-Capacity-Simple-Swap_Agora_vape-12-300x169.webp 300w, https:\/\/agoravape.com\/wp-content\/uploads\/2025\/10\/Bang-40K-10ml-Replacement-E-liquid-Pod-Big-Capacity-Simple-Swap_Agora_vape-12-1024x576.webp 1024w, https:\/\/agoravape.com\/wp-content\/uploads\/2025\/10\/Bang-40K-10ml-Replacement-E-liquid-Pod-Big-Capacity-Simple-Swap_Agora_vape-12-768x432.webp 768w, https:\/\/agoravape.com\/wp-content\/uploads\/2025\/10\/Bang-40K-10ml-Replacement-E-liquid-Pod-Big-Capacity-Simple-Swap_Agora_vape-12-1536x864.webp 1536w\" sizes=\"auto, (max-width: 1920px) 100vw, 1920px\" \/><\/p>\n<h2 data-v-md-heading=\"suitable-for-you-and-your-business\" data-v-md-line=\"36\">Ideal para voc\u00ea e para o seu neg\u00f3cio.<\/h2>\n<p data-v-md-line=\"38\">Pode comprar cartuchos de cigarros individuais para uso pessoal ou armazenar para a sua loja. Fornecemos 240 cartuchos de cigarros por caixa por grosso, com um tamanho de caixa de cart\u00e3o de 26 \u00d7 22 \u00d7 27,5 cent\u00edmetros e um peso bruto de 5,75 quilogramas. Um \u00fanico cartucho de cigarros pesa cerca de 20 gramas, o que o ajuda a fazer planos de expedi\u00e7\u00e3o precisos.<\/p>\n<p data-v-md-line=\"40\">Colaboramos com parceiros de confian\u00e7a como a UPS, DPD e DHL para fornecer servi\u00e7os DDP (Delivered Duty Paid) (se aplic\u00e1vel) em toda a Europa, assegurando o pr\u00e9-pagamento de direitos aduaneiros e impostos. N\u00e3o tem de se preocupar com taxas alfandeg\u00e1rias e pode usufruir de um servi\u00e7o completo de seguimento porta-a-porta.<\/p>\n<p data-v-md-line=\"42\">Relativamente \u00e0 conformidade: Este produto \u00e9 um cartucho pr\u00e9-carregado de 10 ml e, de acordo com a Diretiva relativa aos produtos do tabaco da UE (TPD), o limite superior da capacidade dos cartuchos pr\u00e9-carregados \u00e9 de 2 ml, o que pode n\u00e3o estar em conformidade com os regulamentos de retalho em muitos pa\u00edses da UE. Servimos canais conformes, bem como mercados europeus n\u00e3o comunit\u00e1rios. Antes de efetuar uma encomenda, verifique os regulamentos relevantes na sua localidade.<\/p>\n<h2 data-v-md-heading=\"reasons-why-you-will-like-it\" data-v-md-line=\"44\">Reasons why you will like it<\/h2>\n<ul data-v-md-line=\"46\">\n<li>Grande capacidade de 10 ml: reduz os tempos de substitui\u00e7\u00e3o, desfruta de comida deliciosa ao m\u00e1ximo<\/li>\n<li>F\u00e1cil de limpar: vedante de \u00f3leo pr\u00e9-cheio, sem necessidade de garrafas de \u00f3leo adicionais, diga adeus \u00e0 sujidade e \u00e0 desordem<\/li>\n<li>Substitui\u00e7\u00e3o r\u00e1pida dos cartuchos de cigarros: basta premir para instalar, permitindo-lhe desfrutar facilmente dos cigarros electr\u00f3nicos<\/li>\n<li>Sele\u00e7\u00e3o de sabores: Sabores mistos ricos, frutados e refrescantes para satisfazer as suas v\u00e1rias prefer\u00eancias<\/li>\n<\/ul>\n<h2 data-v-md-heading=\"why-choose-agoravape\" data-v-md-line=\"51\">Por que escolher a AgoraVape?<\/h2>\n<p data-v-md-line=\"53\">Apenas vendemos produtos genu\u00ednos 100% de canais certificados. Cada lote de mercadorias \u00e9 selado pela f\u00e1brica e vem com o n\u00famero do lote e a etiqueta de seguran\u00e7a fornecida pela marca. Receber\u00e1 pre\u00e7os grossistas altamente competitivos, apoio ao cliente fi\u00e1vel e servi\u00e7os de entrega r\u00e1pidos e est\u00e1veis. Utilizamos um gateway de pagamento bem conhecido para pagamentos seguros e aplicamos rigorosamente a verifica\u00e7\u00e3o da idade para garantir vendas seguras e fi\u00e1veis.<\/p>\n<p data-v-md-line=\"55\">Est\u00e1 pronto para comprar cartuchos de substitui\u00e7\u00e3o Bang 40K 10ml? Contacte a nossa equipa para saber mais sobre os pre\u00e7os diferenciados e a situa\u00e7\u00e3o atual do invent\u00e1rio.<\/p>","protected":false},"excerpt":{"rendered":"<p>What are the advantages of replacing e-liquid cartridges with Bang 40K 10ml? If you\u2019re tired of oiling your small cigarette<\/p>","protected":false},"featured_media":19060,"comment_status":"open","ping_status":"closed","template":"","meta":[],"product_brand":[197],"product_cat":[124,185,189,123,176,174,175,193,191,173,186,180,190],"product_tag":[],"class_list":{"0":"post-19021","1":"product","2":"type-product","3":"status-publish","4":"has-post-thumbnail","6":"product_brand-bang","7":"product_cat-vape-by-brand","8":"product_cat-10000-puffs-high-capacity","9":"product_cat-20mg-standard-nicotine-vapes","10":"product_cat-bang","11":"product_cat-beverage","12":"product_cat-fruit-flavors","13":"product_cat-icy-mint","14":"product_cat-mesh-coil","15":"product_cat-rechargeable-disposables","16":"product_cat-vape-by-flavor-profile","17":"product_cat-vape-by-nicotine-strength","18":"product_cat-vape-by-puff-count","19":"product_cat-vape-by-feature-or-type","21":"first","22":"onbackorder","23":"shipping-taxable","24":"purchasable","25":"product-type-variable","26":"has-default-attributes"},"tiered_pricing_type":"percentage","tiered_pricing_fixed_rules":[],"tiered_pricing_product_settings":{"layout":"default","base_unit_name":{"singular":null,"plural":null},"default_variation":null},"tiered_pricing_minimum_quantity":10,"tiered_pricing_roles_data":[],"tiered_pricing_percentage_rules":{"30":"29","50":"35","100":"40","200":"44","500":"47","1000":"49"},"tiered_pricing_maximum_quantity":null,"tiered_pricing_quantity_step":"10","_links":{"self":[{"href":"https:\/\/agoravape.com\/pt\/wp-json\/wp\/v2\/product\/19021","targetHints":{"allow":["GET"]}}],"collection":[{"href":"https:\/\/agoravape.com\/pt\/wp-json\/wp\/v2\/product"}],"about":[{"href":"https:\/\/agoravape.com\/pt\/wp-json\/wp\/v2\/types\/product"}],"replies":[{"embeddable":true,"href":"https:\/\/agoravape.com\/pt\/wp-json\/wp\/v2\/comments?post=19021"}],"version-history":[{"count":0,"href":"https:\/\/agoravape.com\/pt\/wp-json\/wp\/v2\/product\/19021\/revisions"}],"wp:featuredmedia":[{"embeddable":true,"href":"https:\/\/agoravape.com\/pt\/wp-json\/wp\/v2\/media\/19060"}],"wp:attachment":[{"href":"https:\/\/agoravape.com\/pt\/wp-json\/wp\/v2\/media?parent=19021"}],"wp:term":[{"taxonomy":"product_brand","embeddable":true,"href":"https:\/\/agoravape.com\/pt\/wp-json\/wp\/v2\/product_brand?post=19021"},{"taxonomy":"product_cat","embeddable":true,"href":"https:\/\/agoravape.com\/pt\/wp-json\/wp\/v2\/product_cat?post=19021"},{"taxonomy":"product_tag","embeddable":true,"href":"https:\/\/agoravape.com\/pt\/wp-json\/wp\/v2\/product_tag?post=19021"}],"curies":[{"name":"wp","href":"https:\/\/api.w.org\/{rel}","templated":true}]}}