{"id":19088,"date":"2025-10-29T13:23:47","date_gmt":"2025-10-29T05:23:47","guid":{"rendered":"https:\/\/agoravape.com\/?post_type=product&#038;p=19088"},"modified":"2026-01-19T21:59:56","modified_gmt":"2026-01-19T13:59:56","slug":"bang-15000-puffs-vape-descartavel","status":"publish","type":"product","link":"https:\/\/agoravape.com\/pt\/product\/bang-15000-puffs-disposable-vape\/","title":{"rendered":"Bang 15000 Puffs | Sabor Intenso Que N\u00e3o Dura"},"content":{"rendered":"<h2 data-v-md-heading=\"how-great-is-bang-15000-mesh-coil-disposable-vape\" data-v-md-line=\"3\"><img loading=\"lazy\" decoding=\"async\" class=\"aligncenter size-full wp-image-19063\" src=\"https:\/\/agoravape.com\/wp-content\/uploads\/2025\/10\/Bang-15000-Puffs-Massive-Flavour-That-Just-Keeps-Going_Agora_vape-2-scaled.webp\" alt=\"\" width=\"2560\" height=\"1438\" srcset=\"https:\/\/agoravape.com\/wp-content\/uploads\/2025\/10\/Bang-15000-Puffs-Massive-Flavour-That-Just-Keeps-Going_Agora_vape-2-scaled.webp 2560w, https:\/\/agoravape.com\/wp-content\/uploads\/2025\/10\/Bang-15000-Puffs-Massive-Flavour-That-Just-Keeps-Going_Agora_vape-2-scaled-1200x674.webp 1200w, https:\/\/agoravape.com\/wp-content\/uploads\/2025\/10\/Bang-15000-Puffs-Massive-Flavour-That-Just-Keeps-Going_Agora_vape-2-300x169.webp 300w, https:\/\/agoravape.com\/wp-content\/uploads\/2025\/10\/Bang-15000-Puffs-Massive-Flavour-That-Just-Keeps-Going_Agora_vape-2-1024x575.webp 1024w, https:\/\/agoravape.com\/wp-content\/uploads\/2025\/10\/Bang-15000-Puffs-Massive-Flavour-That-Just-Keeps-Going_Agora_vape-2-768x431.webp 768w, https:\/\/agoravape.com\/wp-content\/uploads\/2025\/10\/Bang-15000-Puffs-Massive-Flavour-That-Just-Keeps-Going_Agora_vape-2-1536x863.webp 1536w, https:\/\/agoravape.com\/wp-content\/uploads\/2025\/10\/Bang-15000-Puffs-Massive-Flavour-That-Just-Keeps-Going_Agora_vape-2-2048x1150.webp 2048w\" sizes=\"auto, (max-width: 2560px) 100vw, 2560px\" \/><\/h2>\n<h2 data-v-md-heading=\"how-great-is-bang-15000-mesh-coil-disposable-vape\" data-v-md-line=\"3\"><img loading=\"lazy\" decoding=\"async\" class=\"aligncenter size-full wp-image-19086\" src=\"https:\/\/agoravape.com\/wp-content\/uploads\/2025\/10\/Bang-15000-Puffs-Massive-Flavour-That-Just-Keeps-Going_Agora_vape-25.webp\" alt=\"\" width=\"1923\" height=\"1080\" srcset=\"https:\/\/agoravape.com\/wp-content\/uploads\/2025\/10\/Bang-15000-Puffs-Massive-Flavour-That-Just-Keeps-Going_Agora_vape-25.webp 1923w, https:\/\/agoravape.com\/wp-content\/uploads\/2025\/10\/Bang-15000-Puffs-Massive-Flavour-That-Just-Keeps-Going_Agora_vape-25-1200x674.webp 1200w, https:\/\/agoravape.com\/wp-content\/uploads\/2025\/10\/Bang-15000-Puffs-Massive-Flavour-That-Just-Keeps-Going_Agora_vape-25-300x168.webp 300w, https:\/\/agoravape.com\/wp-content\/uploads\/2025\/10\/Bang-15000-Puffs-Massive-Flavour-That-Just-Keeps-Going_Agora_vape-25-1024x575.webp 1024w, https:\/\/agoravape.com\/wp-content\/uploads\/2025\/10\/Bang-15000-Puffs-Massive-Flavour-That-Just-Keeps-Going_Agora_vape-25-768x431.webp 768w, https:\/\/agoravape.com\/wp-content\/uploads\/2025\/10\/Bang-15000-Puffs-Massive-Flavour-That-Just-Keeps-Going_Agora_vape-25-1536x863.webp 1536w\" sizes=\"auto, (max-width: 1923px) 100vw, 1923px\" \/><\/h2>\n<h2 data-v-md-heading=\"how-great-is-bang-15000-mesh-coil-disposable-vape\" data-v-md-line=\"3\"><\/h2>\n<h2 data-v-md-heading=\"how-great-is-bang-15000-mesh-coil-disposable-vape\" data-v-md-line=\"3\">Qu\u00e3o fant\u00e1stico \u00e9 o vape descart\u00e1vel com bobina de malha Bang 15000?<\/h2>\n<p data-v-md-line=\"4\">Se est\u00e1 farto de vaporizadores descart\u00e1veis que se avariam em menos de meia semana, ent\u00e3o vai querer dar uma vista de olhos a este produto. O conceito de design do Bang 15000 \u00e9 simples: durabilidade a longo prazo. Cada dispositivo tem uma capacidade de 15000 baforadas, concebido especificamente para aqueles que apenas querem desfrutar facilmente de vapes fi\u00e1veis e deliciosos. N\u00e3o precisa de se preocupar em adicionar e-l\u00edquido ou substituir bobinas; pronto a usar a partir da caixa.<\/p>\n<p data-v-md-line=\"6\">Poder\u00e1 pensar que ter um vape de t\u00e3o grande capacidade seria volumoso e inconveniente de transportar, mas ficar\u00e1 surpreendido com a natureza leve e port\u00e1til deste vape. Quer esteja a sair com os amigos ou a relaxar em casa, \u00e9 perfeito para transportar, assegurando que tem um vape de confian\u00e7a que n\u00e3o o ir\u00e1 desiludir.<\/p>\n<h2 data-v-md-heading=\"excellent-performance-worry-free\" data-v-md-line=\"8\">Excelente desempenho, sem preocupa\u00e7\u00f5es.<\/h2>\n<p data-v-md-line=\"9\">O segredo do seu sabor consistente reside nas bobinas de malha incorporadas. Em suma, esta tecnologia consegue aquecer uniformemente o e-l\u00edquido, garantindo que cada tragada \u00e9 t\u00e3o deliciosa como a primeira. N\u00e3o h\u00e1 cheiro pungente ou de queimado, e proporciona sempre uma experi\u00eancia suave e satisfat\u00f3ria. Quando a bateria se esgota, pode ser carregada com um cabo de dados tipo C normal, que pode ser o mesmo cabo utilizado no seu telem\u00f3vel. \u00c9 simples assim.<\/p>\n<h2 data-v-md-heading=\"specification-introduction\" data-v-md-line=\"11\">Introdu\u00e7\u00e3o \u00e0 especifica\u00e7\u00e3o<\/h2>\n<p data-v-md-line=\"12\"><strong>N\u00famero de suc\u00e7\u00f5es<\/strong>: at\u00e9 15000 aspira\u00e7\u00f5es<br \/>\n<strong>Nicotina<\/strong>: Fornece concentra\u00e7\u00f5es de 0%, 2%, 3% e 5%<br \/>\n<strong>Utiliza\u00e7\u00e3o<\/strong>: D\u00ea uma passa para ativar<br \/>\n<strong>Carregando<\/strong>Interface USB Tipo-C padr\u00e3o<br \/>\n<strong>Status<\/strong>Pronto para usar assim que abrir a caixa.<\/p>\n<h2 data-v-md-heading=\"complete-flavor-lineup\" data-v-md-line=\"18\">Linha completa de sabores<\/h2>\n<ul data-v-md-line=\"19\">\n<li>Gelo de anan\u00e1s<\/li>\n<li>Chiclete de Melancia<\/li>\n<li>Gelo de bagas triplo<\/li>\n<li>Sorvete de p\u00eassego<\/li>\n<li>Gelo de rom\u00e3<\/li>\n<li>Pista de gelo azul<\/li>\n<li>Melancia de morango<\/li>\n<li>Menta mel\u00e3o<\/li>\n<li>Floco de neve arco-\u00edris<\/li>\n<li>Morango e Manga<\/li>\n<li>Uvas reais<\/li>\n<li>Beijo apaixonado<\/li>\n<li>Ma\u00e7\u00e3 dupla<\/li>\n<li>P\u00eassego e Manga<\/li>\n<li>morango kiwi<\/li>\n<li>Gelo de Melancia<\/li>\n<li>Azul mel\u00e3o<\/li>\n<li>Amor 66<\/li>\n<li>Praia sexy<\/li>\n<li>Frutos de p\u00eassego e bagas<\/li>\n<li>Menta refrescante<\/li>\n<li>Sabor a morango e lichia<\/li>\n<\/ul>\n<p>&nbsp;<\/p>\n<p><img loading=\"lazy\" decoding=\"async\" class=\"aligncenter size-full wp-image-19087\" src=\"https:\/\/agoravape.com\/wp-content\/uploads\/2025\/10\/Bang-15000-Puffs-Massive-Flavour-That-Just-Keeps-Going_Agora_vape-26.webp\" alt=\"\" width=\"1296\" height=\"1080\" srcset=\"https:\/\/agoravape.com\/wp-content\/uploads\/2025\/10\/Bang-15000-Puffs-Massive-Flavour-That-Just-Keeps-Going_Agora_vape-26.webp 1296w, https:\/\/agoravape.com\/wp-content\/uploads\/2025\/10\/Bang-15000-Puffs-Massive-Flavour-That-Just-Keeps-Going_Agora_vape-26-1200x1000.webp 1200w, https:\/\/agoravape.com\/wp-content\/uploads\/2025\/10\/Bang-15000-Puffs-Massive-Flavour-That-Just-Keeps-Going_Agora_vape-26-300x250.webp 300w, https:\/\/agoravape.com\/wp-content\/uploads\/2025\/10\/Bang-15000-Puffs-Massive-Flavour-That-Just-Keeps-Going_Agora_vape-26-1024x853.webp 1024w, https:\/\/agoravape.com\/wp-content\/uploads\/2025\/10\/Bang-15000-Puffs-Massive-Flavour-That-Just-Keeps-Going_Agora_vape-26-768x640.webp 768w\" sizes=\"auto, (max-width: 1296px) 100vw, 1296px\" \/><\/p>\n<h2 data-v-md-heading=\"for-you-and-for-your-business-as-well\" data-v-md-line=\"42\">Para voc\u00ea e para o seu neg\u00f3cio tamb\u00e9m.<\/h2>\n<p data-v-md-line=\"43\">Oferecemos uma compra separada de Bang 15000, mas se for propriet\u00e1rio de uma empresa, tamb\u00e9m pode fazer um stock. Oferecemos embalagens por atacado de 200 pe\u00e7as por caixa, com cada caixa de exposi\u00e7\u00e3o contendo 10 dispositivos. Somos respons\u00e1veis por todo o transporte log\u00edstico com parceiros de confian\u00e7a como a UPS, DPD e DHL, e fornecemos servi\u00e7os de entrega com taxas pagas em toda a Europa para garantir que n\u00e3o se deparar\u00e1 com quaisquer acidentes na alf\u00e2ndega.<\/p>\n<h2 data-v-md-heading=\"why-do-you-like-it\" data-v-md-line=\"45\">Por que voc\u00ea gosta disso?<\/h2>\n<p data-v-md-line=\"46\"><strong>Suc\u00e7\u00e3o maci\u00e7a<\/strong>: Dura mais tempo, pelo que n\u00e3o precisa de comprar novas com frequ\u00eancia.<br \/>\n<strong>Sele\u00e7\u00e3o de nicotina<\/strong>: Pode escolher a concentra\u00e7\u00e3o de nicotina que mais lhe conv\u00e9m, desde sem nicotina at\u00e9 5% de nicotina.<br \/>\n<strong>Recarreg\u00e1vel<\/strong>O que significa que pode utilizar cada gota de e-l\u00edquido que comprar.<br \/>\n<strong>Bobina de malha<\/strong>: Proporciona um sabor consistente e rico do in\u00edcio ao fim.<\/p>\n<h2 data-v-md-heading=\"why-collaborate-with-agoravape\" data-v-md-line=\"51\">Por que colaborar com a AgoraVape?<\/h2>\n<p data-v-md-line=\"52\">Como um dos distribuidores de vape mais confi\u00e1veis da Europa, vendemos apenas produtos genu\u00ednos 100%. Para os nossos clientes empresariais, isto significa que os vapores Bang 15000 t\u00eam pre\u00e7os grossistas com desconto, apoio fi\u00e1vel e servi\u00e7os de entrega r\u00e1pidos e fi\u00e1veis. Contacte-nos e prepararemos um produto que agrade verdadeiramente aos nossos clientes.<\/p>\n<p data-v-md-line=\"52\">","protected":false},"excerpt":{"rendered":"<p>How great is Bang 15000 mesh coil disposable vape? If you\u2019re tired of disposable vapes that break down in less<\/p>","protected":false},"featured_media":19085,"comment_status":"open","ping_status":"closed","template":"","meta":[],"product_brand":[197],"product_cat":[124,187,185,1635,189,123,174,175,193,191,179,173,186,180,190],"product_tag":[],"class_list":{"0":"post-19088","1":"product","2":"type-product","3":"status-publish","4":"has-post-thumbnail","6":"product_brand-bang","7":"product_cat-vape-by-brand","8":"product_cat-0mg-nicotine-free-vapes","9":"product_cat-10000-puffs-high-capacity","10":"product_cat-15000-puffs","11":"product_cat-20mg-standard-nicotine-vapes","12":"product_cat-bang","13":"product_cat-fruit-flavors","14":"product_cat-icy-mint","15":"product_cat-mesh-coil","16":"product_cat-rechargeable-disposables","17":"product_cat-unique-blends","18":"product_cat-vape-by-flavor-profile","19":"product_cat-vape-by-nicotine-strength","20":"product_cat-vape-by-puff-count","21":"product_cat-vape-by-feature-or-type","23":"first","24":"onbackorder","25":"shipping-taxable","26":"purchasable","27":"product-type-variable","28":"has-default-attributes"},"tiered_pricing_type":"percentage","tiered_pricing_fixed_rules":[],"tiered_pricing_product_settings":{"layout":"default","base_unit_name":{"singular":null,"plural":null},"default_variation":null},"tiered_pricing_minimum_quantity":10,"tiered_pricing_roles_data":[],"tiered_pricing_percentage_rules":{"30":"29","50":"35","100":"40","200":"44","500":"47","1000":"49"},"tiered_pricing_maximum_quantity":null,"tiered_pricing_quantity_step":"10","_links":{"self":[{"href":"https:\/\/agoravape.com\/pt\/wp-json\/wp\/v2\/product\/19088","targetHints":{"allow":["GET"]}}],"collection":[{"href":"https:\/\/agoravape.com\/pt\/wp-json\/wp\/v2\/product"}],"about":[{"href":"https:\/\/agoravape.com\/pt\/wp-json\/wp\/v2\/types\/product"}],"replies":[{"embeddable":true,"href":"https:\/\/agoravape.com\/pt\/wp-json\/wp\/v2\/comments?post=19088"}],"version-history":[{"count":0,"href":"https:\/\/agoravape.com\/pt\/wp-json\/wp\/v2\/product\/19088\/revisions"}],"wp:featuredmedia":[{"embeddable":true,"href":"https:\/\/agoravape.com\/pt\/wp-json\/wp\/v2\/media\/19085"}],"wp:attachment":[{"href":"https:\/\/agoravape.com\/pt\/wp-json\/wp\/v2\/media?parent=19088"}],"wp:term":[{"taxonomy":"product_brand","embeddable":true,"href":"https:\/\/agoravape.com\/pt\/wp-json\/wp\/v2\/product_brand?post=19088"},{"taxonomy":"product_cat","embeddable":true,"href":"https:\/\/agoravape.com\/pt\/wp-json\/wp\/v2\/product_cat?post=19088"},{"taxonomy":"product_tag","embeddable":true,"href":"https:\/\/agoravape.com\/pt\/wp-json\/wp\/v2\/product_tag?post=19088"}],"curies":[{"name":"wp","href":"https:\/\/api.w.org\/{rel}","templated":true}]}}