{"id":19113,"date":"2025-10-29T13:42:12","date_gmt":"2025-10-29T05:42:12","guid":{"rendered":"https:\/\/agoravape.com\/?post_type=product&#038;p=19113"},"modified":"2026-03-21T12:44:22","modified_gmt":"2026-03-21T11:44:22","slug":"bang-20000-puffs-vape-de-ecra-digital","status":"publish","type":"product","link":"https:\/\/agoravape.com\/pt\/product\/bang-20000-puffs-digital-screen-vape\/","title":{"rendered":"Vape descart\u00e1vel Bang com tela digital e 20.000 puffs | Pot\u00eancia e sabor duradouros"},"content":{"rendered":"<h2 data-v-md-heading=\"what-is-the-special-feature-of-bang-20000-digital-disposable-vapes\" data-v-md-line=\"3\">Qual \u00e9 a carater\u00edstica especial dos vapes digitais descart\u00e1veis Bang 20000?<\/h2>\n<p data-v-md-line=\"5\">Se est\u00e1 farto de vapes descart\u00e1veis que ficam sem bateria antes de uma semana, ent\u00e3o este produto merece definitivamente a sua aten\u00e7\u00e3o. O Bang 20000 foi concebido para uma utiliza\u00e7\u00e3o duradoura, \u00e9 robusto e dur\u00e1vel, tem uma pega confort\u00e1vel e permite desfrutar de at\u00e9 20000 baforadas de uma s\u00f3 vez. Para ser sincero, o esgotamento s\u00fabito das pilhas ou do e-l\u00edquido \u00e9 de facto frustrante. Este vape est\u00e1 equipado com um ecr\u00e3 digital claro que pode mostrar simultaneamente o n\u00edvel de e-l\u00edquido restante e o n\u00edvel da bateria, para que n\u00e3o seja apanhado desprevenido.<\/p>\n<p data-v-md-line=\"7\">Para qualquer utilizador que pretenda um vape fi\u00e1vel, delicioso e f\u00e1cil de utilizar, esta \u00e9 a escolha ideal. N\u00e3o s\u00e3o necess\u00e1rios bot\u00f5es ou defini\u00e7\u00f5es, basta dar um gole para desfrutar. Combina o desempenho de um conjunto profissional com a comodidade de um vape descart\u00e1vel.<\/p>\n<h2 data-v-md-heading=\"excellent-performance-easy-and-convenient\" data-v-md-line=\"9\">Excelente desempenho, f\u00e1cil e pr\u00e1tico<\/h2>\n<p data-v-md-line=\"11\">O segredo do excelente sabor deste vape reside no seu n\u00facleo atomizador de malha incorporado. Consegue aquecer uniformemente o e-l\u00edquido, garantindo que cada dentada \u00e9 t\u00e3o deliciosa como a primeira, sem qualquer sabor a queimado. Do princ\u00edpio ao fim, o sabor mant\u00e9m-se consistente. Pode pensar que este vape pode fumar tantas baforadas e que o seu tamanho n\u00e3o deve ser grande, mas a sua leveza e portabilidade v\u00e3o surpreend\u00ea-lo.<\/p>\n<p data-v-md-line=\"13\">Mesmo que a bateria esteja fraca, pode utilizar um cabo de dados Tipo C padr\u00e3o para carregar - tal como o que utiliza para carregar o seu telem\u00f3vel. Um design t\u00e3o pr\u00e1tico garante que pode utilizar cada gota de 28 ml de e-l\u00edquido.<\/p>\n<h2 data-v-md-heading=\"quick-specifications\" data-v-md-line=\"15\">Especifica\u00e7\u00f5es r\u00e1pidas<\/h2>\n<p data-v-md-line=\"17\"><strong>Frequ\u00eancia do consumo de tabaco:<\/strong>\u00a0at\u00e9 20000 baforadas<\/p>\n<p data-v-md-line=\"19\"><strong>Concentra\u00e7\u00e3o de nicotina:<\/strong>\u00a0Dispon\u00edvel em quatro op\u00e7\u00f5es de concentra\u00e7\u00e3o: 0%, 2%, 3% e 5%<\/p>\n<p data-v-md-line=\"21\"><strong>Utiliza\u00e7\u00e3o:<\/strong>\u00a0Inspire para ativar<\/p>\n<p data-v-md-line=\"23\"><strong>Capacidade do e-l\u00edquido:<\/strong>\u00a0L\u00edquido eletr\u00f3nico pr\u00e9-preenchido de 28 ml<\/p>\n<p data-v-md-line=\"25\"><strong>N\u00facleo de nebuliza\u00e7\u00e3o:<\/strong>\u00a0N\u00facleo de nebuliza\u00e7\u00e3o em malha, proporcionando uma experi\u00eancia consistente e deliciosa<\/p>\n<p data-v-md-line=\"27\"><strong>Ecr\u00e3 de visualiza\u00e7\u00e3o:<\/strong>\u00a0Ecr\u00e3 digital com indica\u00e7\u00e3o do n\u00edvel da bateria e do n\u00edvel de e-l\u00edquido<\/p>\n<p data-v-md-line=\"29\"><strong>M\u00e9todo de carregamento:<\/strong>\u00a0Interface USB tipo C padr\u00e3o<\/p>\n<p data-v-md-line=\"31\"><strong>Estado:<\/strong>\u00a0Pronto a utilizar a partir da caixa<\/p>\n<h2 data-v-md-heading=\"complete-flavor-lineup\" data-v-md-line=\"33\">Linha completa de sabores<\/h2>\n<ul data-v-md-line=\"35\">\n<li>Gelo mentolado<\/li>\n<li>Lichia de morango<\/li>\n<li>morango kiwi<\/li>\n<li>Melancia de morango<\/li>\n<li>Red Bull<\/li>\n<li>Frutas mistas<\/li>\n<li>Pista de gelo azul<\/li>\n<li>Mirtilos e framboesas<\/li>\n<li>Mirtilos e Melancias<\/li>\n<li>Sorvete de uva<\/li>\n<li>Sorvete de p\u00eassego<\/li>\n<li>Gelo de Melancia<\/li>\n<li>Melancia de framboesa<\/li>\n<li>Sabor a morango e manga<\/li>\n<li>Double apple flavor<\/li>\n<li>Sabor de p\u00eassego e melancia<\/li>\n<\/ul>\n<p><img loading=\"lazy\" decoding=\"async\" class=\"wp-image-19137 size-full aligncenter\" src=\"https:\/\/agoravape.com\/wp-content\/uploads\/2025\/10\/Bang-20000-Puffs-Digital-Screen-Disposable-Vape-Power-and-Flavour-That-Lasts_Agora_vape-1.webp\" alt=\"\" width=\"1080\" height=\"2158\" srcset=\"https:\/\/agoravape.com\/wp-content\/uploads\/2025\/10\/Bang-20000-Puffs-Digital-Screen-Disposable-Vape-Power-and-Flavour-That-Lasts_Agora_vape-1.webp 1080w, https:\/\/agoravape.com\/wp-content\/uploads\/2025\/10\/Bang-20000-Puffs-Digital-Screen-Disposable-Vape-Power-and-Flavour-That-Lasts_Agora_vape-1-150x300.webp 150w, https:\/\/agoravape.com\/wp-content\/uploads\/2025\/10\/Bang-20000-Puffs-Digital-Screen-Disposable-Vape-Power-and-Flavour-That-Lasts_Agora_vape-1-512x1024.webp 512w, https:\/\/agoravape.com\/wp-content\/uploads\/2025\/10\/Bang-20000-Puffs-Digital-Screen-Disposable-Vape-Power-and-Flavour-That-Lasts_Agora_vape-1-768x1535.webp 768w, https:\/\/agoravape.com\/wp-content\/uploads\/2025\/10\/Bang-20000-Puffs-Digital-Screen-Disposable-Vape-Power-and-Flavour-That-Lasts_Agora_vape-1-769x1536.webp 769w, https:\/\/agoravape.com\/wp-content\/uploads\/2025\/10\/Bang-20000-Puffs-Digital-Screen-Disposable-Vape-Power-and-Flavour-That-Lasts_Agora_vape-1-1025x2048.webp 1025w\" sizes=\"auto, (max-width: 1080px) 100vw, 1080px\" \/><\/p>\n<h2 data-v-md-heading=\"tailored-for-you-and-your-business\" data-v-md-line=\"52\">Feito sob medida para voc\u00ea e sua empresa.<\/h2>\n<p data-v-md-line=\"54\">Lan\u00e7\u00e1mos agora os vaporizadores digitais descart\u00e1veis Bang 20000, que podem ser adquiridos separadamente ou a granel. Oferecemos embalagens por grosso de 200 unidades, o que lhe permite fornecer aos clientes produtos vape duradouros e de elevado desempenho.<\/p>\n<p data-v-md-line=\"56\">Colaboramos com parceiros DDP (Delivered Duty Paid) de confian\u00e7a, como a UPS, a DPD e a DHL, para transportar produtos para v\u00e1rios locais na Europa. Isto significa que o pre\u00e7o que v\u00ea \u00e9 o pre\u00e7o final que paga, sem se preocupar com taxas alfandeg\u00e1rias. Garantia de produto aut\u00eantico, entrega porta-a-porta.<\/p>\n<h2 data-v-md-heading=\"reasons-why-you-will-like-it\" data-v-md-line=\"58\">Reasons why you will like it<\/h2>\n<p data-v-md-line=\"60\"><strong>Bateria de dura\u00e7\u00e3o ultra-longa:<\/strong>\u00a0Dur\u00e1vel e de longa dura\u00e7\u00e3o, n\u00e3o necessita de compras frequentes.<br \/>\n<strong>Ecr\u00e3 digital:<\/strong>\u00a0O n\u00edvel da bateria e a quantidade de l\u00edquido eletr\u00f3nico restante s\u00e3o vis\u00edveis num relance.<br \/>\n<strong>Sele\u00e7\u00e3o de nicotina:<\/strong>\u00a0Pode escolher a concentra\u00e7\u00e3o de nicotina que mais lhe conv\u00e9m, desde sem nicotina at\u00e9 5%.<br \/>\n<strong>Recarreg\u00e1vel:<\/strong>\u00a0Isto significa que pode utilizar plenamente todos os e-l\u00edquidos que comprar.<br \/>\n<strong>N\u00facleo de atomiza\u00e7\u00e3o em malha:<\/strong>\u00a0Pode proporcionar um sabor est\u00e1vel e rico em todas as ocasi\u00f5es.<\/p>\n<h2 data-v-md-heading=\"why-choose-agoravape\" data-v-md-line=\"66\">Por que escolher a AgoraVape?<\/h2>\n<p data-v-md-line=\"68\">Como um dos distribuidores de vape mais fi\u00e1veis da Europa, vendemos apenas produtos genu\u00ednos 100%. Para os nossos clientes empresariais, isto significa que os 20000 vapes digitais descart\u00e1veis Bang's oferecem pre\u00e7os grossistas com desconto, apoio t\u00e9cnico abrangente e entrega r\u00e1pida e fi\u00e1vel. Contacte-nos para que os seus clientes apreciem verdadeiramente os produtos que fornece.<\/p>\n<p><script src=\"chrome-extension:\/\/fpelahbljekknahkcaegamhcndkfpfnc\/iFrame.js\" type=\"text\/javascript\"><\/script><\/p>","protected":false},"excerpt":{"rendered":"<p>Qual \u00e9 a carater\u00edstica especial dos vapes digitais descart\u00e1veis Bang 20000? Se est\u00e1 farto dos vapes descart\u00e1veis que se esgotam<\/p>","protected":false},"featured_media":19153,"comment_status":"open","ping_status":"closed","template":"","meta":[],"product_brand":[197],"product_cat":[124,187,185,1636,189,123,176,174,175,193,191,173,186,180,190,192],"product_tag":[],"class_list":{"0":"post-19113","1":"product","2":"type-product","3":"status-publish","4":"has-post-thumbnail","6":"product_brand-bang","7":"product_cat-vape-by-brand","8":"product_cat-0mg-nicotine-free-vapes","9":"product_cat-10000-puffs-high-capacity","10":"product_cat-20000-puffs","11":"product_cat-20mg-standard-nicotine-vapes","12":"product_cat-bang","13":"product_cat-beverage","14":"product_cat-fruit-flavors","15":"product_cat-icy-mint","16":"product_cat-mesh-coil","17":"product_cat-rechargeable-disposables","18":"product_cat-vape-by-flavor-profile","19":"product_cat-vape-by-nicotine-strength","20":"product_cat-vape-by-puff-count","21":"product_cat-vape-by-feature-or-type","22":"product_cat-vapes-with-screens","24":"first","25":"instock","26":"shipping-taxable","27":"purchasable","28":"product-type-variable","29":"has-default-attributes"},"tiered_pricing_type":"percentage","tiered_pricing_fixed_rules":[],"tiered_pricing_product_settings":{"layout":"default","base_unit_name":{"singular":null,"plural":null},"default_variation":null},"tiered_pricing_minimum_quantity":10,"tiered_pricing_roles_data":[],"tiered_pricing_percentage_rules":{"30":"29","50":"35","100":"40","200":"44","500":"47","1000":"49"},"tiered_pricing_maximum_quantity":null,"tiered_pricing_quantity_step":"10","_links":{"self":[{"href":"https:\/\/agoravape.com\/pt\/wp-json\/wp\/v2\/product\/19113","targetHints":{"allow":["GET"]}}],"collection":[{"href":"https:\/\/agoravape.com\/pt\/wp-json\/wp\/v2\/product"}],"about":[{"href":"https:\/\/agoravape.com\/pt\/wp-json\/wp\/v2\/types\/product"}],"replies":[{"embeddable":true,"href":"https:\/\/agoravape.com\/pt\/wp-json\/wp\/v2\/comments?post=19113"}],"version-history":[{"count":0,"href":"https:\/\/agoravape.com\/pt\/wp-json\/wp\/v2\/product\/19113\/revisions"}],"wp:featuredmedia":[{"embeddable":true,"href":"https:\/\/agoravape.com\/pt\/wp-json\/wp\/v2\/media\/19153"}],"wp:attachment":[{"href":"https:\/\/agoravape.com\/pt\/wp-json\/wp\/v2\/media?parent=19113"}],"wp:term":[{"taxonomy":"product_brand","embeddable":true,"href":"https:\/\/agoravape.com\/pt\/wp-json\/wp\/v2\/product_brand?post=19113"},{"taxonomy":"product_cat","embeddable":true,"href":"https:\/\/agoravape.com\/pt\/wp-json\/wp\/v2\/product_cat?post=19113"},{"taxonomy":"product_tag","embeddable":true,"href":"https:\/\/agoravape.com\/pt\/wp-json\/wp\/v2\/product_tag?post=19113"}],"curies":[{"name":"wp","href":"https:\/\/api.w.org\/{rel}","templated":true}]}}