{"id":19202,"date":"2025-10-29T14:20:51","date_gmt":"2025-10-29T06:20:51","guid":{"rendered":"https:\/\/agoravape.com\/?post_type=product&#038;p=19202"},"modified":"2026-01-19T21:59:49","modified_gmt":"2026-01-19T13:59:49","slug":"bang-gear-20000-puffs-vape","status":"publish","type":"product","link":"https:\/\/agoravape.com\/pt\/product\/bang-gear-20000-puffs-vape\/","title":{"rendered":"Bang Gear 20000 Puffs | Grande quantidade de puffs, vaporiza\u00e7\u00e3o simples"},"content":{"rendered":"<h2 data-v-md-heading=\"what-s-so-special-about-bang-gear-20000\" data-v-md-line=\"3\"><img loading=\"lazy\" decoding=\"async\" class=\"size-full wp-image-19214 alignright\" src=\"https:\/\/agoravape.com\/wp-content\/uploads\/2025\/10\/Bang-Gear-20000-Puffs-Massive-Puff-Count-Simple-Vaping_Agora_vape-1.webp\" alt=\"\" width=\"1180\" height=\"1920\" srcset=\"https:\/\/agoravape.com\/wp-content\/uploads\/2025\/10\/Bang-Gear-20000-Puffs-Massive-Puff-Count-Simple-Vaping_Agora_vape-1.webp 1180w, https:\/\/agoravape.com\/wp-content\/uploads\/2025\/10\/Bang-Gear-20000-Puffs-Massive-Puff-Count-Simple-Vaping_Agora_vape-1-184x300.webp 184w, https:\/\/agoravape.com\/wp-content\/uploads\/2025\/10\/Bang-Gear-20000-Puffs-Massive-Puff-Count-Simple-Vaping_Agora_vape-1-629x1024.webp 629w, https:\/\/agoravape.com\/wp-content\/uploads\/2025\/10\/Bang-Gear-20000-Puffs-Massive-Puff-Count-Simple-Vaping_Agora_vape-1-768x1250.webp 768w, https:\/\/agoravape.com\/wp-content\/uploads\/2025\/10\/Bang-Gear-20000-Puffs-Massive-Puff-Count-Simple-Vaping_Agora_vape-1-944x1536.webp 944w\" sizes=\"auto, (max-width: 1180px) 100vw, 1180px\" \/><\/h2>\n<h2 data-v-md-heading=\"what-s-so-special-about-bang-gear-20000\" data-v-md-line=\"3\">O que \u00e9 que o Bang Gear 20000 tem de t\u00e3o especial?<\/h2>\n<p data-v-md-line=\"5\">Se est\u00e1 cansado dos vapes descart\u00e1veis que ficam sem bateria antes de uma semana, ent\u00e3o tem de dar uma vista de olhos a este produto. O conceito de design do Bang Gear 20000 \u00e9 apenas um: durabilidade. A bateria tem uma dura\u00e7\u00e3o incr\u00edvel de 20000 portas, o que significa que pode desfrutar ao m\u00e1ximo sem se preocupar com problemas de substitui\u00e7\u00e3o. Pode pensar-se que os cigarros electr\u00f3nicos com uma bateria de t\u00e3o longa dura\u00e7\u00e3o seriam volumosos, mas este produto \u00e9 surpreendentemente leve e port\u00e1til.<\/p>\n<p data-v-md-line=\"7\">Para os utilizadores de cigarros electr\u00f3nicos que apenas pretendem um cigarro fi\u00e1vel, delicioso e f\u00e1cil de utilizar, esta \u00e9 a escolha perfeita. N\u00e3o precisa de se preocupar com defini\u00e7\u00f5es ou bot\u00f5es complexos; basta abrir a caixa da embalagem para utilizar. Este \u00e9 um dispositivo simples e f\u00e1cil de usar que lhe traz pura del\u00edcia e conveni\u00eancia.<\/p>\n<h2 data-v-md-heading=\"excellent-performance-easy-to-operate\" data-v-md-line=\"9\">Excellent performance, easy to operate<\/h2>\n<p data-v-md-line=\"11\">O segredo do seu sabor duradouro e est\u00e1vel reside no seu n\u00facleo atomizador de malha de 1,0 ohm incorporado. Esta tecnologia garante que cada mordida \u00e9 t\u00e3o deliciosa como a primeira, sem qualquer sabor a queimado. Do in\u00edcio ao fim, o sabor \u00e9 sempre suave e equilibrado.<\/p>\n<p data-v-md-line=\"13\">Devido \u00e0 sua capacidade de conter uma grande quantidade de e-l\u00edquido, o dispositivo est\u00e1 equipado com uma bateria recarreg\u00e1vel incorporada. Quando a bateria estiver fraca, basta utilizar um cabo de dados Tipo C padr\u00e3o para carregar - tal como se estivesse a carregar o telem\u00f3vel. Isto significa que pode utilizar plenamente cada gota dos 25 mililitros de e-l\u00edquido comprados.<\/p>\n<h2 data-v-md-heading=\"brief-specifications\" data-v-md-line=\"15\">Breves especifica\u00e7\u00f5es<\/h2>\n<p data-v-md-line=\"17\"><strong>N\u00famero de portas:<\/strong>\u00a0at\u00e9 20000 portas.<\/p>\n<p data-v-md-line=\"19\"><strong>Concentra\u00e7\u00e3o de nicotina:<\/strong>\u00a0Dispon\u00edvel em quatro op\u00e7\u00f5es de concentra\u00e7\u00e3o: 0%, 2%, 3% e 5%.<\/p>\n<p data-v-md-line=\"21\"><strong>Utiliza\u00e7\u00e3o:<\/strong>\u00a0Inspire para ativar.<\/p>\n<p data-v-md-line=\"23\"><em>M\u00e9todo de carregamento:<\/em>* Interface USB tipo C padr\u00e3o.<\/p>\n<p data-v-md-line=\"25\"><strong>Estado:<\/strong>\u00a0Pronto a utilizar ap\u00f3s a desembalagem.<\/p>\n<h2 data-v-md-heading=\"complete-flavor-series\" data-v-md-line=\"27\">S\u00e9rie completa de sabores<\/h2>\n<ul data-v-md-line=\"29\">\n<li>morango kiwi<\/li>\n<li>Gelo de Melancia<\/li>\n<li>Mirtilos e framboesas<\/li>\n<li>Melancia de morango<\/li>\n<li>Morango e Manga<\/li>\n<li>Bebidas energ\u00e9ticas<\/li>\n<li>Mirtilos, Cerejas, Lim\u00f5es<\/li>\n<li>Drag\u00e3o negro de gelo<\/li>\n<li>Frutas mistas<\/li>\n<li>Morango e banana<\/li>\n<li>Sorvete de p\u00eassego<\/li>\n<li>Pista de gelo azul<\/li>\n<\/ul>\n<h2 data-v-md-heading=\"tailored-for-you-and-your-business\" data-v-md-line=\"42\">Feito sob medida para voc\u00ea e sua empresa.<\/h2>\n<p data-v-md-line=\"44\">O Bang Gear 20000 pode ser adquirido separadamente ou a granel, se for propriet\u00e1rio de uma empresa. O produto \u00e9 vendido em embalagens por grosso de 200 unidades\/caixa, com 10 unidades por caixa para facilitar a exposi\u00e7\u00e3o.<\/p>\n<p data-v-md-line=\"46\">Como distribuidor europeu de confian\u00e7a, fornecemos-lhe servi\u00e7os convenientes. Trabalhamos com parceiros DDP (Delivered Duty Paid) fi\u00e1veis, como a UPS, a DPD e a DHL, pelo que a cota\u00e7\u00e3o que v\u00ea \u00e9 o pre\u00e7o final que paga. N\u00e3o haver\u00e1 acidentes durante o desalfandegamento, apenas produtos de alta qualidade com excelente qualidade que podem ser colocados nas prateleiras em qualquer altura.<\/p>\n<h2 data-v-md-heading=\"reasons-why-you-will-like-it\" data-v-md-line=\"48\">Reasons why you will like it<\/h2>\n<p data-v-md-line=\"50\"><strong>Bateria de dura\u00e7\u00e3o ultra-longa:<\/strong>\u00a0Dur\u00e1vel e de longa dura\u00e7\u00e3o, n\u00e3o necessita de compras frequentes.<\/p>\n<p data-v-md-line=\"52\"><strong>Sele\u00e7\u00e3o da concentra\u00e7\u00e3o de nicotina:<\/strong>\u00a0O utilizador pode escolher a concentra\u00e7\u00e3o de nicotina mais adequada para si.<\/p>\n<p data-v-md-line=\"54\"><strong>Recarreg\u00e1vel:<\/strong>\u00a0A interface Type-C permite-lhe utilizar plenamente todos os e-l\u00edquidos dentro do dispositivo.<\/p>\n<p data-v-md-line=\"56\"><strong>N\u00facleo de atomiza\u00e7\u00e3o em malha:<\/strong>\u00a0Pode proporcionar um sabor est\u00e1vel e rico em todas as ocasi\u00f5es.<\/p>\n<h2 data-v-md-heading=\"why-choose-agoravape\" data-v-md-line=\"58\">Por que escolher a AgoraVape?<\/h2>\n<p data-v-md-line=\"60\">Como um dos mais confi\u00e1veis distribuidores de cigarros electr\u00f3nicos na Europa, n\u00f3s s\u00f3 vendemos produtos genu\u00ednos 100%. Para os nossos clientes empresariais, isto significa que a Bang Gear 20000 Puffs oferece pre\u00e7os de atacado com desconto, suporte t\u00e9cnico abrangente e entrega r\u00e1pida e fi\u00e1vel. Contacte-nos para agradecer verdadeiramente aos seus clientes por fornecerem este produto.<\/p>","protected":false},"excerpt":{"rendered":"<p>O que \u00e9 que o Bang Gear 20000 tem de t\u00e3o especial? Se est\u00e1 cansado de vapes descart\u00e1veis que ficam sem bateria antes de um<\/p>","protected":false},"featured_media":19225,"comment_status":"open","ping_status":"closed","template":"","meta":[],"product_brand":[197],"product_cat":[124,187,185,1636,189,123,176,174,175,193,191,173,186,180,190,192],"product_tag":[],"class_list":{"0":"post-19202","1":"product","2":"type-product","3":"status-publish","4":"has-post-thumbnail","6":"product_brand-bang","7":"product_cat-vape-by-brand","8":"product_cat-0mg-nicotine-free-vapes","9":"product_cat-10000-puffs-high-capacity","10":"product_cat-20000-puffs","11":"product_cat-20mg-standard-nicotine-vapes","12":"product_cat-bang","13":"product_cat-beverage","14":"product_cat-fruit-flavors","15":"product_cat-icy-mint","16":"product_cat-mesh-coil","17":"product_cat-rechargeable-disposables","18":"product_cat-vape-by-flavor-profile","19":"product_cat-vape-by-nicotine-strength","20":"product_cat-vape-by-puff-count","21":"product_cat-vape-by-feature-or-type","22":"product_cat-vapes-with-screens","24":"first","25":"onbackorder","26":"shipping-taxable","27":"purchasable","28":"product-type-variable","29":"has-default-attributes"},"tiered_pricing_type":"percentage","tiered_pricing_fixed_rules":[],"tiered_pricing_product_settings":{"layout":"default","base_unit_name":{"singular":null,"plural":null},"default_variation":null},"tiered_pricing_minimum_quantity":10,"tiered_pricing_roles_data":[],"tiered_pricing_percentage_rules":{"30":"29","50":"35","100":"40","200":"44","500":"47","1000":"49"},"tiered_pricing_maximum_quantity":null,"tiered_pricing_quantity_step":"10","_links":{"self":[{"href":"https:\/\/agoravape.com\/pt\/wp-json\/wp\/v2\/product\/19202","targetHints":{"allow":["GET"]}}],"collection":[{"href":"https:\/\/agoravape.com\/pt\/wp-json\/wp\/v2\/product"}],"about":[{"href":"https:\/\/agoravape.com\/pt\/wp-json\/wp\/v2\/types\/product"}],"replies":[{"embeddable":true,"href":"https:\/\/agoravape.com\/pt\/wp-json\/wp\/v2\/comments?post=19202"}],"version-history":[{"count":0,"href":"https:\/\/agoravape.com\/pt\/wp-json\/wp\/v2\/product\/19202\/revisions"}],"wp:featuredmedia":[{"embeddable":true,"href":"https:\/\/agoravape.com\/pt\/wp-json\/wp\/v2\/media\/19225"}],"wp:attachment":[{"href":"https:\/\/agoravape.com\/pt\/wp-json\/wp\/v2\/media?parent=19202"}],"wp:term":[{"taxonomy":"product_brand","embeddable":true,"href":"https:\/\/agoravape.com\/pt\/wp-json\/wp\/v2\/product_brand?post=19202"},{"taxonomy":"product_cat","embeddable":true,"href":"https:\/\/agoravape.com\/pt\/wp-json\/wp\/v2\/product_cat?post=19202"},{"taxonomy":"product_tag","embeddable":true,"href":"https:\/\/agoravape.com\/pt\/wp-json\/wp\/v2\/product_tag?post=19202"}],"curies":[{"name":"wp","href":"https:\/\/api.w.org\/{rel}","templated":true}]}}