{"id":19230,"date":"2025-10-29T14:58:50","date_gmt":"2025-10-29T06:58:50","guid":{"rendered":"https:\/\/agoravape.com\/?post_type=product&#038;p=19230"},"modified":"2026-03-26T13:22:49","modified_gmt":"2026-03-26T12:22:49","slug":"bang-25000-puffs-vape-em-ecra-total","status":"publish","type":"product","link":"https:\/\/agoravape.com\/pt\/product\/bang-25000-puffs-full-screen-vape\/","title":{"rendered":"Bang 25000 Puffs | Contagem massiva de puffs com tela cheia"},"content":{"rendered":"<h2 data-v-md-heading=\"what-s-so-special-about-bang-25000\" data-v-md-line=\"3\"><img loading=\"lazy\" decoding=\"async\" class=\"aligncenter size-full wp-image-19244\" src=\"https:\/\/agoravape.com\/wp-content\/uploads\/2025\/10\/Bang-25000-Puffs-Massive-Puff-Count-with-a-Full-Screen-Display_Agora_vape-1.webp\" alt=\"\" width=\"1180\" height=\"1950\" srcset=\"https:\/\/agoravape.com\/wp-content\/uploads\/2025\/10\/Bang-25000-Puffs-Massive-Puff-Count-with-a-Full-Screen-Display_Agora_vape-1.webp 1180w, https:\/\/agoravape.com\/wp-content\/uploads\/2025\/10\/Bang-25000-Puffs-Massive-Puff-Count-with-a-Full-Screen-Display_Agora_vape-1-182x300.webp 182w, https:\/\/agoravape.com\/wp-content\/uploads\/2025\/10\/Bang-25000-Puffs-Massive-Puff-Count-with-a-Full-Screen-Display_Agora_vape-1-620x1024.webp 620w, https:\/\/agoravape.com\/wp-content\/uploads\/2025\/10\/Bang-25000-Puffs-Massive-Puff-Count-with-a-Full-Screen-Display_Agora_vape-1-768x1269.webp 768w, https:\/\/agoravape.com\/wp-content\/uploads\/2025\/10\/Bang-25000-Puffs-Massive-Puff-Count-with-a-Full-Screen-Display_Agora_vape-1-929x1536.webp 929w\" sizes=\"auto, (max-width: 1180px) 100vw, 1180px\" \/><\/h2>\n<h2 data-v-md-heading=\"what-s-so-special-about-bang-25000\" data-v-md-line=\"3\">O que \u00e9 que o Bang 25000 tem de especial?<\/h2>\n<p data-v-md-line=\"5\">Se est\u00e1 cansado dos cigarros electr\u00f3nicos descart\u00e1veis que ficam sem bateria antes de uma semana, ent\u00e3o tem de dar uma vista de olhos a este produto. O Bang 25000 foi concebido para uma utiliza\u00e7\u00e3o duradoura e tem uma dura\u00e7\u00e3o de bateria de at\u00e9 25000 portas, o que significa que pode durar muito tempo. Para os utilizadores de cigarros electr\u00f3nicos que apenas pretendem fiabilidade, excelente sabor e facilidade de utiliza\u00e7\u00e3o, esta \u00e9 a escolha perfeita. O que \u00e9 o melhor? Est\u00e1 equipado com um ecr\u00e3 grande e n\u00edtido que pode apresentar com precis\u00e3o o n\u00edvel de e-l\u00edquido restante e a carga da bateria, permitindo-lhe controlar a carga restante em qualquer altura e evitar ser apanhado desprevenido.<\/p>\n<h2 data-v-md-heading=\"excellent-performance-and-easy-operation\" data-v-md-line=\"7\">Excelente desempenho e opera\u00e7\u00e3o f\u00e1cil.<\/h2>\n<p data-v-md-line=\"9\">Este dispositivo foi concebido para ser simples e eficiente. O seu verdadeiro destaque reside na sua grande capacidade de 25 ml de e-l\u00edquido, raz\u00e3o pela qual \u00e9 t\u00e3o dur\u00e1vel e duradouro. Internamente, s\u00e3o usadas bobinas de malha de alta qualidade para garantir que cada mordida seja t\u00e3o deliciosa quanto o primeiro gole, proporcionando um sabor suave e consistente. Quando a bateria de 650mAh se esgota, pode ser carregada com um cabo de dados Tipo C padr\u00e3o, que pode ser o mesmo cabo utilizado no seu telem\u00f3vel. Tudo para facilitar a sua vida.<\/p>\n<h2 data-v-md-heading=\"product-specifications\" data-v-md-line=\"11\">Especifica\u00e7\u00f5es do produto<\/h2>\n<p data-v-md-line=\"13\">Frequ\u00eancia de fumo: at\u00e9 25000 baforadas<\/p>\n<p data-v-md-line=\"15\">Concentra\u00e7\u00e3o de nicotina: Dispon\u00edvel em quatro op\u00e7\u00f5es de concentra\u00e7\u00e3o: 0%, 2%, 3% e 5%<\/p>\n<p data-v-md-line=\"17\"><strong>Utiliza\u00e7\u00e3o:<\/strong>\u00a0Inspire para ativar<\/p>\n<p data-v-md-line=\"19\"><strong>M\u00e9todo de carregamento:<\/strong>\u00a0Interface USB tipo C padr\u00e3o<\/p>\n<p data-v-md-line=\"21\"><strong>Estado:<\/strong>\u00a0Pronto a utilizar a partir da caixa<\/p>\n<h2 data-v-md-heading=\"complete-flavor-lineup\" data-v-md-line=\"23\">Linha completa de sabores<\/h2>\n<ul data-v-md-line=\"25\">\n<li>Gelo de Melancia<\/li>\n<li>morango kiwi<\/li>\n<li>Sorvete de morango<\/li>\n<li>Manga P\u00eassego<\/li>\n<li>Mirtilos e framboesas<\/li>\n<li>Hortel\u00e3 com mirtilo<\/li>\n<li>Frutas mistas<\/li>\n<li>Melancia de morango<\/li>\n<li>Sorvete de uva<\/li>\n<li>Chiclete de Melancia<\/li>\n<li>Pista de gelo azul<\/li>\n<li>Sangue de tigre<\/li>\n<\/ul>\n<h2 data-v-md-heading=\"tailored-for-you-and-your-business\" data-v-md-line=\"38\">Feito sob medida para voc\u00ea e sua empresa.<\/h2>\n<p data-v-md-line=\"40\">O Bang 25000 pode ser adquirido separadamente ou a granel, se for propriet\u00e1rio de uma empresa. S\u00e3o vendidos em embalagens por grosso de 200 unidades por caixa, para que possa fornecer aos seus clientes produtos de cigarro eletr\u00f3nico dur\u00e1veis e duradouros que eles adoram. Colaboramos com parceiros DDP de confian\u00e7a, como a UPS, DPD e DHL para todos os envios, o que significa que todas as mercadorias foram tributadas. N\u00e3o precisa de se preocupar com taxas alfandeg\u00e1rias adicionais, pode usufruir de servi\u00e7os de entrega simples e fi\u00e1veis.<\/p>\n<h2 data-v-md-heading=\"the-reason-why-you-will-like-it\" data-v-md-line=\"42\">O motivo pelo qual voc\u00ea vai gostar disso<\/h2>\n<p data-v-md-line=\"44\"><strong>Bateria de dura\u00e7\u00e3o ultra-longa:<\/strong>\u00a0Maior dura\u00e7\u00e3o da bateria, sem necessidade de comprar frequentemente novos produtos.<\/p>\n<p data-v-md-line=\"46\"><strong>Sele\u00e7\u00e3o da concentra\u00e7\u00e3o de nicotina:<\/strong>\u00a0Pode escolher a concentra\u00e7\u00e3o de nicotina que mais lhe conv\u00e9m.<\/p>\n<p data-v-md-line=\"48\"><strong>Visualiza\u00e7\u00e3o em ecr\u00e3 total:<\/strong>\u00a0O ecr\u00e3 de visualiza\u00e7\u00e3o n\u00edtido pode mostrar o n\u00edvel da bateria e o l\u00edquido eletr\u00f3nico restante, permitindo-lhe control\u00e1-lo em qualquer altura.<\/p>\n<p data-v-md-line=\"50\"><strong>Recarreg\u00e1vel:<\/strong>\u00a0permite-lhe utilizar cada gota de e-l\u00edquido que compra.<\/p>\n<p data-v-md-line=\"52\"><strong>N\u00facleo de atomiza\u00e7\u00e3o em malha:<\/strong>\u00a0Pode proporcionar um sabor est\u00e1vel e rico em todas as ocasi\u00f5es.<\/p>\n<h2 data-v-md-heading=\"why-choose-to-collaborate-with-agoravape\" data-v-md-line=\"54\">Por que escolher colaborar com a AgoraVape?<\/h2>\n<p data-v-md-line=\"56\">Como um dos mais fi\u00e1veis distribuidores de cigarros electr\u00f3nicos na Europa, apenas vendemos produtos genu\u00ednos 100%. Para os nossos clientes empresariais, isto significa que a Bang 25000 tem pre\u00e7os grossistas com desconto, apoio fi\u00e1vel e servi\u00e7os de entrega r\u00e1pidos e fi\u00e1veis. Bem-vindo a contactar-nos e escolher um produto que realmente agrade aos nossos clientes.<\/p>","protected":false},"excerpt":{"rendered":"<p>O que \u00e9 que o Bang 25000 tem de t\u00e3o especial? Se est\u00e1 farto dos cigarros electr\u00f3nicos descart\u00e1veis que ficam sem bateria antes de uma semana,<\/p>","protected":false},"featured_media":19256,"comment_status":"open","ping_status":"closed","template":"","meta":[],"product_brand":[197],"product_cat":[124,187,185,189,123,174,175,193,191,173,186,180,190,192],"product_tag":[],"class_list":{"0":"post-19230","1":"product","2":"type-product","3":"status-publish","4":"has-post-thumbnail","6":"product_brand-bang","7":"product_cat-vape-by-brand","8":"product_cat-0mg-nicotine-free-vapes","9":"product_cat-10000-puffs-high-capacity","10":"product_cat-20mg-standard-nicotine-vapes","11":"product_cat-bang","12":"product_cat-fruit-flavors","13":"product_cat-icy-mint","14":"product_cat-mesh-coil","15":"product_cat-rechargeable-disposables","16":"product_cat-vape-by-flavor-profile","17":"product_cat-vape-by-nicotine-strength","18":"product_cat-vape-by-puff-count","19":"product_cat-vape-by-feature-or-type","20":"product_cat-vapes-with-screens","22":"first","23":"instock","24":"shipping-taxable","25":"purchasable","26":"product-type-variable","27":"has-default-attributes"},"tiered_pricing_type":"percentage","tiered_pricing_fixed_rules":[],"tiered_pricing_product_settings":{"layout":"default","base_unit_name":{"singular":null,"plural":null},"default_variation":null},"tiered_pricing_minimum_quantity":10,"tiered_pricing_roles_data":[],"tiered_pricing_percentage_rules":{"30":"29","50":"35","100":"40","200":"44","500":"47","1000":"49"},"tiered_pricing_maximum_quantity":null,"tiered_pricing_quantity_step":"10","_links":{"self":[{"href":"https:\/\/agoravape.com\/pt\/wp-json\/wp\/v2\/product\/19230","targetHints":{"allow":["GET"]}}],"collection":[{"href":"https:\/\/agoravape.com\/pt\/wp-json\/wp\/v2\/product"}],"about":[{"href":"https:\/\/agoravape.com\/pt\/wp-json\/wp\/v2\/types\/product"}],"replies":[{"embeddable":true,"href":"https:\/\/agoravape.com\/pt\/wp-json\/wp\/v2\/comments?post=19230"}],"version-history":[{"count":0,"href":"https:\/\/agoravape.com\/pt\/wp-json\/wp\/v2\/product\/19230\/revisions"}],"wp:featuredmedia":[{"embeddable":true,"href":"https:\/\/agoravape.com\/pt\/wp-json\/wp\/v2\/media\/19256"}],"wp:attachment":[{"href":"https:\/\/agoravape.com\/pt\/wp-json\/wp\/v2\/media?parent=19230"}],"wp:term":[{"taxonomy":"product_brand","embeddable":true,"href":"https:\/\/agoravape.com\/pt\/wp-json\/wp\/v2\/product_brand?post=19230"},{"taxonomy":"product_cat","embeddable":true,"href":"https:\/\/agoravape.com\/pt\/wp-json\/wp\/v2\/product_cat?post=19230"},{"taxonomy":"product_tag","embeddable":true,"href":"https:\/\/agoravape.com\/pt\/wp-json\/wp\/v2\/product_tag?post=19230"}],"curies":[{"name":"wp","href":"https:\/\/api.w.org\/{rel}","templated":true}]}}