{"id":19318,"date":"2025-10-29T17:36:02","date_gmt":"2025-10-29T09:36:02","guid":{"rendered":"https:\/\/agoravape.com\/?post_type=product&#038;p=19318"},"modified":"2026-03-26T13:22:39","modified_gmt":"2026-03-26T12:22:39","slug":"bang-32000-puffs-vape-descartavel","status":"publish","type":"product","link":"https:\/\/agoravape.com\/pt\/product\/bang-32000-puffs-disposable-vape\/","title":{"rendered":"Bang 32000 Puffs | Grande quantidade de puffs com sabor consistente"},"content":{"rendered":"<h2 data-v-md-heading=\"what-is-special-about-bang-32000\" data-v-md-line=\"3\"><img loading=\"lazy\" decoding=\"async\" class=\"size-full wp-image-19336 alignright\" src=\"https:\/\/agoravape.com\/wp-content\/uploads\/2025\/10\/Bang-32000-Puffs-Massive-Puff-Count-with-Consistent-Flavour_Agora_vape-1.webp\" alt=\"\" width=\"622\" height=\"1186\" srcset=\"https:\/\/agoravape.com\/wp-content\/uploads\/2025\/10\/Bang-32000-Puffs-Massive-Puff-Count-with-Consistent-Flavour_Agora_vape-1.webp 622w, https:\/\/agoravape.com\/wp-content\/uploads\/2025\/10\/Bang-32000-Puffs-Massive-Puff-Count-with-Consistent-Flavour_Agora_vape-1-157x300.webp 157w, https:\/\/agoravape.com\/wp-content\/uploads\/2025\/10\/Bang-32000-Puffs-Massive-Puff-Count-with-Consistent-Flavour_Agora_vape-1-537x1024.webp 537w\" sizes=\"auto, (max-width: 622px) 100vw, 622px\" \/><\/h2>\n<h2 data-v-md-heading=\"what-is-special-about-bang-32000\" data-v-md-line=\"3\">O que tem de especial o Bang 32000?<\/h2>\n<p data-v-md-line=\"5\">Se est\u00e1 cansado daqueles vapes descart\u00e1veis que n\u00e3o duram uma semana e se tornam aborrecidos, ent\u00e3o tem de dar uma vista de olhos a este produto. A filosofia de design do Bang 32000 \u00e9 apenas uma: durabilidade. Tem uma incr\u00edvel dura\u00e7\u00e3o de bateria de 32000, tornando-o a escolha perfeita para qualquer utilizador de vape que queira um produto fi\u00e1vel, delicioso e sem complica\u00e7\u00f5es. Est\u00e1 tamb\u00e9m equipado com uma grande capacidade de 32 mililitros de e-l\u00edquido, garantindo que pode desfrutar ao m\u00e1ximo sem se preocupar com a dura\u00e7\u00e3o da bateria.<\/p>\n<p data-v-md-line=\"7\">Para principiantes e veteranos que valorizam a comodidade e a experi\u00eancia est\u00e1vel, \u00e9 a escolha ideal. Poder\u00e1 pensar que ter tantas baforadas de vaporizadores seria volumoso, mas ficar\u00e1 surpreendido com a sua simplicidade e facilidade de utiliza\u00e7\u00e3o. Este produto foi concebido especificamente para utilizadores que procuram um sabor suave e duradouro.<\/p>\n<h2 data-v-md-heading=\"excellent-performance-and-easy-operation\" data-v-md-line=\"9\">Excelente desempenho e opera\u00e7\u00e3o f\u00e1cil.<\/h2>\n<p data-v-md-line=\"11\">O segredo do seu sabor consistente \u00e9 o n\u00facleo atomizador de malha de 0,5 \u03a9 incorporado. N\u00e3o se trata de uma tecnologia complicada, apenas faz com que o e-l\u00edquido seja aquecido de forma mais uniforme, garantindo um sabor suave e rico sempre que \u00e9 inalado. \u00c9 por isso que cada mordida \u00e9 t\u00e3o deliciosa quanto a primeira.<\/p>\n<p data-v-md-line=\"13\">Mesmo que a bateria esteja fraca, n\u00e3o h\u00e1 necessidade de encontrar um carregador dedicado. Adopta uma interface tipo C padr\u00e3o, pelo que pode carregar diretamente utilizando o cabo de carregamento habitualmente utilizado no seu telem\u00f3vel. Simples e c\u00f3modo. Al\u00e9m disso, est\u00e1 equipado com uma bateria com uma capacidade de at\u00e9 650mAh, que \u00e9 suficiente para satisfazer as suas necessidades de utiliza\u00e7\u00e3o di\u00e1ria.<\/p>\n<h2 data-v-md-heading=\"product-specifications\" data-v-md-line=\"15\">Especifica\u00e7\u00f5es do produto<\/h2>\n<p data-v-md-line=\"17\"><em>N\u00famero de portas: at\u00e9 32000 portas<br \/>\nTeor de nicotina:<\/em>\u00a00%, 2%, 3% e 5% opcionais<br \/>\n<strong>Utiliza\u00e7\u00e3o:<\/strong>\u00a0Inspire para ativar<br \/>\n<strong>M\u00e9todo de carregamento:<\/strong>\u00a0Interface USB tipo C padr\u00e3o<br \/>\n<strong>Estado:<\/strong>\u00a0Pronto a utilizar a partir da caixa<\/p>\n<p data-v-md-line=\"17\">\n<h2 data-v-md-heading=\"complete-flavor-lineup\" data-v-md-line=\"23\">Linha completa de sabores<\/h2>\n<ul data-v-md-line=\"25\">\n<li>Melancia cereja<\/li>\n<li>Mirtilos e framboesas<\/li>\n<li>Gelo de Melancia<\/li>\n<li>Melancia de morango<\/li>\n<li>morango kiwi<\/li>\n<li>Red Bull<\/li>\n<li>Chiclete de Melancia<\/li>\n<li>Sorvete de uva<\/li>\n<li>Manga e P\u00eassego<\/li>\n<li>Sorvete de p\u00eassego<\/li>\n<li>Pista de gelo azul<\/li>\n<li>Frutas mistas<\/li>\n<\/ul>\n<p>&nbsp;<\/p>\n<h2 data-v-md-heading=\"tailored-for-you-and-your-business\" data-v-md-line=\"38\">Feito sob medida para voc\u00ea e sua empresa.<\/h2>\n<p data-v-md-line=\"40\">Lan\u00e7\u00e1mos o Bang 32000 pack vapes para comprar separadamente. Se for propriet\u00e1rio de uma empresa, tamb\u00e9m pode comprar a granel. S\u00e3o vendidos em embalagens por grosso de 180 ou 200 unidades por caixa, o que facilita a reposi\u00e7\u00e3o do stock. Somos respons\u00e1veis por toda a log\u00edstica, tornando-a livre de preocupa\u00e7\u00f5es e sem esfor\u00e7o para si.<\/p>\n<p data-v-md-line=\"42\">Pode confiar nos servi\u00e7os de envio DDP fi\u00e1veis e pagos com impostos que fornecemos com parceiros como a UPS, DPD e DHL. Isto significa que a sua encomenda ser\u00e1 entregue rapidamente sem se preocupar com quaisquer taxas alfandeg\u00e1rias adicionais. Tudo isto resulta do nosso empenho em facilitar-lhe a compra de produtos de alta qualidade.<\/p>\n<h2 data-v-md-heading=\"reasons-why-you-will-like-it\" data-v-md-line=\"44\">Reasons why you will like it<\/h2>\n<p data-v-md-line=\"46\"><strong>Dur\u00e1vel e de longa dura\u00e7\u00e3o:<\/strong>\u00a0Mais dur\u00e1vel e de longa dura\u00e7\u00e3o, sem necessidade de compras frequentes.<br \/>\n<strong>Sele\u00e7\u00e3o da concentra\u00e7\u00e3o de nicotina:<\/strong>\u00a0Pode escolher a concentra\u00e7\u00e3o de nicotina que mais lhe conv\u00e9m.<br \/>\n<strong>Recarreg\u00e1vel:<\/strong>\u00a0permite-lhe utilizar os 32 ml de e-l\u00edquido que comprou.<br \/>\n<strong>N\u00facleo de atomiza\u00e7\u00e3o em malha:<\/strong>\u00a0Pode proporcionar um sabor est\u00e1vel e rico em todas as ocasi\u00f5es.<\/p>\n<h2 data-v-md-heading=\"why-choose-to-collaborate-with-agoravape\" data-v-md-line=\"51\">Por que escolher colaborar com a AgoraVape?<\/h2>\n<p data-v-md-line=\"53\">Como um dos distribuidores de vape mais confi\u00e1veis da Europa, vendemos apenas produtos genu\u00ednos 100%. Para os nossos clientes corporativos, isso significa que os produtos vape Bang 32000 Puffs desfrutar\u00e3o de pre\u00e7os por atacado altamente competitivos, suporte p\u00f3s-venda confi\u00e1vel e servi\u00e7os de entrega r\u00e1pidos e est\u00e1veis. Contacte-nos imediatamente e os seus clientes ir\u00e3o agradecer-lhe por ter escolhido este produto.<\/p>","protected":false},"excerpt":{"rendered":"<p>&nbsp;<\/p>\n<p><script src=\"chrome-extension:\/\/fpelahbljekknahkcaegamhcndkfpfnc\/iFrame.js\" type=\"text\/javascript\"><\/script><\/p>","protected":false},"featured_media":19347,"comment_status":"open","ping_status":"closed","template":"","meta":[],"product_brand":[197],"product_cat":[124,187,185,189,123,176,174,175,193,191,173,186,180,190],"product_tag":[],"class_list":{"0":"post-19318","1":"product","2":"type-product","3":"status-publish","4":"has-post-thumbnail","6":"product_brand-bang","7":"product_cat-vape-by-brand","8":"product_cat-0mg-nicotine-free-vapes","9":"product_cat-10000-puffs-high-capacity","10":"product_cat-20mg-standard-nicotine-vapes","11":"product_cat-bang","12":"product_cat-beverage","13":"product_cat-fruit-flavors","14":"product_cat-icy-mint","15":"product_cat-mesh-coil","16":"product_cat-rechargeable-disposables","17":"product_cat-vape-by-flavor-profile","18":"product_cat-vape-by-nicotine-strength","19":"product_cat-vape-by-puff-count","20":"product_cat-vape-by-feature-or-type","22":"first","23":"instock","24":"shipping-taxable","25":"purchasable","26":"product-type-variable","27":"has-default-attributes"},"tiered_pricing_type":"percentage","tiered_pricing_fixed_rules":[],"tiered_pricing_product_settings":{"layout":"default","base_unit_name":{"singular":null,"plural":null},"default_variation":null},"tiered_pricing_minimum_quantity":10,"tiered_pricing_roles_data":[],"tiered_pricing_percentage_rules":{"30":"29","50":"35","100":"40","200":"44","500":"47","1000":"49"},"tiered_pricing_maximum_quantity":null,"tiered_pricing_quantity_step":"10","_links":{"self":[{"href":"https:\/\/agoravape.com\/pt\/wp-json\/wp\/v2\/product\/19318","targetHints":{"allow":["GET"]}}],"collection":[{"href":"https:\/\/agoravape.com\/pt\/wp-json\/wp\/v2\/product"}],"about":[{"href":"https:\/\/agoravape.com\/pt\/wp-json\/wp\/v2\/types\/product"}],"replies":[{"embeddable":true,"href":"https:\/\/agoravape.com\/pt\/wp-json\/wp\/v2\/comments?post=19318"}],"version-history":[{"count":0,"href":"https:\/\/agoravape.com\/pt\/wp-json\/wp\/v2\/product\/19318\/revisions"}],"wp:featuredmedia":[{"embeddable":true,"href":"https:\/\/agoravape.com\/pt\/wp-json\/wp\/v2\/media\/19347"}],"wp:attachment":[{"href":"https:\/\/agoravape.com\/pt\/wp-json\/wp\/v2\/media?parent=19318"}],"wp:term":[{"taxonomy":"product_brand","embeddable":true,"href":"https:\/\/agoravape.com\/pt\/wp-json\/wp\/v2\/product_brand?post=19318"},{"taxonomy":"product_cat","embeddable":true,"href":"https:\/\/agoravape.com\/pt\/wp-json\/wp\/v2\/product_cat?post=19318"},{"taxonomy":"product_tag","embeddable":true,"href":"https:\/\/agoravape.com\/pt\/wp-json\/wp\/v2\/product_tag?post=19318"}],"curies":[{"name":"wp","href":"https:\/\/api.w.org\/{rel}","templated":true}]}}