{"id":19349,"date":"2025-10-29T18:26:18","date_gmt":"2025-10-29T10:26:18","guid":{"rendered":"https:\/\/agoravape.com\/?post_type=product&#038;p=19349"},"modified":"2026-03-14T16:22:20","modified_gmt":"2026-03-14T15:22:20","slug":"bang-36000-dtl-narguile-hookah-vape","status":"publish","type":"product","link":"https:\/\/agoravape.com\/pt\/product\/bang-36000-dtl-shisha-hookah-vape\/","title":{"rendered":"Narguil\u00e9 Bang 36000 DTL | Nuvens densas e sabor duradouro"},"content":{"rendered":"<h2 data-v-md-heading=\"what-is-the-special-feature-of-bang-36000-dtl-disposable-vape\" data-v-md-line=\"3\"><img loading=\"lazy\" decoding=\"async\" class=\"aligncenter size-full wp-image-19374\" src=\"https:\/\/agoravape.com\/wp-content\/uploads\/2025\/10\/Bang-36000-DTL-Shisha-Hookah-Big-Clouds-and-Flavour-That-Lasts_Agora_vape-12-scaled.webp\" alt=\"\" width=\"1126\" height=\"2560\" srcset=\"https:\/\/agoravape.com\/wp-content\/uploads\/2025\/10\/Bang-36000-DTL-Shisha-Hookah-Big-Clouds-and-Flavour-That-Lasts_Agora_vape-12-scaled.webp 1126w, https:\/\/agoravape.com\/wp-content\/uploads\/2025\/10\/Bang-36000-DTL-Shisha-Hookah-Big-Clouds-and-Flavour-That-Lasts_Agora_vape-12-132x300.webp 132w, https:\/\/agoravape.com\/wp-content\/uploads\/2025\/10\/Bang-36000-DTL-Shisha-Hookah-Big-Clouds-and-Flavour-That-Lasts_Agora_vape-12-450x1024.webp 450w, https:\/\/agoravape.com\/wp-content\/uploads\/2025\/10\/Bang-36000-DTL-Shisha-Hookah-Big-Clouds-and-Flavour-That-Lasts_Agora_vape-12-768x1746.webp 768w, https:\/\/agoravape.com\/wp-content\/uploads\/2025\/10\/Bang-36000-DTL-Shisha-Hookah-Big-Clouds-and-Flavour-That-Lasts_Agora_vape-12-676x1536.webp 676w, https:\/\/agoravape.com\/wp-content\/uploads\/2025\/10\/Bang-36000-DTL-Shisha-Hookah-Big-Clouds-and-Flavour-That-Lasts_Agora_vape-12-901x2048.webp 901w, https:\/\/agoravape.com\/wp-content\/uploads\/2025\/10\/Bang-36000-DTL-Shisha-Hookah-Big-Clouds-and-Flavour-That-Lasts_Agora_vape-12-1200x2728.webp 1200w\" sizes=\"auto, (max-width: 1126px) 100vw, 1126px\" \/><\/h2>\n<h2 data-v-md-heading=\"what-is-the-special-feature-of-bang-36000-dtl-disposable-vape\" data-v-md-line=\"3\">Qual \u00e9 a carater\u00edstica especial do vape descart\u00e1vel Bang 36000 DTL?<\/h2>\n<p data-v-md-line=\"5\">Se est\u00e1 farto de vapes descart\u00e1veis que perdem a sua atra\u00e7\u00e3o em apenas alguns dias, ent\u00e3o vale a pena dar uma vista de olhos a este produto. O Bang 36000 foi concebido especificamente para utilizadores que procuram durabilidade e uma experi\u00eancia aut\u00eantica de narguil\u00e9. Como o nome sugere, \u00e9 um vape que \u00e9 inalado diretamente para os pulm\u00f5es (DTL), o que significa que utiliza um m\u00e9todo de inala\u00e7\u00e3o mais aberto e transparente para produzir um fumo impressionante e rico.<\/p>\n<p data-v-md-line=\"7\">Este dispositivo \u00e9 perfeito para os utilizadores que querem experimentar a atmosfera de um narguil\u00e9 e, ao mesmo tempo, ter uma experi\u00eancia conveniente e port\u00e1til. Est\u00e1 equipado com 40 ml de e-l\u00edquido de grande capacidade e pode fumar at\u00e9 36000 baforadas, o que n\u00e3o o desiludir\u00e1 de forma alguma. Este vape \u00e9 muito adequado para os utilizadores de vape que apenas querem ter fiabilidade, excelente sabor e f\u00e1cil opera\u00e7\u00e3o.<\/p>\n<h2 data-v-md-heading=\"excellent-performance-and-simple-operation\" data-v-md-line=\"9\">Excelente desempenho e opera\u00e7\u00e3o simples.<\/h2>\n<p data-v-md-line=\"11\">Poder\u00e1 pensar que operar um vape com tantas baforadas seria complicado, mas ficar\u00e1 surpreendido com a sua simplicidade e facilidade de utiliza\u00e7\u00e3o. O segredo por detr\u00e1s do seu sabor rico e consistente reside no n\u00facleo de atomiza\u00e7\u00e3o em malha de 0,6 \u03a9. Garante que cada dentada \u00e9 t\u00e3o deliciosa como a primeira, sem qualquer sabor a queimado. Do in\u00edcio ao fim, o sabor \u00e9 suave e completo.<\/p>\n<p data-v-md-line=\"13\">Este dispositivo \u00e9 alimentado por uma bateria recarreg\u00e1vel fi\u00e1vel, para que possa utilizar plenamente cada gota de e-l\u00edquido que comprar. Quando a bateria estiver fraca, basta utilizar um cabo de dados tipo C padr\u00e3o para carregar, tal como se estivesse a carregar o telem\u00f3vel. Muito c\u00f3modo.<\/p>\n<h2 data-v-md-heading=\"quick-specifications\" data-v-md-line=\"15\">Especifica\u00e7\u00f5es r\u00e1pidas<\/h2>\n<p data-v-md-line=\"17\"><strong>N\u00famero de portas:<\/strong>\u00a0at\u00e9 36000 portas.<\/p>\n<p data-v-md-line=\"19\"><strong>Concentra\u00e7\u00e3o de nicotina:<\/strong>\u00a0Dispon\u00edvel em quatro op\u00e7\u00f5es de concentra\u00e7\u00e3o: 0%, 2%, 3% e 5%.<\/p>\n<p data-v-md-line=\"21\"><strong>Utiliza\u00e7\u00e3o:<\/strong>\u00a0Basta inalar para ativar.<\/p>\n<p data-v-md-line=\"23\"><strong>M\u00e9todo de carregamento:<\/strong>\u00a0Interface USB tipo C padr\u00e3o.<\/p>\n<p data-v-md-line=\"25\"><strong>Estado:<\/strong>\u00a0Pronto a utilizar ap\u00f3s a desembalagem.<\/p>\n<h2 data-v-md-heading=\"complete-flavor-series\" data-v-md-line=\"27\">S\u00e9rie completa de sabores<\/h2>\n<ul data-v-md-line=\"29\">\n<li>morango kiwi<\/li>\n<li>Manga, p\u00eassego, melancia<\/li>\n<li>Frutas mistas<\/li>\n<li>Gelo mentolado<\/li>\n<li>Manga e P\u00eassego<\/li>\n<li>Sorvete de uva<\/li>\n<li>Ma\u00e7\u00e3s Duplas<\/li>\n<li>Mirtilos e framboesas<\/li>\n<li>Melancia de morango<\/li>\n<li>Gelo de Melancia<\/li>\n<li>Morango e Manga<\/li>\n<li>Pista de gelo azul<\/li>\n<\/ul>\n<h2 data-v-md-heading=\"tailored-for-you-and-your-business\" data-v-md-line=\"42\">Feito sob medida para voc\u00ea e sua empresa.<\/h2>\n<p data-v-md-line=\"44\">O cachimbo de \u00e1gua Bang 36000 DTL pode ser adquirido separadamente ou a granel, se for propriet\u00e1rio de uma empresa. Oferecemos embalagens por grosso para 80 unidades. Asseguramos uma entrega sem problemas da sua encomenda utilizando parceiros log\u00edsticos de confian\u00e7a da Delivered Duty Paid (DDP), como a UPS, a DPD e a DHL. Isto significa que n\u00e3o tem de se preocupar com taxas alfandeg\u00e1rias adicionais, apenas desfrutar de servi\u00e7os de entrega convenientes e fi\u00e1veis.<\/p>\n<h2 data-v-md-heading=\"reasons-why-you-will-like-it\" data-v-md-line=\"46\">Reasons why you will like it<\/h2>\n<p data-v-md-line=\"48\"><strong>Bateria de dura\u00e7\u00e3o ultra-longa:<\/strong>\u00a0Dur\u00e1vel e de longa dura\u00e7\u00e3o, n\u00e3o necessita de compras frequentes.<\/p>\n<p data-v-md-line=\"50\"><strong>Sele\u00e7\u00e3o da concentra\u00e7\u00e3o de nicotina:<\/strong>\u00a0Pode escolher a concentra\u00e7\u00e3o de nicotina que mais lhe conv\u00e9m, desde sem nicotina at\u00e9 5%.<\/p>\n<p data-v-md-line=\"52\"><strong>Recarreg\u00e1vel:<\/strong>\u00a040 ml de e-l\u00edquido, pode ser utilizado depois de totalmente carregado.<\/p>\n<p data-v-md-line=\"54\"><strong>N\u00facleo de atomiza\u00e7\u00e3o em malha:<\/strong>\u00a0Pode proporcionar um sabor est\u00e1vel e rico em todas as ocasi\u00f5es.<\/p>\n<p data-v-md-line=\"56\"><strong>Fluxo de ar DTL adequado:<\/strong>\u00a0Pode produzir um fumo rico como o cachimbo de \u00e1gua tradicional.<\/p>\n<h2 data-v-md-heading=\"why-choose-agoravape\" data-v-md-line=\"58\">Por que escolher a AgoraVape?<\/h2>\n<p data-v-md-line=\"60\">Como um dos distribuidores de vape mais fi\u00e1veis da Europa, vendemos apenas produtos genu\u00ednos 100%. Para os nossos clientes empresariais, isto significa que os vaporizadores descart\u00e1veis Bang 36000 DTL proporcionam pre\u00e7os grossistas altamente competitivos, apoio p\u00f3s-venda fi\u00e1vel e servi\u00e7os de entrega r\u00e1pidos e est\u00e1veis. Contacte-nos imediatamente e adquira este produto. Os seus clientes ir\u00e3o apreci\u00e1-lo verdadeiramente.<\/p>","protected":false},"excerpt":{"rendered":"<p>&nbsp;<\/p>\n<p><script src=\"chrome-extension:\/\/fpelahbljekknahkcaegamhcndkfpfnc\/iFrame.js\" type=\"text\/javascript\"><\/script><\/p>","protected":false},"featured_media":19375,"comment_status":"open","ping_status":"closed","template":"","meta":[],"product_brand":[197],"product_cat":[124,187,185,189,123,174,175,193,191,173,186,180,190],"product_tag":[],"class_list":{"0":"post-19349","1":"product","2":"type-product","3":"status-publish","4":"has-post-thumbnail","6":"product_brand-bang","7":"product_cat-vape-by-brand","8":"product_cat-0mg-nicotine-free-vapes","9":"product_cat-10000-puffs-high-capacity","10":"product_cat-20mg-standard-nicotine-vapes","11":"product_cat-bang","12":"product_cat-fruit-flavors","13":"product_cat-icy-mint","14":"product_cat-mesh-coil","15":"product_cat-rechargeable-disposables","16":"product_cat-vape-by-flavor-profile","17":"product_cat-vape-by-nicotine-strength","18":"product_cat-vape-by-puff-count","19":"product_cat-vape-by-feature-or-type","21":"first","22":"instock","23":"shipping-taxable","24":"purchasable","25":"product-type-variable","26":"has-default-attributes"},"tiered_pricing_type":"percentage","tiered_pricing_fixed_rules":[],"tiered_pricing_product_settings":{"layout":"default","base_unit_name":{"singular":null,"plural":null},"default_variation":null},"tiered_pricing_minimum_quantity":10,"tiered_pricing_roles_data":[],"tiered_pricing_percentage_rules":{"30":"29","50":"35","100":"40","200":"44","500":"47","1000":"49"},"tiered_pricing_maximum_quantity":null,"tiered_pricing_quantity_step":"10","_links":{"self":[{"href":"https:\/\/agoravape.com\/pt\/wp-json\/wp\/v2\/product\/19349","targetHints":{"allow":["GET"]}}],"collection":[{"href":"https:\/\/agoravape.com\/pt\/wp-json\/wp\/v2\/product"}],"about":[{"href":"https:\/\/agoravape.com\/pt\/wp-json\/wp\/v2\/types\/product"}],"replies":[{"embeddable":true,"href":"https:\/\/agoravape.com\/pt\/wp-json\/wp\/v2\/comments?post=19349"}],"version-history":[{"count":0,"href":"https:\/\/agoravape.com\/pt\/wp-json\/wp\/v2\/product\/19349\/revisions"}],"wp:featuredmedia":[{"embeddable":true,"href":"https:\/\/agoravape.com\/pt\/wp-json\/wp\/v2\/media\/19375"}],"wp:attachment":[{"href":"https:\/\/agoravape.com\/pt\/wp-json\/wp\/v2\/media?parent=19349"}],"wp:term":[{"taxonomy":"product_brand","embeddable":true,"href":"https:\/\/agoravape.com\/pt\/wp-json\/wp\/v2\/product_brand?post=19349"},{"taxonomy":"product_cat","embeddable":true,"href":"https:\/\/agoravape.com\/pt\/wp-json\/wp\/v2\/product_cat?post=19349"},{"taxonomy":"product_tag","embeddable":true,"href":"https:\/\/agoravape.com\/pt\/wp-json\/wp\/v2\/product_tag?post=19349"}],"curies":[{"name":"wp","href":"https:\/\/api.w.org\/{rel}","templated":true}]}}