{"id":19379,"date":"2025-10-29T21:14:24","date_gmt":"2025-10-29T13:14:24","guid":{"rendered":"https:\/\/agoravape.com\/?post_type=product&#038;p=19379"},"modified":"2026-03-26T13:22:39","modified_gmt":"2026-03-26T12:22:39","slug":"bang-36000-puffs-bobina-de-malha-vape","status":"publish","type":"product","link":"https:\/\/agoravape.com\/pt\/product\/bang-36000-puffs-mesh-coil-vape\/","title":{"rendered":"Bang 36000 Puffs | Um Vape Incrivelmente Duradouro"},"content":{"rendered":"<h2 data-v-md-heading=\"what-is-special-about-bang-36000\" data-v-md-line=\"3\"><img loading=\"lazy\" decoding=\"async\" class=\"size-full wp-image-19393 alignright\" src=\"https:\/\/agoravape.com\/wp-content\/uploads\/2025\/10\/Bang-36000-Puffs-A-Seriously-Long-Lasting-Vape_Agora_vape-1.webp\" alt=\"\" width=\"721\" height=\"1192\" srcset=\"https:\/\/agoravape.com\/wp-content\/uploads\/2025\/10\/Bang-36000-Puffs-A-Seriously-Long-Lasting-Vape_Agora_vape-1.webp 721w, https:\/\/agoravape.com\/wp-content\/uploads\/2025\/10\/Bang-36000-Puffs-A-Seriously-Long-Lasting-Vape_Agora_vape-1-181x300.webp 181w, https:\/\/agoravape.com\/wp-content\/uploads\/2025\/10\/Bang-36000-Puffs-A-Seriously-Long-Lasting-Vape_Agora_vape-1-619x1024.webp 619w\" sizes=\"auto, (max-width: 721px) 100vw, 721px\" \/><\/h2>\n<h2 data-v-md-heading=\"what-is-special-about-bang-36000\" data-v-md-line=\"3\">O que tem de especial o Bang 36000?<\/h2>\n<p data-v-md-line=\"5\">Se est\u00e1 cansado dos vapes descart\u00e1veis que ficam sem bateria antes de uma semana, ent\u00e3o tem de dar uma vista de olhos a este produto. A filosofia de design do Bang 36000 \u00e9 apenas uma: durabilidade. Tem uma incr\u00edvel autonomia de 36000 portas, o que lhe permite evitar substitui\u00e7\u00f5es frequentes.<\/p>\n<p data-v-md-line=\"7\">Para quem quer um vape fi\u00e1vel, delicioso e f\u00e1cil de utilizar, \u00e9 a escolha perfeita. N\u00e3o h\u00e1 necessidade de etapas tediosas de lubrifica\u00e7\u00e3o ou configura\u00e7\u00f5es complexas. Basta tir\u00e1-lo da caixa de embalagem e desfrutar de uma experi\u00eancia aparentemente intermin\u00e1vel e duradoura. \u00c9 assim t\u00e3o simples.<\/p>\n<h2 data-v-md-heading=\"excellent-performance-and-easy-operation\" data-v-md-line=\"9\">Excelente desempenho e opera\u00e7\u00e3o f\u00e1cil.<\/h2>\n<p data-v-md-line=\"11\">Voc\u00ea pode pensar que este vape tem tantas portas de suc\u00e7\u00e3o, mas n\u00e3o \u00e9 pequeno em tamanho e a opera\u00e7\u00e3o \u00e9 relativamente complexa, mas voc\u00ea ficar\u00e1 agradavelmente surpreso ao descobrir que \u00e9 muito confort\u00e1vel de segurar em sua m\u00e3o. O segredo do seu excelente sabor reside no n\u00facleo atomizador de malha de 1,0 \u03a9 incorporado. Em termos simples, isto significa que cada dentada \u00e9 t\u00e3o pura e rica como a primeira, sem qualquer sabor a queimado a meio.<\/p>\n<p data-v-md-line=\"13\">Mesmo que a bateria esteja fraca, pode utilizar um cabo de dados tipo C normal para carregar, tal como se estivesse a carregar o telem\u00f3vel. Este design simples garante que pode desfrutar plenamente do e-l\u00edquido de 36 ml que comprou.<\/p>\n<h2 data-v-md-heading=\"brief-specifications\" data-v-md-line=\"15\">Breves especifica\u00e7\u00f5es<\/h2>\n<p data-v-md-line=\"17\"><strong>N\u00famero de bocas de aspira\u00e7\u00e3o:<\/strong>\u00a0at\u00e9 36000 portas<\/p>\n<p data-v-md-line=\"19\"><strong>Concentra\u00e7\u00e3o de nicotina:<\/strong>\u00a0Dispon\u00edvel em quatro op\u00e7\u00f5es de concentra\u00e7\u00e3o: 0%, 2%, 3% e 5%.<\/p>\n<p data-v-md-line=\"21\"><strong>Utiliza\u00e7\u00e3o:<\/strong>\u00a0Inspire para ativar<\/p>\n<p data-v-md-line=\"23\"><strong>M\u00e9todo de carregamento:<\/strong>\u00a0Interface USB tipo C padr\u00e3o<\/p>\n<p data-v-md-line=\"25\"><strong>Estado:<\/strong>\u00a0Pronto a utilizar a partir da caixa<\/p>\n<h2 data-v-md-heading=\"complete-flavor-lineup\" data-v-md-line=\"27\">Linha completa de sabores<\/h2>\n<ul data-v-md-line=\"29\">\n<li>Gelo de Melancia<\/li>\n<li>Melancia de morango<\/li>\n<li>morango kiwi<\/li>\n<li>Morango e Manga<\/li>\n<li>Morango e banana<\/li>\n<li>Drag\u00e3o negro de gelo<\/li>\n<li>Sorvete de uva<\/li>\n<li>Pista de gelo azul<\/li>\n<li>Mirtilos e framboesas<\/li>\n<li>Frutas mistas<\/li>\n<li>Homem Melancia<\/li>\n<li>Tr\u00eas Frutas Vermelhas<\/li>\n<\/ul>\n<h2 data-v-md-heading=\"tailored-for-you-and-your-business\" data-v-md-line=\"42\">Feito sob medida para voc\u00ea e sua empresa.<\/h2>\n<p data-v-md-line=\"44\">O Bang 36000 est\u00e1 dispon\u00edvel para compra individual e, se for propriet\u00e1rio de uma empresa, tamb\u00e9m pode comprar a granel. Oferecemos embalagens por grosso para 160 unidades, tornando-o irresist\u00edvel para os seus clientes.<\/p>\n<p data-v-md-line=\"46\">Tornamos a compra t\u00e3o simples como a utiliza\u00e7\u00e3o. Uma vez que colaboramos com parceiros DDP (Delivered Duty Paid) de confian\u00e7a, como a UPS, a DPD e a DHL para a entrega em toda a Europa, n\u00e3o tem de se preocupar com quaisquer problemas alfandeg\u00e1rios com a sua encomenda. Fornecemos servi\u00e7os simples e fi\u00e1veis.<\/p>\n<h2 data-v-md-heading=\"reasons-why-you-will-like-it\" data-v-md-line=\"48\">Reasons why you will like it<\/h2>\n<p data-v-md-line=\"50\"><strong>Bateria de dura\u00e7\u00e3o ultra-longa:<\/strong>\u00a0Dur\u00e1vel e de longa dura\u00e7\u00e3o, poupando-lhe dinheiro e energia.<\/p>\n<p data-v-md-line=\"52\"><strong>Sele\u00e7\u00e3o da concentra\u00e7\u00e3o de nicotina:<\/strong>\u00a0Pode escolher a concentra\u00e7\u00e3o de nicotina que mais lhe conv\u00e9m.<\/p>\n<p data-v-md-line=\"54\"><strong>Recarreg\u00e1vel:<\/strong>\u00a0permite-lhe utilizar cada gota de e-l\u00edquido.<\/p>\n<p data-v-md-line=\"56\"><strong>N\u00facleo de atomiza\u00e7\u00e3o em malha:<\/strong>\u00a0Pode proporcionar sempre um sabor suave e rico.<\/p>\n<p data-v-md-line=\"58\"><strong>F\u00e1cil de utilizar:<\/strong>\u00a0N\u00e3o s\u00e3o necess\u00e1rios bot\u00f5es, nem defini\u00e7\u00f5es. Basta abri-lo e divertir-se.<\/p>\n<h2 data-v-md-heading=\"why-choose-to-collaborate-with-agoravape\" data-v-md-line=\"60\">Por que escolher colaborar com a AgoraVape?<\/h2>\n<p data-v-md-line=\"62\">Como um dos distribuidores de vape mais confi\u00e1veis da Europa, vendemos apenas produtos genu\u00ednos 100%. Para os nossos clientes empresariais, isto significa que os vapes Bang 36000 Puffs oferecem pre\u00e7os grossistas com desconto, excelente apoio t\u00e9cnico e entrega r\u00e1pida e fi\u00e1vel. Contacta-nos imediatamente e compra este produto. Os teus clientes v\u00e3o gostar muito.<\/p>\n<p><script src=\"chrome-extension:\/\/fpelahbljekknahkcaegamhcndkfpfnc\/iFrame.js\" type=\"text\/javascript\"><\/script><\/p>","protected":false},"excerpt":{"rendered":"<p>&nbsp;<\/p>\n<p><script src=\"chrome-extension:\/\/fpelahbljekknahkcaegamhcndkfpfnc\/iFrame.js\" type=\"text\/javascript\"><\/script><\/p>\n<p><script src=\"chrome-extension:\/\/fpelahbljekknahkcaegamhcndkfpfnc\/iFrame.js\" type=\"text\/javascript\"><\/script><\/p>","protected":false},"featured_media":19398,"comment_status":"open","ping_status":"closed","template":"","meta":[],"product_brand":[197],"product_cat":[124,187,185,189,123,174,175,193,191,173,186,180,190],"product_tag":[],"class_list":{"0":"post-19379","1":"product","2":"type-product","3":"status-publish","4":"has-post-thumbnail","6":"product_brand-bang","7":"product_cat-vape-by-brand","8":"product_cat-0mg-nicotine-free-vapes","9":"product_cat-10000-puffs-high-capacity","10":"product_cat-20mg-standard-nicotine-vapes","11":"product_cat-bang","12":"product_cat-fruit-flavors","13":"product_cat-icy-mint","14":"product_cat-mesh-coil","15":"product_cat-rechargeable-disposables","16":"product_cat-vape-by-flavor-profile","17":"product_cat-vape-by-nicotine-strength","18":"product_cat-vape-by-puff-count","19":"product_cat-vape-by-feature-or-type","21":"first","22":"instock","23":"shipping-taxable","24":"purchasable","25":"product-type-variable","26":"has-default-attributes"},"tiered_pricing_type":"percentage","tiered_pricing_fixed_rules":[],"tiered_pricing_product_settings":{"layout":"default","base_unit_name":{"singular":null,"plural":null},"default_variation":null},"tiered_pricing_minimum_quantity":10,"tiered_pricing_roles_data":[],"tiered_pricing_percentage_rules":{"30":"29","50":"35","100":"40","200":"44","500":"47","1000":"49"},"tiered_pricing_maximum_quantity":null,"tiered_pricing_quantity_step":"10","_links":{"self":[{"href":"https:\/\/agoravape.com\/pt\/wp-json\/wp\/v2\/product\/19379","targetHints":{"allow":["GET"]}}],"collection":[{"href":"https:\/\/agoravape.com\/pt\/wp-json\/wp\/v2\/product"}],"about":[{"href":"https:\/\/agoravape.com\/pt\/wp-json\/wp\/v2\/types\/product"}],"replies":[{"embeddable":true,"href":"https:\/\/agoravape.com\/pt\/wp-json\/wp\/v2\/comments?post=19379"}],"version-history":[{"count":0,"href":"https:\/\/agoravape.com\/pt\/wp-json\/wp\/v2\/product\/19379\/revisions"}],"wp:featuredmedia":[{"embeddable":true,"href":"https:\/\/agoravape.com\/pt\/wp-json\/wp\/v2\/media\/19398"}],"wp:attachment":[{"href":"https:\/\/agoravape.com\/pt\/wp-json\/wp\/v2\/media?parent=19379"}],"wp:term":[{"taxonomy":"product_brand","embeddable":true,"href":"https:\/\/agoravape.com\/pt\/wp-json\/wp\/v2\/product_brand?post=19379"},{"taxonomy":"product_cat","embeddable":true,"href":"https:\/\/agoravape.com\/pt\/wp-json\/wp\/v2\/product_cat?post=19379"},{"taxonomy":"product_tag","embeddable":true,"href":"https:\/\/agoravape.com\/pt\/wp-json\/wp\/v2\/product_tag?post=19379"}],"curies":[{"name":"wp","href":"https:\/\/api.w.org\/{rel}","templated":true}]}}