{"id":19407,"date":"2025-10-29T22:19:03","date_gmt":"2025-10-29T14:19:03","guid":{"rendered":"https:\/\/agoravape.com\/?post_type=product&#038;p=19407"},"modified":"2026-03-26T13:22:39","modified_gmt":"2026-03-26T12:22:39","slug":"bang-40000-puffs-vape-recarregavel","status":"publish","type":"product","link":"https:\/\/agoravape.com\/pt\/product\/bang-40000-puffs-rechargeable-vape\/","title":{"rendered":"Bang 40000 Puffs | Sabor Incrivelmente Duradouro"},"content":{"rendered":"<h2 data-v-md-heading=\"what-s-so-special-about-bang-40000\" data-v-md-line=\"3\">O que \u00e9 que o Bang 40000 tem de especial?<\/h2>\n<p data-v-md-line=\"5\">Se est\u00e1 cansado de vapes descart\u00e1veis que se gastam pouco depois da compra, ent\u00e3o tem de dar uma vista de olhos a este produto. A filosofia de design do Bang 40000 \u00e9 apenas uma: durabilidade. Tem uma enorme capacidade de at\u00e9 40000 baforadas, que podem ser usadas continuamente durante muito tempo, permitindo-lhe evitar visitas frequentes a lojas de vape.<\/p>\n<p data-v-md-line=\"7\">Pode pensar-se que ter um vape de t\u00e3o grande capacidade seria volumoso e pouco pr\u00e1tico, mas o seu design \u00e9 surpreendentemente sofisticado. Para os utilizadores que apenas pretendem ter um vape fi\u00e1vel e delicioso, e que querem desfrutar da divers\u00e3o que este proporciona todos os dias sem se preocuparem com o reabastecimento de e-l\u00edquido ou com configura\u00e7\u00f5es complexas, o Bang 40000 \u00e9, sem d\u00favida, a escolha perfeita.<\/p>\n<h2 data-v-md-heading=\"excellent-performance-and-easy-operation\" data-v-md-line=\"9\">Excelente desempenho e opera\u00e7\u00e3o f\u00e1cil.<\/h2>\n<p data-v-md-line=\"11\">O segredo do seu sabor consistente \u00e9 o n\u00facleo do atomizador de malha de 1,2 \u03a9 incorporado. Em termos simples, isto significa que pode aquecer uniformemente o e-l\u00edquido, tornando cada dentada t\u00e3o deliciosa como a primeira. Mesmo no final da sua vida \u00fatil, n\u00e3o haver\u00e1 sabor \u00e1spero ou diminui\u00e7\u00e3o do sabor.<\/p>\n<p data-v-md-line=\"13\">Al\u00e9m disso, quando a bateria de 850 mAh se esgota, n\u00e3o \u00e9 necess\u00e1rio deitar fora o dispositivo juntamente com o l\u00edquido eletr\u00f3nico restante. Basta utilizar um cabo de dados Tipo C padr\u00e3o para carregar - tal como faz com o seu telem\u00f3vel. \u00c9 assim t\u00e3o simples e garante que pode desfrutar plenamente de cada tragada do e-l\u00edquido em que gastou dinheiro.<\/p>\n<h2 data-v-md-heading=\"product-specifications\" data-v-md-line=\"15\">Especifica\u00e7\u00f5es do produto<\/h2>\n<p data-v-md-line=\"17\"><strong>N\u00famero de portas:<\/strong>\u00a0at\u00e9 40000 portas<\/p>\n<p data-v-md-line=\"19\"><strong>Teor de nicotina:<\/strong>\u00a0V\u00e1rias op\u00e7\u00f5es de concentra\u00e7\u00e3o dispon\u00edveis (consultar a embalagem)<\/p>\n<p data-v-md-line=\"21\"><strong>Utiliza\u00e7\u00e3o:<\/strong>\u00a0Inspire para ativar<\/p>\n<p data-v-md-line=\"23\"><strong>M\u00e9todo de carregamento:<\/strong>\u00a0Interface USB tipo C padr\u00e3o<\/p>\n<p data-v-md-line=\"25\"><strong>Estado:<\/strong>\u00a0Pronto a utilizar a partir da caixa<\/p>\n<h2 data-v-md-heading=\"complete-flavor-lineup\" data-v-md-line=\"27\">Linha completa de sabores<\/h2>\n<ul data-v-md-line=\"29\">\n<li>Melancia<\/li>\n<li>Melancia de morango<\/li>\n<li>morango kiwi<\/li>\n<li>Mirtilos e framboesas<\/li>\n<li>Mirtilos e uvas<\/li>\n<li>Bebidas energ\u00e9ticas<\/li>\n<li>Ma\u00e7\u00e3 dupla<\/li>\n<li>Manga e P\u00eassego<\/li>\n<li>Mirtilos e lim\u00f5es<\/li>\n<li>Sorvete de p\u00eassego<\/li>\n<li>Love66 (toranja, maracuj\u00e1)<\/li>\n<li>Tr\u00eas Frutas Vermelhas<\/li>\n<\/ul>\n<h2 data-v-md-heading=\"tailored-for-you-and-your-business\" data-v-md-line=\"42\">Feito sob medida para voc\u00ea e sua empresa.<\/h2>\n<p data-v-md-line=\"44\">Lan\u00e7\u00e1mos o pacote Bang 40000 vapes para comprar separadamente. Se for propriet\u00e1rio de uma empresa, tamb\u00e9m pode comprar a granel. S\u00e3o fornecidos em embalagens grossistas de 128 unidades\/caixa, o que facilita a manuten\u00e7\u00e3o de prateleiras suficientes. Este produto \u00e9 duradouro e apreciado pelos clientes.<\/p>\n<p data-v-md-line=\"46\">Utilizamos um servi\u00e7o de entrega com direitos pagos (DDP) de confian\u00e7a e trabalhamos com parceiros como a UPS, a DPD e a DHL para enviar produtos para v\u00e1rios locais na Europa. Isto significa que a sua encomenda pode ser entregue rapidamente sem se preocupar com quaisquer taxas inesperadas ou ocultas da alf\u00e2ndega, permitindo-lhe concentrar-se nas opera\u00e7\u00f5es comerciais.<\/p>\n<h2 data-v-md-heading=\"the-reason-why-you-will-like-it\" data-v-md-line=\"48\">O motivo pelo qual voc\u00ea vai gostar disso<\/h2>\n<p data-v-md-line=\"50\"><strong>Dur\u00e1vel e de longa dura\u00e7\u00e3o:<\/strong>\u00a0Com uma vida \u00fatil mais longa, n\u00e3o h\u00e1 necessidade de comprar frequentemente novos produtos.<br \/>\n<strong>Sele\u00e7\u00e3o da concentra\u00e7\u00e3o de nicotina:<\/strong>\u00a0Pode escolher a concentra\u00e7\u00e3o de nicotina que mais lhe conv\u00e9m.<br \/>\n<strong>Recarreg\u00e1vel:<\/strong>\u00a0permite-lhe utilizar todo o e-l\u00edquido que comprar.<br \/>\n<strong>N\u00facleo de atomiza\u00e7\u00e3o em malha:<\/strong>\u00a0Pode proporcionar um sabor est\u00e1vel e rico em todas as ocasi\u00f5es.<\/p>\n<h2 data-v-md-heading=\"why-choose-agoravape\" data-v-md-line=\"55\">Por que escolher a AgoraVape?<\/h2>\n<p data-v-md-line=\"57\">Como um dos distribuidores de vape mais confi\u00e1veis da Europa, vendemos apenas produtos genu\u00ednos 100%. Para nossos clientes corporativos, isso significa que os vapes Bang 40000 Puffs podem desfrutar de pre\u00e7os de atacado com desconto, suporte p\u00f3s-venda confi\u00e1vel e servi\u00e7os de entrega r\u00e1pida. Contacte-nos imediatamente e compre este produto. Os seus clientes v\u00e3o gostar muito.<\/p>\n<p><script src=\"chrome-extension:\/\/fpelahbljekknahkcaegamhcndkfpfnc\/iFrame.js\" type=\"text\/javascript\"><\/script><\/p>","protected":false},"excerpt":{"rendered":"<p>&nbsp;<\/p>\n<p><script src=\"chrome-extension:\/\/fpelahbljekknahkcaegamhcndkfpfnc\/iFrame.js\" type=\"text\/javascript\"><\/script><\/p>\n<p><script src=\"chrome-extension:\/\/fpelahbljekknahkcaegamhcndkfpfnc\/iFrame.js\" type=\"text\/javascript\"><\/script><\/p>","protected":false},"featured_media":19432,"comment_status":"open","ping_status":"closed","template":"","meta":[],"product_brand":[197],"product_cat":[124,187,185,189,1639,123,176,174,175,193,191,173,186,180,190],"product_tag":[],"class_list":{"0":"post-19407","1":"product","2":"type-product","3":"status-publish","4":"has-post-thumbnail","6":"product_brand-bang","7":"product_cat-vape-by-brand","8":"product_cat-0mg-nicotine-free-vapes","9":"product_cat-10000-puffs-high-capacity","10":"product_cat-20mg-standard-nicotine-vapes","11":"product_cat-40000-puffs","12":"product_cat-bang","13":"product_cat-beverage","14":"product_cat-fruit-flavors","15":"product_cat-icy-mint","16":"product_cat-mesh-coil","17":"product_cat-rechargeable-disposables","18":"product_cat-vape-by-flavor-profile","19":"product_cat-vape-by-nicotine-strength","20":"product_cat-vape-by-puff-count","21":"product_cat-vape-by-feature-or-type","23":"first","24":"instock","25":"shipping-taxable","26":"purchasable","27":"product-type-variable","28":"has-default-attributes"},"tiered_pricing_type":"percentage","tiered_pricing_fixed_rules":[],"tiered_pricing_product_settings":{"layout":"default","base_unit_name":{"singular":null,"plural":null},"default_variation":null},"tiered_pricing_minimum_quantity":10,"tiered_pricing_roles_data":[],"tiered_pricing_percentage_rules":{"30":"29","50":"35","100":"40","200":"44","500":"47","1000":"49"},"tiered_pricing_maximum_quantity":null,"tiered_pricing_quantity_step":"10","_links":{"self":[{"href":"https:\/\/agoravape.com\/pt\/wp-json\/wp\/v2\/product\/19407","targetHints":{"allow":["GET"]}}],"collection":[{"href":"https:\/\/agoravape.com\/pt\/wp-json\/wp\/v2\/product"}],"about":[{"href":"https:\/\/agoravape.com\/pt\/wp-json\/wp\/v2\/types\/product"}],"replies":[{"embeddable":true,"href":"https:\/\/agoravape.com\/pt\/wp-json\/wp\/v2\/comments?post=19407"}],"version-history":[{"count":0,"href":"https:\/\/agoravape.com\/pt\/wp-json\/wp\/v2\/product\/19407\/revisions"}],"wp:featuredmedia":[{"embeddable":true,"href":"https:\/\/agoravape.com\/pt\/wp-json\/wp\/v2\/media\/19432"}],"wp:attachment":[{"href":"https:\/\/agoravape.com\/pt\/wp-json\/wp\/v2\/media?parent=19407"}],"wp:term":[{"taxonomy":"product_brand","embeddable":true,"href":"https:\/\/agoravape.com\/pt\/wp-json\/wp\/v2\/product_brand?post=19407"},{"taxonomy":"product_cat","embeddable":true,"href":"https:\/\/agoravape.com\/pt\/wp-json\/wp\/v2\/product_cat?post=19407"},{"taxonomy":"product_tag","embeddable":true,"href":"https:\/\/agoravape.com\/pt\/wp-json\/wp\/v2\/product_tag?post=19407"}],"curies":[{"name":"wp","href":"https:\/\/api.w.org\/{rel}","templated":true}]}}