{"id":19439,"date":"2025-10-30T09:44:27","date_gmt":"2025-10-30T01:44:27","guid":{"rendered":"https:\/\/agoravape.com\/?post_type=product&#038;p=19439"},"modified":"2026-01-30T17:05:52","modified_gmt":"2026-01-30T09:05:52","slug":"bang-blaze-42000-puffs-dual-mesh-vape","status":"publish","type":"product","link":"https:\/\/agoravape.com\/pt\/product\/bang-blaze-42000-puffs-dual-mesh-vape\/","title":{"rendered":"Bang Blaze 42000 Puffs | Sabor Intenso e Duradouro"},"content":{"rendered":"<h2 data-v-md-heading=\"what-is-special-about-bang-blaze-42000-mouth\" data-v-md-line=\"3\"><img loading=\"lazy\" decoding=\"async\" class=\"aligncenter size-full wp-image-19455\" src=\"https:\/\/agoravape.com\/wp-content\/uploads\/2025\/10\/Bang-Blaze-42000-Puffs-Massive-Flavour-That-Lasts_Agora_vape-scaled.webp\" alt=\"\" width=\"1652\" height=\"2560\" srcset=\"https:\/\/agoravape.com\/wp-content\/uploads\/2025\/10\/Bang-Blaze-42000-Puffs-Massive-Flavour-That-Lasts_Agora_vape-scaled.webp 1652w, https:\/\/agoravape.com\/wp-content\/uploads\/2025\/10\/Bang-Blaze-42000-Puffs-Massive-Flavour-That-Lasts_Agora_vape-scaled-1200x1860.webp 1200w, https:\/\/agoravape.com\/wp-content\/uploads\/2025\/10\/Bang-Blaze-42000-Puffs-Massive-Flavour-That-Lasts_Agora_vape-194x300.webp 194w, https:\/\/agoravape.com\/wp-content\/uploads\/2025\/10\/Bang-Blaze-42000-Puffs-Massive-Flavour-That-Lasts_Agora_vape-661x1024.webp 661w, https:\/\/agoravape.com\/wp-content\/uploads\/2025\/10\/Bang-Blaze-42000-Puffs-Massive-Flavour-That-Lasts_Agora_vape-768x1190.webp 768w, https:\/\/agoravape.com\/wp-content\/uploads\/2025\/10\/Bang-Blaze-42000-Puffs-Massive-Flavour-That-Lasts_Agora_vape-991x1536.webp 991w, https:\/\/agoravape.com\/wp-content\/uploads\/2025\/10\/Bang-Blaze-42000-Puffs-Massive-Flavour-That-Lasts_Agora_vape-1321x2048.webp 1321w\" sizes=\"auto, (max-width: 1652px) 100vw, 1652px\" \/><\/h2>\n<h2 data-v-md-heading=\"what-is-special-about-bang-blaze-42000-mouth\" data-v-md-line=\"3\">O que tem de especial a boca Bang Blaze 42000?<\/h2>\n<p data-v-md-line=\"5\">Se est\u00e1 cansado dos vapes descart\u00e1veis que perdem a sua energia em apenas alguns dias, ent\u00e3o tem de dar uma vista de olhos a este produto. O Bang Blaze \u00e9 definitivamente um vape duradouro, com uma autonomia de at\u00e9 42000 baforadas, o que significa que \u00e9 de longa dura\u00e7\u00e3o. Poder\u00e1 pensar que um vape t\u00e3o potente tem um grande volume, mas ficar\u00e1 surpreendido com o seu conforto quando o segura na m\u00e3o. Para quem quer um vape fi\u00e1vel, delicioso e f\u00e1cil de usar, \u00e9 a escolha ideal. Sem necessidade de inje\u00e7\u00e3o de \u00f3leo, sem necessidade de defini\u00e7\u00f5es complexas - desfrute de uma experi\u00eancia simples e satisfat\u00f3ria do in\u00edcio ao fim.<\/p>\n<h2 data-v-md-heading=\"excellent-performance-and-easy-operation\" data-v-md-line=\"7\">Excelente desempenho e opera\u00e7\u00e3o f\u00e1cil.<\/h2>\n<p data-v-md-line=\"9\">O segredo do seu excelente sabor reside nas bobinas de malha dupla incorporadas. Simplificando, esta tecnologia consegue aquecer uniformemente o e-l\u00edquido, garantindo que cada dentada \u00e9 t\u00e3o deliciosa como a primeira. N\u00e3o sentir\u00e1 o sabor a queimado de outros vapes descart\u00e1veis quando estiver quase a acabar de fumar. Est\u00e1 equipado com uma potente bateria de 1000mAh que pode satisfazer as suas necessidades. Quando a bateria estiver fraca, basta utilizar um cabo de dados tipo C padr\u00e3o para carregar, tal como o que utiliza para carregar o seu telem\u00f3vel. Muito c\u00f3modo.<\/p>\n<h2 data-v-md-heading=\"product-specifications\" data-v-md-line=\"11\">Especifica\u00e7\u00f5es do produto<\/h2>\n<p data-v-md-line=\"13\"><strong>Frequ\u00eancia do consumo de tabaco:<\/strong>\u00a0at\u00e9 42000 baforadas<\/p>\n<p data-v-md-line=\"15\"><strong>Concentra\u00e7\u00e3o de nicotina:<\/strong>\u00a0Dispon\u00edvel em quatro op\u00e7\u00f5es de concentra\u00e7\u00e3o: 0%, 2%, 3% e 5%<\/p>\n<p data-v-md-line=\"17\"><strong>Utiliza\u00e7\u00e3o:<\/strong>\u00a0Inspire para ativar<\/p>\n<p data-v-md-line=\"19\"><strong>M\u00e9todo de carregamento:<\/strong>\u00a0Interface USB tipo C padr\u00e3o<\/p>\n<p data-v-md-line=\"21\"><strong>Estado:<\/strong>\u00a0Pronto a utilizar a partir da caixa<\/p>\n<p data-v-md-line=\"21\"><img loading=\"lazy\" decoding=\"async\" class=\"aligncenter size-full wp-image-19454\" src=\"https:\/\/agoravape.com\/wp-content\/uploads\/2025\/10\/Bang-Blaze-42000-Puffs-Massive-Flavour-That-Lasts_Agora_vape-2-scaled.webp\" alt=\"\" width=\"1243\" height=\"2560\" srcset=\"https:\/\/agoravape.com\/wp-content\/uploads\/2025\/10\/Bang-Blaze-42000-Puffs-Massive-Flavour-That-Lasts_Agora_vape-2-scaled.webp 1243w, https:\/\/agoravape.com\/wp-content\/uploads\/2025\/10\/Bang-Blaze-42000-Puffs-Massive-Flavour-That-Lasts_Agora_vape-2-scaled-1200x2471.webp 1200w, https:\/\/agoravape.com\/wp-content\/uploads\/2025\/10\/Bang-Blaze-42000-Puffs-Massive-Flavour-That-Lasts_Agora_vape-2-146x300.webp 146w, https:\/\/agoravape.com\/wp-content\/uploads\/2025\/10\/Bang-Blaze-42000-Puffs-Massive-Flavour-That-Lasts_Agora_vape-2-497x1024.webp 497w, https:\/\/agoravape.com\/wp-content\/uploads\/2025\/10\/Bang-Blaze-42000-Puffs-Massive-Flavour-That-Lasts_Agora_vape-2-768x1581.webp 768w, https:\/\/agoravape.com\/wp-content\/uploads\/2025\/10\/Bang-Blaze-42000-Puffs-Massive-Flavour-That-Lasts_Agora_vape-2-746x1536.webp 746w, https:\/\/agoravape.com\/wp-content\/uploads\/2025\/10\/Bang-Blaze-42000-Puffs-Massive-Flavour-That-Lasts_Agora_vape-2-995x2048.webp 995w\" sizes=\"auto, (max-width: 1243px) 100vw, 1243px\" \/><\/p>\n<h2 data-v-md-heading=\"complete-flavor-lineup\" data-v-md-line=\"23\">Linha completa de sabores<\/h2>\n<ul data-v-md-line=\"25\">\n<li>Como<\/li>\n<li>Hortel\u00e3 com mirtilo<\/li>\n<li>Ma\u00e7\u00e3s Duplas<\/li>\n<li>Sorvete de p\u00eassego<\/li>\n<li>Mirtilos e framboesas<\/li>\n<li>Pista de gelo azul<\/li>\n<li>Mirtilos e p\u00eassegos<\/li>\n<li>Melancia<\/li>\n<li>Melancia de morango<\/li>\n<li>Lichia de morango<\/li>\n<li>Menta de uva<\/li>\n<li>Frutas mistas<\/li>\n<\/ul>\n<h2 data-v-md-heading=\"tailored-for-you-and-your-business\" data-v-md-line=\"38\">Feito sob medida para voc\u00ea e sua empresa.<\/h2>\n<p data-v-md-line=\"40\">O Bang Blaze 42000 est\u00e1 agora dispon\u00edvel para compra pessoal e, se for propriet\u00e1rio de uma empresa, tamb\u00e9m pode comprar a granel. S\u00e3o fornecidos em embalagens por grosso de 160 cigarros por caixa, para que possa fornecer aos seus clientes um produto vape que eles possam voltar a comprar continuamente. Colaboramos com parceiros fi\u00e1veis da Delivered Duty Paid (DDP), como a UPS, a DPD e a DHL, para tratar de todos os assuntos relacionados com o transporte. Isto significa que n\u00e3o tem de se preocupar com taxas alfandeg\u00e1rias adicionais e que todo o processo, desde o nosso armaz\u00e9m at\u00e9 \u00e0 sua porta, ser\u00e1 suave e sem obst\u00e1culos.<\/p>\n<h2 data-v-md-heading=\"the-reason-why-you-will-like-it\" data-v-md-line=\"42\">O motivo pelo qual voc\u00ea vai gostar disso<\/h2>\n<p data-v-md-line=\"44\"><strong>Bateria de dura\u00e7\u00e3o ultra-longa:<\/strong>\u00a0Maior dura\u00e7\u00e3o da bateria, sem necessidade de comprar frequentemente novos produtos.<\/p>\n<p data-v-md-line=\"46\"><strong>Sele\u00e7\u00e3o da concentra\u00e7\u00e3o de nicotina:<\/strong>\u00a0Pode escolher a concentra\u00e7\u00e3o de nicotina que mais lhe conv\u00e9m.<\/p>\n<p data-v-md-line=\"48\"><strong>Recarreg\u00e1vel:<\/strong>\u00a0permite-lhe utilizar todas as gotas do e-l\u00edquido de 30 ml adquirido.<\/p>\n<p data-v-md-line=\"50\"><strong>N\u00facleo do atomizador de malha dupla:<\/strong>\u00a0Pode proporcionar um sabor est\u00e1vel e rico em todas as ocasi\u00f5es.<\/p>\n<h2 data-v-md-heading=\"why-choose-to-collaborate-with-agoravape\" data-v-md-line=\"52\">Por que escolher colaborar com a AgoraVape?<\/h2>\n<p data-v-md-line=\"54\">Como um dos distribuidores de vape mais confi\u00e1veis da Europa, vendemos apenas produtos genu\u00ednos 100%. Para os nossos clientes empresariais, isto significa que os produtos Bang Blaze 42000 oferecer\u00e3o pre\u00e7os grossistas altamente competitivos, apoio p\u00f3s-venda fi\u00e1vel e servi\u00e7os de envio r\u00e1pidos e est\u00e1veis. Contacte-nos imediatamente para apresentar este produto, e os seus clientes ir\u00e3o apreci\u00e1-lo verdadeiramente.<\/p>","protected":false},"excerpt":{"rendered":"<p>&nbsp;<\/p>\n<p><script src=\"chrome-extension:\/\/fpelahbljekknahkcaegamhcndkfpfnc\/iFrame.js\" type=\"text\/javascript\"><\/script><\/p>\n<p><script src=\"chrome-extension:\/\/fpelahbljekknahkcaegamhcndkfpfnc\/iFrame.js\" type=\"text\/javascript\"><\/script><\/p>\n<p><script src=\"chrome-extension:\/\/fpelahbljekknahkcaegamhcndkfpfnc\/iFrame.js\" type=\"text\/javascript\"><\/script><\/p>","protected":false},"featured_media":19453,"comment_status":"open","ping_status":"closed","template":"","meta":[],"product_brand":[197],"product_cat":[124,187,185,189,123,174,175,193,191,173,186,180,190],"product_tag":[],"class_list":{"0":"post-19439","1":"product","2":"type-product","3":"status-publish","4":"has-post-thumbnail","6":"product_brand-bang","7":"product_cat-vape-by-brand","8":"product_cat-0mg-nicotine-free-vapes","9":"product_cat-10000-puffs-high-capacity","10":"product_cat-20mg-standard-nicotine-vapes","11":"product_cat-bang","12":"product_cat-fruit-flavors","13":"product_cat-icy-mint","14":"product_cat-mesh-coil","15":"product_cat-rechargeable-disposables","16":"product_cat-vape-by-flavor-profile","17":"product_cat-vape-by-nicotine-strength","18":"product_cat-vape-by-puff-count","19":"product_cat-vape-by-feature-or-type","21":"first","22":"instock","23":"shipping-taxable","24":"purchasable","25":"product-type-variable","26":"has-default-attributes"},"tiered_pricing_type":"percentage","tiered_pricing_fixed_rules":[],"tiered_pricing_product_settings":{"layout":"default","base_unit_name":{"singular":null,"plural":null},"default_variation":null},"tiered_pricing_minimum_quantity":10,"tiered_pricing_roles_data":[],"tiered_pricing_percentage_rules":{"30":"29","50":"35","100":"40","200":"44","500":"47","1000":"49"},"tiered_pricing_maximum_quantity":null,"tiered_pricing_quantity_step":"10","_links":{"self":[{"href":"https:\/\/agoravape.com\/pt\/wp-json\/wp\/v2\/product\/19439","targetHints":{"allow":["GET"]}}],"collection":[{"href":"https:\/\/agoravape.com\/pt\/wp-json\/wp\/v2\/product"}],"about":[{"href":"https:\/\/agoravape.com\/pt\/wp-json\/wp\/v2\/types\/product"}],"replies":[{"embeddable":true,"href":"https:\/\/agoravape.com\/pt\/wp-json\/wp\/v2\/comments?post=19439"}],"version-history":[{"count":0,"href":"https:\/\/agoravape.com\/pt\/wp-json\/wp\/v2\/product\/19439\/revisions"}],"wp:featuredmedia":[{"embeddable":true,"href":"https:\/\/agoravape.com\/pt\/wp-json\/wp\/v2\/media\/19453"}],"wp:attachment":[{"href":"https:\/\/agoravape.com\/pt\/wp-json\/wp\/v2\/media?parent=19439"}],"wp:term":[{"taxonomy":"product_brand","embeddable":true,"href":"https:\/\/agoravape.com\/pt\/wp-json\/wp\/v2\/product_brand?post=19439"},{"taxonomy":"product_cat","embeddable":true,"href":"https:\/\/agoravape.com\/pt\/wp-json\/wp\/v2\/product_cat?post=19439"},{"taxonomy":"product_tag","embeddable":true,"href":"https:\/\/agoravape.com\/pt\/wp-json\/wp\/v2\/product_tag?post=19439"}],"curies":[{"name":"wp","href":"https:\/\/api.w.org\/{rel}","templated":true}]}}