{"id":19458,"date":"2025-10-30T10:15:31","date_gmt":"2025-10-30T02:15:31","guid":{"rendered":"https:\/\/agoravape.com\/?post_type=product&#038;p=19458"},"modified":"2026-01-30T17:05:21","modified_gmt":"2026-01-30T09:05:21","slug":"bang-blaze-20000-puffs-vape","status":"publish","type":"product","link":"https:\/\/agoravape.com\/pt\/product\/bang-blaze-20000-puffs-vape\/","title":{"rendered":"Bang Blaze 20000 Puffs | Capacidade enorme, simplificada"},"content":{"rendered":"<h2 data-v-md-heading=\"what-is-special-about-bang-blaze-20000\" data-v-md-line=\"3\"><img loading=\"lazy\" decoding=\"async\" class=\"size-full wp-image-19472 alignright\" src=\"https:\/\/agoravape.com\/wp-content\/uploads\/2025\/10\/Bang-Blaze-20000-Puffs-Massive-Capacity-Made-Simple_Agora_vape-1-scaled.webp\" alt=\"\" width=\"1434\" height=\"2560\" srcset=\"https:\/\/agoravape.com\/wp-content\/uploads\/2025\/10\/Bang-Blaze-20000-Puffs-Massive-Capacity-Made-Simple_Agora_vape-1-scaled.webp 1434w, https:\/\/agoravape.com\/wp-content\/uploads\/2025\/10\/Bang-Blaze-20000-Puffs-Massive-Capacity-Made-Simple_Agora_vape-1-scaled-1200x2142.webp 1200w, https:\/\/agoravape.com\/wp-content\/uploads\/2025\/10\/Bang-Blaze-20000-Puffs-Massive-Capacity-Made-Simple_Agora_vape-1-168x300.webp 168w, https:\/\/agoravape.com\/wp-content\/uploads\/2025\/10\/Bang-Blaze-20000-Puffs-Massive-Capacity-Made-Simple_Agora_vape-1-574x1024.webp 574w, https:\/\/agoravape.com\/wp-content\/uploads\/2025\/10\/Bang-Blaze-20000-Puffs-Massive-Capacity-Made-Simple_Agora_vape-1-768x1371.webp 768w, https:\/\/agoravape.com\/wp-content\/uploads\/2025\/10\/Bang-Blaze-20000-Puffs-Massive-Capacity-Made-Simple_Agora_vape-1-860x1536.webp 860w, https:\/\/agoravape.com\/wp-content\/uploads\/2025\/10\/Bang-Blaze-20000-Puffs-Massive-Capacity-Made-Simple_Agora_vape-1-1147x2048.webp 1147w\" sizes=\"auto, (max-width: 1434px) 100vw, 1434px\" \/><\/h2>\n<h2 data-v-md-heading=\"what-is-special-about-bang-blaze-20000\" data-v-md-line=\"3\">O que tem de especial o Bang Blaze 20000?<\/h2>\n<p data-v-md-line=\"5\">Se est\u00e1 cansado de vapes descart\u00e1veis que ficam sem bateria a meio de uma semana, ent\u00e3o tem de dar uma vista de olhos a este produto. O conceito de design do Bang Blaze 20000 \u00e9 apenas um: durabilidade. Tem uma enorme capacidade de at\u00e9 20000 portas, permitindo-lhe desfrutar de uma experi\u00eancia duradoura. Para quem quer um vape fi\u00e1vel, delicioso e f\u00e1cil de usar, \u00e9 a escolha ideal. Pronto a usar a partir da caixa, sem necessidade de opera\u00e7\u00f5es complicadas.<\/p>\n<p data-v-md-line=\"7\">Pode pensar que ter um vape de t\u00e3o grande capacidade seria volumoso, mas ficar\u00e1 surpreendido com o seu tamanho requintado e facilidade de transporte. Trata-se de um dispositivo simples e pr\u00e1tico, concebido para aqueles que sabem exatamente o que querem: um vape fi\u00e1vel e duradouro. Alguns modelos est\u00e3o mesmo equipados com pequenos ecr\u00e3s pr\u00e1ticos que apresentam o n\u00edvel da bateria e o l\u00edquido eletr\u00f3nico restante, permitindo-lhe acompanhar o estado da bateria em qualquer altura.<\/p>\n<h2 data-v-md-heading=\"excellent-performance-and-easy-operation\" data-v-md-line=\"9\">Excelente desempenho e opera\u00e7\u00e3o f\u00e1cil.<\/h2>\n<p data-v-md-line=\"11\">O segredo do seu excelente sabor reside no seu n\u00facleo atomizador de malha incorporado. Em termos simples, consegue aquecer o e-l\u00edquido de forma mais uniforme, garantindo que cada dentada \u00e9 t\u00e3o deliciosa como a primeira. N\u00e3o haver\u00e1 sabor a queimado, apenas uma textura consistentemente suave. Do in\u00edcio ao fim, o sabor \u00e9 rico e suave.<\/p>\n<p data-v-md-line=\"13\">Mesmo que a bateria esteja fraca, pode continuar a utilizar um cabo de dados Tipo C padr\u00e3o para carregar - tal como faz para carregar o seu telem\u00f3vel. Embora este seja um pequeno pormenor, significa que j\u00e1 n\u00e3o precisa de se preocupar em encontrar um cabo de dados dedicado. Simples e c\u00f3modo.<\/p>\n<h2 data-v-md-heading=\"product-specifications\" data-v-md-line=\"15\">Especifica\u00e7\u00f5es do produto<\/h2>\n<p data-v-md-line=\"17\"><strong>Frequ\u00eancia do consumo de tabaco:<\/strong>\u00a0at\u00e9 20000 baforadas<\/p>\n<p data-v-md-line=\"19\"><strong>Concentra\u00e7\u00e3o de nicotina:<\/strong>\u00a0Dispon\u00edvel em quatro op\u00e7\u00f5es de concentra\u00e7\u00e3o: 0%, 2%, 3% e 5%<\/p>\n<p data-v-md-line=\"21\"><strong>Utiliza\u00e7\u00e3o:<\/strong>\u00a0Inspire para ativar<\/p>\n<p data-v-md-line=\"23\"><strong>M\u00e9todo de carregamento:<\/strong>\u00a0Interface USB tipo C padr\u00e3o<\/p>\n<p data-v-md-line=\"25\"><strong>Estado:<\/strong>\u00a0Pronto a utilizar a partir da caixa<\/p>\n<h2 data-v-md-heading=\"complete-flavor-lineup\" data-v-md-line=\"27\">Linha completa de sabores<\/h2>\n<ul data-v-md-line=\"29\">\n<li>Sabor a melancia<\/li>\n<li>Strawberry and watermelon flavor<\/li>\n<li>Sabor a gelo de mirtilo<\/li>\n<li>Sabor de mirtilo e framboesa<\/li>\n<li>Sabor a gelo de morango<\/li>\n<li>Strawberry Strange Fruit Flavor<\/li>\n<li>Mango, peach, watermelon flavor<\/li>\n<li>Sabor de kiwi, maracuj\u00e1 e goiaba<\/li>\n<li>Sabor a gelo de p\u00eassego<\/li>\n<li>Sabor de frutos silvestres mistos<\/li>\n<li>Sabor a mirtilo e uva<\/li>\n<li>Pastilha el\u00e1stica com sabor a melancia<\/li>\n<\/ul>\n<h2 data-v-md-heading=\"tailored-for-you-and-your-business\" data-v-md-line=\"42\">Feito sob medida para voc\u00ea e sua empresa.<\/h2>\n<p data-v-md-line=\"44\">O Bang Blaze 20000 est\u00e1 agora dispon\u00edvel para compra pessoal e, se for propriet\u00e1rio de uma empresa, tamb\u00e9m pode comprar a granel. S\u00e3o fornecidos em caixas grossistas de 10 unidades e em caixas grandes de 200 unidades, o que facilita a coloca\u00e7\u00e3o de produtos de alta qualidade nas prateleiras.<\/p>\n<p data-v-md-line=\"46\">Colaboramos com parceiros log\u00edsticos de confian\u00e7a, como a UPS, DPD e DHL, para tratar de todas as quest\u00f5es log\u00edsticas. Todas as mercadorias s\u00e3o enviadas numa base de Entrega com Direitos Pagos (DDP), para que n\u00e3o tenha de se preocupar com taxas alfandeg\u00e1rias. Estamos empenhados em proporcionar-lhe um processo simples e fi\u00e1vel, permitindo-lhe obter facilmente produtos populares aut\u00eanticos.<\/p>\n<h2 data-v-md-heading=\"reasons-why-you-will-like-it\" data-v-md-line=\"48\">Reasons why you will like it<\/h2>\n<p data-v-md-line=\"50\"><strong>Bateria de dura\u00e7\u00e3o ultra-longa:<\/strong>\u00a0Dur\u00e1vel e de longa dura\u00e7\u00e3o, n\u00e3o necessita de compras frequentes.<\/p>\n<p data-v-md-line=\"52\"><strong>Sele\u00e7\u00e3o da concentra\u00e7\u00e3o de nicotina:<\/strong>\u00a0Pode escolher a concentra\u00e7\u00e3o de nicotina que mais lhe conv\u00e9m, desde sem nicotina at\u00e9 5% de nicotina.<\/p>\n<p data-v-md-line=\"54\"><strong>Recarreg\u00e1vel:<\/strong>\u00a0permite-lhe utilizar cada gota de e-l\u00edquido que compra.<\/p>\n<p data-v-md-line=\"56\"><strong>N\u00facleo de atomiza\u00e7\u00e3o em malha:<\/strong>\u00a0Pode proporcionar um sabor est\u00e1vel e rico em todas as ocasi\u00f5es.<\/p>\n<h2 data-v-md-heading=\"why-choose-to-collaborate-with-agoravape\" data-v-md-line=\"58\">Por que escolher colaborar com a AgoraVape?<\/h2>\n<p data-v-md-line=\"60\">Como um dos distribuidores de vape mais confi\u00e1veis da Europa, vendemos apenas produtos genu\u00ednos 100%. Para os nossos clientes empresariais, isto significa descontos no pre\u00e7o por grosso do Bang Blaze 20000, apoio t\u00e9cnico abrangente e entrega r\u00e1pida e fi\u00e1vel. Contacte-nos imediatamente para que os seus clientes apreciem verdadeiramente os produtos que fornece.<\/p>\n<p><script src=\"chrome-extension:\/\/fpelahbljekknahkcaegamhcndkfpfnc\/iFrame.js\" type=\"text\/javascript\"><\/script><\/p>","protected":false},"excerpt":{"rendered":"<p>&nbsp;<\/p>\n<p><script src=\"chrome-extension:\/\/fpelahbljekknahkcaegamhcndkfpfnc\/iFrame.js\" type=\"text\/javascript\"><\/script><\/p>\n<p><script src=\"chrome-extension:\/\/fpelahbljekknahkcaegamhcndkfpfnc\/iFrame.js\" type=\"text\/javascript\"><\/script><\/p>\n<p><script src=\"chrome-extension:\/\/fpelahbljekknahkcaegamhcndkfpfnc\/iFrame.js\" type=\"text\/javascript\"><\/script><\/p>\n<p><script src=\"chrome-extension:\/\/fpelahbljekknahkcaegamhcndkfpfnc\/iFrame.js\" type=\"text\/javascript\"><\/script><\/p>","protected":false},"featured_media":19483,"comment_status":"open","ping_status":"closed","template":"","meta":[],"product_brand":[197],"product_cat":[124,187,185,1636,189,123,174,175,193,191,173,186,180,190],"product_tag":[],"class_list":{"0":"post-19458","1":"product","2":"type-product","3":"status-publish","4":"has-post-thumbnail","6":"product_brand-bang","7":"product_cat-vape-by-brand","8":"product_cat-0mg-nicotine-free-vapes","9":"product_cat-10000-puffs-high-capacity","10":"product_cat-20000-puffs","11":"product_cat-20mg-standard-nicotine-vapes","12":"product_cat-bang","13":"product_cat-fruit-flavors","14":"product_cat-icy-mint","15":"product_cat-mesh-coil","16":"product_cat-rechargeable-disposables","17":"product_cat-vape-by-flavor-profile","18":"product_cat-vape-by-nicotine-strength","19":"product_cat-vape-by-puff-count","20":"product_cat-vape-by-feature-or-type","22":"first","23":"onbackorder","24":"shipping-taxable","25":"purchasable","26":"product-type-variable","27":"has-default-attributes"},"tiered_pricing_type":"percentage","tiered_pricing_fixed_rules":[],"tiered_pricing_product_settings":{"layout":"default","base_unit_name":{"singular":null,"plural":null},"default_variation":null},"tiered_pricing_minimum_quantity":10,"tiered_pricing_roles_data":[],"tiered_pricing_percentage_rules":{"30":"29","50":"35","100":"40","200":"44","500":"47","1000":"49"},"tiered_pricing_maximum_quantity":null,"tiered_pricing_quantity_step":"10","_links":{"self":[{"href":"https:\/\/agoravape.com\/pt\/wp-json\/wp\/v2\/product\/19458","targetHints":{"allow":["GET"]}}],"collection":[{"href":"https:\/\/agoravape.com\/pt\/wp-json\/wp\/v2\/product"}],"about":[{"href":"https:\/\/agoravape.com\/pt\/wp-json\/wp\/v2\/types\/product"}],"replies":[{"embeddable":true,"href":"https:\/\/agoravape.com\/pt\/wp-json\/wp\/v2\/comments?post=19458"}],"version-history":[{"count":0,"href":"https:\/\/agoravape.com\/pt\/wp-json\/wp\/v2\/product\/19458\/revisions"}],"wp:featuredmedia":[{"embeddable":true,"href":"https:\/\/agoravape.com\/pt\/wp-json\/wp\/v2\/media\/19483"}],"wp:attachment":[{"href":"https:\/\/agoravape.com\/pt\/wp-json\/wp\/v2\/media?parent=19458"}],"wp:term":[{"taxonomy":"product_brand","embeddable":true,"href":"https:\/\/agoravape.com\/pt\/wp-json\/wp\/v2\/product_brand?post=19458"},{"taxonomy":"product_cat","embeddable":true,"href":"https:\/\/agoravape.com\/pt\/wp-json\/wp\/v2\/product_cat?post=19458"},{"taxonomy":"product_tag","embeddable":true,"href":"https:\/\/agoravape.com\/pt\/wp-json\/wp\/v2\/product_tag?post=19458"}],"curies":[{"name":"wp","href":"https:\/\/api.w.org\/{rel}","templated":true}]}}