{"id":19485,"date":"2025-10-30T10:34:52","date_gmt":"2025-10-30T02:34:52","guid":{"rendered":"https:\/\/agoravape.com\/?post_type=product&#038;p=19485"},"modified":"2026-01-13T01:03:16","modified_gmt":"2026-01-12T17:03:16","slug":"bang-blaze-bk40s-40000-puffs-duplo-sabor","status":"publish","type":"product","link":"https:\/\/agoravape.com\/pt\/product\/bang-blaze-bk40s-40000-puffs-dual-flavor\/","title":{"rendered":"Bang Blaze BK40S 40000 Puffs | Dois sabores em um, sem complica\u00e7\u00f5es"},"content":{"rendered":"<h2 data-v-md-heading=\"what-is-the-special-feature-of-bang-blaze-bk40s-40000-dual-flavored-vape\" data-v-md-line=\"3\"><img loading=\"lazy\" decoding=\"async\" class=\"size-full wp-image-19499 alignright\" src=\"https:\/\/agoravape.com\/wp-content\/uploads\/2025\/10\/Bang-Blaze-BK40S-40000-Puffs-Two-Flavours-in-One-Zero-Hassle_Agora_vape-1-scaled.webp\" alt=\"\" width=\"828\" height=\"2560\" srcset=\"https:\/\/agoravape.com\/wp-content\/uploads\/2025\/10\/Bang-Blaze-BK40S-40000-Puffs-Two-Flavours-in-One-Zero-Hassle_Agora_vape-1-scaled.webp 828w, https:\/\/agoravape.com\/wp-content\/uploads\/2025\/10\/Bang-Blaze-BK40S-40000-Puffs-Two-Flavours-in-One-Zero-Hassle_Agora_vape-1-97x300.webp 97w, https:\/\/agoravape.com\/wp-content\/uploads\/2025\/10\/Bang-Blaze-BK40S-40000-Puffs-Two-Flavours-in-One-Zero-Hassle_Agora_vape-1-331x1024.webp 331w, https:\/\/agoravape.com\/wp-content\/uploads\/2025\/10\/Bang-Blaze-BK40S-40000-Puffs-Two-Flavours-in-One-Zero-Hassle_Agora_vape-1-497x1536.webp 497w, https:\/\/agoravape.com\/wp-content\/uploads\/2025\/10\/Bang-Blaze-BK40S-40000-Puffs-Two-Flavours-in-One-Zero-Hassle_Agora_vape-1-662x2048.webp 662w, https:\/\/agoravape.com\/wp-content\/uploads\/2025\/10\/Bang-Blaze-BK40S-40000-Puffs-Two-Flavours-in-One-Zero-Hassle_Agora_vape-1-1200x3712.webp 1200w\" sizes=\"auto, (max-width: 828px) 100vw, 828px\" \/><\/h2>\n<h2 data-v-md-heading=\"what-is-the-special-feature-of-bang-blaze-bk40s-40000-dual-flavored-vape\" data-v-md-line=\"3\">Qual \u00e9 a carater\u00edstica especial do vape de duplo sabor Bang Blaze BK40S 40000?<\/h2>\n<p data-v-md-line=\"5\">Muito bem, vamos falar de aborrecimento. Comprou um vape descart\u00e1vel de grande capacidade, na esperan\u00e7a de que dure muito tempo, mas passados alguns dias, vai-se cansar do mesmo sabor. Nesta altura, o Bang Blaze BK40S veio mesmo a calhar. Este dispositivo subverte a experi\u00eancia tradicional dos vapes, misturando dois sabores completamente diferentes e requintados num s\u00f3 vape. Quer mudar de sabor? Basta premir ligeiramente o interrutor.<\/p>\n<p data-v-md-line=\"7\">Para quem gosta de sabores diversos mas n\u00e3o quer levar dois aparelhos consigo, \u00e9 a escolha perfeita. Se pretende apenas um vape fi\u00e1vel, delicioso e fresco, ent\u00e3o este produto merece definitivamente a sua aten\u00e7\u00e3o. Este vape foi concebido para ser duradouro e pode proporcionar uma experi\u00eancia de fumo de at\u00e9 40000 baforadas.<\/p>\n<h2 data-v-md-heading=\"excellent-performance-and-easy-operation\" data-v-md-line=\"9\">Excelente desempenho e opera\u00e7\u00e3o f\u00e1cil.<\/h2>\n<p data-v-md-line=\"11\">Pode pensar-se que um vape com tantos orif\u00edcios para fumar e dois sabores seria complicado, mas na realidade \u00e9 muito simples. O mist\u00e9rio reside no design da bobina de malha dupla. Isto significa que, independentemente do sabor que escolher, cada dentada \u00e9 t\u00e3o deliciosa como a primeira - o sabor \u00e9 consistente, suave e macio, at\u00e9 \u00e0 \u00faltima dentada.<\/p>\n<p data-v-md-line=\"13\">Mesmo que a bateria esteja fraca, n\u00e3o precisa de se preocupar. Basta utilizar um cabo de dados Tipo C padr\u00e3o para carregar, tal como se estivesse a carregar o telem\u00f3vel. Isto significa que pode utilizar totalmente o e-l\u00edquido de 40 ml que comprou sem deixar uma \u00fanica gota. Tudo foi concebido para facilitar a sua vida.<\/p>\n<h2 data-v-md-heading=\"quick-specifications\" data-v-md-line=\"15\">Especifica\u00e7\u00f5es r\u00e1pidas<\/h2>\n<p data-v-md-line=\"17\"><strong>Frequ\u00eancia do consumo de tabaco:<\/strong>\u00a0at\u00e9 40000 baforadas<\/p>\n<p data-v-md-line=\"19\"><strong>Concentra\u00e7\u00e3o de nicotina:<\/strong>\u00a0Dispon\u00edvel em tr\u00eas concentra\u00e7\u00f5es: 2%, 3% e 5%<\/p>\n<p data-v-md-line=\"21\"><strong>Utiliza\u00e7\u00e3o:<\/strong>\u00a0Ativa\u00e7\u00e3o por inala\u00e7\u00e3o, que pode ser comutada atrav\u00e9s de um simples interrutor de sabor<\/p>\n<p data-v-md-line=\"23\"><strong>M\u00e9todo de carregamento:<\/strong>\u00a0Interface USB tipo C padr\u00e3o<\/p>\n<p data-v-md-line=\"25\"><strong>Estado:<\/strong>\u00a0Pronto a utilizar a partir da caixa<\/p>\n<h2 data-v-md-heading=\"complete-flavor-lineup\" data-v-md-line=\"27\">Linha completa de sabores<\/h2>\n<p data-v-md-line=\"29\">A emo\u00e7\u00e3o est\u00e1 aqui. Cada dispositivo vem pr\u00e9-instalado com dois sabores perfeitamente combinados.<\/p>\n<ul data-v-md-line=\"31\">\n<li>Sabor a melancia\/Sabor a melancia com morango<\/li>\n<li>Sabor a gelo de mirtilo\/sabor a framboesa de mirtilo<\/li>\n<li>Sabor a manga gelada\/Sabor a manga com morango<\/li>\n<li>Sabor a melancia\/sabor a pastilha el\u00e1stica de melancia<\/li>\n<li>Sabor a anan\u00e1s gelado\/sabor a anan\u00e1s e coco<\/li>\n<li>Sabor a frutos mistos\/sabor a tr\u00eas bagas<\/li>\n<li>Sabor a p\u00eassego gelado\/Sabor a manga p\u00eassego<\/li>\n<li>Sabor a cereja\/sabor a cola de cereja<\/li>\n<li>Sabor a uva\/sabor a mirtilo<\/li>\n<li>Sabor a menta\/sabor a mirtilo<\/li>\n<li>Sabor a Black Dragon Ice\/Sabor a Touro Vermelho<\/li>\n<li>Sabor a gelo de morango\/Sabor a frutos estranhos de morango<\/li>\n<\/ul>\n<h2 data-v-md-heading=\"tailored-for-you-and-your-business\" data-v-md-line=\"44\">Feito sob medida para voc\u00ea e sua empresa.<\/h2>\n<p data-v-md-line=\"46\">O Bang Blaze BK40S est\u00e1 agora dispon\u00edvel para compra de uma \u00fanica garrafa e, se for propriet\u00e1rio de uma empresa, tamb\u00e9m pode comprar a granel. Oferecemos embalagens por grosso de 200 garrafas\/caixa, o que torna conveniente fornecer aos clientes produtos verdadeiramente \u00fanicos.<\/p>\n<p data-v-md-line=\"48\">Colaboramos com parceiros de confian\u00e7a da Delivered Duty Paid (DDP), como a UPS, a DPD e a DHL, para transportar produtos para v\u00e1rios locais na Europa. Isto significa que pode receber rapidamente as encomendas, acompanhar as informa\u00e7\u00f5es log\u00edsticas ao longo do processo e n\u00e3o se preocupar com taxas alfandeg\u00e1rias adicionais. Tudo \u00e9 simples e claro, tal como os produtos que vendemos.<\/p>\n<h2 data-v-md-heading=\"reasons-why-you-will-like-it\" data-v-md-line=\"50\">Reasons why you will like it<\/h2>\n<p data-v-md-line=\"52\"><strong>Bateria de dura\u00e7\u00e3o ultra-longa:<\/strong>\u00a0Dur\u00e1vel e de longa dura\u00e7\u00e3o, n\u00e3o necessita de compras frequentes.<\/p>\n<p data-v-md-line=\"54\"><strong>Sabores duplos:<\/strong>\u00a0permite-lhe mudar de sabor a qualquer momento, dando adeus \u00e0 monotonia.<\/p>\n<p data-v-md-line=\"56\"><strong>Recarreg\u00e1vel:<\/strong>\u00a0Com uma bateria de 650mAh, pode desfrutar plenamente do e-l\u00edquido.<\/p>\n<p data-v-md-line=\"58\"><strong>N\u00facleo do atomizador de malha dupla:<\/strong>\u00a0Pode proporcionar um sabor est\u00e1vel e rico em todas as ocasi\u00f5es.<\/p>\n<h2 data-v-md-heading=\"why-choose-agoravape\" data-v-md-line=\"60\">Por que escolher a AgoraVape?<\/h2>\n<p data-v-md-line=\"62\">Como um dos distribuidores de vape mais confi\u00e1veis da Europa, vendemos apenas produtos genu\u00ednos 100%. Para os nossos clientes empresariais, isto significa que o Bang Blaze BK40S oferece pre\u00e7os grossistas com desconto, suporte t\u00e9cnico abrangente e entrega r\u00e1pida e fi\u00e1vel. Contacte-nos para que os seus clientes apreciem verdadeiramente os produtos que fornece.<\/p>","protected":false},"excerpt":{"rendered":"<p>&nbsp;<\/p>\n<p><script src=\"chrome-extension:\/\/fpelahbljekknahkcaegamhcndkfpfnc\/iFrame.js\" type=\"text\/javascript\"><\/script><\/p>\n<p><script src=\"chrome-extension:\/\/fpelahbljekknahkcaegamhcndkfpfnc\/iFrame.js\" type=\"text\/javascript\"><\/script><\/p>\n<p><script src=\"chrome-extension:\/\/fpelahbljekknahkcaegamhcndkfpfnc\/iFrame.js\" type=\"text\/javascript\"><\/script><\/p>","protected":false},"featured_media":19509,"comment_status":"open","ping_status":"closed","template":"","meta":[],"product_brand":[197],"product_cat":[124,187,185,189,1639,123,176,195,174,175,193,191,173,186,180,190],"product_tag":[],"class_list":{"0":"post-19485","1":"product","2":"type-product","3":"status-publish","4":"has-post-thumbnail","6":"product_brand-bang","7":"product_cat-vape-by-brand","8":"product_cat-0mg-nicotine-free-vapes","9":"product_cat-10000-puffs-high-capacity","10":"product_cat-20mg-standard-nicotine-vapes","11":"product_cat-40000-puffs","12":"product_cat-bang","13":"product_cat-beverage","14":"product_cat-dual-flavor-switch","15":"product_cat-fruit-flavors","16":"product_cat-icy-mint","17":"product_cat-mesh-coil","18":"product_cat-rechargeable-disposables","19":"product_cat-vape-by-flavor-profile","20":"product_cat-vape-by-nicotine-strength","21":"product_cat-vape-by-puff-count","22":"product_cat-vape-by-feature-or-type","24":"first","25":"instock","26":"shipping-taxable","27":"purchasable","28":"product-type-variable","29":"has-default-attributes"},"tiered_pricing_type":"percentage","tiered_pricing_fixed_rules":[],"tiered_pricing_product_settings":{"layout":"default","base_unit_name":{"singular":null,"plural":null},"default_variation":null},"tiered_pricing_minimum_quantity":10,"tiered_pricing_roles_data":[],"tiered_pricing_percentage_rules":{"30":"29","50":"35","100":"40","200":"44","500":"47","1000":"49"},"tiered_pricing_maximum_quantity":null,"tiered_pricing_quantity_step":"10","_links":{"self":[{"href":"https:\/\/agoravape.com\/pt\/wp-json\/wp\/v2\/product\/19485","targetHints":{"allow":["GET"]}}],"collection":[{"href":"https:\/\/agoravape.com\/pt\/wp-json\/wp\/v2\/product"}],"about":[{"href":"https:\/\/agoravape.com\/pt\/wp-json\/wp\/v2\/types\/product"}],"replies":[{"embeddable":true,"href":"https:\/\/agoravape.com\/pt\/wp-json\/wp\/v2\/comments?post=19485"}],"version-history":[{"count":0,"href":"https:\/\/agoravape.com\/pt\/wp-json\/wp\/v2\/product\/19485\/revisions"}],"wp:featuredmedia":[{"embeddable":true,"href":"https:\/\/agoravape.com\/pt\/wp-json\/wp\/v2\/media\/19509"}],"wp:attachment":[{"href":"https:\/\/agoravape.com\/pt\/wp-json\/wp\/v2\/media?parent=19485"}],"wp:term":[{"taxonomy":"product_brand","embeddable":true,"href":"https:\/\/agoravape.com\/pt\/wp-json\/wp\/v2\/product_brand?post=19485"},{"taxonomy":"product_cat","embeddable":true,"href":"https:\/\/agoravape.com\/pt\/wp-json\/wp\/v2\/product_cat?post=19485"},{"taxonomy":"product_tag","embeddable":true,"href":"https:\/\/agoravape.com\/pt\/wp-json\/wp\/v2\/product_tag?post=19485"}],"curies":[{"name":"wp","href":"https:\/\/api.w.org\/{rel}","templated":true}]}}