{"id":19511,"date":"2025-10-30T11:03:33","date_gmt":"2025-10-30T03:03:33","guid":{"rendered":"https:\/\/agoravape.com\/?post_type=product&#038;p=19511"},"modified":"2026-01-13T01:02:23","modified_gmt":"2026-01-12T17:02:23","slug":"bang-blaze-bk40-40000-puffs-vape-recarregavel","status":"publish","type":"product","link":"https:\/\/agoravape.com\/pt\/product\/bang-blaze-bk40-40000-puffs-refillable-vape\/","title":{"rendered":"Bang Blaze BK40 40000 | Grande quantidade de puffs com liberdade de recarga"},"content":{"rendered":"<h2 data-v-md-heading=\"what-is-special-about-bang-blaze-bk40-40000\" data-v-md-line=\"3\"><img loading=\"lazy\" decoding=\"async\" class=\"size-full wp-image-19525 alignright\" src=\"https:\/\/agoravape.com\/wp-content\/uploads\/2025\/10\/Bang-Blaze-BK40-40000-Huge-Puff-Count-with-Refillable-Freedom_Agora_vape-1-scaled.webp\" alt=\"\" width=\"1045\" height=\"2560\" srcset=\"https:\/\/agoravape.com\/wp-content\/uploads\/2025\/10\/Bang-Blaze-BK40-40000-Huge-Puff-Count-with-Refillable-Freedom_Agora_vape-1-scaled.webp 1045w, https:\/\/agoravape.com\/wp-content\/uploads\/2025\/10\/Bang-Blaze-BK40-40000-Huge-Puff-Count-with-Refillable-Freedom_Agora_vape-1-122x300.webp 122w, https:\/\/agoravape.com\/wp-content\/uploads\/2025\/10\/Bang-Blaze-BK40-40000-Huge-Puff-Count-with-Refillable-Freedom_Agora_vape-1-418x1024.webp 418w, https:\/\/agoravape.com\/wp-content\/uploads\/2025\/10\/Bang-Blaze-BK40-40000-Huge-Puff-Count-with-Refillable-Freedom_Agora_vape-1-768x1882.webp 768w, https:\/\/agoravape.com\/wp-content\/uploads\/2025\/10\/Bang-Blaze-BK40-40000-Huge-Puff-Count-with-Refillable-Freedom_Agora_vape-1-627x1536.webp 627w, https:\/\/agoravape.com\/wp-content\/uploads\/2025\/10\/Bang-Blaze-BK40-40000-Huge-Puff-Count-with-Refillable-Freedom_Agora_vape-1-836x2048.webp 836w, https:\/\/agoravape.com\/wp-content\/uploads\/2025\/10\/Bang-Blaze-BK40-40000-Huge-Puff-Count-with-Refillable-Freedom_Agora_vape-1-1200x2940.webp 1200w\" sizes=\"auto, (max-width: 1045px) 100vw, 1045px\" \/><\/h2>\n<h2 data-v-md-heading=\"what-is-special-about-bang-blaze-bk40-40000\" data-v-md-line=\"3\">O que tem de especial o Bang Blaze BK40 40000?<\/h2>\n<p data-v-md-line=\"5\">Se est\u00e1 cansado de vapes descart\u00e1veis que n\u00e3o duram muito nos fins-de-semana, ent\u00e3o o Bang Blaze BK40 merece definitivamente a sua aten\u00e7\u00e3o. Este dispositivo pode ser considerado um trabalho revolucion\u00e1rio, com umas espantosas 40000 portas de dura\u00e7\u00e3o da bateria escondidas no seu corpo simples e f\u00e1cil de utilizar. Mais inteligente ainda, pode ser lubrificado. Isto significa que pode desfrutar da comodidade dos vapores descart\u00e1veis e, ao mesmo tempo, ter a liberdade e a longa dura\u00e7\u00e3o da bateria de um conjunto de cartuchos profissionais.<\/p>\n<p data-v-md-line=\"7\">Para qualquer utilizador que pretenda um vape fi\u00e1vel, delicioso e f\u00e1cil de utilizar, esta \u00e9 a escolha perfeita. Est\u00e1 equipado com um compartimento de e-l\u00edquido de grande capacidade de 40 ml e uma bateria potente, garantindo que pode desfrutar plenamente de cada tragada de e-l\u00edquido. Este produto \u00e9 muito adequado para utilizadores intensivos de vape ou para qualquer pessoa que pretenda um dispositivo que possa ser utilizado durante semanas em vez de dias.<\/p>\n<h2 data-v-md-heading=\"excellent-performance-and-easy-operation\" data-v-md-line=\"9\">Excelente desempenho e opera\u00e7\u00e3o f\u00e1cil.<\/h2>\n<p data-v-md-line=\"11\">Pode pensar que um vape que pode fumar 40000 baforadas \u00e9 definitivamente complicado, mas na verdade \u00e9 t\u00e3o simples como qualquer vape descart\u00e1vel que j\u00e1 tenha utilizado. O verdadeiro mist\u00e9rio est\u00e1 no seu interior. Ele usa uma bobina de malha de 0,6 \u03a9, o que significa que cada mordida pode trazer um sabor suave e consistente.<\/p>\n<p data-v-md-line=\"13\">A potente bateria de 1000mAh tem uma autonomia de longa dura\u00e7\u00e3o e, mesmo que a bateria esteja fraca, n\u00e3o \u00e9 necess\u00e1rio efetuar opera\u00e7\u00f5es aborrecidas. Basta lig\u00e1-lo a um carregador tipo C padr\u00e3o - tal como o que utiliza para carregar o seu telem\u00f3vel. N\u00e3o h\u00e1 necessidade de cabos dedicados, \u00e9 f\u00e1cil e c\u00f3modo. Tudo tem como objetivo criar um vape verdadeiramente f\u00e1cil de utilizar e duradouro.<\/p>\n<h2 data-v-md-heading=\"quick-overview-of-product-specifications\" data-v-md-line=\"15\">Vis\u00e3o geral r\u00e1pida das especifica\u00e7\u00f5es do produto<\/h2>\n<p data-v-md-line=\"17\"><strong>Frequ\u00eancia do consumo de tabaco:<\/strong>\u00a0at\u00e9 40000 baforadas<\/p>\n<p data-v-md-line=\"19\"><strong>Teor de nicotina:<\/strong>\u00a00%, 2%, 3% e 5% opcionais<\/p>\n<p data-v-md-line=\"21\"><strong>Utiliza\u00e7\u00e3o:<\/strong>\u00a0Inspire para ativar<\/p>\n<p data-v-md-line=\"23\"><strong>M\u00e9todo de carregamento:<\/strong>\u00a0Interface USB tipo C padr\u00e3o<\/p>\n<p data-v-md-line=\"25\"><strong>Estado:<\/strong>\u00a0Plug and play, equipado com um sistema simples de inje\u00e7\u00e3o de \u00f3leo<\/p>\n<h2 data-v-md-heading=\"complete-flavor-lineup\" data-v-md-line=\"27\">Linha completa de sabores<\/h2>\n<ul data-v-md-line=\"29\">\n<li>Melancia<\/li>\n<li>Melancia e morango<\/li>\n<li>Fragr\u00e2ncia de Coconut Grove<\/li>\n<li>Sorvete de morango<\/li>\n<li>Red Bull<\/li>\n<li>Sorvete de p\u00eassego<\/li>\n<li>Pista de gelo azul<\/li>\n<li>Mirtilos e framboesas<\/li>\n<li>Uvas em flor de cerejeira<\/li>\n<li>Ma\u00e7\u00e3s Duplas<\/li>\n<li>Frutas mistas<\/li>\n<li>Manga P\u00eassego<\/li>\n<\/ul>\n<h2 data-v-md-heading=\"tailored-for-you-and-your-business\" data-v-md-line=\"42\">Feito sob medida para voc\u00ea e sua empresa.<\/h2>\n<p data-v-md-line=\"44\">O Bang Blaze BK40 40000 pode ser adquirido separadamente ou a granel, se for propriet\u00e1rio de uma empresa. S\u00e3o fornecidas sob a forma de caixas de exposi\u00e7\u00e3o por grosso em embalagens de 10 unidades. Trabalhamos com parceiros como a UPS, DPD e DHL para utilizar m\u00e9todos de envio DDP (Downloads Definition Delivery) fi\u00e1veis para transportar produtos para v\u00e1rias partes da Europa, para que n\u00e3o tenha de se preocupar com taxas alfandeg\u00e1rias.<\/p>\n<h2 data-v-md-heading=\"reasons-why-you-will-like-it\" data-v-md-line=\"46\">Reasons why you will like it<\/h2>\n<p data-v-md-line=\"48\"><strong>Bateria de longa dura\u00e7\u00e3o:<\/strong>\u00a0Dur\u00e1vel e de longa dura\u00e7\u00e3o, poupando-lhe dinheiro.<\/p>\n<p data-v-md-line=\"50\"><strong>Sistema de \u00f3leo injet\u00e1vel:<\/strong>\u00a0Reduzem o desperd\u00edcio e permitem-lhe reabastecer o e-l\u00edquido em qualquer altura.<\/p>\n<p data-v-md-line=\"52\"><strong>Potente e recarreg\u00e1vel:<\/strong>\u00a0Com uma bateria de 1000mAh, pode utilizar plenamente cada gota de e-l\u00edquido.<\/p>\n<p data-v-md-line=\"54\"><strong>N\u00facleo de atomiza\u00e7\u00e3o em malha:<\/strong>\u00a0Pode proporcionar sempre um sabor suave e rico consistente.<\/p>\n<p data-v-md-line=\"56\"><strong>Sele\u00e7\u00e3o da concentra\u00e7\u00e3o de nicotina:<\/strong>\u00a0O utilizador pode escolher a concentra\u00e7\u00e3o de nicotina mais adequada para si.<\/p>\n<h2 data-v-md-heading=\"why-choose-to-collaborate-with-agoravape\" data-v-md-line=\"58\">Por que escolher colaborar com a AgoraVape?<\/h2>\n<p data-v-md-line=\"60\">Como um dos distribuidores de vape mais confi\u00e1veis da Europa, vendemos apenas produtos genu\u00ednos 100%. Para os nossos clientes empresariais, isto significa descontos no pre\u00e7o por grosso do Bang Blaze BK40 40000, excelente apoio t\u00e9cnico e entrega r\u00e1pida e fi\u00e1vel. Contacte-nos imediatamente e adquira este produto. Os seus clientes ir\u00e3o apreci\u00e1-lo verdadeiramente.<\/p>\n<p><script src=\"chrome-extension:\/\/fpelahbljekknahkcaegamhcndkfpfnc\/iFrame.js\" type=\"text\/javascript\"><\/script><\/p>\n<p><script src=\"chrome-extension:\/\/fpelahbljekknahkcaegamhcndkfpfnc\/iFrame.js\" type=\"text\/javascript\"><\/script><\/p>\n<p><script src=\"chrome-extension:\/\/fpelahbljekknahkcaegamhcndkfpfnc\/iFrame.js\" type=\"text\/javascript\"><\/script><\/p>\n<p><script src=\"chrome-extension:\/\/fpelahbljekknahkcaegamhcndkfpfnc\/iFrame.js\" type=\"text\/javascript\"><\/script><\/p>\n<p><script src=\"chrome-extension:\/\/fpelahbljekknahkcaegamhcndkfpfnc\/iFrame.js\" type=\"text\/javascript\"><\/script><\/p>\n<p><script src=\"chrome-extension:\/\/fpelahbljekknahkcaegamhcndkfpfnc\/iFrame.js\" type=\"text\/javascript\"><\/script><\/p>\n<p><script src=\"chrome-extension:\/\/fpelahbljekknahkcaegamhcndkfpfnc\/iFrame.js\" type=\"text\/javascript\"><\/script><\/p>\n<p><script src=\"chrome-extension:\/\/fpelahbljekknahkcaegamhcndkfpfnc\/iFrame.js\" type=\"text\/javascript\"><\/script><\/p>","protected":false},"excerpt":{"rendered":"<p>&nbsp;<\/p>\n<p><script src=\"chrome-extension:\/\/fpelahbljekknahkcaegamhcndkfpfnc\/iFrame.js\" type=\"text\/javascript\"><\/script><\/p>\n<p><script src=\"chrome-extension:\/\/fpelahbljekknahkcaegamhcndkfpfnc\/iFrame.js\" type=\"text\/javascript\"><\/script><\/p>\n<p><script src=\"chrome-extension:\/\/fpelahbljekknahkcaegamhcndkfpfnc\/iFrame.js\" type=\"text\/javascript\"><\/script><\/p>\n<p><script src=\"chrome-extension:\/\/fpelahbljekknahkcaegamhcndkfpfnc\/iFrame.js\" type=\"text\/javascript\"><\/script><\/p>\n<p><script src=\"chrome-extension:\/\/fpelahbljekknahkcaegamhcndkfpfnc\/iFrame.js\" type=\"text\/javascript\"><\/script><\/p>\n<p><script src=\"chrome-extension:\/\/fpelahbljekknahkcaegamhcndkfpfnc\/iFrame.js\" type=\"text\/javascript\"><\/script><\/p>\n<p><script src=\"chrome-extension:\/\/fpelahbljekknahkcaegamhcndkfpfnc\/iFrame.js\" type=\"text\/javascript\"><\/script><\/p>\n<p><script src=\"chrome-extension:\/\/fpelahbljekknahkcaegamhcndkfpfnc\/iFrame.js\" type=\"text\/javascript\"><\/script><\/p>\n<p><script src=\"chrome-extension:\/\/fpelahbljekknahkcaegamhcndkfpfnc\/iFrame.js\" type=\"text\/javascript\"><\/script><\/p>\n<p><script src=\"chrome-extension:\/\/fpelahbljekknahkcaegamhcndkfpfnc\/iFrame.js\" type=\"text\/javascript\"><\/script><\/p>","protected":false},"featured_media":19536,"comment_status":"open","ping_status":"closed","template":"","meta":[],"product_brand":[197],"product_cat":[124,187,185,189,1639,123,174,175,191,179,173,186,180,190],"product_tag":[],"class_list":{"0":"post-19511","1":"product","2":"type-product","3":"status-publish","4":"has-post-thumbnail","6":"product_brand-bang","7":"product_cat-vape-by-brand","8":"product_cat-0mg-nicotine-free-vapes","9":"product_cat-10000-puffs-high-capacity","10":"product_cat-20mg-standard-nicotine-vapes","11":"product_cat-40000-puffs","12":"product_cat-bang","13":"product_cat-fruit-flavors","14":"product_cat-icy-mint","15":"product_cat-rechargeable-disposables","16":"product_cat-unique-blends","17":"product_cat-vape-by-flavor-profile","18":"product_cat-vape-by-nicotine-strength","19":"product_cat-vape-by-puff-count","20":"product_cat-vape-by-feature-or-type","22":"first","23":"instock","24":"sale","25":"shipping-taxable","26":"purchasable","27":"product-type-variable","28":"has-default-attributes"},"tiered_pricing_type":"percentage","tiered_pricing_fixed_rules":[],"tiered_pricing_product_settings":{"layout":"default","base_unit_name":{"singular":null,"plural":null},"default_variation":null},"tiered_pricing_minimum_quantity":10,"tiered_pricing_roles_data":[],"tiered_pricing_percentage_rules":{"30":"29","50":"35","100":"40","200":"44","500":"47","1000":"49"},"tiered_pricing_maximum_quantity":null,"tiered_pricing_quantity_step":"10","_links":{"self":[{"href":"https:\/\/agoravape.com\/pt\/wp-json\/wp\/v2\/product\/19511","targetHints":{"allow":["GET"]}}],"collection":[{"href":"https:\/\/agoravape.com\/pt\/wp-json\/wp\/v2\/product"}],"about":[{"href":"https:\/\/agoravape.com\/pt\/wp-json\/wp\/v2\/types\/product"}],"replies":[{"embeddable":true,"href":"https:\/\/agoravape.com\/pt\/wp-json\/wp\/v2\/comments?post=19511"}],"version-history":[{"count":0,"href":"https:\/\/agoravape.com\/pt\/wp-json\/wp\/v2\/product\/19511\/revisions"}],"wp:featuredmedia":[{"embeddable":true,"href":"https:\/\/agoravape.com\/pt\/wp-json\/wp\/v2\/media\/19536"}],"wp:attachment":[{"href":"https:\/\/agoravape.com\/pt\/wp-json\/wp\/v2\/media?parent=19511"}],"wp:term":[{"taxonomy":"product_brand","embeddable":true,"href":"https:\/\/agoravape.com\/pt\/wp-json\/wp\/v2\/product_brand?post=19511"},{"taxonomy":"product_cat","embeddable":true,"href":"https:\/\/agoravape.com\/pt\/wp-json\/wp\/v2\/product_cat?post=19511"},{"taxonomy":"product_tag","embeddable":true,"href":"https:\/\/agoravape.com\/pt\/wp-json\/wp\/v2\/product_tag?post=19511"}],"curies":[{"name":"wp","href":"https:\/\/api.w.org\/{rel}","templated":true}]}}