{"id":19539,"date":"2025-10-30T11:23:46","date_gmt":"2025-10-30T03:23:46","guid":{"rendered":"https:\/\/agoravape.com\/?post_type=product&#038;p=19539"},"modified":"2026-01-30T17:04:35","modified_gmt":"2026-01-30T09:04:35","slug":"bang-blaze-60000-puffs-sabor-vape","status":"publish","type":"product","link":"https:\/\/agoravape.com\/pt\/product\/bang-blaze-60000-puffs-flavor-vape\/","title":{"rendered":"Bang Blaze 60.000 Puffs | Quatro sabores em um \u00fanico dispositivo simples"},"content":{"rendered":"<h2 data-v-md-heading=\"what-s-special-about-bang-blaze-60000\" data-v-md-line=\"3\"><img loading=\"lazy\" decoding=\"async\" class=\"aligncenter size-full wp-image-19556\" src=\"https:\/\/agoravape.com\/wp-content\/uploads\/2025\/10\/Bang-Blaze-60000-Puffs-Four-Flavours-in-One-Simple-Device_Agora_vape-4-scaled.webp\" alt=\"\" width=\"2560\" height=\"1280\" srcset=\"https:\/\/agoravape.com\/wp-content\/uploads\/2025\/10\/Bang-Blaze-60000-Puffs-Four-Flavours-in-One-Simple-Device_Agora_vape-4-scaled.webp 2560w, https:\/\/agoravape.com\/wp-content\/uploads\/2025\/10\/Bang-Blaze-60000-Puffs-Four-Flavours-in-One-Simple-Device_Agora_vape-4-scaled-1200x600.webp 1200w, https:\/\/agoravape.com\/wp-content\/uploads\/2025\/10\/Bang-Blaze-60000-Puffs-Four-Flavours-in-One-Simple-Device_Agora_vape-4-300x150.webp 300w, https:\/\/agoravape.com\/wp-content\/uploads\/2025\/10\/Bang-Blaze-60000-Puffs-Four-Flavours-in-One-Simple-Device_Agora_vape-4-1024x512.webp 1024w, https:\/\/agoravape.com\/wp-content\/uploads\/2025\/10\/Bang-Blaze-60000-Puffs-Four-Flavours-in-One-Simple-Device_Agora_vape-4-768x384.webp 768w, https:\/\/agoravape.com\/wp-content\/uploads\/2025\/10\/Bang-Blaze-60000-Puffs-Four-Flavours-in-One-Simple-Device_Agora_vape-4-1536x768.webp 1536w, https:\/\/agoravape.com\/wp-content\/uploads\/2025\/10\/Bang-Blaze-60000-Puffs-Four-Flavours-in-One-Simple-Device_Agora_vape-4-2048x1024.webp 2048w\" sizes=\"auto, (max-width: 2560px) 100vw, 2560px\" \/><\/h2>\n<h2 data-v-md-heading=\"what-s-special-about-bang-blaze-60000\" data-v-md-line=\"3\">O que \u00e9 que o Bang Blaze 60000 tem de especial?<\/h2>\n<p data-v-md-line=\"5\">Para ser sincero, \u00e9 natural que as pessoas se cansem de vaporizadores com um \u00fanico sabor. Pode ser que esta semana ainda goste, mas na pr\u00f3xima semana quer mudar o seu gosto. O Bang Blaze 60000 sabe-o bem. Este dispositivo inteligente integra quatro sabores diferentes de cartuchos de cigarro num s\u00f3, que podem ser trocados com apenas uma ligeira tor\u00e7\u00e3o, permitindo-lhe desfrutar de frescura a qualquer hora e em qualquer lugar.<\/p>\n<p data-v-md-line=\"7\">Normalmente, \u00e9 necess\u00e1rio levar consigo quatro vaporizadores diferentes para experimentar uma variedade t\u00e3o rica de sabores, mas o Bang Blaze combina todas as carater\u00edsticas num s\u00f3. Para as pessoas que gostam de experimentar sabores diferentes mas n\u00e3o querem transportar muito equipamento, ou para aqueles que t\u00eam dificuldade em tomar uma decis\u00e3o, \u00e9 a escolha perfeita. Este dispositivo tem uma dura\u00e7\u00e3o de bateria de at\u00e9 60000 portas e \u00e9 dur\u00e1vel.<\/p>\n<h2 data-v-md-heading=\"excellent-performance-and-easy-operation\" data-v-md-line=\"9\">Excelente desempenho e opera\u00e7\u00e3o f\u00e1cil.<\/h2>\n<p data-v-md-line=\"11\">Tem uma bobina de malha de 1,0 \u03a9 incorporada, o que significa que cada dentada \u00e9 t\u00e3o deliciosa como a primeira. O sabor \u00e9 consistente, cheio e rico, e nunca haver\u00e1 um dececionante sabor a queimado como noutros vapes.<\/p>\n<p data-v-md-line=\"13\">Est\u00e1 equipado com uma bateria com uma capacidade de at\u00e9 650mAh, proporcionando uma resist\u00eancia duradoura. Quando a bateria estiver fraca, basta utilizar um cabo de dados Tipo C padr\u00e3o para carregar - tal como faz para carregar o seu telem\u00f3vel. Simples e c\u00f3modo.<\/p>\n<h2 data-v-md-heading=\"quick-specifications\" data-v-md-line=\"15\">Especifica\u00e7\u00f5es r\u00e1pidas<\/h2>\n<p data-v-md-line=\"17\"><strong>Frequ\u00eancia do consumo de tabaco:<\/strong>\u00a0at\u00e9 60000 baforadas<\/p>\n<p data-v-md-line=\"19\"><strong>Concentra\u00e7\u00e3o de nicotina:<\/strong>\u00a0Dispon\u00edvel em quatro op\u00e7\u00f5es de concentra\u00e7\u00e3o: 0%, 2%, 3% e 5%<\/p>\n<p data-v-md-line=\"21\"><strong>Utiliza\u00e7\u00e3o:<\/strong>\u00a0Inspire para ativar<\/p>\n<p data-v-md-line=\"23\"><strong>M\u00e9todo de carregamento:<\/strong>\u00a0Interface USB tipo C padr\u00e3o<\/p>\n<p data-v-md-line=\"25\"><strong>Estado:<\/strong>\u00a0Pronto a utilizar a partir da caixa<\/p>\n<h2 data-v-md-heading=\"rich-flavor-options\" data-v-md-line=\"27\">Op\u00e7\u00f5es de sabor ricas<\/h2>\n<p data-v-md-line=\"29\">Cada dispositivo vem pr\u00e9-instalado com quatro combina\u00e7\u00f5es de sabores complementares. Basta escolher a combina\u00e7\u00e3o que mais lhe agrada para come\u00e7ar a utilizar.<\/p>\n<p data-v-md-line=\"31\"><strong>Grupo 1:<\/strong>\u00a0Gelo de melancia\/menta de mirtilo\/gelo de fuji\/romance de lim\u00e3o<br \/>\n<strong>Grupo 2:<\/strong>\u00a0Melancia Gelada\/Mirtilo Cereja\/Ver\u00e3o\/Manga Azeda Abacaxi<br \/>\n<strong>Grupo 3:<\/strong>\u00a0Gelo de mirtilo\/Gelo de p\u00eassego\/Rainbow Candy\/Lim\u00e3o<br \/>\n<strong>Grupo 4:<\/strong>\u00a0Sorvete de Mirtilo\/P\u00eassego, Manga e Melancia\/Beijo Apaixonado\/Ma\u00e7\u00e3 Mel\u00e3o<br \/>\n<strong>Grupo 5:<\/strong>\u00a0Mirtilos, framboesas, frutos silvestres mistos, cerejas da Calif\u00f3rnia, maracuj\u00e1 e mangas.<br \/>\n<strong>Grupo 6:<\/strong>\u00a0Mirtilos, framboesas, sorvete de uva, sorvete de frutas vermelhas, aloe vera, manga, mel\u00e3o.<br \/>\n<strong>Grupo 7:<\/strong>\u00a0Bebidas energ\u00e9ticas\/morangos, bananas, mangas, p\u00eassegos, damascos, maracuj\u00e1, kiwi, lim\u00e3o<br \/>\n<strong>Grupo 8:<\/strong>\u00a0Bebidas energ\u00e9ticas\/amoras e melancias\/ma\u00e7\u00e3s \u00e1cidas e framboesas\/gomas<br \/>\n<strong>Grupo 9:<\/strong>\u00a0Morango Manga\/Melancia Pastilha el\u00e1stica\/Mojito Vermelho\/Amor 66<br \/>\n<strong>Grupo 10:<\/strong>\u00a0Morango e Manga\/Morango e Kiwi\/Ma\u00e7\u00e3 e Uva\/Melancia e Pitaya<br \/>\n<strong>Grupo 11:<\/strong>\u00a0Melancia com morango\/\u00c1gua do drag\u00e3o negro\/Mel\u00e3o com mel triplo\/Morango com uva<br \/>\n<strong>Grupo 12:<\/strong>\u00a0Morango Melancia\/Kiwi Maracuj\u00e1 Goiaba\/Mango Gelo\/Melancia P\u00eassego Azedo<\/p>\n<h2 data-v-md-heading=\"tailored-for-you-and-your-business\" data-v-md-line=\"44\">Feito sob medida para voc\u00ea e sua empresa.<\/h2>\n<p data-v-md-line=\"46\">O Bang Blaze 60000 est\u00e1 agora dispon\u00edvel para compra de uma \u00fanica garrafa e, se for propriet\u00e1rio de uma empresa, tamb\u00e9m pode comprar a granel. Oferecemos embalagens por atacado de 100 ou 200 garrafas, facilitando o seu stock e garantindo que as suas prateleiras est\u00e3o sempre cheias de produtos que os clientes realmente adoram.<\/p>\n<p data-v-md-line=\"48\">Colaboramos com parceiros fi\u00e1veis da Delivered Duty Paid (DDP), como a UPS, a DPD e a DHL, para tratar de todos os assuntos relacionados com o transporte. Isto significa que o pre\u00e7o que v\u00ea \u00e9 o pre\u00e7o final que paga, sem se preocupar com taxas alfandeg\u00e1rias ou atrasos.<\/p>\n<h2 data-v-md-heading=\"reasons-why-you-will-like-it\" data-v-md-line=\"50\">Reasons why you will like it<\/h2>\n<p data-v-md-line=\"52\"><strong>Quatro sabores num s\u00f3:<\/strong>\u00a0Pode mudar de aromas em qualquer altura sem alterar o dispositivo.<\/p>\n<p data-v-md-line=\"54\"><strong>Duradouro:<\/strong>\u00a0Dur\u00e1vel, sem necessidade de comprar frequentemente novos cartuchos.<\/p>\n<p data-v-md-line=\"56\"><strong>Sele\u00e7\u00e3o da concentra\u00e7\u00e3o de nicotina:<\/strong>\u00a0Pode escolher a concentra\u00e7\u00e3o de nicotina que mais lhe conv\u00e9m.<\/p>\n<p data-v-md-line=\"58\"><strong>Recarreg\u00e1vel:<\/strong>\u00a0significa que pode utilizar totalmente cada gota de e-l\u00edquido que comprar.<\/p>\n<p data-v-md-line=\"60\"><strong>N\u00facleo de atomiza\u00e7\u00e3o em malha:<\/strong>\u00a0Pode proporcionar um sabor est\u00e1vel e rico em todas as ocasi\u00f5es.<\/p>\n<h2 data-v-md-heading=\"why-choose-to-collaborate-with-agoravape\" data-v-md-line=\"62\">Por que escolher colaborar com a AgoraVape?<\/h2>\n<p data-v-md-line=\"64\">Como um dos distribuidores de vape mais confi\u00e1veis da Europa, vendemos apenas produtos genu\u00ednos 100%. Para os nossos clientes empresariais, isto significa descontos no pre\u00e7o por grosso do Bang Blaze 60000, apoio t\u00e9cnico abrangente e entrega r\u00e1pida e fi\u00e1vel. Contacte-nos para ter este produto que os seus clientes ir\u00e3o realmente apreciar.<\/p>\n<p><script src=\"chrome-extension:\/\/fpelahbljekknahkcaegamhcndkfpfnc\/iFrame.js\" type=\"text\/javascript\"><\/script><\/p>","protected":false},"excerpt":{"rendered":"<p>&nbsp;<\/p>\n<p><script src=\"chrome-extension:\/\/fpelahbljekknahkcaegamhcndkfpfnc\/iFrame.js\" type=\"text\/javascript\"><\/script><\/p>\n<p><script src=\"chrome-extension:\/\/fpelahbljekknahkcaegamhcndkfpfnc\/iFrame.js\" type=\"text\/javascript\"><\/script><\/p>\n<p><script src=\"chrome-extension:\/\/fpelahbljekknahkcaegamhcndkfpfnc\/iFrame.js\" type=\"text\/javascript\"><\/script><\/p>","protected":false},"featured_media":19563,"comment_status":"open","ping_status":"closed","template":"","meta":[],"product_brand":[197],"product_cat":[124,187,185,189,1642,123,176,177,195,174,175,193,191,173,186,180,190],"product_tag":[],"class_list":{"0":"post-19539","1":"product","2":"type-product","3":"status-publish","4":"has-post-thumbnail","6":"product_brand-bang","7":"product_cat-vape-by-brand","8":"product_cat-0mg-nicotine-free-vapes","9":"product_cat-10000-puffs-high-capacity","10":"product_cat-20mg-standard-nicotine-vapes","11":"product_cat-60000-puffs","12":"product_cat-bang","13":"product_cat-beverage","14":"product_cat-dessert-sweets","15":"product_cat-dual-flavor-switch","16":"product_cat-fruit-flavors","17":"product_cat-icy-mint","18":"product_cat-mesh-coil","19":"product_cat-rechargeable-disposables","20":"product_cat-vape-by-flavor-profile","21":"product_cat-vape-by-nicotine-strength","22":"product_cat-vape-by-puff-count","23":"product_cat-vape-by-feature-or-type","25":"first","26":"instock","27":"shipping-taxable","28":"purchasable","29":"product-type-variable","30":"has-default-attributes"},"tiered_pricing_type":"percentage","tiered_pricing_fixed_rules":[],"tiered_pricing_product_settings":{"layout":"default","base_unit_name":{"singular":null,"plural":null},"default_variation":null},"tiered_pricing_minimum_quantity":10,"tiered_pricing_roles_data":[],"tiered_pricing_percentage_rules":{"30":"29","50":"35","100":"40","200":"44","500":"47","1000":"49"},"tiered_pricing_maximum_quantity":null,"tiered_pricing_quantity_step":"10","_links":{"self":[{"href":"https:\/\/agoravape.com\/pt\/wp-json\/wp\/v2\/product\/19539","targetHints":{"allow":["GET"]}}],"collection":[{"href":"https:\/\/agoravape.com\/pt\/wp-json\/wp\/v2\/product"}],"about":[{"href":"https:\/\/agoravape.com\/pt\/wp-json\/wp\/v2\/types\/product"}],"replies":[{"embeddable":true,"href":"https:\/\/agoravape.com\/pt\/wp-json\/wp\/v2\/comments?post=19539"}],"version-history":[{"count":0,"href":"https:\/\/agoravape.com\/pt\/wp-json\/wp\/v2\/product\/19539\/revisions"}],"wp:featuredmedia":[{"embeddable":true,"href":"https:\/\/agoravape.com\/pt\/wp-json\/wp\/v2\/media\/19563"}],"wp:attachment":[{"href":"https:\/\/agoravape.com\/pt\/wp-json\/wp\/v2\/media?parent=19539"}],"wp:term":[{"taxonomy":"product_brand","embeddable":true,"href":"https:\/\/agoravape.com\/pt\/wp-json\/wp\/v2\/product_brand?post=19539"},{"taxonomy":"product_cat","embeddable":true,"href":"https:\/\/agoravape.com\/pt\/wp-json\/wp\/v2\/product_cat?post=19539"},{"taxonomy":"product_tag","embeddable":true,"href":"https:\/\/agoravape.com\/pt\/wp-json\/wp\/v2\/product_tag?post=19539"}],"curies":[{"name":"wp","href":"https:\/\/api.w.org\/{rel}","templated":true}]}}