{"id":19566,"date":"2025-10-30T12:41:06","date_gmt":"2025-10-30T04:41:06","guid":{"rendered":"https:\/\/agoravape.com\/?post_type=product&#038;p=19566"},"modified":"2026-01-30T17:03:56","modified_gmt":"2026-01-30T09:03:56","slug":"bang-king-25000-puffs-leather-vape","status":"publish","type":"product","link":"https:\/\/agoravape.com\/pt\/product\/bang-king-25000-puffs-leather-vape\/","title":{"rendered":"Vape Bang King com Estojo de Couro para 25.000 Puffs | Dura\u00e7\u00e3o Intensa e Estilo Incr\u00edvel"},"content":{"rendered":"<h2 data-v-md-heading=\"what-about-bang-king-25000\" data-v-md-line=\"3\">E quanto ao Bang King 25000?<\/h2>\n<p data-v-md-line=\"5\">Muito bem, vamos diretos ao assunto. Se est\u00e1 cansado de vapes descart\u00e1veis que ficam sem bateria a meio de uma semana, ent\u00e3o tem de dar uma vista de olhos a este. A dura\u00e7\u00e3o da bateria do Bang King 25000 \u00e9 absolutamente de primeira classe, com at\u00e9 25000 portas. Mas as suas vantagens v\u00e3o muito para al\u00e9m disso. Este dispositivo tem uma textura requintada de alta qualidade, gra\u00e7as \u00e0 sua capa protetora de couro, que proporciona uma ader\u00eancia confort\u00e1vel e se destaca entre muitos vapes de pl\u00e1stico descart\u00e1veis.<\/p>\n<p data-v-md-line=\"7\">Para aqueles que querem um vape fi\u00e1vel, saboroso, duradouro e sem manuten\u00e7\u00e3o, \u00e9 a escolha perfeita. Com 30 ml de e-l\u00edquido de grande capacidade e uma bateria potente, garante que pode acompanh\u00e1-lo durante longos per\u00edodos de tempo. Poder\u00e1 pensar que um vape com uma bateria de t\u00e3o longa dura\u00e7\u00e3o deve ser volumoso como um tijolo, mas ficar\u00e1 surpreendido com o seu excelente design e ader\u00eancia confort\u00e1vel.<\/p>\n<h2 data-v-md-heading=\"excellent-performance-and-easy-operation\" data-v-md-line=\"9\">Excelente desempenho e opera\u00e7\u00e3o f\u00e1cil.<\/h2>\n<p data-v-md-line=\"11\">O segredo do seu excelente sabor reside no seu n\u00facleo atomizador de malha de 0,6 \u03a9 incorporado. Simplificando, ele pode aquecer uniformemente o e-l\u00edquido, o que significa que cada mordida \u00e9 t\u00e3o deliciosa quanto a primeira, sem nenhum sabor queimado. Do in\u00edcio ao fim, pode desfrutar de um sabor suave e consistente e de um sabor rico.<\/p>\n<p data-v-md-line=\"13\">Al\u00e9m disso, quando a bateria est\u00e1 fraca, n\u00e3o \u00e9 necess\u00e1rio procurar um carregador espec\u00edfico. Adopta uma interface tipo C padr\u00e3o, pelo que pode utilizar o cabo de carregamento habitualmente utilizado no seu telem\u00f3vel para carregar. Muito c\u00f3modo.<\/p>\n<h2 data-v-md-heading=\"brief-specifications\" data-v-md-line=\"15\">Breves especifica\u00e7\u00f5es<\/h2>\n<p data-v-md-line=\"17\"><strong>N\u00famero de portas:<\/strong>\u00a0at\u00e9 25000 portas<\/p>\n<p data-v-md-line=\"19\"><strong>Concentra\u00e7\u00e3o de nicotina:<\/strong>\u00a0Dispon\u00edvel em quatro op\u00e7\u00f5es de concentra\u00e7\u00e3o: 0%, 2%, 3% e 5%.<\/p>\n<p data-v-md-line=\"21\"><strong>Utiliza\u00e7\u00e3o:<\/strong>\u00a0Inspire para ativar<\/p>\n<p data-v-md-line=\"23\"><strong>M\u00e9todo de carregamento:<\/strong>\u00a0Interface USB tipo C padr\u00e3o<\/p>\n<p data-v-md-line=\"25\"><strong>Estado:<\/strong>\u00a0Pronto a utilizar a partir da caixa<\/p>\n<h2 data-v-md-heading=\"complete-flavor-lineup\" data-v-md-line=\"27\">Linha completa de sabores<\/h2>\n<ul data-v-md-line=\"29\">\n<li>\u00c1gua de Lim\u00e3o com Mirtilo<\/li>\n<li>Sour de mirtilo<\/li>\n<li>Sangue mau<\/li>\n<li>Fixe<\/li>\n<li>Cachimbo de \u00e1gua de ma\u00e7\u00e3 duplo<\/li>\n<li>Gelo de Melancia<\/li>\n<li>Vimto Bull<\/li>\n<li>Mirtilos e uvas<\/li>\n<li>Cereja-lim\u00e3o<\/li>\n<li>Melancia, melada, maracuj\u00e1, hortel\u00e3-pimenta<\/li>\n<li>Cachimbo de \u00e1gua com menta e lim\u00e3o<\/li>\n<li>Sorvete de p\u00eassego<\/li>\n<\/ul>\n<h2 data-v-md-heading=\"tailored-for-you-and-your-business\" data-v-md-line=\"42\">Feito sob medida para voc\u00ea e sua empresa.<\/h2>\n<p data-v-md-line=\"44\">O Bang King 25000 est\u00e1 agora dispon\u00edvel para compra pessoal e, se for propriet\u00e1rio de uma empresa, tamb\u00e9m pode comprar a granel. Oferecemos embalagens por atacado para 200 unidades\/caixa, o que facilita o seu stock.<\/p>\n<p data-v-md-line=\"46\">Colaboramos com parceiros DDP (Delivered Duty Paid) de confian\u00e7a, como a UPS, a DPD e a DHL, para fornecer servi\u00e7os de entrega aos clientes europeus. Isto significa que o pre\u00e7o que v\u00ea \u00e9 o pre\u00e7o final que paga, sem se preocupar com quaisquer taxas alfandeg\u00e1rias adicionais. Tudo foi tratado por si e pode concentrar-se no seu neg\u00f3cio.<\/p>\n<h2 data-v-md-heading=\"the-reason-why-you-will-like-it\" data-v-md-line=\"48\">O motivo pelo qual voc\u00ea vai gostar disso<\/h2>\n<p data-v-md-line=\"50\"><strong>Bateria de longa dura\u00e7\u00e3o:<\/strong>\u00a0Dur\u00e1vel e de longa dura\u00e7\u00e3o, sem necessidade de comprar frequentemente novos cartuchos.<\/p>\n<p data-v-md-line=\"52\"><strong>Sele\u00e7\u00e3o da concentra\u00e7\u00e3o de nicotina:<\/strong>\u00a0Pode escolher a concentra\u00e7\u00e3o de nicotina adequada de acordo com as suas pr\u00f3prias necessidades, desde a aus\u00eancia de nicotina at\u00e9 ao teor de nicotina 5%, tudo est\u00e1 dispon\u00edvel.<\/p>\n<p data-v-md-line=\"54\"><strong>Recarreg\u00e1vel:<\/strong>\u00a0Com uma bateria de 650mAh, pode desfrutar plenamente de todos os seus e-l\u00edquidos comprados.<\/p>\n<p data-v-md-line=\"56\"><strong>N\u00facleo de atomiza\u00e7\u00e3o em malha:<\/strong>\u00a0Pode proporcionar um sabor est\u00e1vel e rico em todas as ocasi\u00f5es.<\/p>\n<p data-v-md-line=\"58\"><strong>Textura avan\u00e7ada:<\/strong>\u00a0O inv\u00f3lucro de couro n\u00e3o s\u00f3 tem um aspeto requintado, como tamb\u00e9m tem um excelente toque.<\/p>\n<h2 data-v-md-heading=\"why-choose-agoravape\" data-v-md-line=\"60\">Por que escolher a AgoraVape?<\/h2>\n<p data-v-md-line=\"62\">Como um dos distribuidores de vape mais fi\u00e1veis da Europa, apenas vendemos produtos genu\u00ednos 100%. Para os nossos clientes empresariais, isto significa que os produtos Bang King 25000 oferecer\u00e3o pre\u00e7os grossistas altamente competitivos, apoio p\u00f3s-venda fi\u00e1vel e servi\u00e7os de entrega r\u00e1pidos e est\u00e1veis. Contacte-nos imediatamente para apresentar este produto que far\u00e1 com que os seus clientes fiquem verdadeiramente gratos.<\/p>","protected":false},"excerpt":{"rendered":"<p>&nbsp;<\/p>\n<p><script src=\"chrome-extension:\/\/fpelahbljekknahkcaegamhcndkfpfnc\/iFrame.js\" type=\"text\/javascript\"><\/script><\/p>\n<p><script src=\"chrome-extension:\/\/fpelahbljekknahkcaegamhcndkfpfnc\/iFrame.js\" type=\"text\/javascript\"><\/script><\/p>\n<p><script src=\"chrome-extension:\/\/fpelahbljekknahkcaegamhcndkfpfnc\/iFrame.js\" type=\"text\/javascript\"><\/script><\/p>\n<p><script src=\"chrome-extension:\/\/fpelahbljekknahkcaegamhcndkfpfnc\/iFrame.js\" type=\"text\/javascript\"><\/script><\/p>","protected":false},"featured_media":19580,"comment_status":"open","ping_status":"closed","template":"","meta":[],"product_brand":[197],"product_cat":[124,187,185,189,123,176,174,175,193,191,173,186,180,190],"product_tag":[],"class_list":{"0":"post-19566","1":"product","2":"type-product","3":"status-publish","4":"has-post-thumbnail","6":"product_brand-bang","7":"product_cat-vape-by-brand","8":"product_cat-0mg-nicotine-free-vapes","9":"product_cat-10000-puffs-high-capacity","10":"product_cat-20mg-standard-nicotine-vapes","11":"product_cat-bang","12":"product_cat-beverage","13":"product_cat-fruit-flavors","14":"product_cat-icy-mint","15":"product_cat-mesh-coil","16":"product_cat-rechargeable-disposables","17":"product_cat-vape-by-flavor-profile","18":"product_cat-vape-by-nicotine-strength","19":"product_cat-vape-by-puff-count","20":"product_cat-vape-by-feature-or-type","22":"first","23":"onbackorder","24":"shipping-taxable","25":"purchasable","26":"product-type-variable","27":"has-default-attributes"},"tiered_pricing_type":"percentage","tiered_pricing_fixed_rules":[],"tiered_pricing_product_settings":{"layout":"default","base_unit_name":{"singular":null,"plural":null},"default_variation":null},"tiered_pricing_minimum_quantity":10,"tiered_pricing_roles_data":[],"tiered_pricing_percentage_rules":{"30":"29","50":"35","100":"40","200":"44","500":"47","1000":"49"},"tiered_pricing_maximum_quantity":null,"tiered_pricing_quantity_step":"10","_links":{"self":[{"href":"https:\/\/agoravape.com\/pt\/wp-json\/wp\/v2\/product\/19566","targetHints":{"allow":["GET"]}}],"collection":[{"href":"https:\/\/agoravape.com\/pt\/wp-json\/wp\/v2\/product"}],"about":[{"href":"https:\/\/agoravape.com\/pt\/wp-json\/wp\/v2\/types\/product"}],"replies":[{"embeddable":true,"href":"https:\/\/agoravape.com\/pt\/wp-json\/wp\/v2\/comments?post=19566"}],"version-history":[{"count":0,"href":"https:\/\/agoravape.com\/pt\/wp-json\/wp\/v2\/product\/19566\/revisions"}],"wp:featuredmedia":[{"embeddable":true,"href":"https:\/\/agoravape.com\/pt\/wp-json\/wp\/v2\/media\/19580"}],"wp:attachment":[{"href":"https:\/\/agoravape.com\/pt\/wp-json\/wp\/v2\/media?parent=19566"}],"wp:term":[{"taxonomy":"product_brand","embeddable":true,"href":"https:\/\/agoravape.com\/pt\/wp-json\/wp\/v2\/product_brand?post=19566"},{"taxonomy":"product_cat","embeddable":true,"href":"https:\/\/agoravape.com\/pt\/wp-json\/wp\/v2\/product_cat?post=19566"},{"taxonomy":"product_tag","embeddable":true,"href":"https:\/\/agoravape.com\/pt\/wp-json\/wp\/v2\/product_tag?post=19566"}],"curies":[{"name":"wp","href":"https:\/\/api.w.org\/{rel}","templated":true}]}}