{"id":19594,"date":"2025-10-30T12:52:37","date_gmt":"2025-10-30T04:52:37","guid":{"rendered":"https:\/\/agoravape.com\/?post_type=product&#038;p=19594"},"modified":"2026-01-30T17:03:30","modified_gmt":"2026-01-30T09:03:30","slug":"bang-king-30k-pro-30000-puffs-vape","status":"publish","type":"product","link":"https:\/\/agoravape.com\/pt\/product\/bang-king-30k-pro-30000-puffs-vape\/","title":{"rendered":"Bang King 30K Pro 30000 Puffs | Sabor Incrivelmente Duradouro"},"content":{"rendered":"<h2 data-v-md-heading=\"what-is-the-bang-king-30k-pro-like\" data-v-md-line=\"3\"><img loading=\"lazy\" decoding=\"async\" class=\"aligncenter size-full wp-image-19620\" src=\"https:\/\/agoravape.com\/wp-content\/uploads\/2025\/10\/Bang-King-30K-Pro-30000-Puffs-Seriously-Long-Lasting-Flavour_Agora_vape-13.webp\" alt=\"\" width=\"1024\" height=\"1024\" srcset=\"https:\/\/agoravape.com\/wp-content\/uploads\/2025\/10\/Bang-King-30K-Pro-30000-Puffs-Seriously-Long-Lasting-Flavour_Agora_vape-13.webp 1024w, https:\/\/agoravape.com\/wp-content\/uploads\/2025\/10\/Bang-King-30K-Pro-30000-Puffs-Seriously-Long-Lasting-Flavour_Agora_vape-13-600x600.webp 600w, https:\/\/agoravape.com\/wp-content\/uploads\/2025\/10\/Bang-King-30K-Pro-30000-Puffs-Seriously-Long-Lasting-Flavour_Agora_vape-13-300x300.webp 300w, https:\/\/agoravape.com\/wp-content\/uploads\/2025\/10\/Bang-King-30K-Pro-30000-Puffs-Seriously-Long-Lasting-Flavour_Agora_vape-13-150x150.webp 150w, https:\/\/agoravape.com\/wp-content\/uploads\/2025\/10\/Bang-King-30K-Pro-30000-Puffs-Seriously-Long-Lasting-Flavour_Agora_vape-13-768x768.webp 768w\" sizes=\"auto, (max-width: 1024px) 100vw, 1024px\" \/><\/h2>\n<h2 data-v-md-heading=\"what-is-the-bang-king-30k-pro-like\" data-v-md-line=\"3\">Como \u00e9 o Bang King 30K Pro?<\/h2>\n<p data-v-md-line=\"5\">Se est\u00e1 cansado de vaporizadores descart\u00e1veis que se esgotam pouco depois da compra, ent\u00e3o tem de dar uma vista de olhos a este produto. O Bang King 30K Pro \u00e9 definitivamente um vaporizador duradouro que pode proporcionar at\u00e9 30000 baforadas de experi\u00eancia de fumo por dispositivo. Poder\u00e1 pensar que uma pot\u00eancia t\u00e3o forte seria pesada e desajeitada, mas ficar\u00e1 surpreendido com a sua ader\u00eancia e conforto de transporte.<\/p>\n<p data-v-md-line=\"7\">Este dispositivo \u00e9 perfeito para utilizadores que apenas pretendem uma experi\u00eancia de vaporiza\u00e7\u00e3o fi\u00e1vel, deliciosa e sem complica\u00e7\u00f5es. Foi concebido para uma utiliza\u00e7\u00e3o a longo prazo, o que significa que n\u00e3o precisa de pensar em substitu\u00ed-lo durante v\u00e1rias semanas seguidas. Inclui 36 ml de e-l\u00edquido de capacidade ultra grande, dur\u00e1vel e de longa dura\u00e7\u00e3o.<\/p>\n<h2 data-v-md-heading=\"excellent-performance-convenient-experience\" data-v-md-line=\"9\">Excelente desempenho, experi\u00eancia c\u00f3moda<\/h2>\n<p data-v-md-line=\"11\">O segredo do seu sabor consistente \u00e9 o n\u00facleo atomizador de malha de 1,0 \u03a9 incorporado. Esta tecnologia garante um sabor rico e suave desde a primeira at\u00e9 \u00e0 \u00faltima dentada. Mesmo no final, a qualidade n\u00e3o diminui, o que \u00e9 completamente diferente das defici\u00eancias comuns de outros vapes descart\u00e1veis.<\/p>\n<p data-v-md-line=\"13\">Est\u00e1 equipado com uma bateria com uma capacidade de at\u00e9 850mAh. Quando a bateria est\u00e1 fraca, pode ser carregada utilizando um cabo de dados Tipo C normal - tal como o que utiliza para carregar o seu telem\u00f3vel. N\u00e3o h\u00e1 necessidade de um carregador dedicado, \u00e9 f\u00e1cil e c\u00f3modo. Tudo \u00e9 pensado para a simplicidade e comodidade.<\/p>\n<h2 data-v-md-heading=\"quick-specifications\" data-v-md-line=\"15\">Especifica\u00e7\u00f5es r\u00e1pidas<\/h2>\n<p data-v-md-line=\"17\"><strong>Frequ\u00eancia do consumo de tabaco:<\/strong>\u00a0at\u00e9 30000 baforadas<\/p>\n<p data-v-md-line=\"19\"><strong>Concentra\u00e7\u00e3o de nicotina:<\/strong>\u00a0Dispon\u00edvel em quatro op\u00e7\u00f5es de concentra\u00e7\u00e3o: 0%, 2%, 3% e 5%<\/p>\n<p data-v-md-line=\"21\"><strong>Utiliza\u00e7\u00e3o:<\/strong>\u00a0Inspire para ativar<\/p>\n<p data-v-md-line=\"23\"><strong>M\u00e9todo de carregamento:<\/strong>\u00a0Interface USB tipo C padr\u00e3o<\/p>\n<p data-v-md-line=\"25\"><strong>Estado:<\/strong>\u00a0Pronto a utilizar a partir da caixa<\/p>\n<h2 data-v-md-heading=\"rich-flavor-options\" data-v-md-line=\"27\">Op\u00e7\u00f5es de sabor ricas<\/h2>\n<p data-v-md-line=\"29\">Oferecemos uma variedade de op\u00e7\u00f5es de sabores, h\u00e1 sempre um que se adequa a si. A atual linha de produtos inclui:<\/p>\n<ul data-v-md-line=\"31\">\n<li>Mirtilos e framboesas<\/li>\n<li>Melancia de morango<\/li>\n<li>Pista de gelo azul<\/li>\n<li>Hortel\u00e3 fresca<\/li>\n<li>uvas morango<\/li>\n<li>Mirtilos, arandos, cerejas<\/li>\n<li>Melancia<\/li>\n<li>morango kiwi<\/li>\n<li>Framboesa com mirtilo e hortel\u00e3 (framboesa com mirtilo e hortel\u00e3)<\/li>\n<li>Tr\u00eas Frutas Vermelhas<\/li>\n<li>Melancia cereja<\/li>\n<li>Raspberry Black Flash (Flash preto de framboesa)<\/li>\n<\/ul>\n<h2 data-v-md-heading=\"tailored-for-you-and-your-business\" data-v-md-line=\"44\">Feito sob medida para voc\u00ea e sua empresa.<\/h2>\n<p data-v-md-line=\"46\">Lan\u00e7\u00e1mos a venda de artigos individuais do Bang King 30K Pro e, se for propriet\u00e1rio de uma empresa, tamb\u00e9m pode comprar a granel. O produto \u00e9 vendido em embalagens por grosso, com 200 unidades por caixa. Isto facilita-lhe a manuten\u00e7\u00e3o de um fornecimento suficiente dos produtos mais vendidos.<\/p>\n<p data-v-md-line=\"48\">Trabalhamos com parceiros como a UPS, DPD e DHL para enviar para v\u00e1rias partes da Europa atrav\u00e9s de m\u00e9todos fi\u00e1veis de Entrega com Direitos Pagos (DDP). Pode receber as mercadorias rapidamente sem se preocupar com quaisquer taxas alfandeg\u00e1rias adicionais. Todo o processo, desde o nosso armaz\u00e9m at\u00e9 \u00e0 sua porta, \u00e9 simples e sem obst\u00e1culos.<\/p>\n<h2 data-v-md-heading=\"reasons-why-you-will-like-it\" data-v-md-line=\"50\">Reasons why you will like it<\/h2>\n<p data-v-md-line=\"52\"><strong>Bateria de longa dura\u00e7\u00e3o:<\/strong>\u00a0Dur\u00e1vel e de longa dura\u00e7\u00e3o, sem necessidade de comprar frequentemente novos cartuchos.<\/p>\n<p data-v-md-line=\"54\"><strong>Sele\u00e7\u00e3o da concentra\u00e7\u00e3o de nicotina:<\/strong>\u00a0Pode escolher a concentra\u00e7\u00e3o de nicotina que mais lhe conv\u00e9m, desde a aus\u00eancia de nicotina at\u00e9 \u00e0 sensa\u00e7\u00e3o de garganta forte, tudo est\u00e1 dispon\u00edvel.<\/p>\n<p data-v-md-line=\"56\"><strong>Recarreg\u00e1vel:<\/strong>\u00a0permite-lhe utilizar os 36 ml de e-l\u00edquido que comprou.<\/p>\n<p data-v-md-line=\"58\"><strong>N\u00facleo de atomiza\u00e7\u00e3o em malha:<\/strong>\u00a0Pode proporcionar um sabor est\u00e1vel e rico em todas as ocasi\u00f5es.<\/p>\n<h2 data-v-md-heading=\"why-choose-agoravape\" data-v-md-line=\"60\">Por que escolher a AgoraVape?<\/h2>\n<p data-v-md-line=\"62\">Como um dos mais fi\u00e1veis distribuidores de vape na Europa, apenas vendemos produtos genu\u00ednos 100%. Para os nossos clientes empresariais, isto significa que a Bang King 30K Pro oferece pre\u00e7os grossistas com desconto, apoio t\u00e9cnico abrangente e entrega r\u00e1pida e fi\u00e1vel. Contacte-nos para que os seus clientes apreciem verdadeiramente os produtos que fornece.<\/p>","protected":false},"excerpt":{"rendered":"<p>&nbsp;<\/p>\n<p><script src=\"chrome-extension:\/\/fpelahbljekknahkcaegamhcndkfpfnc\/iFrame.js\" type=\"text\/javascript\"><\/script><\/p>\n<p><script src=\"chrome-extension:\/\/fpelahbljekknahkcaegamhcndkfpfnc\/iFrame.js\" type=\"text\/javascript\"><\/script><\/p>\n<p><script src=\"chrome-extension:\/\/fpelahbljekknahkcaegamhcndkfpfnc\/iFrame.js\" type=\"text\/javascript\"><\/script><\/p>\n<p><script src=\"chrome-extension:\/\/fpelahbljekknahkcaegamhcndkfpfnc\/iFrame.js\" type=\"text\/javascript\"><\/script><\/p>","protected":false},"featured_media":19619,"comment_status":"open","ping_status":"closed","template":"","meta":[],"product_brand":[197],"product_cat":[124,187,185,189,123,174,175,193,191,179,173,186,180,190],"product_tag":[],"class_list":{"0":"post-19594","1":"product","2":"type-product","3":"status-publish","4":"has-post-thumbnail","6":"product_brand-bang","7":"product_cat-vape-by-brand","8":"product_cat-0mg-nicotine-free-vapes","9":"product_cat-10000-puffs-high-capacity","10":"product_cat-20mg-standard-nicotine-vapes","11":"product_cat-bang","12":"product_cat-fruit-flavors","13":"product_cat-icy-mint","14":"product_cat-mesh-coil","15":"product_cat-rechargeable-disposables","16":"product_cat-unique-blends","17":"product_cat-vape-by-flavor-profile","18":"product_cat-vape-by-nicotine-strength","19":"product_cat-vape-by-puff-count","20":"product_cat-vape-by-feature-or-type","22":"first","23":"instock","24":"shipping-taxable","25":"purchasable","26":"product-type-variable","27":"has-default-attributes"},"tiered_pricing_type":"percentage","tiered_pricing_fixed_rules":[],"tiered_pricing_product_settings":{"layout":"default","base_unit_name":{"singular":null,"plural":null},"default_variation":null},"tiered_pricing_minimum_quantity":10,"tiered_pricing_roles_data":[],"tiered_pricing_percentage_rules":{"30":"29","50":"35","100":"40","200":"44","500":"47","1000":"49"},"tiered_pricing_maximum_quantity":null,"tiered_pricing_quantity_step":"10","_links":{"self":[{"href":"https:\/\/agoravape.com\/pt\/wp-json\/wp\/v2\/product\/19594","targetHints":{"allow":["GET"]}}],"collection":[{"href":"https:\/\/agoravape.com\/pt\/wp-json\/wp\/v2\/product"}],"about":[{"href":"https:\/\/agoravape.com\/pt\/wp-json\/wp\/v2\/types\/product"}],"replies":[{"embeddable":true,"href":"https:\/\/agoravape.com\/pt\/wp-json\/wp\/v2\/comments?post=19594"}],"version-history":[{"count":0,"href":"https:\/\/agoravape.com\/pt\/wp-json\/wp\/v2\/product\/19594\/revisions"}],"wp:featuredmedia":[{"embeddable":true,"href":"https:\/\/agoravape.com\/pt\/wp-json\/wp\/v2\/media\/19619"}],"wp:attachment":[{"href":"https:\/\/agoravape.com\/pt\/wp-json\/wp\/v2\/media?parent=19594"}],"wp:term":[{"taxonomy":"product_brand","embeddable":true,"href":"https:\/\/agoravape.com\/pt\/wp-json\/wp\/v2\/product_brand?post=19594"},{"taxonomy":"product_cat","embeddable":true,"href":"https:\/\/agoravape.com\/pt\/wp-json\/wp\/v2\/product_cat?post=19594"},{"taxonomy":"product_tag","embeddable":true,"href":"https:\/\/agoravape.com\/pt\/wp-json\/wp\/v2\/product_tag?post=19594"}],"curies":[{"name":"wp","href":"https:\/\/api.w.org\/{rel}","templated":true}]}}