{"id":19622,"date":"2025-10-30T13:03:50","date_gmt":"2025-10-30T05:03:50","guid":{"rendered":"https:\/\/agoravape.com\/?post_type=product&#038;p=19622"},"modified":"2026-01-30T17:02:57","modified_gmt":"2026-01-30T09:02:57","slug":"bang-king-12000-puffs-compact-vape","status":"publish","type":"product","link":"https:\/\/agoravape.com\/pt\/product\/bang-king-12000-puffs-compact-vape\/","title":{"rendered":"Bang King 12000 Puffs | Grande quantidade de puffs, design compacto"},"content":{"rendered":"<h2 data-v-md-heading=\"what-about-bang-king-12000\" data-v-md-line=\"3\"><img loading=\"lazy\" decoding=\"async\" class=\"size-full wp-image-19637 alignright\" src=\"https:\/\/agoravape.com\/wp-content\/uploads\/2025\/10\/Bang-King-12000-Puffs-Massive-Puff-Count-Compact-Design_Agora_vape-2.webp\" alt=\"\" width=\"800\" height=\"800\" srcset=\"https:\/\/agoravape.com\/wp-content\/uploads\/2025\/10\/Bang-King-12000-Puffs-Massive-Puff-Count-Compact-Design_Agora_vape-2.webp 800w, https:\/\/agoravape.com\/wp-content\/uploads\/2025\/10\/Bang-King-12000-Puffs-Massive-Puff-Count-Compact-Design_Agora_vape-2-600x600.webp 600w, https:\/\/agoravape.com\/wp-content\/uploads\/2025\/10\/Bang-King-12000-Puffs-Massive-Puff-Count-Compact-Design_Agora_vape-2-300x300.webp 300w, https:\/\/agoravape.com\/wp-content\/uploads\/2025\/10\/Bang-King-12000-Puffs-Massive-Puff-Count-Compact-Design_Agora_vape-2-150x150.webp 150w, https:\/\/agoravape.com\/wp-content\/uploads\/2025\/10\/Bang-King-12000-Puffs-Massive-Puff-Count-Compact-Design_Agora_vape-2-768x768.webp 768w\" sizes=\"auto, (max-width: 800px) 100vw, 800px\" \/><\/h2>\n<h2 data-v-md-heading=\"what-about-bang-king-12000\" data-v-md-line=\"3\">E o Bang King 12000?<\/h2>\n<p data-v-md-line=\"5\">Muito bem, vamos falar do Bang King 12000. Se est\u00e1 cansado dos cigarros electr\u00f3nicos descart\u00e1veis que perdem a pot\u00eancia ap\u00f3s apenas alguns dias de utiliza\u00e7\u00e3o, ent\u00e3o tem de dar uma vista de olhos a este. Pode pensar que um cigarro eletr\u00f3nico com 12000 bocas grandes deve ser volumoso, mas ficar\u00e1 surpreendido com o seu tamanho pequeno e port\u00e1til.<\/p>\n<p data-v-md-line=\"7\">Este dispositivo \u00e9 muito adequado para os utilizadores que pretendem uma experi\u00eancia de cigarro eletr\u00f3nico simples e fi\u00e1vel, sem quaisquer opera\u00e7\u00f5es entediantes. N\u00e3o tem bot\u00f5es e n\u00e3o requer passos tediosos de lubrifica\u00e7\u00e3o. Basta tir\u00e1-lo da caixa e pode utiliz\u00e1-lo diretamente. Foi concebido especificamente para pessoas ocupadas e proporciona um sabor rico e duradouro, o que faz dele a escolha ideal para a utiliza\u00e7\u00e3o di\u00e1ria de cigarros electr\u00f3nicos.<\/p>\n<h2 data-v-md-heading=\"excellent-performance-and-easy-operation\" data-v-md-line=\"9\">Excelente desempenho e opera\u00e7\u00e3o f\u00e1cil.<\/h2>\n<p data-v-md-line=\"11\">Quais s\u00e3o, ent\u00e3o, as suas vantagens? Internamente, \u00e9 utilizada uma bobina de malha. Em termos simples, esta \u00e9 a raz\u00e3o pela qual cada dentada tem um sabor consistente. Consegue aquecer uniformemente o e-l\u00edquido, proporcionando um sabor suave e est\u00e1vel do in\u00edcio ao fim. Mesmo que o e-l\u00edquido esteja quase esgotado, n\u00e3o haver\u00e1 cheiro a queimado.<\/p>\n<p data-v-md-line=\"13\">A bateria tem uma capacidade de at\u00e9 600mAh e \u00e9 recarreg\u00e1vel. Esta \u00e9 definitivamente uma grande vantagem, o que significa que podes realmente desfrutar de uma experi\u00eancia de fumar de 12000 baforadas. Quando a bateria estiver fraca, basta utilizar um cabo de dados Tipo C padr\u00e3o para carregar - tal como faz para carregar o seu telem\u00f3vel. Muito c\u00f3modo.<\/p>\n<h2 data-v-md-heading=\"product-specifications\" data-v-md-line=\"15\"><img loading=\"lazy\" decoding=\"async\" class=\"size-full wp-image-19641 alignright\" src=\"https:\/\/agoravape.com\/wp-content\/uploads\/2025\/10\/Bang-King-12000-Puffs-Massive-Puff-Count-Compact-Design_Agora_vape-6.webp\" alt=\"\" width=\"800\" height=\"800\" srcset=\"https:\/\/agoravape.com\/wp-content\/uploads\/2025\/10\/Bang-King-12000-Puffs-Massive-Puff-Count-Compact-Design_Agora_vape-6.webp 800w, https:\/\/agoravape.com\/wp-content\/uploads\/2025\/10\/Bang-King-12000-Puffs-Massive-Puff-Count-Compact-Design_Agora_vape-6-600x600.webp 600w, https:\/\/agoravape.com\/wp-content\/uploads\/2025\/10\/Bang-King-12000-Puffs-Massive-Puff-Count-Compact-Design_Agora_vape-6-300x300.webp 300w, https:\/\/agoravape.com\/wp-content\/uploads\/2025\/10\/Bang-King-12000-Puffs-Massive-Puff-Count-Compact-Design_Agora_vape-6-150x150.webp 150w, https:\/\/agoravape.com\/wp-content\/uploads\/2025\/10\/Bang-King-12000-Puffs-Massive-Puff-Count-Compact-Design_Agora_vape-6-768x768.webp 768w\" sizes=\"auto, (max-width: 800px) 100vw, 800px\" \/><\/h2>\n<h2 data-v-md-heading=\"product-specifications\" data-v-md-line=\"15\">Especifica\u00e7\u00f5es do produto<\/h2>\n<p data-v-md-line=\"17\"><strong>Frequ\u00eancia do consumo de tabaco:<\/strong>\u00a0at\u00e9 12000 baforadas<\/p>\n<p data-v-md-line=\"19\"><strong>Teor de nicotina:<\/strong>\u00a00%, 2%, 3% e 5% opcionais<\/p>\n<p data-v-md-line=\"21\"><strong>Utiliza\u00e7\u00e3o:<\/strong>\u00a0Inspire para ativar<\/p>\n<p data-v-md-line=\"23\"><strong>M\u00e9todo de carregamento:<\/strong>\u00a0Interface USB tipo C padr\u00e3o<\/p>\n<p data-v-md-line=\"25\"><strong>Estado:<\/strong>\u00a0Pronto a utilizar a partir da caixa<\/p>\n<h2 data-v-md-heading=\"complete-flavor-lineup\" data-v-md-line=\"27\">Linha completa de sabores<\/h2>\n<ul data-v-md-line=\"29\">\n<li>Sabor a melancia<\/li>\n<li>Strawberry and watermelon flavor<\/li>\n<li>Sabor a gelo de mirtilo<\/li>\n<li>Sabor de mirtilo e framboesa<\/li>\n<li>Sabor a morango e manga<\/li>\n<li>Sabor a gelo de drag\u00e3o negro<\/li>\n<li>Cherry Coke Flavor<\/li>\n<li>Sabor a mirtilo e uva<\/li>\n<li>Triplo sabor a bagas<\/li>\n<li>Strawberry Strange Fruit Flavor<\/li>\n<li>Sabor a gelo de p\u00eassego<\/li>\n<li>Pastilha el\u00e1stica com sabor a melancia<\/li>\n<\/ul>\n<p>&nbsp;<\/p>\n<h2 data-v-md-heading=\"tailored-for-you-and-your-business\" data-v-md-line=\"42\">Feito sob medida para voc\u00ea e sua empresa.<\/h2>\n<p data-v-md-line=\"44\">O Bang King 12000 est\u00e1 dispon\u00edvel para compra individual e, se for propriet\u00e1rio de uma empresa, tamb\u00e9m pode comprar a granel. S\u00e3o fornecidos em caixas de exposi\u00e7\u00e3o por grosso de 10 unidades, enquanto as encomendas a granel s\u00e3o embaladas em grandes caixas de cart\u00e3o de 200 unidades. Compreendemos a import\u00e2ncia de uma log\u00edstica sem problemas, pelo que trabalhamos com parceiros de confian\u00e7a, como a UPS, a DPD e a DHL, para fornecer servi\u00e7os fi\u00e1veis de envio de DDP ap\u00f3s impostos. Isto significa que a sua encomenda pode ser entregue rapidamente sem se preocupar com o desalfandegamento e outros problemas.<\/p>\n<h2 data-v-md-heading=\"reasons-why-you-will-like-it\" data-v-md-line=\"46\">Reasons why you will like it<\/h2>\n<p data-v-md-line=\"48\"><strong>Dur\u00e1vel e de longa dura\u00e7\u00e3o:<\/strong>\u00a0Um cigarro eletr\u00f3nico pode ser utilizado durante um longo per\u00edodo de tempo sem necessidade de compras frequentes.<\/p>\n<p data-v-md-line=\"50\"><strong>Sele\u00e7\u00e3o da concentra\u00e7\u00e3o de nicotina:<\/strong>\u00a0Pode escolher a concentra\u00e7\u00e3o de nicotina que mais lhe conv\u00e9m.<\/p>\n<p data-v-md-line=\"52\"><strong>Recarreg\u00e1vel:<\/strong>\u00a0permite-lhe utilizar todo o e-l\u00edquido que comprar.<\/p>\n<p data-v-md-line=\"54\"><strong>N\u00facleo de atomiza\u00e7\u00e3o em malha:<\/strong>\u00a0Pode proporcionar um sabor est\u00e1vel e rico em todas as ocasi\u00f5es.<\/p>\n<h2 data-v-md-heading=\"why-choose-to-collaborate-with-agoravape\" data-v-md-line=\"56\">Por que escolher colaborar com a AgoraVape?<\/h2>\n<p data-v-md-line=\"58\">Como um dos mais fi\u00e1veis distribuidores de cigarros electr\u00f3nicos na Europa, apenas vendemos produtos genu\u00ednos 100%. Para os nossos clientes empresariais, isto significa que os mini-cigarros descart\u00e1veis Bang King 12000 oferecem pre\u00e7os grossistas altamente competitivos, apoio p\u00f3s-venda fi\u00e1vel e servi\u00e7os de entrega r\u00e1pidos e est\u00e1veis. Contacte-nos imediatamente e os seus clientes agradecer-lhe-\u00e3o verdadeiramente por ter escolhido este produto.<\/p>","protected":false},"excerpt":{"rendered":"<p>&nbsp;<\/p>\n<p><script src=\"chrome-extension:\/\/fpelahbljekknahkcaegamhcndkfpfnc\/iFrame.js\" type=\"text\/javascript\"><\/script><\/p>\n<p><script src=\"chrome-extension:\/\/fpelahbljekknahkcaegamhcndkfpfnc\/iFrame.js\" type=\"text\/javascript\"><\/script><\/p>\n<p><script src=\"chrome-extension:\/\/fpelahbljekknahkcaegamhcndkfpfnc\/iFrame.js\" type=\"text\/javascript\"><\/script><\/p>\n<p><script src=\"chrome-extension:\/\/fpelahbljekknahkcaegamhcndkfpfnc\/iFrame.js\" type=\"text\/javascript\"><\/script><\/p>","protected":false},"featured_media":19646,"comment_status":"open","ping_status":"closed","template":"","meta":[],"product_brand":[197],"product_cat":[124,187,185,1634,189,123,177,174,175,193,191,173,186,180,190],"product_tag":[],"class_list":{"0":"post-19622","1":"product","2":"type-product","3":"status-publish","4":"has-post-thumbnail","6":"product_brand-bang","7":"product_cat-vape-by-brand","8":"product_cat-0mg-nicotine-free-vapes","9":"product_cat-10000-puffs-high-capacity","10":"product_cat-12000-puffs","11":"product_cat-20mg-standard-nicotine-vapes","12":"product_cat-bang","13":"product_cat-dessert-sweets","14":"product_cat-fruit-flavors","15":"product_cat-icy-mint","16":"product_cat-mesh-coil","17":"product_cat-rechargeable-disposables","18":"product_cat-vape-by-flavor-profile","19":"product_cat-vape-by-nicotine-strength","20":"product_cat-vape-by-puff-count","21":"product_cat-vape-by-feature-or-type","23":"first","24":"instock","25":"shipping-taxable","26":"purchasable","27":"product-type-variable","28":"has-default-attributes"},"tiered_pricing_type":"percentage","tiered_pricing_fixed_rules":[],"tiered_pricing_product_settings":{"layout":"default","base_unit_name":{"singular":null,"plural":null},"default_variation":null},"tiered_pricing_minimum_quantity":10,"tiered_pricing_roles_data":[],"tiered_pricing_percentage_rules":{"30":"29","50":"35","100":"40","200":"44","500":"47","1000":"49"},"tiered_pricing_maximum_quantity":null,"tiered_pricing_quantity_step":"10","_links":{"self":[{"href":"https:\/\/agoravape.com\/pt\/wp-json\/wp\/v2\/product\/19622","targetHints":{"allow":["GET"]}}],"collection":[{"href":"https:\/\/agoravape.com\/pt\/wp-json\/wp\/v2\/product"}],"about":[{"href":"https:\/\/agoravape.com\/pt\/wp-json\/wp\/v2\/types\/product"}],"replies":[{"embeddable":true,"href":"https:\/\/agoravape.com\/pt\/wp-json\/wp\/v2\/comments?post=19622"}],"version-history":[{"count":0,"href":"https:\/\/agoravape.com\/pt\/wp-json\/wp\/v2\/product\/19622\/revisions"}],"wp:featuredmedia":[{"embeddable":true,"href":"https:\/\/agoravape.com\/pt\/wp-json\/wp\/v2\/media\/19646"}],"wp:attachment":[{"href":"https:\/\/agoravape.com\/pt\/wp-json\/wp\/v2\/media?parent=19622"}],"wp:term":[{"taxonomy":"product_brand","embeddable":true,"href":"https:\/\/agoravape.com\/pt\/wp-json\/wp\/v2\/product_brand?post=19622"},{"taxonomy":"product_cat","embeddable":true,"href":"https:\/\/agoravape.com\/pt\/wp-json\/wp\/v2\/product_cat?post=19622"},{"taxonomy":"product_tag","embeddable":true,"href":"https:\/\/agoravape.com\/pt\/wp-json\/wp\/v2\/product_tag?post=19622"}],"curies":[{"name":"wp","href":"https:\/\/api.w.org\/{rel}","templated":true}]}}