{"id":19648,"date":"2025-10-30T14:00:29","date_gmt":"2025-10-30T06:00:29","guid":{"rendered":"https:\/\/agoravape.com\/?post_type=product&#038;p=19648"},"modified":"2026-01-30T17:01:56","modified_gmt":"2026-01-30T09:01:56","slug":"bang-king-15000-puffs-visor-vape","status":"publish","type":"product","link":"https:\/\/agoravape.com\/pt\/product\/bang-king-15000-puffs-display-vape\/","title":{"rendered":"Bang King 15000 | O vape inteligente que realmente te diz o que est\u00e1 acontecendo"},"content":{"rendered":"<h2 data-v-md-heading=\"what-is-special-about-the-bang-king-15000-vape-equipped-with-a-display-screen\" data-v-md-line=\"3\"><img loading=\"lazy\" decoding=\"async\" class=\"aligncenter size-full wp-image-19662\" src=\"https:\/\/agoravape.com\/wp-content\/uploads\/2025\/10\/Bang-King-15000-The-Smart-Vape-That-Actually-Tells-You-Whats-Going-On_Agora_vape-1.webp\" alt=\"\" width=\"2000\" height=\"2500\" srcset=\"https:\/\/agoravape.com\/wp-content\/uploads\/2025\/10\/Bang-King-15000-The-Smart-Vape-That-Actually-Tells-You-Whats-Going-On_Agora_vape-1.webp 2000w, https:\/\/agoravape.com\/wp-content\/uploads\/2025\/10\/Bang-King-15000-The-Smart-Vape-That-Actually-Tells-You-Whats-Going-On_Agora_vape-1-1200x1500.webp 1200w, https:\/\/agoravape.com\/wp-content\/uploads\/2025\/10\/Bang-King-15000-The-Smart-Vape-That-Actually-Tells-You-Whats-Going-On_Agora_vape-1-240x300.webp 240w, https:\/\/agoravape.com\/wp-content\/uploads\/2025\/10\/Bang-King-15000-The-Smart-Vape-That-Actually-Tells-You-Whats-Going-On_Agora_vape-1-819x1024.webp 819w, https:\/\/agoravape.com\/wp-content\/uploads\/2025\/10\/Bang-King-15000-The-Smart-Vape-That-Actually-Tells-You-Whats-Going-On_Agora_vape-1-768x960.webp 768w, https:\/\/agoravape.com\/wp-content\/uploads\/2025\/10\/Bang-King-15000-The-Smart-Vape-That-Actually-Tells-You-Whats-Going-On_Agora_vape-1-1229x1536.webp 1229w, https:\/\/agoravape.com\/wp-content\/uploads\/2025\/10\/Bang-King-15000-The-Smart-Vape-That-Actually-Tells-You-Whats-Going-On_Agora_vape-1-1638x2048.webp 1638w\" sizes=\"auto, (max-width: 2000px) 100vw, 2000px\" \/><\/h2>\n<h2 data-v-md-heading=\"what-is-special-about-the-bang-king-15000-vape-equipped-with-a-display-screen\" data-v-md-line=\"3\">O que tem de especial o Bang King 15000 vape equipado com um ecr\u00e3?<\/h2>\n<p data-v-md-line=\"5\">Este vape descart\u00e1vel est\u00e1 equipado com um verdadeiro ecr\u00e3 de visualiza\u00e7\u00e3o, o que n\u00e3o \u00e9 comum. O Bang King 15000 n\u00e3o pretende derrubar a tradi\u00e7\u00e3o, mas sim resolver o problema inc\u00f3modo com que todos j\u00e1 nos depar\u00e1mos: n\u00e3o saber quanta bateria ou e-l\u00edquido resta. Este dispositivo tem uma dura\u00e7\u00e3o de bateria de 15000 portas, o que lhe permite desfrutar de semanas de experi\u00eancia de vaporiza\u00e7\u00e3o sem ter de adivinhar.<\/p>\n<p data-v-md-line=\"7\">Se n\u00e3o gosta de situa\u00e7\u00f5es inesperadas - como ficar sem bateria de repente e n\u00e3o ter um carregador por perto - ent\u00e3o este produto \u00e9 simplesmente perfeito. O ecr\u00e3 compacto permite-lhe acompanhar a bateria restante e o n\u00edvel de e-l\u00edquido em qualquer altura. Para ser sincero, quando se experimenta um vape que pode informar a dura\u00e7\u00e3o restante da bateria e o n\u00edvel de e-l\u00edquido, \u00e9 dif\u00edcil voltar \u00e0 era da especula\u00e7\u00e3o para obter informa\u00e7\u00f5es.<\/p>\n<h2 data-v-md-heading=\"excellent-performance-and-easy-operation\" data-v-md-line=\"9\">Excelente desempenho e opera\u00e7\u00e3o f\u00e1cil.<\/h2>\n<p data-v-md-line=\"11\">O n\u00facleo de atomiza\u00e7\u00e3o de malha de 1,1 \u03a9 incorporado pode cumprir perfeitamente a sua miss\u00e3o - aquecer uniformemente o e-l\u00edquido, evitando o desconfort\u00e1vel sabor a queimado e permitindo-lhe desfrutar de uma experi\u00eancia agrad\u00e1vel. Uma capacidade de 25 ml de e-l\u00edquido vale a pena. Quer tome o 10\u00ba ou o 10000\u00ba gole, cada gole \u00e9 t\u00e3o suave como o primeiro. Quando a bateria de 650mAh precisar de ser carregada, basta ligar o cabo de dados Tipo C - tal como o que utiliza para carregar o seu telem\u00f3vel. Simples e c\u00f3modo.<\/p>\n<h2 data-v-md-heading=\"quick-specifications\" data-v-md-line=\"13\"><\/h2>\n<h2 data-v-md-heading=\"quick-specifications\" data-v-md-line=\"13\">Especifica\u00e7\u00f5es r\u00e1pidas<\/h2>\n<p data-v-md-line=\"15\"><strong>Frequ\u00eancia do consumo de tabaco:<\/strong>\u00a0at\u00e9 15000 baforadas<\/p>\n<p data-v-md-line=\"17\"><strong>Capacidade do e-l\u00edquido:<\/strong>\u00a025 ml de \u00f3leo pr\u00e9-preenchido<\/p>\n<p data-v-md-line=\"19\"><strong>Bateria:<\/strong>\u00a0Bateria recarreg\u00e1vel de 650mAh<\/p>\n<p data-v-md-line=\"21\"><strong>Ecr\u00e3 de visualiza\u00e7\u00e3o:<\/strong>\u00a0O ecr\u00e3 LED apresenta o n\u00edvel da bateria e a quantidade de e-l\u00edquido restante<\/p>\n<p data-v-md-line=\"23\"><strong>Utiliza\u00e7\u00e3o:<\/strong>\u00a0Inspire para ativar<\/p>\n<p data-v-md-line=\"25\"><strong>M\u00e9todo de carregamento:<\/strong>\u00a0Interface USB tipo C padr\u00e3o<\/p>\n<p data-v-md-line=\"27\"><strong>N\u00facleo de atomiza\u00e7\u00e3o:<\/strong>\u00a0N\u00facleo atomizador com malha de 1,1 \u03a9, proporcionando uma experi\u00eancia consistente e deliciosa<\/p>\n<p data-v-md-line=\"29\"><strong>Estado:<\/strong>\u00a0Pronto a utilizar a partir da caixa<\/p>\n<h2 data-v-md-heading=\"complete-flavor-lineup\" data-v-md-line=\"31\">Linha completa de sabores<\/h2>\n<ul data-v-md-line=\"33\">\n<li>Os mirtilos s\u00e3o refrescantes e refrescantes<\/li>\n<li>Explos\u00e3o de bagas<\/li>\n<li>Mirtilos, Cerejas, Lim\u00f5es<\/li>\n<li>O p\u00eassego \u00e9 refrescante e refrescante<\/li>\n<li>As uvas s\u00e3o refrescantes<\/li>\n<li>Frutos de p\u00eassego e bagas<\/li>\n<li>Ma\u00e7\u00e3 \u00e1cida com mirtilo<\/li>\n<li>Frutas tropicais<\/li>\n<li>Morangos crocantes<\/li>\n<li>Melancia e morango<\/li>\n<li>Uvas geladas<\/li>\n<\/ul>\n<p><img loading=\"lazy\" decoding=\"async\" class=\"aligncenter size-full wp-image-19671\" src=\"https:\/\/agoravape.com\/wp-content\/uploads\/2025\/10\/Bang-King-15000-The-Smart-Vape-That-Actually-Tells-You-Whats-Going-On_Agora_vape-10.webp\" alt=\"\" width=\"2560\" height=\"1200\" srcset=\"https:\/\/agoravape.com\/wp-content\/uploads\/2025\/10\/Bang-King-15000-The-Smart-Vape-That-Actually-Tells-You-Whats-Going-On_Agora_vape-10.webp 2560w, https:\/\/agoravape.com\/wp-content\/uploads\/2025\/10\/Bang-King-15000-The-Smart-Vape-That-Actually-Tells-You-Whats-Going-On_Agora_vape-10-1200x563.webp 1200w, https:\/\/agoravape.com\/wp-content\/uploads\/2025\/10\/Bang-King-15000-The-Smart-Vape-That-Actually-Tells-You-Whats-Going-On_Agora_vape-10-300x141.webp 300w, https:\/\/agoravape.com\/wp-content\/uploads\/2025\/10\/Bang-King-15000-The-Smart-Vape-That-Actually-Tells-You-Whats-Going-On_Agora_vape-10-1024x480.webp 1024w, https:\/\/agoravape.com\/wp-content\/uploads\/2025\/10\/Bang-King-15000-The-Smart-Vape-That-Actually-Tells-You-Whats-Going-On_Agora_vape-10-768x360.webp 768w, https:\/\/agoravape.com\/wp-content\/uploads\/2025\/10\/Bang-King-15000-The-Smart-Vape-That-Actually-Tells-You-Whats-Going-On_Agora_vape-10-1536x720.webp 1536w, https:\/\/agoravape.com\/wp-content\/uploads\/2025\/10\/Bang-King-15000-The-Smart-Vape-That-Actually-Tells-You-Whats-Going-On_Agora_vape-10-2048x960.webp 2048w\" sizes=\"auto, (max-width: 2560px) 100vw, 2560px\" \/><\/p>\n<h2 data-v-md-heading=\"to-create-for-you-and-your-business\" data-v-md-line=\"45\">Para criar algo para voc\u00ea e para o seu neg\u00f3cio.<\/h2>\n<p data-v-md-line=\"47\">Cri\u00e1mos a Bang King e oferecemos-lhe 15000 produtos para comprar individualmente. Se \u00e9 propriet\u00e1rio de uma empresa, tamb\u00e9m pode comprar a granel. O produto \u00e9 embalado em formato grossista, o que facilita a reposi\u00e7\u00e3o do stock. Fornecemos servi\u00e7os DDP atrav\u00e9s da UPS, DPD e DHL para tratar de todas as quest\u00f5es de envio por si e evitar quaisquer taxas adicionais cobradas pela alf\u00e2ndega. A sua encomenda j\u00e1 pagou os direitos aduaneiros \u00e0 chegada e pode ser vendida diretamente.<\/p>\n<p data-v-md-line=\"49\">Para os propriet\u00e1rios de lojas, este produto pode atrair clientes quase sem necessidade de promo\u00e7\u00e3o. Os clientes gostam particularmente da sua fun\u00e7\u00e3o de exposi\u00e7\u00e3o - o que faz com que seja um tema marcante e se destaque entre os muitos produtos descart\u00e1veis comuns nas prateleiras.<\/p>\n<h2 data-v-md-heading=\"reasons-why-you-will-like-it\" data-v-md-line=\"51\">Reasons why you will like it<\/h2>\n<p data-v-md-line=\"53\"><strong>Ecr\u00e3 de visualiza\u00e7\u00e3o:<\/strong>\u00a0N\u00e3o precisa de adivinhar - pode verificar com precis\u00e3o a bateria restante e o n\u00edvel de e-l\u00edquido<\/p>\n<p data-v-md-line=\"55\"><strong>15000 unidades:<\/strong>\u00a0Desfrute de semanas de experi\u00eancia de vaporiza\u00e7\u00e3o com apenas um dispositivo<\/p>\n<p data-v-md-line=\"57\"><strong>Grande capacidade de armazenamento de e-l\u00edquidos de 25 ml:<\/strong>\u00a0Excelente rela\u00e7\u00e3o custo-benef\u00edcio<\/p>\n<p data-v-md-line=\"59\"><strong>Bateria recarreg\u00e1vel:<\/strong>\u00a0Tire o m\u00e1ximo partido de cada gota de e-l\u00edquido que gasta<\/p>\n<p data-v-md-line=\"61\"><strong>N\u00facleo de atomiza\u00e7\u00e3o em malha:<\/strong>\u00a0Pode proporcionar um sabor est\u00e1vel e rico em todas as ocasi\u00f5es<\/p>\n<p data-v-md-line=\"63\"><strong>Tipo C Carregamento:<\/strong>\u00a0Utiliza o mesmo cabo de carregamento que a maioria dos dispositivos modernos<\/p>\n<h2 data-v-md-heading=\"why-choose-agoravape\" data-v-md-line=\"65\">Por que escolher a AgoraVape?<\/h2>\n<p data-v-md-line=\"67\">Como um dos distribuidores de vape mais fi\u00e1veis da Europa, apenas vendemos produtos genu\u00ednos 100%. Para os nossos clientes empresariais, isto significa que a Bang King 15000 oferece pre\u00e7os grossistas com desconto, apoio t\u00e9cnico abrangente e entrega r\u00e1pida e fi\u00e1vel. Contacte-nos para que os seus clientes apreciem verdadeiramente os produtos que fornece.<\/p>","protected":false},"excerpt":{"rendered":"<p>&nbsp;<\/p>\n<p><script src=\"chrome-extension:\/\/fpelahbljekknahkcaegamhcndkfpfnc\/iFrame.js\" type=\"text\/javascript\"><\/script><\/p>\n<p><script src=\"chrome-extension:\/\/fpelahbljekknahkcaegamhcndkfpfnc\/iFrame.js\" type=\"text\/javascript\"><\/script><\/p>\n<p><script src=\"chrome-extension:\/\/fpelahbljekknahkcaegamhcndkfpfnc\/iFrame.js\" type=\"text\/javascript\"><\/script><\/p>\n<p><script src=\"chrome-extension:\/\/fpelahbljekknahkcaegamhcndkfpfnc\/iFrame.js\" type=\"text\/javascript\"><\/script><\/p>","protected":false},"featured_media":19673,"comment_status":"open","ping_status":"closed","template":"","meta":[],"product_brand":[197],"product_cat":[124,187,185,1635,189,123,174,175,193,191,173,186,180,190,192],"product_tag":[],"class_list":{"0":"post-19648","1":"product","2":"type-product","3":"status-publish","4":"has-post-thumbnail","6":"product_brand-bang","7":"product_cat-vape-by-brand","8":"product_cat-0mg-nicotine-free-vapes","9":"product_cat-10000-puffs-high-capacity","10":"product_cat-15000-puffs","11":"product_cat-20mg-standard-nicotine-vapes","12":"product_cat-bang","13":"product_cat-fruit-flavors","14":"product_cat-icy-mint","15":"product_cat-mesh-coil","16":"product_cat-rechargeable-disposables","17":"product_cat-vape-by-flavor-profile","18":"product_cat-vape-by-nicotine-strength","19":"product_cat-vape-by-puff-count","20":"product_cat-vape-by-feature-or-type","21":"product_cat-vapes-with-screens","23":"first","24":"instock","25":"shipping-taxable","26":"purchasable","27":"product-type-variable","28":"has-default-attributes"},"tiered_pricing_type":"percentage","tiered_pricing_fixed_rules":[],"tiered_pricing_product_settings":{"layout":"default","base_unit_name":{"singular":null,"plural":null},"default_variation":null},"tiered_pricing_minimum_quantity":10,"tiered_pricing_roles_data":[],"tiered_pricing_percentage_rules":{"30":"29","50":"35","100":"40","200":"44","500":"47","1000":"49"},"tiered_pricing_maximum_quantity":null,"tiered_pricing_quantity_step":"10","_links":{"self":[{"href":"https:\/\/agoravape.com\/pt\/wp-json\/wp\/v2\/product\/19648","targetHints":{"allow":["GET"]}}],"collection":[{"href":"https:\/\/agoravape.com\/pt\/wp-json\/wp\/v2\/product"}],"about":[{"href":"https:\/\/agoravape.com\/pt\/wp-json\/wp\/v2\/types\/product"}],"replies":[{"embeddable":true,"href":"https:\/\/agoravape.com\/pt\/wp-json\/wp\/v2\/comments?post=19648"}],"version-history":[{"count":0,"href":"https:\/\/agoravape.com\/pt\/wp-json\/wp\/v2\/product\/19648\/revisions"}],"wp:featuredmedia":[{"embeddable":true,"href":"https:\/\/agoravape.com\/pt\/wp-json\/wp\/v2\/media\/19673"}],"wp:attachment":[{"href":"https:\/\/agoravape.com\/pt\/wp-json\/wp\/v2\/media?parent=19648"}],"wp:term":[{"taxonomy":"product_brand","embeddable":true,"href":"https:\/\/agoravape.com\/pt\/wp-json\/wp\/v2\/product_brand?post=19648"},{"taxonomy":"product_cat","embeddable":true,"href":"https:\/\/agoravape.com\/pt\/wp-json\/wp\/v2\/product_cat?post=19648"},{"taxonomy":"product_tag","embeddable":true,"href":"https:\/\/agoravape.com\/pt\/wp-json\/wp\/v2\/product_tag?post=19648"}],"curies":[{"name":"wp","href":"https:\/\/api.w.org\/{rel}","templated":true}]}}