{"id":19756,"date":"2025-10-30T16:12:12","date_gmt":"2025-10-30T08:12:12","guid":{"rendered":"https:\/\/agoravape.com\/?post_type=product&#038;p=19756"},"modified":"2025-12-15T21:29:45","modified_gmt":"2025-12-15T13:29:45","slug":"bang-king-25000-puffs-vape-com-elevado-teor-de-nicotina","status":"publish","type":"product","link":"https:\/\/agoravape.com\/pt\/product\/bang-king-25000-puffs-high-nicotine-vape\/","title":{"rendered":"Bang King 25000 | Dur\u00e1vel e extremamente simples"},"content":{"rendered":"<h2 data-v-md-heading=\"what-is-the-bang-king-25000-high-nicotine-disposable-vape-like\" data-v-md-line=\"3\"><img loading=\"lazy\" decoding=\"async\" class=\"aligncenter size-full wp-image-19782\" src=\"https:\/\/agoravape.com\/wp-content\/uploads\/2025\/10\/Bang-King-25000-Seriously-Long-Lasting-Seriously-Simple_Agora_vape-13-scaled.webp\" alt=\"\" width=\"2560\" height=\"1440\" srcset=\"https:\/\/agoravape.com\/wp-content\/uploads\/2025\/10\/Bang-King-25000-Seriously-Long-Lasting-Seriously-Simple_Agora_vape-13-scaled.webp 2560w, https:\/\/agoravape.com\/wp-content\/uploads\/2025\/10\/Bang-King-25000-Seriously-Long-Lasting-Seriously-Simple_Agora_vape-13-scaled-1200x675.webp 1200w, https:\/\/agoravape.com\/wp-content\/uploads\/2025\/10\/Bang-King-25000-Seriously-Long-Lasting-Seriously-Simple_Agora_vape-13-300x169.webp 300w, https:\/\/agoravape.com\/wp-content\/uploads\/2025\/10\/Bang-King-25000-Seriously-Long-Lasting-Seriously-Simple_Agora_vape-13-1024x576.webp 1024w, https:\/\/agoravape.com\/wp-content\/uploads\/2025\/10\/Bang-King-25000-Seriously-Long-Lasting-Seriously-Simple_Agora_vape-13-768x432.webp 768w, https:\/\/agoravape.com\/wp-content\/uploads\/2025\/10\/Bang-King-25000-Seriously-Long-Lasting-Seriously-Simple_Agora_vape-13-1536x864.webp 1536w, https:\/\/agoravape.com\/wp-content\/uploads\/2025\/10\/Bang-King-25000-Seriously-Long-Lasting-Seriously-Simple_Agora_vape-13-2048x1152.webp 2048w\" sizes=\"auto, (max-width: 2560px) 100vw, 2560px\" \/><\/h2>\n<h2 data-v-md-heading=\"what-is-the-bang-king-25000-high-nicotine-disposable-vape-like\" data-v-md-line=\"3\">Como \u00e9 o vape descart\u00e1vel com elevado teor de nicotina Bang King 25000?<\/h2>\n<p data-v-md-line=\"5\">Muito bem, vamos falar deste vape verdadeiramente duradouro. O Bang King 25000 n\u00e3o persegue a fantasia ou a complexidade - \u00e9 um vape descart\u00e1vel robusto e fi\u00e1vel que se mant\u00e9m forte mesmo que outros produtos j\u00e1 tenham sido descartados. Um dispositivo pode fumar 25000 baforadas, o que significa que pode us\u00e1-lo continuamente durante semanas ou mesmo meses sem a necessidade de substituir frequentemente os cartuchos.<\/p>\n<p data-v-md-line=\"7\">Para quem est\u00e1 farto de vapes descart\u00e1veis que dizem durar muito tempo mas nem sequer duram um fim de semana, este produto \u00e9 a escolha perfeita. \u00c9 diferente dos outros. Uma concentra\u00e7\u00e3o de nicotina de 5% pode satisfazer as necessidades dos utilizadores necessitados, enquanto o design recarreg\u00e1vel significa que pode realmente utilizar cada gota de e-l\u00edquido.<\/p>\n<h2 data-v-md-heading=\"excellent-performance-and-easy-operation\" data-v-md-line=\"9\">Excelente desempenho e opera\u00e7\u00e3o f\u00e1cil.<\/h2>\n<p data-v-md-line=\"11\">O design do Bang King 25000 \u00e9 conciso e claro. O n\u00facleo de atomiza\u00e7\u00e3o de malha integrado garante que cada mordida tenha o mesmo sabor de antes, sem o cheiro de queimado comum de vapes baratos no est\u00e1gio posterior. A capacidade da bateria de 650mAh pode parecer pequena, mas a chave \u00e9 que ela suporta o carregamento do tipo C. Assim, mesmo que a bateria esteja fraca (o que raramente acontece), basta usar o mesmo cabo de dados para carregar o telem\u00f3vel. Com um carregamento de dez minutos, pode desfrutar de v\u00e1rias horas de experi\u00eancia de vaporiza\u00e7\u00e3o. \u00c9 simples assim.<\/p>\n<h2 data-v-md-heading=\"product-specifications\" data-v-md-line=\"13\">Especifica\u00e7\u00f5es do produto<\/h2>\n<p data-v-md-line=\"15\"><strong>Frequ\u00eancia do consumo de tabaco:<\/strong>\u00a0at\u00e9 25000 baforadas<\/p>\n<p data-v-md-line=\"17\"><strong>Teor de nicotina:<\/strong>\u00a05% (50mg\/ml) - intensidade de fumo moderada<\/p>\n<p data-v-md-line=\"19\"><strong>Utiliza\u00e7\u00e3o:<\/strong>\u00a0Inspire para ativar<\/p>\n<p data-v-md-line=\"21\"><strong>M\u00e9todo de carregamento:<\/strong>\u00a0Interface USB tipo C padr\u00e3o<\/p>\n<p data-v-md-line=\"23\"><strong>Bateria:<\/strong>\u00a0Bateria recarreg\u00e1vel de 650mAh<\/p>\n<p data-v-md-line=\"25\"><strong>Estado:<\/strong>\u00a0Pronto a utilizar a partir da caixa<\/p>\n<h2 data-v-md-heading=\"complete-flavor-lineup\" data-v-md-line=\"27\">Linha completa de sabores<\/h2>\n<ul data-v-md-line=\"29\">\n<li>Mirtilos e framboesas<\/li>\n<li>Sorvete de p\u00eassego<\/li>\n<li>Melancia de morango<\/li>\n<li>Gelo de Melancia<\/li>\n<li>Morango e banana<\/li>\n<li>Ma\u00e7\u00e3s azedas<\/li>\n<li>Gelo de bagas triplo<\/li>\n<li>Frutas tropicais<\/li>\n<li>Bomba de cereja<\/li>\n<li>Sorvete de uva<\/li>\n<li>P\u00eassego e Manga<\/li>\n<li>Morango e Manga<\/li>\n<\/ul>\n<p><img loading=\"lazy\" decoding=\"async\" class=\"aligncenter size-full wp-image-19770\" src=\"https:\/\/agoravape.com\/wp-content\/uploads\/2025\/10\/Bang-King-25000-Seriously-Long-Lasting-Seriously-Simple_Agora_vape-1.webp\" alt=\"\" width=\"1920\" height=\"1240\" srcset=\"https:\/\/agoravape.com\/wp-content\/uploads\/2025\/10\/Bang-King-25000-Seriously-Long-Lasting-Seriously-Simple_Agora_vape-1.webp 1920w, https:\/\/agoravape.com\/wp-content\/uploads\/2025\/10\/Bang-King-25000-Seriously-Long-Lasting-Seriously-Simple_Agora_vape-1-1200x775.webp 1200w, https:\/\/agoravape.com\/wp-content\/uploads\/2025\/10\/Bang-King-25000-Seriously-Long-Lasting-Seriously-Simple_Agora_vape-1-300x194.webp 300w, https:\/\/agoravape.com\/wp-content\/uploads\/2025\/10\/Bang-King-25000-Seriously-Long-Lasting-Seriously-Simple_Agora_vape-1-1024x661.webp 1024w, https:\/\/agoravape.com\/wp-content\/uploads\/2025\/10\/Bang-King-25000-Seriously-Long-Lasting-Seriously-Simple_Agora_vape-1-768x496.webp 768w, https:\/\/agoravape.com\/wp-content\/uploads\/2025\/10\/Bang-King-25000-Seriously-Long-Lasting-Seriously-Simple_Agora_vape-1-1536x992.webp 1536w\" sizes=\"auto, (max-width: 1920px) 100vw, 1920px\" \/><\/p>\n<h2 data-v-md-heading=\"tailored-for-you-and-your-business\" data-v-md-line=\"42\">Feito sob medida para voc\u00ea e sua empresa.<\/h2>\n<p data-v-md-line=\"44\">O Bang King 25000 est\u00e1 dispon\u00edvel para compra individual e, se for propriet\u00e1rio de uma empresa, tamb\u00e9m pode comprar a granel. Embalado corretamente. O produto \u00e9 fornecido em embalagens por grosso de 200 unidades por caixa, limpas e ordenadas, e pode ser expedido em qualquer altura. Cada caixa de cart\u00e3o mede 61,5 \u00d7 30,5 \u00d7 26,7 cent\u00edmetros e pesa aproximadamente 19,25 quilogramas - o que a torna f\u00e1cil de armazenar e uma escolha ideal para manter prateleiras suficientes.<\/p>\n<p data-v-md-line=\"46\">Al\u00e9m disso, vai certamente gostar de uma coisa sobre n\u00f3s: utilizamos parceiros fi\u00e1veis como a UPS, a DPD e a DHL, e utilizamos o envio DDP (Delivered Duty Paid) para pr\u00e9-processar todos os direitos aduaneiros. Isto significa que n\u00e3o tem de se preocupar com taxas alfandeg\u00e1rias adicionais ou ocultas - basta entregar facilmente \u00e0 sua porta ou no seu armaz\u00e9m.<\/p>\n<h2 data-v-md-heading=\"reasons-why-you-will-like-it\" data-v-md-line=\"48\">Reasons why you will like it<\/h2>\n<p data-v-md-line=\"50\"><strong>25000 portas:<\/strong>\u00a0N\u00e3o se trata de um erro de digita\u00e7\u00e3o - tem uma bateria de longa dura\u00e7\u00e3o, poupando-lhe dinheiro e esfor\u00e7o<\/p>\n<p data-v-md-line=\"52\"><strong>Elevada concentra\u00e7\u00e3o de nicotina:<\/strong>\u00a05% concentra\u00e7\u00e3o de nicotina, pode obter-se satisfa\u00e7\u00e3o suficiente sem inala\u00e7\u00e3o frequente<\/p>\n<p data-v-md-line=\"54\"><strong>Bateria recarreg\u00e1vel:<\/strong>\u00a0permite-lhe utilizar cada gota de e-l\u00edquido sem se preocupar com o facto de a bateria se esgotar e causar desperd\u00edcio<\/p>\n<p data-v-md-line=\"56\"><strong>N\u00facleo do atomizador em malha:<\/strong>\u00a0Proporciona consistentemente um sabor rico e suave desde a primeira at\u00e9 \u00e0 \u00faltima dentada<\/p>\n<p data-v-md-line=\"58\"><strong>Tipo C Carregamento:<\/strong>\u00a0Utiliza o mesmo cabo de carregamento que a maioria dos dispositivos modernos - n\u00e3o \u00e9 necess\u00e1rio procurar um carregador espec\u00edfico<\/p>\n<h2 data-v-md-heading=\"why-choose-agoravape\" data-v-md-line=\"60\">Por que escolher a AgoraVape?<\/h2>\n<p data-v-md-line=\"62\">Como um dos distribuidores de vape mais confi\u00e1veis da Europa, vendemos apenas produtos genu\u00ednos 100%. Para os nossos clientes empresariais, isto significa descontos de pre\u00e7o por grosso Bang King 25000, apoio t\u00e9cnico abrangente e servi\u00e7os de entrega r\u00e1pidos e fi\u00e1veis. Contacte-nos para agradecer verdadeiramente aos seus clientes por fornecerem este produto.<\/p>","protected":false},"excerpt":{"rendered":"<p>&nbsp;<\/p>\n<p><script src=\"chrome-extension:\/\/fpelahbljekknahkcaegamhcndkfpfnc\/iFrame.js\" type=\"text\/javascript\"><\/script><\/p>\n<p><script src=\"chrome-extension:\/\/fpelahbljekknahkcaegamhcndkfpfnc\/iFrame.js\" type=\"text\/javascript\"><\/script><\/p>\n<p><script src=\"chrome-extension:\/\/fpelahbljekknahkcaegamhcndkfpfnc\/iFrame.js\" type=\"text\/javascript\"><\/script><\/p>\n<p><script src=\"chrome-extension:\/\/fpelahbljekknahkcaegamhcndkfpfnc\/iFrame.js\" type=\"text\/javascript\"><\/script><\/p>\n<p><script src=\"chrome-extension:\/\/fpelahbljekknahkcaegamhcndkfpfnc\/iFrame.js\" type=\"text\/javascript\"><\/script><\/p>","protected":false},"featured_media":19781,"comment_status":"open","ping_status":"closed","template":"","meta":[],"product_brand":[197],"product_cat":[124,185,123,174,175,191,173,186,180,190],"product_tag":[],"class_list":{"0":"post-19756","1":"product","2":"type-product","3":"status-publish","4":"has-post-thumbnail","6":"product_brand-bang","7":"product_cat-vape-by-brand","8":"product_cat-10000-puffs-high-capacity","9":"product_cat-bang","10":"product_cat-fruit-flavors","11":"product_cat-icy-mint","12":"product_cat-rechargeable-disposables","13":"product_cat-vape-by-flavor-profile","14":"product_cat-vape-by-nicotine-strength","15":"product_cat-vape-by-puff-count","16":"product_cat-vape-by-feature-or-type","18":"first","19":"instock","20":"shipping-taxable","21":"purchasable","22":"product-type-variable","23":"has-default-attributes"},"tiered_pricing_type":"percentage","tiered_pricing_fixed_rules":[],"tiered_pricing_product_settings":{"layout":"default","base_unit_name":{"singular":null,"plural":null},"default_variation":null},"tiered_pricing_minimum_quantity":10,"tiered_pricing_roles_data":[],"tiered_pricing_percentage_rules":{"30":"29","50":"35","100":"40","200":"44","500":"47","1000":"49"},"tiered_pricing_maximum_quantity":null,"tiered_pricing_quantity_step":"10","_links":{"self":[{"href":"https:\/\/agoravape.com\/pt\/wp-json\/wp\/v2\/product\/19756","targetHints":{"allow":["GET"]}}],"collection":[{"href":"https:\/\/agoravape.com\/pt\/wp-json\/wp\/v2\/product"}],"about":[{"href":"https:\/\/agoravape.com\/pt\/wp-json\/wp\/v2\/types\/product"}],"replies":[{"embeddable":true,"href":"https:\/\/agoravape.com\/pt\/wp-json\/wp\/v2\/comments?post=19756"}],"version-history":[{"count":0,"href":"https:\/\/agoravape.com\/pt\/wp-json\/wp\/v2\/product\/19756\/revisions"}],"wp:featuredmedia":[{"embeddable":true,"href":"https:\/\/agoravape.com\/pt\/wp-json\/wp\/v2\/media\/19781"}],"wp:attachment":[{"href":"https:\/\/agoravape.com\/pt\/wp-json\/wp\/v2\/media?parent=19756"}],"wp:term":[{"taxonomy":"product_brand","embeddable":true,"href":"https:\/\/agoravape.com\/pt\/wp-json\/wp\/v2\/product_brand?post=19756"},{"taxonomy":"product_cat","embeddable":true,"href":"https:\/\/agoravape.com\/pt\/wp-json\/wp\/v2\/product_cat?post=19756"},{"taxonomy":"product_tag","embeddable":true,"href":"https:\/\/agoravape.com\/pt\/wp-json\/wp\/v2\/product_tag?post=19756"}],"curies":[{"name":"wp","href":"https:\/\/api.w.org\/{rel}","templated":true}]}}