{"id":19784,"date":"2025-10-30T16:32:23","date_gmt":"2025-10-30T08:32:23","guid":{"rendered":"https:\/\/agoravape.com\/?post_type=product&#038;p=19784"},"modified":"2026-01-30T16:56:16","modified_gmt":"2026-01-30T08:56:16","slug":"bang-king-35000-puffs-mesh-vape","status":"publish","type":"product","link":"https:\/\/agoravape.com\/pt\/product\/bang-king-35000-puffs-mesh-vape\/","title":{"rendered":"Bang King 35000 Puffs | Inova\u00e7\u00e3o de sabor duplo com longa dura\u00e7\u00e3o"},"content":{"rendered":"<h2 data-v-md-heading=\"what-is-the-special-feature-of-bang-king-35000-disposable-vapes-with-0-6-\u03c9-mesh-coils\" data-v-md-line=\"3\"><img loading=\"lazy\" decoding=\"async\" class=\"aligncenter size-full wp-image-19803\" src=\"https:\/\/agoravape.com\/wp-content\/uploads\/2025\/10\/Bang-King-35000-Puffs-Seriously-Long-Lasting-Dual-Flavour-Innovation_Agora_vape-6.webp\" alt=\"\" width=\"1800\" height=\"1200\" srcset=\"https:\/\/agoravape.com\/wp-content\/uploads\/2025\/10\/Bang-King-35000-Puffs-Seriously-Long-Lasting-Dual-Flavour-Innovation_Agora_vape-6.webp 1800w, https:\/\/agoravape.com\/wp-content\/uploads\/2025\/10\/Bang-King-35000-Puffs-Seriously-Long-Lasting-Dual-Flavour-Innovation_Agora_vape-6-1200x800.webp 1200w, https:\/\/agoravape.com\/wp-content\/uploads\/2025\/10\/Bang-King-35000-Puffs-Seriously-Long-Lasting-Dual-Flavour-Innovation_Agora_vape-6-300x200.webp 300w, https:\/\/agoravape.com\/wp-content\/uploads\/2025\/10\/Bang-King-35000-Puffs-Seriously-Long-Lasting-Dual-Flavour-Innovation_Agora_vape-6-1024x683.webp 1024w, https:\/\/agoravape.com\/wp-content\/uploads\/2025\/10\/Bang-King-35000-Puffs-Seriously-Long-Lasting-Dual-Flavour-Innovation_Agora_vape-6-768x512.webp 768w, https:\/\/agoravape.com\/wp-content\/uploads\/2025\/10\/Bang-King-35000-Puffs-Seriously-Long-Lasting-Dual-Flavour-Innovation_Agora_vape-6-1536x1024.webp 1536w\" sizes=\"auto, (max-width: 1800px) 100vw, 1800px\" \/><\/h2>\n<h2 data-v-md-heading=\"what-is-the-special-feature-of-bang-king-35000-disposable-vapes-with-0-6-\u03c9-mesh-coils\" data-v-md-line=\"3\">Qual \u00e9 a carater\u00edstica especial dos vapes descart\u00e1veis Bang King 35000 com bobinas de malha de 0,6 \u03a9?<\/h2>\n<p data-v-md-line=\"5\">Muito bem, comecemos por falar da quest\u00e3o que mais preocupa toda a gente - 35 000 pessoas parece exagerado? Mas o facto \u00e9 que: O Bang King 35000 conseguiu mesmo. Possui um design inteligente de tanque duplo, com cada tanque capaz de conter 28 ml de e-l\u00edquido (um total de 56 ml!), o que significa que pode experimentar dois sabores num s\u00f3 dispositivo. Se est\u00e1 obcecado pelo sabor a morango e melancia de manh\u00e3 e quer um pouco de sabor a batido de mirtilo \u00e0 noite, ent\u00e3o este produto \u00e9 perfeito.<\/p>\n<p data-v-md-line=\"7\">N\u00e3o \u00e9 o tipo de vaporizador descart\u00e1vel comum que o desilude numa s\u00f3 semana. A sua filosofia de design consiste em tornar os vapes verdadeiramente duradouros - estamos a falar de semanas, mesmo um m\u00eas ou mais de utiliza\u00e7\u00e3o normal. Este vape est\u00e1 equipado com uma bateria de 650mAh que pode ser carregada atrav\u00e9s da interface Tipo C, permitindo-lhe desfrutar verdadeiramente do sabor suave de cada gota de e-l\u00edquido.<\/p>\n<h2 data-v-md-heading=\"excellent-performance-and-easy-operation\" data-v-md-line=\"9\">Excelente desempenho e opera\u00e7\u00e3o f\u00e1cil.<\/h2>\n<p data-v-md-line=\"11\">O design da bobina de malha dupla \u00e9 a carater\u00edstica \u00fanica deste dispositivo. Desde a primeira at\u00e9 \u00e0 \u00faltima dentada, consegue proporcionar um sabor rico e consistente - sem o comum sabor a queimado dos vapes baratos. Absor\u00e7\u00e3o suave e sabor confort\u00e1vel, a altern\u00e2ncia entre dois sabores pode ser facilmente alcan\u00e7ada simplesmente virando o dispositivo. Quando a bateria est\u00e1 fraca (o que n\u00e3o \u00e9 comum), basta usar o cabo de dados Tipo C que pode usar para o seu telem\u00f3vel para carregar. Simples e c\u00f3modo.<\/p>\n<h2 data-v-md-heading=\"quick-specifications\" data-v-md-line=\"13\"><img loading=\"lazy\" decoding=\"async\" class=\"size-full wp-image-19799 aligncenter\" src=\"https:\/\/agoravape.com\/wp-content\/uploads\/2025\/10\/Bang-King-35000-Puffs-Seriously-Long-Lasting-Dual-Flavour-Innovation_Agora_vape-2-scaled.webp\" alt=\"\" width=\"1024\" height=\"2560\" srcset=\"https:\/\/agoravape.com\/wp-content\/uploads\/2025\/10\/Bang-King-35000-Puffs-Seriously-Long-Lasting-Dual-Flavour-Innovation_Agora_vape-2-scaled.webp 1024w, https:\/\/agoravape.com\/wp-content\/uploads\/2025\/10\/Bang-King-35000-Puffs-Seriously-Long-Lasting-Dual-Flavour-Innovation_Agora_vape-2-120x300.webp 120w, https:\/\/agoravape.com\/wp-content\/uploads\/2025\/10\/Bang-King-35000-Puffs-Seriously-Long-Lasting-Dual-Flavour-Innovation_Agora_vape-2-410x1024.webp 410w, https:\/\/agoravape.com\/wp-content\/uploads\/2025\/10\/Bang-King-35000-Puffs-Seriously-Long-Lasting-Dual-Flavour-Innovation_Agora_vape-2-768x1920.webp 768w, https:\/\/agoravape.com\/wp-content\/uploads\/2025\/10\/Bang-King-35000-Puffs-Seriously-Long-Lasting-Dual-Flavour-Innovation_Agora_vape-2-614x1536.webp 614w, https:\/\/agoravape.com\/wp-content\/uploads\/2025\/10\/Bang-King-35000-Puffs-Seriously-Long-Lasting-Dual-Flavour-Innovation_Agora_vape-2-819x2048.webp 819w, https:\/\/agoravape.com\/wp-content\/uploads\/2025\/10\/Bang-King-35000-Puffs-Seriously-Long-Lasting-Dual-Flavour-Innovation_Agora_vape-2-1200x3000.webp 1200w\" sizes=\"auto, (max-width: 1024px) 100vw, 1024px\" \/><\/h2>\n<h2 data-v-md-heading=\"quick-specifications\" data-v-md-line=\"13\">Especifica\u00e7\u00f5es r\u00e1pidas<\/h2>\n<p data-v-md-line=\"15\"><strong>N\u00famero de portas:<\/strong>\u00a0at\u00e9 35000 portas<\/p>\n<p data-v-md-line=\"17\"><strong>Teor de nicotina:<\/strong>\u00a00%, 2%, 3% e 5% opcionais<\/p>\n<p data-v-md-line=\"19\"><strong>Utiliza\u00e7\u00e3o:<\/strong>\u00a0Inspire para ativar<\/p>\n<p data-v-md-line=\"21\"><strong>M\u00e9todo de carregamento:<\/strong>\u00a0Interface USB tipo C padr\u00e3o<\/p>\n<p data-v-md-line=\"23\"><strong>Bateria:<\/strong>\u00a0Bateria recarreg\u00e1vel de 650mAh<\/p>\n<p data-v-md-line=\"25\"><strong>Capacidade do e-l\u00edquido:<\/strong>\u00a028ml \u00d7 2 (total 56ml)<\/p>\n<p data-v-md-line=\"27\"><strong>N\u00facleo de atomiza\u00e7\u00e3o:<\/strong>\u00a0Tecnologia de n\u00facleo de atomiza\u00e7\u00e3o de malha dupla<\/p>\n<p data-v-md-line=\"29\"><strong>Estado:<\/strong>\u00a0Pronto a utilizar a partir da caixa<\/p>\n<h2 data-v-md-heading=\"complete-flavor-lineup\" data-v-md-line=\"31\">Linha completa de sabores<\/h2>\n<ul data-v-md-line=\"33\">\n<li>Batido de mirtilo\/batido de p\u00eassego sumarento<\/li>\n<li>Batido de melancia\/melancia com morango<\/li>\n<li>Morango, banana e ma\u00e7\u00e3 dupla<\/li>\n<li>Batido de bagas triplas\/frutos tropicais<\/li>\n<li>Bombas de cereja\/batatas de uva<\/li>\n<li>Manga P\u00eassego\/Manga Morango<\/li>\n<li>Lima-Manga\/Menta fresca<\/li>\n<li>Pipocas de cereja\/Sr. Blue<\/li>\n<li>Drag\u00e3o negro gelo\/morango kiwi<\/li>\n<li>Red Bull\/Peach Berry<\/li>\n<li>\u00c1gua de lim\u00e3o cor-de-rosa\/Sr. Blue<\/li>\n<li>Kiwi maracuj\u00e1 goiaba\/lim\u00e3o cereja azul<\/li>\n<\/ul>\n<h2 data-v-md-heading=\"tailored-for-you-and-your-business\" data-v-md-line=\"46\">Feito sob medida para voc\u00ea e sua empresa.<\/h2>\n<p data-v-md-line=\"48\">O Bang King 35000 est\u00e1 agora dispon\u00edvel para compra pessoal, mas se for propriet\u00e1rio de uma empresa e quiser armazenar produtos que os clientes voltar\u00e3o a comprar, pode fazer encomendas a granel. 10 garrafas por caixa, 200 garrafas por caixa - perfeito para as suas prateleiras. Melhor ainda, fornecemos servi\u00e7os de envio DDP atrav\u00e9s da UPS, DPD e DHL, e somos respons\u00e1veis por todos os procedimentos de desalfandegamento, pelo que n\u00e3o haver\u00e1 qualquer entrega inesperada da sua encomenda. Basta entregar os bens tributados \u00e0 sua porta de forma f\u00e1cil e c\u00f3moda.<\/p>\n<p data-v-md-line=\"50\">O design de duplo sabor n\u00e3o \u00e9 um truque - \u00e9, de facto, um ponto de venda para os clientes que se aborrecem facilmente ou que gostam de mudar de sabor ao longo do dia. Na verdade, est\u00e1 a oferecer um produto que combina dois vapores num s\u00f3, com uma rela\u00e7\u00e3o custo\/desempenho super elevada.<\/p>\n<h2 data-v-md-heading=\"reasons-why-you-will-like-it\" data-v-md-line=\"52\">Reasons why you will like it<\/h2>\n<p data-v-md-line=\"54\"><strong>35000 portas:<\/strong>\u00a0Com uma bateria de t\u00e3o longa dura\u00e7\u00e3o, o seu tamanho n\u00e3o \u00e9 naturalmente pequeno, mas \u00e9 surpreendentemente compacto e port\u00e1til.<\/p>\n<p data-v-md-line=\"56\"><strong>Sabores duplos:<\/strong>\u00a0Troca os sabores \u00e0 vontade, tal como se tivesses dois vapores.<\/p>\n<p data-v-md-line=\"58\"><strong>Sele\u00e7\u00e3o da concentra\u00e7\u00e3o de nicotina:<\/strong>\u00a0De 0% a 5%, h\u00e1 sempre um que se adapta a si.<\/p>\n<p data-v-md-line=\"60\"><strong>Recarreg\u00e1vel:<\/strong>\u00a0A interface de carregamento Tipo C garante que todas as portas valem a pena.<\/p>\n<p data-v-md-line=\"62\"><strong>N\u00facleo atomizador de malha dupla:<\/strong>\u00a0Sabor consistente, suave e macio, nunca colando ou queimando o n\u00facleo.<\/p>\n<p data-v-md-line=\"64\"><strong>Capacidade extra grande de e-l\u00edquido:<\/strong>\u00a056 ml de capacidade extra grande, para que n\u00e3o tenha de se preocupar em ficar sem e-l\u00edquido.<\/p>\n<h2 data-v-md-heading=\"why-choose-agoravape\" data-v-md-line=\"66\">Por que escolher a AgoraVape?<\/h2>\n<p data-v-md-line=\"68\">Como um dos mais fi\u00e1veis distribuidores de vape na Europa, apenas vendemos produtos genu\u00ednos 100%. Para os nossos clientes empresariais, isto significa que os produtos Bang King 35000 oferecer\u00e3o pre\u00e7os grossistas altamente competitivos, apoio p\u00f3s-venda fi\u00e1vel e servi\u00e7os de envio r\u00e1pidos e est\u00e1veis. Contacte-nos imediatamente para apresentar este produto que far\u00e1 com que os seus clientes fiquem verdadeiramente gratos.<\/p>\n<p><script src=\"chrome-extension:\/\/fpelahbljekknahkcaegamhcndkfpfnc\/iFrame.js\" type=\"text\/javascript\"><\/script><\/p>","protected":false},"excerpt":{"rendered":"<p>&nbsp;<\/p>\n<p><script src=\"chrome-extension:\/\/fpelahbljekknahkcaegamhcndkfpfnc\/iFrame.js\" type=\"text\/javascript\"><\/script><\/p>\n<p><script src=\"chrome-extension:\/\/fpelahbljekknahkcaegamhcndkfpfnc\/iFrame.js\" type=\"text\/javascript\"><\/script><\/p>\n<p><script src=\"chrome-extension:\/\/fpelahbljekknahkcaegamhcndkfpfnc\/iFrame.js\" type=\"text\/javascript\"><\/script><\/p>\n<p><script src=\"chrome-extension:\/\/fpelahbljekknahkcaegamhcndkfpfnc\/iFrame.js\" type=\"text\/javascript\"><\/script><\/p>\n<p><script src=\"chrome-extension:\/\/fpelahbljekknahkcaegamhcndkfpfnc\/iFrame.js\" type=\"text\/javascript\"><\/script><\/p>","protected":false},"featured_media":19798,"comment_status":"open","ping_status":"closed","template":"","meta":[],"product_brand":[197],"product_cat":[124,185,123,176,174,175,193,191,173,186,180,190],"product_tag":[],"class_list":{"0":"post-19784","1":"product","2":"type-product","3":"status-publish","4":"has-post-thumbnail","6":"product_brand-bang","7":"product_cat-vape-by-brand","8":"product_cat-10000-puffs-high-capacity","9":"product_cat-bang","10":"product_cat-beverage","11":"product_cat-fruit-flavors","12":"product_cat-icy-mint","13":"product_cat-mesh-coil","14":"product_cat-rechargeable-disposables","15":"product_cat-vape-by-flavor-profile","16":"product_cat-vape-by-nicotine-strength","17":"product_cat-vape-by-puff-count","18":"product_cat-vape-by-feature-or-type","20":"first","21":"instock","22":"shipping-taxable","23":"purchasable","24":"product-type-variable","25":"has-default-attributes"},"tiered_pricing_type":"percentage","tiered_pricing_fixed_rules":[],"tiered_pricing_product_settings":{"layout":"default","base_unit_name":{"singular":null,"plural":null},"default_variation":null},"tiered_pricing_minimum_quantity":10,"tiered_pricing_roles_data":[],"tiered_pricing_percentage_rules":{"30":"29","50":"35","100":"40","200":"44","500":"47","1000":"49"},"tiered_pricing_maximum_quantity":null,"tiered_pricing_quantity_step":"10","_links":{"self":[{"href":"https:\/\/agoravape.com\/pt\/wp-json\/wp\/v2\/product\/19784","targetHints":{"allow":["GET"]}}],"collection":[{"href":"https:\/\/agoravape.com\/pt\/wp-json\/wp\/v2\/product"}],"about":[{"href":"https:\/\/agoravape.com\/pt\/wp-json\/wp\/v2\/types\/product"}],"replies":[{"embeddable":true,"href":"https:\/\/agoravape.com\/pt\/wp-json\/wp\/v2\/comments?post=19784"}],"version-history":[{"count":0,"href":"https:\/\/agoravape.com\/pt\/wp-json\/wp\/v2\/product\/19784\/revisions"}],"wp:featuredmedia":[{"embeddable":true,"href":"https:\/\/agoravape.com\/pt\/wp-json\/wp\/v2\/media\/19798"}],"wp:attachment":[{"href":"https:\/\/agoravape.com\/pt\/wp-json\/wp\/v2\/media?parent=19784"}],"wp:term":[{"taxonomy":"product_brand","embeddable":true,"href":"https:\/\/agoravape.com\/pt\/wp-json\/wp\/v2\/product_brand?post=19784"},{"taxonomy":"product_cat","embeddable":true,"href":"https:\/\/agoravape.com\/pt\/wp-json\/wp\/v2\/product_cat?post=19784"},{"taxonomy":"product_tag","embeddable":true,"href":"https:\/\/agoravape.com\/pt\/wp-json\/wp\/v2\/product_tag?post=19784"}],"curies":[{"name":"wp","href":"https:\/\/api.w.org\/{rel}","templated":true}]}}