{"id":19805,"date":"2025-10-30T16:51:05","date_gmt":"2025-10-30T08:51:05","guid":{"rendered":"https:\/\/agoravape.com\/?post_type=product&#038;p=19805"},"modified":"2026-01-30T16:55:44","modified_gmt":"2026-01-30T08:55:44","slug":"bang-king-b35k-duo-35000-puffs-vape","status":"publish","type":"product","link":"https:\/\/agoravape.com\/pt\/product\/bang-king-b35k-duo-35000-puffs-vape\/","title":{"rendered":"Bang King B35K Duo 35000 Puffs | Dois sabores, um dispositivo, zero complica\u00e7\u00f5es"},"content":{"rendered":"<h2 data-v-md-heading=\"what-is-the-special-feature-of-bang-king-b35k-duo-35000-dual-flavor-electronic-cigarette\" data-v-md-line=\"3\"><img loading=\"lazy\" decoding=\"async\" class=\"size-full wp-image-19830 alignright\" src=\"https:\/\/agoravape.com\/wp-content\/uploads\/2025\/10\/Bang-King-B35K-Duo-35000-Puffs-Two-Flavours-One-Device-Zero-Hassle_Agora_vape-1-scaled.webp\" alt=\"\" width=\"853\" height=\"2560\" srcset=\"https:\/\/agoravape.com\/wp-content\/uploads\/2025\/10\/Bang-King-B35K-Duo-35000-Puffs-Two-Flavours-One-Device-Zero-Hassle_Agora_vape-1-scaled.webp 853w, https:\/\/agoravape.com\/wp-content\/uploads\/2025\/10\/Bang-King-B35K-Duo-35000-Puffs-Two-Flavours-One-Device-Zero-Hassle_Agora_vape-1-100x300.webp 100w, https:\/\/agoravape.com\/wp-content\/uploads\/2025\/10\/Bang-King-B35K-Duo-35000-Puffs-Two-Flavours-One-Device-Zero-Hassle_Agora_vape-1-341x1024.webp 341w, https:\/\/agoravape.com\/wp-content\/uploads\/2025\/10\/Bang-King-B35K-Duo-35000-Puffs-Two-Flavours-One-Device-Zero-Hassle_Agora_vape-1-768x2304.webp 768w, https:\/\/agoravape.com\/wp-content\/uploads\/2025\/10\/Bang-King-B35K-Duo-35000-Puffs-Two-Flavours-One-Device-Zero-Hassle_Agora_vape-1-512x1536.webp 512w, https:\/\/agoravape.com\/wp-content\/uploads\/2025\/10\/Bang-King-B35K-Duo-35000-Puffs-Two-Flavours-One-Device-Zero-Hassle_Agora_vape-1-1200x3600.webp 1200w\" sizes=\"auto, (max-width: 853px) 100vw, 853px\" \/><\/h2>\n<h2 data-v-md-heading=\"what-is-the-special-feature-of-bang-king-b35k-duo-35000-dual-flavor-electronic-cigarette\" data-v-md-line=\"3\">Qual \u00e9 a carater\u00edstica especial do cigarro eletr\u00f3nico de duplo sabor Bang King B35K Duo 35000?<\/h2>\n<p data-v-md-line=\"5\">Este cigarro eletr\u00f3nico \u00e9 \u00fanico - parece incapaz de fazer uma escolha de sabor, o que \u00e9 precisamente a sua subtileza. O Bang King B35K Duo tem dois compartimentos independentes de 28 ml de e-l\u00edquido, cada um com sabores diferentes. Assim, pode alternar a qualquer altura, por exemplo, livremente entre blueberry ice e juicy peach ice. Diga adeus ao cansa\u00e7o do sabor e ao inc\u00f3modo de transportar dois dispositivos. Com apenas uma ligeira press\u00e3o, pode experimentar sabores completamente diferentes.<\/p>\n<p data-v-md-line=\"7\">Se se aborrece facilmente ou \u00e9 incapaz de escolher apenas um sabor, ent\u00e3o este cigarro eletr\u00f3nico foi feito \u00e0 medida para si. \u00c9 perfeito para quem quer desfrutar de sabores de fruta de manh\u00e3, sabores de menta \u00e0 tarde, ou dias longos em que n\u00e3o consegue manter um \u00fanico sabor durante v\u00e1rias semanas.<\/p>\n<h2 data-v-md-heading=\"excellent-performance-and-easy-operation\" data-v-md-line=\"9\">Excelente desempenho e opera\u00e7\u00e3o f\u00e1cil.<\/h2>\n<p data-v-md-line=\"11\">O sistema de bobina de malha dupla (cada atomizador est\u00e1 equipado com uma bobina de 1,0 \u03a9) garante que ambos os sabores possam ser perfeitamente apresentados - da primeira \u00e0 \u00faltima mordida, o sabor \u00e9 suave, consistente e encorpado. Uma bateria de 650mAh \u00e9 suficiente para satisfazer os requisitos de autonomia de at\u00e9 35000 portas. Quando for necess\u00e1rio carregar, basta ligar o cabo de dados Tipo C - tal como o que utiliza para carregar o seu telem\u00f3vel. Simples e c\u00f3modo.<\/p>\n<h2 data-v-md-heading=\"quick-specifications\" data-v-md-line=\"13\">Especifica\u00e7\u00f5es r\u00e1pidas<\/h2>\n<p data-v-md-line=\"15\"><strong>N\u00famero de goles:<\/strong>\u00a0At\u00e9 35000 goles (17500 goles por sabor)<\/p>\n<p data-v-md-line=\"17\"><strong>Concentra\u00e7\u00e3o de nicotina:<\/strong>\u00a0Dispon\u00edvel em quatro op\u00e7\u00f5es de concentra\u00e7\u00e3o: 0%, 2%, 3% e 5%<\/p>\n<p data-v-md-line=\"19\"><strong>Utiliza\u00e7\u00e3o:<\/strong>\u00a0Inspire para ativar, bot\u00e3o para mudar os sabores<\/p>\n<p data-v-md-line=\"21\"><strong>M\u00e9todo de carregamento:<\/strong>\u00a0Interface USB tipo C padr\u00e3o<\/p>\n<p data-v-md-line=\"23\"><strong>Capacidade do e-l\u00edquido:<\/strong>\u00a028 ml x 2 compartimentos de e-l\u00edquido independentes<\/p>\n<p data-v-md-line=\"25\"><strong>Estado:<\/strong>\u00a0Pronto a utilizar a partir da caixa<\/p>\n<h2 data-v-md-heading=\"complete-taste-list\" data-v-md-line=\"27\">Lista completa de sabores<\/h2>\n<ul data-v-md-line=\"29\">\n<li>Batido de mirtilo\/batido de p\u00eassego sumarento<\/li>\n<li>Batido de melancia\/melancia com morango<\/li>\n<li>Morango, banana e ma\u00e7\u00e3 dupla<\/li>\n<li>Batido de bagas triplas\/frutos tropicais<\/li>\n<li>Bombas de cereja\/batatas de uva<\/li>\n<li>Manga P\u00eassego\/Manga Morango<\/li>\n<li>Lima-Manga\/Menta fresca<\/li>\n<li>Pipocas de cereja\/Sr. de mirtilo<\/li>\n<li>Drag\u00e3o negro Areia gelada\/Morango Kiwi<\/li>\n<li>Red Bull\/Peach Berry<\/li>\n<li>\u00c1gua de lim\u00e3o cor-de-rosa\/Sr. Blue<\/li>\n<li>Kiwi maracuj\u00e1 goiaba\/lim\u00e3o cereja azul<\/li>\n<\/ul>\n<h2 data-v-md-heading=\"tailored-for-you-and-your-business\" data-v-md-line=\"42\">Feito sob medida para voc\u00ea e sua empresa.<\/h2>\n<p data-v-md-line=\"44\">A barra energ\u00e9tica de duplo sabor Bang King B35K est\u00e1 agora dispon\u00edvel para venda individual. Se \u00e9 propriet\u00e1rio de uma empresa, tamb\u00e9m pode comprar a granel. O produto \u00e9 embalado numa caixa grossista de 10 unidades, com uma caixa exterior contendo 200 unidades. Fornecemos servi\u00e7os de envio DDP ap\u00f3s impostos com parceiros como a UPS, DPD e DHL para garantir que n\u00e3o se depara com quaisquer acidentes durante o desalfandegamento - todos os procedimentos s\u00e3o devidamente tratados antes de lhe serem entregues.<\/p>\n<p data-v-md-line=\"46\">O design de duplo sabor \u00e9 definitivamente um destaque que atrai os clientes. N\u00e3o se trata apenas de um produto descart\u00e1vel, mas resolve verdadeiramente o problema de \u2018estou farto deste sabor\u2019 com que toda a gente se depara.<\/p>\n<h2 data-v-md-heading=\"reasons-why-you-will-like-it\" data-v-md-line=\"48\">Reasons why you will like it<\/h2>\n<p data-v-md-line=\"50\"><strong>Duplo sabor num s\u00f3:<\/strong>\u00a0N\u00e3o \u00e9 necess\u00e1rio transportar v\u00e1rios dispositivos, pode mudar de sabor em qualquer altura<\/p>\n<p data-v-md-line=\"52\"><strong>Capacidade total de fumo de 35000 baforadas:<\/strong>\u00a0Mesmo os grandes consumidores podem satisfazer semanas de procura de cigarros electr\u00f3nicos<\/p>\n<p data-v-md-line=\"54\"><strong>Sele\u00e7\u00e3o de nicotina:<\/strong>\u00a0Est\u00e3o dispon\u00edveis quatro concentra\u00e7\u00f5es de nicotina, incluindo uma vers\u00e3o sem nicotina<\/p>\n<p data-v-md-line=\"56\"><strong>N\u00facleo do atomizador de malha dupla:<\/strong>\u00a0Cada sabor est\u00e1 equipado com um n\u00facleo atomizador independente, proporcionando um sabor perfeito<\/p>\n<p data-v-md-line=\"58\"><strong>Bateria recarreg\u00e1vel:<\/strong>\u00a0Tire o m\u00e1ximo partido de cada gota de e-l\u00edquido que gasta<\/p>\n<h2 data-v-md-heading=\"why-choose-agoravape\" data-v-md-line=\"60\">Por que escolher a AgoraVape?<\/h2>\n<p data-v-md-line=\"62\">Como um dos mais fi\u00e1veis distribuidores de cigarros electr\u00f3nicos na Europa, apenas vendemos produtos genu\u00ednos 100%. Para os nossos clientes empresariais, isto significa que o Bang King B35K Duo oferece pre\u00e7os grossistas com desconto, apoio t\u00e9cnico abrangente e envio r\u00e1pido e fi\u00e1vel. Contacte-nos para receber este produto que os seus clientes ir\u00e3o apreciar verdadeiramente - afinal, quem n\u00e3o gostaria de gastar dinheiro para desfrutar de dois sabores?<\/p>","protected":false},"excerpt":{"rendered":"<p>&nbsp;<\/p>\n<p><script src=\"chrome-extension:\/\/fpelahbljekknahkcaegamhcndkfpfnc\/iFrame.js\" type=\"text\/javascript\"><\/script><\/p>\n<p><script src=\"chrome-extension:\/\/fpelahbljekknahkcaegamhcndkfpfnc\/iFrame.js\" type=\"text\/javascript\"><\/script><\/p>\n<p><script src=\"chrome-extension:\/\/fpelahbljekknahkcaegamhcndkfpfnc\/iFrame.js\" type=\"text\/javascript\"><\/script><\/p>\n<p><script src=\"chrome-extension:\/\/fpelahbljekknahkcaegamhcndkfpfnc\/iFrame.js\" type=\"text\/javascript\"><\/script><\/p>\n<p><script src=\"chrome-extension:\/\/fpelahbljekknahkcaegamhcndkfpfnc\/iFrame.js\" type=\"text\/javascript\"><\/script><\/p>","protected":false},"featured_media":19829,"comment_status":"open","ping_status":"closed","template":"","meta":[],"product_brand":[197],"product_cat":[124,187,185,189,123,176,195,174,175,193,191,173,186,180,190],"product_tag":[],"class_list":{"0":"post-19805","1":"product","2":"type-product","3":"status-publish","4":"has-post-thumbnail","6":"product_brand-bang","7":"product_cat-vape-by-brand","8":"product_cat-0mg-nicotine-free-vapes","9":"product_cat-10000-puffs-high-capacity","10":"product_cat-20mg-standard-nicotine-vapes","11":"product_cat-bang","12":"product_cat-beverage","13":"product_cat-dual-flavor-switch","14":"product_cat-fruit-flavors","15":"product_cat-icy-mint","16":"product_cat-mesh-coil","17":"product_cat-rechargeable-disposables","18":"product_cat-vape-by-flavor-profile","19":"product_cat-vape-by-nicotine-strength","20":"product_cat-vape-by-puff-count","21":"product_cat-vape-by-feature-or-type","23":"first","24":"instock","25":"shipping-taxable","26":"purchasable","27":"product-type-variable","28":"has-default-attributes"},"tiered_pricing_type":"percentage","tiered_pricing_fixed_rules":[],"tiered_pricing_product_settings":{"layout":"default","base_unit_name":{"singular":null,"plural":null},"default_variation":null},"tiered_pricing_minimum_quantity":10,"tiered_pricing_roles_data":[],"tiered_pricing_percentage_rules":{"30":"29","50":"35","100":"40","200":"44","500":"47","1000":"49"},"tiered_pricing_maximum_quantity":null,"tiered_pricing_quantity_step":"10","_links":{"self":[{"href":"https:\/\/agoravape.com\/pt\/wp-json\/wp\/v2\/product\/19805","targetHints":{"allow":["GET"]}}],"collection":[{"href":"https:\/\/agoravape.com\/pt\/wp-json\/wp\/v2\/product"}],"about":[{"href":"https:\/\/agoravape.com\/pt\/wp-json\/wp\/v2\/types\/product"}],"replies":[{"embeddable":true,"href":"https:\/\/agoravape.com\/pt\/wp-json\/wp\/v2\/comments?post=19805"}],"version-history":[{"count":0,"href":"https:\/\/agoravape.com\/pt\/wp-json\/wp\/v2\/product\/19805\/revisions"}],"wp:featuredmedia":[{"embeddable":true,"href":"https:\/\/agoravape.com\/pt\/wp-json\/wp\/v2\/media\/19829"}],"wp:attachment":[{"href":"https:\/\/agoravape.com\/pt\/wp-json\/wp\/v2\/media?parent=19805"}],"wp:term":[{"taxonomy":"product_brand","embeddable":true,"href":"https:\/\/agoravape.com\/pt\/wp-json\/wp\/v2\/product_brand?post=19805"},{"taxonomy":"product_cat","embeddable":true,"href":"https:\/\/agoravape.com\/pt\/wp-json\/wp\/v2\/product_cat?post=19805"},{"taxonomy":"product_tag","embeddable":true,"href":"https:\/\/agoravape.com\/pt\/wp-json\/wp\/v2\/product_tag?post=19805"}],"curies":[{"name":"wp","href":"https:\/\/api.w.org\/{rel}","templated":true}]}}