{"id":19833,"date":"2025-10-30T17:02:30","date_gmt":"2025-10-30T09:02:30","guid":{"rendered":"https:\/\/agoravape.com\/?post_type=product&#038;p=19833"},"modified":"2026-01-30T16:54:59","modified_gmt":"2026-01-30T08:54:59","slug":"bang-king-bk36s-36000-puffs-ecra-tatil-vape","status":"publish","type":"product","link":"https:\/\/agoravape.com\/pt\/product\/bang-king-bk36s-36000-puffs-touchscreen-vape\/","title":{"rendered":"Bang King BK36S 36000 Puffs | O Vape Inteligente Que Realmente Dura"},"content":{"rendered":"<h2 data-v-md-heading=\"what-is-the-special-feature-of-bang-king-bk36s-36000-touchscreen-vape\" data-v-md-line=\"3\">Qual \u00e9 a carater\u00edstica especial do vape com ecr\u00e3 t\u00e1til Bang King BK36S 36000?<\/h2>\n<p data-v-md-line=\"5\">Muito bem, vamos falar de um produto verdadeiramente impressionante - um vape com um ecr\u00e3 t\u00e1til e uma bateria com uma autonomia de at\u00e9 36000 baforadas. Sei o que est\u00e1 a pensar: \u2018Esta dura\u00e7\u00e3o da bateria deve ser incr\u00edvel, n\u00e3o \u00e9? Mas o facto \u00e9 que pesa apenas 100 gramas e \u00e9 muito f\u00e1cil de transportar. O Bang King BK36S \u00e9 perfeito para quem est\u00e1 farto de substituir frequentemente os vapes descart\u00e1veis, mas n\u00e3o quer mexer em hospedeiros e atomizadores complexos.<\/p>\n<p data-v-md-line=\"7\">O verdadeiro destaque deste vape \u00e9 o seu design com ecr\u00e3 t\u00e1til. N\u00e3o se trata apenas de uma decora\u00e7\u00e3o - pode realmente ajustar a pot\u00eancia e encontrar a experi\u00eancia de fumar mais adequada para si. Quer prefira um sabor suave e macio ou queira uma estimula\u00e7\u00e3o mais forte, tudo est\u00e1 sob controlo. Este vape \u00e9 fornecido com 30 ml de e-l\u00edquido, o que \u00e9 suficiente para uma utiliza\u00e7\u00e3o cont\u00ednua durante semanas ou mesmo meses, sem necessidade de substitui\u00e7\u00e3o frequente.<\/p>\n<h2 data-v-md-heading=\"excellent-performance-and-easy-operation\" data-v-md-line=\"9\">Excelente desempenho e opera\u00e7\u00e3o f\u00e1cil.<\/h2>\n<p data-v-md-line=\"11\">O n\u00facleo do atomizador de malha de 1,0 \u03a9 garante que cada mordida tenha o mesmo sabor de antes, dando adeus ao cheiro queimado comum de vapes baratos. A fun\u00e7\u00e3o de ajuste da entrada de ar inferior permite ajustar a resist\u00eancia \u00e0 suc\u00e7\u00e3o, quer voc\u00ea prefira uma resist\u00eancia \u00e0 suc\u00e7\u00e3o apertada como um cigarro ou uma experi\u00eancia de suc\u00e7\u00e3o relaxada e suave, isso pode ser facilmente alcan\u00e7ado. Quando uma bateria de 650mAh precisa de ser carregada, basta utilizar um cabo de dados Tipo C - tal como carregar o telem\u00f3vel. Simples e c\u00f3modo.<\/p>\n<h2 data-v-md-heading=\"quick-specifications\" data-v-md-line=\"13\">Especifica\u00e7\u00f5es r\u00e1pidas<\/h2>\n<p data-v-md-line=\"15\"><strong>Frequ\u00eancia do consumo de tabaco:<\/strong>\u00a0at\u00e9 36000 baforadas<\/p>\n<p data-v-md-line=\"17\"><strong>Capacidade do e-l\u00edquido:<\/strong>\u00a030 ml de \u00f3leo pr\u00e9-preenchido<\/p>\n<p data-v-md-line=\"19\"><strong>Bateria:<\/strong>\u00a0Bateria recarreg\u00e1vel de 650mAh<\/p>\n<p data-v-md-line=\"21\"><strong>Princ\u00edpio de funcionamento:<\/strong>\u00a0Ativa\u00e7\u00e3o por inala\u00e7\u00e3o, controlo por ecr\u00e3 t\u00e1til<\/p>\n<p data-v-md-line=\"23\"><strong>Carregamento:<\/strong>\u00a0Interface USB tipo C padr\u00e3o<\/p>\n<p data-v-md-line=\"25\"><strong>Carater\u00edsticas:<\/strong>\u00a0Regula\u00e7\u00e3o da pot\u00eancia no ecr\u00e3 t\u00e1til + controlo da entrada de ar inferior<\/p>\n<p data-v-md-line=\"27\"><strong>Estado:<\/strong>\u00a0Pronto a utilizar a partir da caixa<\/p>\n<h2 data-v-md-heading=\"complete-flavor-lineup\" data-v-md-line=\"29\">Linha completa de sabores<\/h2>\n<ul data-v-md-line=\"31\">\n<li>Smoothie de mirtilo<\/li>\n<li>Melancia de morango<\/li>\n<li>Smoothie de melancia<\/li>\n<li>Morango e banana<\/li>\n<li>Frutas tropicais<\/li>\n<li>Gelado de frutos silvestres triplos<\/li>\n<li>Batido de p\u00eassego sumarento<\/li>\n<li>morango kiwi<\/li>\n<li>P\u00eassego, Manga, Melancia<\/li>\n<li>Kiwi, maracuj\u00e1, goiaba<\/li>\n<li>Batido de uva<\/li>\n<li>Sr. Blue<\/li>\n<\/ul>\n<h2 data-v-md-heading=\"to-create-for-you-and-your-business\" data-v-md-line=\"44\">Para criar algo para voc\u00ea e para o seu neg\u00f3cio.<\/h2>\n<p data-v-md-line=\"46\">Cri\u00e1mos o Bang King BK36S para que possa comprar separadamente e, se for propriet\u00e1rio de uma empresa, tamb\u00e9m pode comprar a granel. O produto \u00e9 vendido em embalagens por grosso, com 200 unidades por caixa e um peso de aproximadamente 21 quilogramas por caixa. A embalagem compacta (59 x 34 x 25 cm) facilita o armazenamento, e tamb\u00e9m oferecemos servi\u00e7os OEM\/ODM para satisfazer as suas necessidades de personaliza\u00e7\u00e3o. Fornecemos servi\u00e7os de envio DDP ap\u00f3s o pagamento de impostos atrav\u00e9s da UPS, DPD e DHL, assegurando que n\u00e3o tem de se preocupar com taxas alfandeg\u00e1rias e que pode entregar diretamente \u00e0 sua porta.<\/p>\n<h2 data-v-md-heading=\"reasons-why-you-will-like-it\" data-v-md-line=\"48\">Reasons why you will like it<\/h2>\n<p data-v-md-line=\"50\"><strong>36000 unidades:<\/strong>\u00a0Um dispositivo pode satisfazer as suas necessidades de utiliza\u00e7\u00e3o de vape durante v\u00e1rios meses<\/p>\n<p data-v-md-line=\"52\"><strong>Controlo por ecr\u00e3 t\u00e1til:<\/strong>\u00a0Ajuste a pot\u00eancia para uma experi\u00eancia de fumo sempre perfeita<\/p>\n<p data-v-md-line=\"54\"><strong>Regula\u00e7\u00e3o do caudal de ar:<\/strong>\u00a0Resist\u00eancia \u00e0 suc\u00e7\u00e3o personalizada, de apertada a desobstru\u00edda<\/p>\n<p data-v-md-line=\"56\"><strong>Tecnologia de bobina de malha:<\/strong>\u00a0Deliciosidade consistente da primeira \u00e0 \u00faltima dentada<\/p>\n<p data-v-md-line=\"58\"><strong>Tipo C Carregamento:<\/strong>\u00a0Utilizar o mesmo cabo de carregamento que outros dispositivos<\/p>\n<p data-v-md-line=\"60\"><strong>12 sabores:<\/strong>\u00a0Dos cl\u00e1ssicos sabores de fruta aos refrescantes sabores de menta, h\u00e1 sempre um que se adequa a si<\/p>\n<h2 data-v-md-heading=\"why-choose-to-collaborate-with-agoravape\" data-v-md-line=\"62\">Por que escolher colaborar com a AgoraVape?<\/h2>\n<p data-v-md-line=\"64\">Como um dos distribuidores de vape mais confi\u00e1veis da Europa, vendemos apenas produtos genu\u00ednos 100%. Para nossos clientes corporativos, isso significa pre\u00e7os com desconto no atacado, suporte t\u00e9cnico confi\u00e1vel e servi\u00e7os de entrega r\u00e1pidos e confi\u00e1veis em toda a Europa para Bang King BK36S. O simples facto de confiar na fun\u00e7\u00e3o de ecr\u00e3 t\u00e1til pode fazer com que os seus clientes se tornem clientes habituais - esta inova\u00e7\u00e3o pode realmente provocar mudan\u00e7as. Contacte-nos e adquira um produto que os seus clientes ir\u00e3o realmente apreciar.<\/p>","protected":false},"excerpt":{"rendered":"<p>&nbsp;<\/p>\n<p><script src=\"chrome-extension:\/\/fpelahbljekknahkcaegamhcndkfpfnc\/iFrame.js\" type=\"text\/javascript\"><\/script><\/p>\n<p><script src=\"chrome-extension:\/\/fpelahbljekknahkcaegamhcndkfpfnc\/iFrame.js\" type=\"text\/javascript\"><\/script><\/p>\n<p><script src=\"chrome-extension:\/\/fpelahbljekknahkcaegamhcndkfpfnc\/iFrame.js\" type=\"text\/javascript\"><\/script><\/p>\n<p><script src=\"chrome-extension:\/\/fpelahbljekknahkcaegamhcndkfpfnc\/iFrame.js\" type=\"text\/javascript\"><\/script><\/p>\n<p><script src=\"chrome-extension:\/\/fpelahbljekknahkcaegamhcndkfpfnc\/iFrame.js\" type=\"text\/javascript\"><\/script><\/p>","protected":false},"featured_media":19858,"comment_status":"open","ping_status":"closed","template":"","meta":[],"product_brand":[197],"product_cat":[124,187,185,189,194,123,174,175,193,191,179,173,186,180,190,192],"product_tag":[],"class_list":{"0":"post-19833","1":"product","2":"type-product","3":"status-publish","4":"has-post-thumbnail","6":"product_brand-bang","7":"product_cat-vape-by-brand","8":"product_cat-0mg-nicotine-free-vapes","9":"product_cat-10000-puffs-high-capacity","10":"product_cat-20mg-standard-nicotine-vapes","11":"product_cat-adjustable-airflow","12":"product_cat-bang","13":"product_cat-fruit-flavors","14":"product_cat-icy-mint","15":"product_cat-mesh-coil","16":"product_cat-rechargeable-disposables","17":"product_cat-unique-blends","18":"product_cat-vape-by-flavor-profile","19":"product_cat-vape-by-nicotine-strength","20":"product_cat-vape-by-puff-count","21":"product_cat-vape-by-feature-or-type","22":"product_cat-vapes-with-screens","24":"first","25":"instock","26":"shipping-taxable","27":"purchasable","28":"product-type-variable","29":"has-default-attributes"},"tiered_pricing_type":"percentage","tiered_pricing_fixed_rules":[],"tiered_pricing_product_settings":{"layout":"default","base_unit_name":{"singular":null,"plural":null},"default_variation":null},"tiered_pricing_minimum_quantity":10,"tiered_pricing_roles_data":[],"tiered_pricing_percentage_rules":{"30":"29","50":"35","100":"40","200":"44","500":"47","1000":"49"},"tiered_pricing_maximum_quantity":null,"tiered_pricing_quantity_step":"10","_links":{"self":[{"href":"https:\/\/agoravape.com\/pt\/wp-json\/wp\/v2\/product\/19833","targetHints":{"allow":["GET"]}}],"collection":[{"href":"https:\/\/agoravape.com\/pt\/wp-json\/wp\/v2\/product"}],"about":[{"href":"https:\/\/agoravape.com\/pt\/wp-json\/wp\/v2\/types\/product"}],"replies":[{"embeddable":true,"href":"https:\/\/agoravape.com\/pt\/wp-json\/wp\/v2\/comments?post=19833"}],"version-history":[{"count":0,"href":"https:\/\/agoravape.com\/pt\/wp-json\/wp\/v2\/product\/19833\/revisions"}],"wp:featuredmedia":[{"embeddable":true,"href":"https:\/\/agoravape.com\/pt\/wp-json\/wp\/v2\/media\/19858"}],"wp:attachment":[{"href":"https:\/\/agoravape.com\/pt\/wp-json\/wp\/v2\/media?parent=19833"}],"wp:term":[{"taxonomy":"product_brand","embeddable":true,"href":"https:\/\/agoravape.com\/pt\/wp-json\/wp\/v2\/product_brand?post=19833"},{"taxonomy":"product_cat","embeddable":true,"href":"https:\/\/agoravape.com\/pt\/wp-json\/wp\/v2\/product_cat?post=19833"},{"taxonomy":"product_tag","embeddable":true,"href":"https:\/\/agoravape.com\/pt\/wp-json\/wp\/v2\/product_tag?post=19833"}],"curies":[{"name":"wp","href":"https:\/\/api.w.org\/{rel}","templated":true}]}}