{"id":19886,"date":"2025-10-30T19:54:51","date_gmt":"2025-10-30T11:54:51","guid":{"rendered":"https:\/\/agoravape.com\/?post_type=product&#038;p=19886"},"modified":"2026-02-22T15:16:02","modified_gmt":"2026-02-22T14:16:02","slug":"bang-king-bk50-50000-puffs-vape","status":"publish","type":"product","link":"https:\/\/agoravape.com\/pt\/product\/bang-king-bk50-50000-puffs-vape\/","title":{"rendered":"Bang King BK50 50000 Puffs | Capacidade enorme, ajust\u00e1vel ao seu gosto"},"content":{"rendered":"<h2 data-v-md-heading=\"what-is-the-special-feature-of-bang-king-bk50-50000-adjustable-airflow-vape\" data-v-md-line=\"3\"><\/h2>\n<p><img loading=\"lazy\" decoding=\"async\" class=\"aligncenter size-full wp-image-19898\" src=\"https:\/\/agoravape.com\/wp-content\/uploads\/2025\/10\/Bang-King-BK50-50000-Puffs-Massive-Capacity-Adjustable-to-Your-Taste_Agora_vape-1-scaled.webp\" alt=\"\" width=\"2560\" height=\"1440\" srcset=\"https:\/\/agoravape.com\/wp-content\/uploads\/2025\/10\/Bang-King-BK50-50000-Puffs-Massive-Capacity-Adjustable-to-Your-Taste_Agora_vape-1-scaled.webp 2560w, https:\/\/agoravape.com\/wp-content\/uploads\/2025\/10\/Bang-King-BK50-50000-Puffs-Massive-Capacity-Adjustable-to-Your-Taste_Agora_vape-1-scaled-1200x675.webp 1200w, https:\/\/agoravape.com\/wp-content\/uploads\/2025\/10\/Bang-King-BK50-50000-Puffs-Massive-Capacity-Adjustable-to-Your-Taste_Agora_vape-1-300x169.webp 300w, https:\/\/agoravape.com\/wp-content\/uploads\/2025\/10\/Bang-King-BK50-50000-Puffs-Massive-Capacity-Adjustable-to-Your-Taste_Agora_vape-1-1024x576.webp 1024w, https:\/\/agoravape.com\/wp-content\/uploads\/2025\/10\/Bang-King-BK50-50000-Puffs-Massive-Capacity-Adjustable-to-Your-Taste_Agora_vape-1-768x432.webp 768w, https:\/\/agoravape.com\/wp-content\/uploads\/2025\/10\/Bang-King-BK50-50000-Puffs-Massive-Capacity-Adjustable-to-Your-Taste_Agora_vape-1-1536x864.webp 1536w, https:\/\/agoravape.com\/wp-content\/uploads\/2025\/10\/Bang-King-BK50-50000-Puffs-Massive-Capacity-Adjustable-to-Your-Taste_Agora_vape-1-2048x1152.webp 2048w\" sizes=\"auto, (max-width: 2560px) 100vw, 2560px\" \/><\/p>\n<h2 data-v-md-heading=\"what-is-the-special-feature-of-bang-king-bk50-50000-adjustable-airflow-vape\" data-v-md-line=\"3\">Qual \u00e9 a carater\u00edstica especial do vape de fluxo de ar ajust\u00e1vel Bang King BK50 50000?<\/h2>\n<p data-v-md-line=\"5\">Para ser sincero, a maioria dos vaporizadores descart\u00e1veis n\u00e3o dura muito tempo. Mas este Bang King BK50 \u00e9 diferente. Tem uma capacidade espantosa de 50000 portas, o que significa que pode utiliz\u00e1-lo continuamente durante semanas ou mesmo meses sem ter de comprar frequentemente equipamento de substitui\u00e7\u00e3o. Ainda mais inteligente, est\u00e1 equipado com um fluxo de ar ajust\u00e1vel, permitindo-lhe ajust\u00e1-lo com precis\u00e3o de acordo com as suas prefer\u00eancias, quer prefira uma resist\u00eancia apertada ao estilo do cigarro ou um fumo rico.<\/p>\n<p data-v-md-line=\"7\">Este n\u00e3o \u00e9 o tipo de vaporizador descart\u00e1vel comum que o ir\u00e1 desiludir em apenas alguns dias. Se est\u00e1 cansado de comprar constantemente novos vapes, ou se gere uma loja e quer comprar produtos que os clientes n\u00e3o mudem frequentemente, ent\u00e3o o BK50 \u00e9 definitivamente a sua escolha ideal. Permite-lhe controlar melhor a sua experi\u00eancia de vaporiza\u00e7\u00e3o e, tendo em conta as suas poderosas fun\u00e7\u00f5es internas, o seu peso de 131 gramas \u00e9 surpreendentemente leve e f\u00e1cil de transportar.<\/p>\n<h2 data-v-md-heading=\"excellent-performance-and-easy-operation\" data-v-md-line=\"9\">Excelente desempenho e opera\u00e7\u00e3o f\u00e1cil.<\/h2>\n<p data-v-md-line=\"11\">O segredo consistente do BK50 reside no seu n\u00facleo atomizador de malha de 1,0 \u03a9 de alta qualidade, que garante um sabor fresco a cada trago, mesmo depois de inalar milhares de baforadas. N\u00e3o sentir\u00e1 o cheiro a queimado como acontece com os dispositivos baratos. A capacidade da bateria de 850mAh pode parecer pequena, mas combina perfeitamente com o n\u00facleo atomizador - quando for necess\u00e1rio carregar, basta ligar o cabo de dados Tipo C (tamb\u00e9m pode utiliz\u00e1-lo para carregar o telem\u00f3vel). O ajuste da entrada inferior \u00e9 extremamente simples - basta rodar para encontrar o volume de entrada mais adequado para si. N\u00e3o h\u00e1 necessidade de aplica\u00e7\u00f5es ou defini\u00e7\u00f5es complexas, basta rodar para desfrutar da divers\u00e3o dos vapes.<\/p>\n<h2 data-v-md-heading=\"quick-specifications\" data-v-md-line=\"13\">Especifica\u00e7\u00f5es r\u00e1pidas<\/h2>\n<p data-v-md-line=\"15\"><strong>Frequ\u00eancia do consumo de tabaco:<\/strong>\u00a0at\u00e9 50000 baforadas<\/p>\n<p data-v-md-line=\"17\"><strong>Capacidade do e-l\u00edquido:<\/strong>\u00a050 ml de \u00f3leo pr\u00e9-preenchido<\/p>\n<p data-v-md-line=\"19\"><strong>Bateria:<\/strong>\u00a0Bateria recarreg\u00e1vel de 850mAh (17350 c\u00e9lulas)<\/p>\n<p data-v-md-line=\"21\"><strong>Utiliza\u00e7\u00e3o:<\/strong>\u00a0Inspire para ativar<\/p>\n<p data-v-md-line=\"23\"><strong>M\u00e9todo de carregamento:<\/strong>\u00a0Interface USB tipo C padr\u00e3o<\/p>\n<p data-v-md-line=\"25\"><strong>Fluxo de ar:<\/strong>\u00a0Anel de ajuste inferior<\/p>\n<p data-v-md-line=\"27\"><strong>N\u00facleo de atomiza\u00e7\u00e3o:<\/strong>\u00a0N\u00facleo de atomiza\u00e7\u00e3o com malha de 1,0 \u03a9, proporcionando um sabor consistente<\/p>\n<p data-v-md-line=\"29\"><strong>Peso:<\/strong>\u00a0131 gramas por unidade<\/p>\n<p data-v-md-line=\"31\"><strong>Estado:<\/strong>\u00a0Pronto a utilizar a partir da caixa<\/p>\n<h2 data-v-md-heading=\"complete-flavor-lineup\" data-v-md-line=\"33\">Linha completa de sabores<\/h2>\n<ul data-v-md-line=\"35\">\n<li>Gelo de melancia\/Hortel\u00e3-pimenta de mirtilo<\/li>\n<li>Melancia\/Blueberry Cereja<\/li>\n<li>Gelado de mirtilo\/P\u00eassego Mang Melancia<\/li>\n<li>Gelo de mirtilo\/Gelo de p\u00eassego<\/li>\n<li>Mirtilos, framboesas\/mistura de bagas<\/li>\n<li>Mirtilo Framboesa\/Gelo de uva<\/li>\n<li>Red Bull\/Banana com morango<\/li>\n<li>Red Bull\/Melancia com mirtilo<\/li>\n<li>Pastilha el\u00e1stica de morango, manga e melancia<\/li>\n<li>Morango Manga\/Morango Kiwi<\/li>\n<li>Melancia com morango\/Gelo Drag\u00e3o Negro<\/li>\n<li>Morango, melancia\/kiwi, maracuj\u00e1, goiaba<\/li>\n<\/ul>\n<h2 data-v-md-heading=\"tailored-for-you-and-your-business\" data-v-md-line=\"48\">Feito sob medida para voc\u00ea e sua empresa.<\/h2>\n<p data-v-md-line=\"50\">Lan\u00e7\u00e1mos agora o vape de fluxo de ar ajust\u00e1vel de boca Bang King BK50 50000 para sua compra pessoal. Se \u00e9 propriet\u00e1rio de uma empresa, tamb\u00e9m pode comprar a granel. Oferecemos embalagens por grosso de 100 ou 200 unidades por caixa, o que lhe permite manter prateleiras suficientes sem reabastecer frequentemente. Cada sabor \u00e9 agrupado em pares, proporcionando aos seus clientes uma vasta gama de escolhas para evitar a confus\u00e3o causada por demasiadas escolhas.<\/p>\n<p data-v-md-line=\"52\">Oferecemos servi\u00e7os de entrega com direitos pagos (DDP) atrav\u00e9s da UPS, DPD e DHL, para que n\u00e3o tenha de se preocupar com taxas alfandeg\u00e1rias. Quer encomende uma caixa ou uma caixa inteira, podemos entreg\u00e1-la diretamente \u00e0 sua porta. Com um dispositivo t\u00e3o dur\u00e1vel, ver\u00e1 que os clientes ir\u00e3o recomprar constantemente para sabores diferentes em vez de substituir frequentemente os vapes danificados.<\/p>\n<h2 data-v-md-heading=\"reasons-why-you-will-like-it\" data-v-md-line=\"54\">Reasons why you will like it<\/h2>\n<p data-v-md-line=\"56\"><strong>50000 portas:<\/strong>\u00a0Bateria de dura\u00e7\u00e3o ultra longa - pode ter-se esquecido de quando a comprou<\/p>\n<p data-v-md-line=\"58\"><strong>Fluxo de ar ajust\u00e1vel:<\/strong>\u00a0Personalize a sua resist\u00eancia \u00e0 suc\u00e7\u00e3o, desde MTL apertado a DTL solto<\/p>\n<p data-v-md-line=\"60\"><strong>50ml de e-l\u00edquido:<\/strong>\u00a0A grande capacidade garante um sabor consistente<\/p>\n<p data-v-md-line=\"62\"><strong>Bateria recarreg\u00e1vel:<\/strong>\u00a0Utilize cada gota de e-l\u00edquido que comprar<\/p>\n<p data-v-md-line=\"64\"><strong>Tecnologia de bobina de malha:<\/strong>\u00a0Sabor puro e consistente da primeira \u00e0 \u00faltima dentada<\/p>\n<p data-v-md-line=\"66\"><strong>Sele\u00e7\u00e3o de duplo sabor:<\/strong>\u00a0Cada dispositivo oferece dois sabores complementares entre os quais pode alternar<\/p>\n<h2 data-v-md-heading=\"why-choose-to-collaborate-with-agoravape\" data-v-md-line=\"68\">Por que escolher colaborar com a AgoraVape?<\/h2>\n<p data-v-md-line=\"70\">Como um dos distribuidores de vape mais confi\u00e1veis da Europa, vendemos apenas produtos genu\u00ednos 100%. Para nossos clientes corporativos, isso significa que os vapes de fluxo de ar ajust\u00e1vel Bang King BK50 50000 oferecer\u00e3o pre\u00e7os de atacado altamente competitivos, suporte p\u00f3s-venda confi\u00e1vel e servi\u00e7os de entrega r\u00e1pidos e est\u00e1veis. Oferecemos embalagens de caixa completa para 100 ou 200 unidades e utilizamos um m\u00e9todo de envio DDP (Delivered Duty Paid) conveniente para facilitar o seu stock. Contacte-nos imediatamente para reservar este produto para os seus clientes que o apreciar\u00e3o verdadeiramente - afinal, quem n\u00e3o quereria um vape t\u00e3o duradouro e resistente?<\/p>","protected":false},"excerpt":{"rendered":"<p>&nbsp;<\/p>\n<p><script src=\"chrome-extension:\/\/fpelahbljekknahkcaegamhcndkfpfnc\/iFrame.js\" type=\"text\/javascript\"><\/script><\/p>\n<p><script src=\"chrome-extension:\/\/fpelahbljekknahkcaegamhcndkfpfnc\/iFrame.js\" type=\"text\/javascript\"><\/script><\/p>\n<p><script src=\"chrome-extension:\/\/fpelahbljekknahkcaegamhcndkfpfnc\/iFrame.js\" type=\"text\/javascript\"><\/script><\/p>\n<p><script src=\"chrome-extension:\/\/fpelahbljekknahkcaegamhcndkfpfnc\/iFrame.js\" type=\"text\/javascript\"><\/script><\/p>\n<p><script src=\"chrome-extension:\/\/fpelahbljekknahkcaegamhcndkfpfnc\/iFrame.js\" type=\"text\/javascript\"><\/script><\/p>\n<p><script src=\"chrome-extension:\/\/fpelahbljekknahkcaegamhcndkfpfnc\/iFrame.js\" type=\"text\/javascript\"><\/script><\/p>","protected":false},"featured_media":19910,"comment_status":"open","ping_status":"closed","template":"","meta":[],"product_brand":[197],"product_cat":[124,187,185,189,1641,194,123,195,174,175,193,191,173,186,180,190],"product_tag":[],"class_list":{"0":"post-19886","1":"product","2":"type-product","3":"status-publish","4":"has-post-thumbnail","6":"product_brand-bang","7":"product_cat-vape-by-brand","8":"product_cat-0mg-nicotine-free-vapes","9":"product_cat-10000-puffs-high-capacity","10":"product_cat-20mg-standard-nicotine-vapes","11":"product_cat-50000-puffs","12":"product_cat-adjustable-airflow","13":"product_cat-bang","14":"product_cat-dual-flavor-switch","15":"product_cat-fruit-flavors","16":"product_cat-icy-mint","17":"product_cat-mesh-coil","18":"product_cat-rechargeable-disposables","19":"product_cat-vape-by-flavor-profile","20":"product_cat-vape-by-nicotine-strength","21":"product_cat-vape-by-puff-count","22":"product_cat-vape-by-feature-or-type","24":"first","25":"instock","26":"shipping-taxable","27":"purchasable","28":"product-type-variable","29":"has-default-attributes"},"tiered_pricing_type":"percentage","tiered_pricing_fixed_rules":[],"tiered_pricing_product_settings":{"layout":"default","base_unit_name":{"singular":null,"plural":null},"default_variation":null},"tiered_pricing_minimum_quantity":10,"tiered_pricing_roles_data":[],"tiered_pricing_percentage_rules":{"30":"29","50":"35","100":"40","200":"44","500":"47","1000":"49"},"tiered_pricing_maximum_quantity":null,"tiered_pricing_quantity_step":"10","_links":{"self":[{"href":"https:\/\/agoravape.com\/pt\/wp-json\/wp\/v2\/product\/19886","targetHints":{"allow":["GET"]}}],"collection":[{"href":"https:\/\/agoravape.com\/pt\/wp-json\/wp\/v2\/product"}],"about":[{"href":"https:\/\/agoravape.com\/pt\/wp-json\/wp\/v2\/types\/product"}],"replies":[{"embeddable":true,"href":"https:\/\/agoravape.com\/pt\/wp-json\/wp\/v2\/comments?post=19886"}],"version-history":[{"count":0,"href":"https:\/\/agoravape.com\/pt\/wp-json\/wp\/v2\/product\/19886\/revisions"}],"wp:featuredmedia":[{"embeddable":true,"href":"https:\/\/agoravape.com\/pt\/wp-json\/wp\/v2\/media\/19910"}],"wp:attachment":[{"href":"https:\/\/agoravape.com\/pt\/wp-json\/wp\/v2\/media?parent=19886"}],"wp:term":[{"taxonomy":"product_brand","embeddable":true,"href":"https:\/\/agoravape.com\/pt\/wp-json\/wp\/v2\/product_brand?post=19886"},{"taxonomy":"product_cat","embeddable":true,"href":"https:\/\/agoravape.com\/pt\/wp-json\/wp\/v2\/product_cat?post=19886"},{"taxonomy":"product_tag","embeddable":true,"href":"https:\/\/agoravape.com\/pt\/wp-json\/wp\/v2\/product_tag?post=19886"}],"curies":[{"name":"wp","href":"https:\/\/api.w.org\/{rel}","templated":true}]}}