{"id":19913,"date":"2025-10-30T20:24:08","date_gmt":"2025-10-30T12:24:08","guid":{"rendered":"https:\/\/agoravape.com\/?post_type=product&#038;p=19913"},"modified":"2026-01-15T19:35:47","modified_gmt":"2026-01-15T11:35:47","slug":"bang-king-city-bk5-ct-50000-puffs-vape","status":"publish","type":"product","link":"https:\/\/agoravape.com\/pt\/product\/bang-king-city-bk5-ct-50000-puffs-vape\/","title":{"rendered":"Bang King City 50000: O Vape Que N\u00e3o Para de Durar"},"content":{"rendered":"<h2 data-v-md-heading=\"what-is-special-about-bang-king-city-s-50000-rechargeable-vapes\" data-v-md-line=\"3\"><img loading=\"lazy\" decoding=\"async\" class=\"aligncenter size-full wp-image-19926\" src=\"https:\/\/agoravape.com\/wp-content\/uploads\/2025\/10\/Bang-King-City-50000-The-Vape-That-Just-Keeps-Going_Agora_vape-1-scaled.webp\" alt=\"\" width=\"1042\" height=\"2560\" srcset=\"https:\/\/agoravape.com\/wp-content\/uploads\/2025\/10\/Bang-King-City-50000-The-Vape-That-Just-Keeps-Going_Agora_vape-1-scaled.webp 1042w, https:\/\/agoravape.com\/wp-content\/uploads\/2025\/10\/Bang-King-City-50000-The-Vape-That-Just-Keeps-Going_Agora_vape-1-122x300.webp 122w, https:\/\/agoravape.com\/wp-content\/uploads\/2025\/10\/Bang-King-City-50000-The-Vape-That-Just-Keeps-Going_Agora_vape-1-417x1024.webp 417w, https:\/\/agoravape.com\/wp-content\/uploads\/2025\/10\/Bang-King-City-50000-The-Vape-That-Just-Keeps-Going_Agora_vape-1-768x1887.webp 768w, https:\/\/agoravape.com\/wp-content\/uploads\/2025\/10\/Bang-King-City-50000-The-Vape-That-Just-Keeps-Going_Agora_vape-1-625x1536.webp 625w, https:\/\/agoravape.com\/wp-content\/uploads\/2025\/10\/Bang-King-City-50000-The-Vape-That-Just-Keeps-Going_Agora_vape-1-833x2048.webp 833w, https:\/\/agoravape.com\/wp-content\/uploads\/2025\/10\/Bang-King-City-50000-The-Vape-That-Just-Keeps-Going_Agora_vape-1-1200x2949.webp 1200w\" sizes=\"auto, (max-width: 1042px) 100vw, 1042px\" \/><\/h2>\n<h2 data-v-md-heading=\"what-is-special-about-bang-king-city-s-50000-rechargeable-vapes\" data-v-md-line=\"3\">O que t\u00eam de especial os vapes recarreg\u00e1veis Bang King City 50000?<\/h2>\n<p data-v-md-line=\"5\">Para ser sincero, a maioria dos vaporizadores descart\u00e1veis fica sem bateria quando se come\u00e7a a utiliz\u00e1-los. Mas este \u00e9 diferente. O Bang King City 50000 foi concebido para aqueles que est\u00e3o cansados de mudar de vaporizador de poucos em poucos dias. Tem uma dura\u00e7\u00e3o de bateria de at\u00e9 50000 baforadas e uma capacidade de 45 mililitros de e-l\u00edquido, o suficiente para o utilizar durante semanas em vez de dias. Se quiser um vaporizador fi\u00e1vel que n\u00e3o fique sem bateria de repente a caminho do trabalho, ent\u00e3o \u00e9 a escolha perfeita.<\/p>\n<p data-v-md-line=\"7\">Vale a pena mencionar que, com um vape de t\u00e3o grande capacidade, pode ter a sensa\u00e7\u00e3o de ter um tijolo na m\u00e3o, mas o Bang King City \u00e9 surpreendentemente leve e f\u00e1cil de transportar. Est\u00e1 equipado com uma bateria com uma capacidade de at\u00e9 650mAh, o que \u00e9 suficiente para satisfazer todas as necessidades de e-l\u00edquido. Quando a bateria estiver fraca, basta utilizar o cabo de dados Tipo C para carregar - este cabo de dados tamb\u00e9m pode ser utilizado para outros dispositivos.<\/p>\n<h2 data-v-md-heading=\"excellent-performance-and-easy-operation\" data-v-md-line=\"9\">Excelente desempenho e opera\u00e7\u00e3o f\u00e1cil.<\/h2>\n<p data-v-md-line=\"11\">O design do Bang King City \u00e9 simples e claro, o que \u00e9 refrescante. N\u00e3o h\u00e1 necessidade de configura\u00e7\u00f5es tediosas ou opera\u00e7\u00f5es com bot\u00f5es - basta dar um gole. O n\u00facleo de atomiza\u00e7\u00e3o de malha integrado garante que cada mordida seja t\u00e3o fresca quanto a primeira, quer voc\u00ea d\u00ea 100 ou 10000 baforadas. E a interface de carregamento Tipo C? Isto significa que pode carregar rapidamente em qualquer altura, permitindo-lhe desfrutar verdadeiramente de cada gota de 45 ml de e-l\u00edquido.<\/p>\n<h2 data-v-md-heading=\"quick-specifications\" data-v-md-line=\"13\">Especifica\u00e7\u00f5es r\u00e1pidas<\/h2>\n<p data-v-md-line=\"15\"><strong>N\u00famero de portas:<\/strong>\u00a0at\u00e9 50000 portas<\/p>\n<p data-v-md-line=\"17\"><strong>e-l\u00edquido:<\/strong>\u00a0Pr\u00e9-instalado 45ml<\/p>\n<p data-v-md-line=\"19\"><strong>Concentra\u00e7\u00e3o de nicotina:<\/strong>\u00a00%, 2%, 3% e 5% opcionais<\/p>\n<p data-v-md-line=\"21\"><strong>Bateria:<\/strong>\u00a0Bateria recarreg\u00e1vel de 650mAh<\/p>\n<p data-v-md-line=\"23\"><strong>Utiliza\u00e7\u00e3o:<\/strong>\u00a0Inspire para ativar<\/p>\n<p data-v-md-line=\"25\"><strong>M\u00e9todo de carregamento:<\/strong>\u00a0Interface USB tipo C padr\u00e3o<\/p>\n<p data-v-md-line=\"27\"><strong>Estado:<\/strong>\u00a0Pronto a utilizar a partir da caixa<\/p>\n<h2 data-v-md-heading=\"complete-flavor-lineup\" data-v-md-line=\"29\">Linha completa de sabores<\/h2>\n<ul data-v-md-line=\"31\">\n<li>Smoothie de mirtilo<\/li>\n<li>Melancia de morango<\/li>\n<li>Smoothie de melancia<\/li>\n<li>Morango e banana<\/li>\n<li>Frutas tropicais<\/li>\n<li>Gelado de frutos silvestres triplos<\/li>\n<li>Batido de p\u00eassego sumarento<\/li>\n<li>morango kiwi<\/li>\n<li>P\u00eassego, Manga, Melancia<\/li>\n<li>Kiwi, maracuj\u00e1, goiaba<\/li>\n<li>Batido de uva<\/li>\n<li>Sr. Blue<\/li>\n<\/ul>\n<h2 data-v-md-heading=\"to-serve-you-and-your-business\" data-v-md-line=\"44\">Para melhor atend\u00ea-lo e \u00e0 sua empresa.<\/h2>\n<p data-v-md-line=\"46\">O nosso Bang King City 50000 est\u00e1 agora aberto para compra pessoal, mas se for propriet\u00e1rio de uma loja ou tiver um neg\u00f3cio de vape, pode comprar grandes quantidades atrav\u00e9s dos nossos canais grossistas. O produto \u00e9 embalado numa caixa expositora de 10 pacotes, o que facilita a reposi\u00e7\u00e3o do seu invent\u00e1rio nas prateleiras. Al\u00e9m disso, fornecemos servi\u00e7os de envio DDP ap\u00f3s o pagamento de impostos atrav\u00e9s de parceiros de confian\u00e7a como a UPS, DPD e DHL, assegurando que n\u00e3o tem de se preocupar com as taxas alfandeg\u00e1rias - fornecer-lhe-emos servi\u00e7os de entrega ao domic\u00edlio suaves e fi\u00e1veis.<\/p>\n<p data-v-md-line=\"48\">Quer compre um produto para si ou uma caixa inteira para a sua loja, receber\u00e1 o mesmo produto aut\u00eantico e manter\u00e1 a busca persistente da AgoraVape pela qualidade, o que faz da AgoraVape um dos principais fornecedores de vape na Europa.<\/p>\n<h2 data-v-md-heading=\"reasons-why-you-will-like-it\" data-v-md-line=\"50\">Reasons why you will like it<\/h2>\n<p data-v-md-line=\"52\"><strong>50000 baforadas:<\/strong>\u00a0N\u00e3o precisa de se preocupar com a substitui\u00e7\u00e3o do cartucho, desfrute de semanas de experi\u00eancia de vaporiza\u00e7\u00e3o<\/p>\n<p data-v-md-line=\"54\"><strong>Quatro op\u00e7\u00f5es de concentra\u00e7\u00e3o de nicotina:<\/strong>\u00a0De 0% a 5%, h\u00e1 sempre um que se adapta a si<\/p>\n<p data-v-md-line=\"56\"><strong>Capacidade ultra grande de 45 ml:<\/strong>\u00a0Uma maior capacidade de e-l\u00edquido significa maior rentabilidade<\/p>\n<p data-v-md-line=\"58\"><strong>Carregamento tipo C:<\/strong>\u00a0R\u00e1pido e c\u00f3modo, compat\u00edvel com o seu cabo de dados existente<\/p>\n<p data-v-md-line=\"60\"><strong>Tecnologia de bobina de malha:<\/strong>\u00a0Sabor rico e consistente<\/p>\n<p data-v-md-line=\"62\"><strong>12 sabores:<\/strong>\u00a0Desde os cl\u00e1ssicos sabores de fruta at\u00e9 aos refrescantes sabores de menta, tudo est\u00e1 dispon\u00edvel<\/p>\n<h2 data-v-md-heading=\"why-choose-agoravape\" data-v-md-line=\"64\">Por que escolher a AgoraVape?<\/h2>\n<p data-v-md-line=\"66\">Como um dos distribuidores de vape mais confi\u00e1veis da Europa, vendemos apenas produtos genu\u00ednos 100%. Para os nossos clientes empresariais, isto significa pre\u00e7os grossistas altamente competitivos, apoio t\u00e9cnico fi\u00e1vel e entrega log\u00edstica r\u00e1pida e est\u00e1vel. Contacte-nos imediatamente para que os seus clientes apreciem verdadeiramente os produtos que fornece!<\/p>","protected":false},"excerpt":{"rendered":"<p>&nbsp;<\/p>\n<p><script src=\"chrome-extension:\/\/fpelahbljekknahkcaegamhcndkfpfnc\/iFrame.js\" type=\"text\/javascript\"><\/script><\/p>\n<p><script src=\"chrome-extension:\/\/fpelahbljekknahkcaegamhcndkfpfnc\/iFrame.js\" type=\"text\/javascript\"><\/script><\/p>\n<p><script src=\"chrome-extension:\/\/fpelahbljekknahkcaegamhcndkfpfnc\/iFrame.js\" type=\"text\/javascript\"><\/script><\/p>\n<p><script src=\"chrome-extension:\/\/fpelahbljekknahkcaegamhcndkfpfnc\/iFrame.js\" type=\"text\/javascript\"><\/script><\/p>\n<p><script src=\"chrome-extension:\/\/fpelahbljekknahkcaegamhcndkfpfnc\/iFrame.js\" type=\"text\/javascript\"><\/script><\/p>\n<p><script src=\"chrome-extension:\/\/fpelahbljekknahkcaegamhcndkfpfnc\/iFrame.js\" type=\"text\/javascript\"><\/script><\/p>","protected":false},"featured_media":19937,"comment_status":"open","ping_status":"closed","template":"","meta":[],"product_brand":[197],"product_cat":[124,187,185,189,1641,123,195,174,175,193,191,179,173,186,180,190],"product_tag":[],"class_list":{"0":"post-19913","1":"product","2":"type-product","3":"status-publish","4":"has-post-thumbnail","6":"product_brand-bang","7":"product_cat-vape-by-brand","8":"product_cat-0mg-nicotine-free-vapes","9":"product_cat-10000-puffs-high-capacity","10":"product_cat-20mg-standard-nicotine-vapes","11":"product_cat-50000-puffs","12":"product_cat-bang","13":"product_cat-dual-flavor-switch","14":"product_cat-fruit-flavors","15":"product_cat-icy-mint","16":"product_cat-mesh-coil","17":"product_cat-rechargeable-disposables","18":"product_cat-unique-blends","19":"product_cat-vape-by-flavor-profile","20":"product_cat-vape-by-nicotine-strength","21":"product_cat-vape-by-puff-count","22":"product_cat-vape-by-feature-or-type","24":"first","25":"instock","26":"shipping-taxable","27":"purchasable","28":"product-type-variable","29":"has-default-attributes"},"tiered_pricing_type":"percentage","tiered_pricing_fixed_rules":[],"tiered_pricing_product_settings":{"layout":"default","base_unit_name":{"singular":null,"plural":null},"default_variation":null},"tiered_pricing_minimum_quantity":10,"tiered_pricing_roles_data":[],"tiered_pricing_percentage_rules":{"30":"29","50":"35","100":"40","200":"44","500":"47","1000":"49"},"tiered_pricing_maximum_quantity":null,"tiered_pricing_quantity_step":"10","_links":{"self":[{"href":"https:\/\/agoravape.com\/pt\/wp-json\/wp\/v2\/product\/19913","targetHints":{"allow":["GET"]}}],"collection":[{"href":"https:\/\/agoravape.com\/pt\/wp-json\/wp\/v2\/product"}],"about":[{"href":"https:\/\/agoravape.com\/pt\/wp-json\/wp\/v2\/types\/product"}],"replies":[{"embeddable":true,"href":"https:\/\/agoravape.com\/pt\/wp-json\/wp\/v2\/comments?post=19913"}],"version-history":[{"count":0,"href":"https:\/\/agoravape.com\/pt\/wp-json\/wp\/v2\/product\/19913\/revisions"}],"wp:featuredmedia":[{"embeddable":true,"href":"https:\/\/agoravape.com\/pt\/wp-json\/wp\/v2\/media\/19937"}],"wp:attachment":[{"href":"https:\/\/agoravape.com\/pt\/wp-json\/wp\/v2\/media?parent=19913"}],"wp:term":[{"taxonomy":"product_brand","embeddable":true,"href":"https:\/\/agoravape.com\/pt\/wp-json\/wp\/v2\/product_brand?post=19913"},{"taxonomy":"product_cat","embeddable":true,"href":"https:\/\/agoravape.com\/pt\/wp-json\/wp\/v2\/product_cat?post=19913"},{"taxonomy":"product_tag","embeddable":true,"href":"https:\/\/agoravape.com\/pt\/wp-json\/wp\/v2\/product_tag?post=19913"}],"curies":[{"name":"wp","href":"https:\/\/api.w.org\/{rel}","templated":true}]}}