{"id":19940,"date":"2025-10-30T21:17:39","date_gmt":"2025-10-30T13:17:39","guid":{"rendered":"https:\/\/agoravape.com\/?post_type=product&#038;p=19940"},"modified":"2026-02-22T15:14:30","modified_gmt":"2026-02-22T14:14:30","slug":"bang-king-85000-puffs-triple-mesh-vape","status":"publish","type":"product","link":"https:\/\/agoravape.com\/pt\/product\/bang-king-85000-puffs-triple-mesh-vape\/","title":{"rendered":"Bang King 85000 | O vape que n\u00e3o para de funcionar"},"content":{"rendered":"<h2 data-v-md-heading=\"what-is-the-special-feature-of-bang-king-85000-three-network-atomizer-core-vape\" data-v-md-line=\"3\"><img loading=\"lazy\" decoding=\"async\" class=\"size-full wp-image-19954 alignright\" src=\"https:\/\/agoravape.com\/wp-content\/uploads\/2025\/10\/Bang-King-85000-The-Vape-That-Just-Keeps-Going_Agora_vape-1.webp\" alt=\"\" width=\"800\" height=\"800\" srcset=\"https:\/\/agoravape.com\/wp-content\/uploads\/2025\/10\/Bang-King-85000-The-Vape-That-Just-Keeps-Going_Agora_vape-1.webp 800w, https:\/\/agoravape.com\/wp-content\/uploads\/2025\/10\/Bang-King-85000-The-Vape-That-Just-Keeps-Going_Agora_vape-1-600x600.webp 600w, https:\/\/agoravape.com\/wp-content\/uploads\/2025\/10\/Bang-King-85000-The-Vape-That-Just-Keeps-Going_Agora_vape-1-300x300.webp 300w, https:\/\/agoravape.com\/wp-content\/uploads\/2025\/10\/Bang-King-85000-The-Vape-That-Just-Keeps-Going_Agora_vape-1-150x150.webp 150w, https:\/\/agoravape.com\/wp-content\/uploads\/2025\/10\/Bang-King-85000-The-Vape-That-Just-Keeps-Going_Agora_vape-1-768x768.webp 768w\" sizes=\"auto, (max-width: 800px) 100vw, 800px\" \/><\/h2>\n<h2 data-v-md-heading=\"what-is-the-special-feature-of-bang-king-85000-three-network-atomizer-core-vape\" data-v-md-line=\"3\">Qual \u00e9 a carater\u00edstica especial do n\u00facleo do atomizador de tr\u00eas redes Bang King 85000?<\/h2>\n<p data-v-md-line=\"5\">Muito bem, vamos falar de um produto algo louco - um vape com 85000 baforadas. Sei o que est\u00e1 a pensar: \u2018Ser\u00e1 isto imposs\u00edvel? Mas o facto \u00e9 que a vida \u00fatil do Bang King 85000 \u00e9 de v\u00e1rios meses, n\u00e3o de semanas. Se est\u00e1 cansado de estar constantemente a comprar novos dispositivos, ou apenas quer um produto fi\u00e1vel que n\u00e3o caia quando mais precisa dele, ent\u00e3o \u00e9 a escolha perfeita para si.<\/p>\n<p data-v-md-line=\"7\">Com o seu n\u00facleo de atomiza\u00e7\u00e3o de tr\u00eas malhas e uma capacidade de armazenamento de e-l\u00edquido ultra grande de 63 ml, n\u00e3o \u00e9 um vape vulgar. \u00c9 mais como trazer-lhe uma experi\u00eancia de vape topo de gama de longa dura\u00e7\u00e3o. Al\u00e9m disso, \u00e9 recarreg\u00e1vel - afinal de contas, n\u00e3o \u00e9 poss\u00edvel esgotar 85000 portas com uma s\u00f3 carga!<\/p>\n<h2 data-v-md-heading=\"excellent-performance-easy-and-convenient\" data-v-md-line=\"9\">Excelente desempenho, f\u00e1cil e pr\u00e1tico<\/h2>\n<p data-v-md-line=\"11\">O segredo deste produto reside no seu sistema de bobinas de tr\u00eas malhas. N\u00e3o \u00e9 operado de forma independente por uma \u00fanica bobina, mas por tr\u00eas bobinas que trabalham em conjunto com uma resist\u00eancia de 1,0 \u03a9. O que \u00e9 que isto significa para si? \u00c9 simples - desde a primeira mordida at\u00e9 as 85000 mordidas, cada mordida tem um sabor fresco e suave. A capacidade da bateria de 600mAh pode n\u00e3o parecer grande, mas \u00e9 suficiente para um carregamento regular utilizando um cabo de dados Tipo C - tal como o tipo de cabo de dados que utiliza para carregar o seu telem\u00f3vel. N\u00e3o s\u00e3o necess\u00e1rios carregadores especiais, \u00e9 f\u00e1cil e c\u00f3modo.<\/p>\n<h2 data-v-md-heading=\"quick-specifications\" data-v-md-line=\"13\">Especifica\u00e7\u00f5es r\u00e1pidas<\/h2>\n<p data-v-md-line=\"15\"><strong>Frequ\u00eancia do consumo de tabaco:<\/strong>\u00a0at\u00e9 85000 baforadas<\/p>\n<p data-v-md-line=\"17\"><strong>Concentra\u00e7\u00e3o de nicotina:<\/strong>\u00a02%<\/p>\n<p data-v-md-line=\"19\"><strong>Utiliza\u00e7\u00e3o:<\/strong>\u00a0Inspire para ativar<\/p>\n<p data-v-md-line=\"21\"><strong>M\u00e9todo de carregamento:<\/strong>\u00a0Interface USB tipo C padr\u00e3o<\/p>\n<p data-v-md-line=\"23\"><strong>Capacidade do e-l\u00edquido:<\/strong>\u00a0Armaz\u00e9m de e-l\u00edquidos de 63 ml de grande capacidade<\/p>\n<p data-v-md-line=\"25\"><strong>Tecnologia de n\u00facleo de atomiza\u00e7\u00e3o:<\/strong>\u00a0Tr\u00eas n\u00facleos de atomiza\u00e7\u00e3o de malha de 1,0 \u03a9<\/p>\n<p data-v-md-line=\"27\"><strong>Bateria:<\/strong>\u00a0Bateria recarreg\u00e1vel de 600mAh<\/p>\n<p data-v-md-line=\"29\"><strong>Tamanho:<\/strong>\u00a045 \u00d7 45 \u00d7 130mm (fun\u00e7\u00e3o poderosa, tamanho compacto! \uff09<\/p>\n<p data-v-md-line=\"31\"><strong>Estado:<\/strong>\u00a0Pronto a utilizar a partir da caixa<\/p>\n<h2 data-v-md-heading=\"rich-flavor-options\" data-v-md-line=\"33\">Op\u00e7\u00f5es de sabor ricas<\/h2>\n<p data-v-md-line=\"35\">O Bang King 85000 oferece 16 combina\u00e7\u00f5es de sabores diferentes, cada uma contendo v\u00e1rias op\u00e7\u00f5es de sabores. Aqui est\u00e3o alguns sabores:<\/p>\n<ul data-v-md-line=\"37\">\n<li>Melancia\/Red Bull\/Strawberry Kiwi<\/li>\n<li>Menta fresca\/p\u00eassego\/manga\/frutos tropicais<\/li>\n<li>Mirtilo Framboesa\/\u00c1gua de Lim\u00e3o Rosa\/Melancia Framboesa<\/li>\n<li>Cola de morango e baunilha\/Gelo de drag\u00e3o negro\/Gelo de p\u00eassego<\/li>\n<li>Amor 66\/Gelo de banana\/Donut de morango<\/li>\n<li>Coca-Cola Ice\/Coca-Cola Cereja\/Mr. Blue<\/li>\n<li>Dupla ma\u00e7\u00e3\/mistura de frutas\/gelo de anan\u00e1s<\/li>\n<li>Litchi Ice\/Mango Ice\/Tea gelado de lim\u00e3o<\/li>\n<li>Existem mais combina\u00e7\u00f5es dispon\u00edveis, incluindo bagas mistas, gelo de uva, gelo gordo e kiwi, maracuj\u00e1 e goiaba<\/li>\n<\/ul>\n<h2 data-v-md-heading=\"for-you-and-your-business\" data-v-md-line=\"47\">Para voc\u00ea e sua empresa<\/h2>\n<p data-v-md-line=\"49\">O Bang King 85000 est\u00e1 agora dispon\u00edvel para compra pessoal, mas se for propriet\u00e1rio de uma empresa e quiser armazenar alguns produtos verdadeiramente \u00fanicos, oferecemos embalagens por grosso em 200 unidades. Cada caixa de cart\u00e3o \u00e9 embalada de forma eficiente (48 x 47 x 27,6 cm, peso total de 26 kg) para facilitar o armazenamento e a gest\u00e3o do invent\u00e1rio. Fornecemos servi\u00e7os de entrega com direitos pagos (DDP) atrav\u00e9s de parceiros de confian\u00e7a como a UPS, DPD e DHL para garantir a entrega segura de todas as mercadorias sem se preocupar com taxas alfandeg\u00e1rias. A sua encomenda pode ser vendida ou utilizada \u00e0 chegada.<\/p>\n<h2 data-v-md-heading=\"reasons-why-you-will-like-it\" data-v-md-line=\"51\">Reasons why you will like it<\/h2>\n<p data-v-md-line=\"53\"><strong>85000 baforadas:<\/strong>\u00a0Para a maioria dos utilizadores, isto equivale a mais de 6 meses de tempo de utiliza\u00e7\u00e3o do vape - uma op\u00e7\u00e3o de grande valor<\/p>\n<p data-v-md-line=\"55\"><strong>Bobina de malha tripla:<\/strong>\u00a0Em compara\u00e7\u00e3o com os dispositivos de bobina \u00fanica, a estabilidade do sabor \u00e9 tr\u00eas vezes superior<\/p>\n<p data-v-md-line=\"57\"><strong>Dep\u00f3sito de combust\u00edvel de 63 ml de capacidade ultra grande:<\/strong>\u00a0Diga adeus ao problema de ficar completamente sem e-l\u00edquido<\/p>\n<p data-v-md-line=\"59\"><strong>Tipo C Carregamento:<\/strong>\u00a0Utiliza o mesmo cabo de carregamento que a maioria dos dispositivos modernos - c\u00f3modo e r\u00e1pido<\/p>\n<p data-v-md-line=\"61\"><strong>2% de nicotina:<\/strong>\u00a0Concentra\u00e7\u00e3o moderada de nicotina que satisfaz as suas necessidades sem ser demasiado estimulante<\/p>\n<p data-v-md-line=\"63\"><strong>Design compacto:<\/strong>\u00a0Apesar da sua enorme capacidade, pesa apenas 120 gramas e \u00e9 f\u00e1cil de transportar<\/p>\n<h2 data-v-md-heading=\"why-choose-agoravape\" data-v-md-line=\"65\">Por que escolher a AgoraVape?<\/h2>\n<p data-v-md-line=\"67\">Como um dos mais fi\u00e1veis distribuidores de vape na Europa, apenas vendemos produtos genu\u00ednos 100%. Para os nossos clientes empresariais, isto significa descontos no pre\u00e7o por grosso do Bang King 85000, apoio t\u00e9cnico fi\u00e1vel e servi\u00e7os de entrega r\u00e1pidos e fi\u00e1veis que cobrem toda a Europa. O Bang King 85000 n\u00e3o \u00e9 apenas um vape comum - pode desencadear discuss\u00f5es e os seus clientes ir\u00e3o certamente agradecer-lhe pela compra. Contacte-nos para adicionar um produto verdadeiramente \u00fanico \u00e0 sua linha de produtos.<\/p>","protected":false},"excerpt":{"rendered":"<p>&nbsp;<\/p>\n<p><script src=\"chrome-extension:\/\/fpelahbljekknahkcaegamhcndkfpfnc\/iFrame.js\" type=\"text\/javascript\"><\/script><\/p>\n<p><script src=\"chrome-extension:\/\/fpelahbljekknahkcaegamhcndkfpfnc\/iFrame.js\" type=\"text\/javascript\"><\/script><\/p>\n<p><script src=\"chrome-extension:\/\/fpelahbljekknahkcaegamhcndkfpfnc\/iFrame.js\" type=\"text\/javascript\"><\/script><\/p>\n<p><script src=\"chrome-extension:\/\/fpelahbljekknahkcaegamhcndkfpfnc\/iFrame.js\" type=\"text\/javascript\"><\/script><\/p>\n<p><script src=\"chrome-extension:\/\/fpelahbljekknahkcaegamhcndkfpfnc\/iFrame.js\" type=\"text\/javascript\"><\/script><\/p>\n<p><script src=\"chrome-extension:\/\/fpelahbljekknahkcaegamhcndkfpfnc\/iFrame.js\" type=\"text\/javascript\"><\/script><\/p>","protected":false},"featured_media":19961,"comment_status":"open","ping_status":"closed","template":"","meta":[],"product_brand":[197],"product_cat":[124,187,185,189,123,176,177,195,174,175,193,191,173,186,180,190],"product_tag":[],"class_list":{"0":"post-19940","1":"product","2":"type-product","3":"status-publish","4":"has-post-thumbnail","6":"product_brand-bang","7":"product_cat-vape-by-brand","8":"product_cat-0mg-nicotine-free-vapes","9":"product_cat-10000-puffs-high-capacity","10":"product_cat-20mg-standard-nicotine-vapes","11":"product_cat-bang","12":"product_cat-beverage","13":"product_cat-dessert-sweets","14":"product_cat-dual-flavor-switch","15":"product_cat-fruit-flavors","16":"product_cat-icy-mint","17":"product_cat-mesh-coil","18":"product_cat-rechargeable-disposables","19":"product_cat-vape-by-flavor-profile","20":"product_cat-vape-by-nicotine-strength","21":"product_cat-vape-by-puff-count","22":"product_cat-vape-by-feature-or-type","24":"first","25":"instock","26":"shipping-taxable","27":"purchasable","28":"product-type-variable","29":"has-default-attributes"},"tiered_pricing_type":"percentage","tiered_pricing_fixed_rules":[],"tiered_pricing_product_settings":{"layout":"default","base_unit_name":{"singular":null,"plural":null},"default_variation":null},"tiered_pricing_minimum_quantity":10,"tiered_pricing_roles_data":[],"tiered_pricing_percentage_rules":{"30":"29","50":"35","100":"40","200":"44","500":"47","1000":"49"},"tiered_pricing_maximum_quantity":null,"tiered_pricing_quantity_step":"10","_links":{"self":[{"href":"https:\/\/agoravape.com\/pt\/wp-json\/wp\/v2\/product\/19940","targetHints":{"allow":["GET"]}}],"collection":[{"href":"https:\/\/agoravape.com\/pt\/wp-json\/wp\/v2\/product"}],"about":[{"href":"https:\/\/agoravape.com\/pt\/wp-json\/wp\/v2\/types\/product"}],"replies":[{"embeddable":true,"href":"https:\/\/agoravape.com\/pt\/wp-json\/wp\/v2\/comments?post=19940"}],"version-history":[{"count":0,"href":"https:\/\/agoravape.com\/pt\/wp-json\/wp\/v2\/product\/19940\/revisions"}],"wp:featuredmedia":[{"embeddable":true,"href":"https:\/\/agoravape.com\/pt\/wp-json\/wp\/v2\/media\/19961"}],"wp:attachment":[{"href":"https:\/\/agoravape.com\/pt\/wp-json\/wp\/v2\/media?parent=19940"}],"wp:term":[{"taxonomy":"product_brand","embeddable":true,"href":"https:\/\/agoravape.com\/pt\/wp-json\/wp\/v2\/product_brand?post=19940"},{"taxonomy":"product_cat","embeddable":true,"href":"https:\/\/agoravape.com\/pt\/wp-json\/wp\/v2\/product_cat?post=19940"},{"taxonomy":"product_tag","embeddable":true,"href":"https:\/\/agoravape.com\/pt\/wp-json\/wp\/v2\/product_tag?post=19940"}],"curies":[{"name":"wp","href":"https:\/\/api.w.org\/{rel}","templated":true}]}}