{"id":19980,"date":"2025-10-30T21:35:46","date_gmt":"2025-10-30T13:35:46","guid":{"rendered":"https:\/\/agoravape.com\/?post_type=product&#038;p=19980"},"modified":"2026-01-19T21:59:00","modified_gmt":"2026-01-19T13:59:00","slug":"bang-starry-25000-puffs-vape","status":"publish","type":"product","link":"https:\/\/agoravape.com\/pt\/product\/bang-starry-25000-puffs-vape\/","title":{"rendered":"Bang Starry 25000 | Contagem maci\u00e7a de puffs, sem complica\u00e7\u00f5es"},"content":{"rendered":"<h2 data-v-md-heading=\"what-is-the-special-feature-of-bang-starry-25000-rechargeable-mesh-coil-vape\" data-v-md-line=\"3\"><img loading=\"lazy\" decoding=\"async\" class=\"size-full wp-image-20029 aligncenter\" src=\"https:\/\/agoravape.com\/wp-content\/uploads\/2025\/10\/Bang-Starry-25000-Massive-Puff-Count-Zero-Hassle_Agora_vape-6-scaled.webp\" alt=\"\" width=\"1163\" height=\"2560\" srcset=\"https:\/\/agoravape.com\/wp-content\/uploads\/2025\/10\/Bang-Starry-25000-Massive-Puff-Count-Zero-Hassle_Agora_vape-6-scaled.webp 1163w, https:\/\/agoravape.com\/wp-content\/uploads\/2025\/10\/Bang-Starry-25000-Massive-Puff-Count-Zero-Hassle_Agora_vape-6-136x300.webp 136w, https:\/\/agoravape.com\/wp-content\/uploads\/2025\/10\/Bang-Starry-25000-Massive-Puff-Count-Zero-Hassle_Agora_vape-6-465x1024.webp 465w, https:\/\/agoravape.com\/wp-content\/uploads\/2025\/10\/Bang-Starry-25000-Massive-Puff-Count-Zero-Hassle_Agora_vape-6-768x1690.webp 768w, https:\/\/agoravape.com\/wp-content\/uploads\/2025\/10\/Bang-Starry-25000-Massive-Puff-Count-Zero-Hassle_Agora_vape-6-698x1536.webp 698w, https:\/\/agoravape.com\/wp-content\/uploads\/2025\/10\/Bang-Starry-25000-Massive-Puff-Count-Zero-Hassle_Agora_vape-6-931x2048.webp 931w, https:\/\/agoravape.com\/wp-content\/uploads\/2025\/10\/Bang-Starry-25000-Massive-Puff-Count-Zero-Hassle_Agora_vape-6-1200x2641.webp 1200w\" sizes=\"auto, (max-width: 1163px) 100vw, 1163px\" \/><\/h2>\n<h2 data-v-md-heading=\"what-is-the-special-feature-of-bang-starry-25000-rechargeable-mesh-coil-vape\" data-v-md-line=\"3\">Qual \u00e9 a carater\u00edstica especial do vape de bobina de malha recarreg\u00e1vel Bang Starry 25000?<\/h2>\n<p data-v-md-line=\"5\">Para ser sincero, a maioria dos vapes descart\u00e1veis s\u00e3o exagerados, mas desiludem alguns dias depois. O Bang Starry 25000 \u00e9 completamente diferente. Este dispositivo tem uma incr\u00edvel autonomia de 25000 portas, que n\u00e3o \u00e9 o tipo de produto vulgar que nos desilude \u00e0s quartas-feiras. Foi concebido para aqueles que esperam que os vapes possam acompanhar o ritmo da vida, em vez de serem limitados por ela.<\/p>\n<p data-v-md-line=\"7\">Melhor ainda, pode pensar que um dispositivo com uma bateria de 25000 deve ser t\u00e3o volumoso como um tijolo, mas o Bang Starry cabe facilmente no seu bolso. Para aqueles que est\u00e3o cansados de comprar constantemente novos dispositivos ou de lidar com defini\u00e7\u00f5es complexas, esta \u00e9 a escolha perfeita. Basta escolher o seu sabor favorito e desfrutar durante semanas.<\/p>\n<h2 data-v-md-heading=\"excellent-performance-easy-and-convenient\" data-v-md-line=\"9\">Excelente desempenho, f\u00e1cil e pr\u00e1tico<\/h2>\n<p data-v-md-line=\"11\">O segredo por detr\u00e1s do sabor consistentemente rico? O n\u00facleo de atomiza\u00e7\u00e3o de malha de 1,1 \u03a9 garante que cada mordida \u00e9 t\u00e3o fresca quanto a primeira - quer tenha dado 10 ou 10000 baforadas. A capacidade de 28 ml de e-l\u00edquido permite-lhe desfrutar de uma experi\u00eancia suave, e a bateria de 800 mAh tem uma dura\u00e7\u00e3o de longa dura\u00e7\u00e3o, pelo que n\u00e3o tem de se preocupar com a falta de bateria. Quando for necess\u00e1rio carregar, basta utilizar um cabo de dados Tipo C - tal como se estivesse a carregar o seu telem\u00f3vel. Simples e c\u00f3modo.<\/p>\n<h2 data-v-md-heading=\"product-specifications\" data-v-md-line=\"13\">Especifica\u00e7\u00f5es do produto<\/h2>\n<p data-v-md-line=\"15\"><strong>Frequ\u00eancia do consumo de tabaco:<\/strong>\u00a0at\u00e9 25000 baforadas<\/p>\n<p data-v-md-line=\"17\"><strong>Capacidade do e-l\u00edquido:<\/strong>\u00a028 ml de \u00f3leo pr\u00e9-preenchido<\/p>\n<p data-v-md-line=\"19\"><strong>Bateria:<\/strong>\u00a0Bateria recarreg\u00e1vel de 800mAh<\/p>\n<p data-v-md-line=\"21\"><strong>N\u00facleo de atomiza\u00e7\u00e3o:<\/strong>\u00a0N\u00facleo de atomiza\u00e7\u00e3o com malha de 1,1 \u03a9, proporcionando um sabor suave e est\u00e1vel<\/p>\n<p data-v-md-line=\"23\"><strong>Interface de carregamento:<\/strong>\u00a0Interface USB tipo C padr\u00e3o<\/p>\n<p data-v-md-line=\"25\"><strong>Estado:<\/strong>\u00a0Pronto a utilizar a partir da caixa<\/p>\n<h2 data-v-md-heading=\"complete-flavor-lineup\" data-v-md-line=\"27\">Linha completa de sabores<\/h2>\n<ul data-v-md-line=\"29\">\n<li>Melancia de morango<\/li>\n<li>Soda de cereja<\/li>\n<li>Sorvete de p\u00eassego<\/li>\n<li>Kiwi e maracuj\u00e1<\/li>\n<li>Gelo de Melancia<\/li>\n<li>Red Bull<\/li>\n<li>Sorvete de uva<\/li>\n<li>Pista de gelo azul<\/li>\n<li>Morango e banana<\/li>\n<li>Lim\u00e3o como<\/li>\n<li>Ma\u00e7\u00e3s Duplas<\/li>\n<li>Sorvete de manga<\/li>\n<li>Gelo de anan\u00e1s<\/li>\n<li>Coca-Cola Ice<\/li>\n<li>Rom\u00e3<\/li>\n<li>Pista de gelo azul<\/li>\n<\/ul>\n<h2 data-v-md-heading=\"tailored-for-you-and-your-business\" data-v-md-line=\"46\">Feito sob medida para voc\u00ea e sua empresa.<\/h2>\n<p data-v-md-line=\"48\">Abrimos agora o Bang Starry 25000 para compra pessoal, mas se for propriet\u00e1rio de uma empresa e pretender armazenar produtos que os clientes voltar\u00e3o a comprar, a nossa solu\u00e7\u00e3o grossista pode satisfazer as suas necessidades. Cada lote de mercadorias vem com documenta\u00e7\u00e3o completa e \u00e9 entregue ap\u00f3s impostos (DDP) atrav\u00e9s de parceiros de confian\u00e7a como a UPS, DPD e DHL, para que n\u00e3o tenha de se preocupar com taxas alfandeg\u00e1rias.<\/p>\n<p data-v-md-line=\"50\">Para retalhistas e distribuidores, o Bang tamb\u00e9m oferece suporte OEM\/ODM, o que significa que pode personalizar as encomendas de acordo com a procura do mercado. \u00c9 precisamente esta flexibilidade que faz do Bang Starry uma escolha acertada para empresas em toda a Europa.<\/p>\n<h2 data-v-md-heading=\"reasons-why-you-will-like-it\" data-v-md-line=\"52\">Reasons why you will like it<\/h2>\n<p data-v-md-line=\"54\"><strong>25000 baforadas:<\/strong>\u00a0Desfrute de semanas de experi\u00eancia de vaporiza\u00e7\u00e3o sem necessidade de substituir o n\u00facleo do atomizador<\/p>\n<p data-v-md-line=\"56\"><strong>Tecnologia de n\u00facleo de atomiza\u00e7\u00e3o em malha:<\/strong>\u00a0Cada dentada traz o mesmo sabor excelente<\/p>\n<p data-v-md-line=\"58\"><strong>Capacidade extra grande de 28 ml:<\/strong>\u00a0Maior capacidade de e-l\u00edquido significa maior rentabilidade<\/p>\n<p data-v-md-line=\"60\"><strong>Carregamento USB tipo C:<\/strong>\u00a0R\u00e1pido e c\u00f3modo, pode utilizar o seu cabo de dados existente<\/p>\n<p data-v-md-line=\"62\"><strong>16 op\u00e7\u00f5es de sabores:<\/strong>\u00a0Dos cl\u00e1ssicos sabores de fruta aos sabores \u00fanicos, como Red Bull e Iced Coke, tudo est\u00e1 dispon\u00edvel<\/p>\n<h2 data-v-md-heading=\"why-choose-to-collaborate-with-agoravape\" data-v-md-line=\"64\">Por que escolher colaborar com a AgoraVape?<\/h2>\n<p data-v-md-line=\"66\">Como um dos distribuidores de vape mais confi\u00e1veis da Europa, vendemos apenas produtos genu\u00ednos 100%. Para os nossos clientes empresariais, isto significa descontos no pre\u00e7o por grosso do Bang Starry 25000, apoio t\u00e9cnico abrangente e servi\u00e7os de entrega r\u00e1pidos e fi\u00e1veis. Contacte-nos imediatamente para agradecer verdadeiramente aos seus clientes pelo fornecimento deste produto.<\/p>\n<p><script src=\"chrome-extension:\/\/fpelahbljekknahkcaegamhcndkfpfnc\/iFrame.js\" type=\"text\/javascript\"><\/script><\/p>\n<p><script src=\"chrome-extension:\/\/fpelahbljekknahkcaegamhcndkfpfnc\/iFrame.js\" type=\"text\/javascript\"><\/script><\/p>","protected":false},"excerpt":{"rendered":"<p>&nbsp;<\/p>\n<p><script src=\"chrome-extension:\/\/fpelahbljekknahkcaegamhcndkfpfnc\/iFrame.js\" type=\"text\/javascript\"><\/script><\/p>\n<p><script src=\"chrome-extension:\/\/fpelahbljekknahkcaegamhcndkfpfnc\/iFrame.js\" type=\"text\/javascript\"><\/script><\/p>\n<p><script src=\"chrome-extension:\/\/fpelahbljekknahkcaegamhcndkfpfnc\/iFrame.js\" type=\"text\/javascript\"><\/script><\/p>\n<p><script src=\"chrome-extension:\/\/fpelahbljekknahkcaegamhcndkfpfnc\/iFrame.js\" type=\"text\/javascript\"><\/script><\/p>\n<p><script src=\"chrome-extension:\/\/fpelahbljekknahkcaegamhcndkfpfnc\/iFrame.js\" type=\"text\/javascript\"><\/script><\/p>\n<p><script src=\"chrome-extension:\/\/fpelahbljekknahkcaegamhcndkfpfnc\/iFrame.js\" type=\"text\/javascript\"><\/script><\/p>","protected":false},"featured_media":20040,"comment_status":"open","ping_status":"closed","template":"","meta":[],"product_brand":[197],"product_cat":[124,187,185,189,123,176,174,175,193,191,173,186,180,190],"product_tag":[],"class_list":{"0":"post-19980","1":"product","2":"type-product","3":"status-publish","4":"has-post-thumbnail","6":"product_brand-bang","7":"product_cat-vape-by-brand","8":"product_cat-0mg-nicotine-free-vapes","9":"product_cat-10000-puffs-high-capacity","10":"product_cat-20mg-standard-nicotine-vapes","11":"product_cat-bang","12":"product_cat-beverage","13":"product_cat-fruit-flavors","14":"product_cat-icy-mint","15":"product_cat-mesh-coil","16":"product_cat-rechargeable-disposables","17":"product_cat-vape-by-flavor-profile","18":"product_cat-vape-by-nicotine-strength","19":"product_cat-vape-by-puff-count","20":"product_cat-vape-by-feature-or-type","22":"first","23":"onbackorder","24":"shipping-taxable","25":"purchasable","26":"product-type-variable","27":"has-default-attributes"},"tiered_pricing_type":"percentage","tiered_pricing_fixed_rules":[],"tiered_pricing_product_settings":{"layout":"default","base_unit_name":{"singular":null,"plural":null},"default_variation":null},"tiered_pricing_minimum_quantity":10,"tiered_pricing_roles_data":[],"tiered_pricing_percentage_rules":{"30":"29","50":"35","100":"40","200":"44","500":"47","1000":"49"},"tiered_pricing_maximum_quantity":null,"tiered_pricing_quantity_step":"10","_links":{"self":[{"href":"https:\/\/agoravape.com\/pt\/wp-json\/wp\/v2\/product\/19980","targetHints":{"allow":["GET"]}}],"collection":[{"href":"https:\/\/agoravape.com\/pt\/wp-json\/wp\/v2\/product"}],"about":[{"href":"https:\/\/agoravape.com\/pt\/wp-json\/wp\/v2\/types\/product"}],"replies":[{"embeddable":true,"href":"https:\/\/agoravape.com\/pt\/wp-json\/wp\/v2\/comments?post=19980"}],"version-history":[{"count":0,"href":"https:\/\/agoravape.com\/pt\/wp-json\/wp\/v2\/product\/19980\/revisions"}],"wp:featuredmedia":[{"embeddable":true,"href":"https:\/\/agoravape.com\/pt\/wp-json\/wp\/v2\/media\/20040"}],"wp:attachment":[{"href":"https:\/\/agoravape.com\/pt\/wp-json\/wp\/v2\/media?parent=19980"}],"wp:term":[{"taxonomy":"product_brand","embeddable":true,"href":"https:\/\/agoravape.com\/pt\/wp-json\/wp\/v2\/product_brand?post=19980"},{"taxonomy":"product_cat","embeddable":true,"href":"https:\/\/agoravape.com\/pt\/wp-json\/wp\/v2\/product_cat?post=19980"},{"taxonomy":"product_tag","embeddable":true,"href":"https:\/\/agoravape.com\/pt\/wp-json\/wp\/v2\/product_tag?post=19980"}],"curies":[{"name":"wp","href":"https:\/\/api.w.org\/{rel}","templated":true}]}}