{"id":20049,"date":"2025-10-31T10:19:54","date_gmt":"2025-10-31T02:19:54","guid":{"rendered":"https:\/\/agoravape.com\/?post_type=product&#038;p=20049"},"modified":"2026-02-22T15:15:29","modified_gmt":"2026-02-22T14:15:29","slug":"bang-tn-12000-kettle-vape","status":"publish","type":"product","link":"https:\/\/agoravape.com\/pt\/product\/bang-tn-12000-kettle-vape\/","title":{"rendered":"Bang TN 12000 | O Vape \u00fanico em forma de chaleira que dura semanas"},"content":{"rendered":"<h2 data-v-md-heading=\"what-are-the-special-features-of-bang-tn-12000-pot-shaped-disposable-vape\" data-v-md-line=\"3\"><img loading=\"lazy\" decoding=\"async\" class=\"size-full wp-image-20067 alignright\" src=\"https:\/\/agoravape.com\/wp-content\/uploads\/2025\/10\/Bang-TN-12000-The-Unique-Kettle-Shaped-Vape-That-Lasts-for-Weeks_Agora_vape-1.webp\" alt=\"\" width=\"1242\" height=\"771\" srcset=\"https:\/\/agoravape.com\/wp-content\/uploads\/2025\/10\/Bang-TN-12000-The-Unique-Kettle-Shaped-Vape-That-Lasts-for-Weeks_Agora_vape-1.webp 1242w, https:\/\/agoravape.com\/wp-content\/uploads\/2025\/10\/Bang-TN-12000-The-Unique-Kettle-Shaped-Vape-That-Lasts-for-Weeks_Agora_vape-1-1200x745.webp 1200w, https:\/\/agoravape.com\/wp-content\/uploads\/2025\/10\/Bang-TN-12000-The-Unique-Kettle-Shaped-Vape-That-Lasts-for-Weeks_Agora_vape-1-300x186.webp 300w, https:\/\/agoravape.com\/wp-content\/uploads\/2025\/10\/Bang-TN-12000-The-Unique-Kettle-Shaped-Vape-That-Lasts-for-Weeks_Agora_vape-1-1024x636.webp 1024w, https:\/\/agoravape.com\/wp-content\/uploads\/2025\/10\/Bang-TN-12000-The-Unique-Kettle-Shaped-Vape-That-Lasts-for-Weeks_Agora_vape-1-768x477.webp 768w, https:\/\/agoravape.com\/wp-content\/uploads\/2025\/10\/Bang-TN-12000-The-Unique-Kettle-Shaped-Vape-That-Lasts-for-Weeks_Agora_vape-1-886x550.webp 886w, https:\/\/agoravape.com\/wp-content\/uploads\/2025\/10\/Bang-TN-12000-The-Unique-Kettle-Shaped-Vape-That-Lasts-for-Weeks_Agora_vape-1-805x500.webp 805w\" sizes=\"auto, (max-width: 1242px) 100vw, 1242px\" \/><\/h2>\n<h2 data-v-md-heading=\"what-are-the-special-features-of-bang-tn-12000-pot-shaped-disposable-vape\" data-v-md-line=\"3\">Quais s\u00e3o as carater\u00edsticas especiais do vape descart\u00e1vel em forma de pote Bang TN 12000?<\/h2>\n<p data-v-md-line=\"5\">Este vape \u00e9 diferente dos outros, pode definitivamente destacar-se. O Bang TN 12000 n\u00e3o \u00e9 o t\u00edpico vape retangular que se encontra frequentemente no bolso. Tem um aspeto \u00fanico em forma de pote, cheio de personalidade e, mais importante, tem uma dura\u00e7\u00e3o de bateria de at\u00e9 12000 bocados, permitindo-lhe desfrutar de semanas em vez de dias.<\/p>\n<p data-v-md-line=\"7\">Se est\u00e1 cansado de substituir frequentemente os vapes descart\u00e1veis ou de se cansar dos mesmos vapes de sempre, ent\u00e3o este produto merece definitivamente a sua aten\u00e7\u00e3o. Adapta-se perfeitamente aos utilizadores que pretendem um vape fi\u00e1vel, duradouro, confort\u00e1vel e \u00fanico.<\/p>\n<h2 data-v-md-heading=\"excellent-performance-and-easy-operation\" data-v-md-line=\"9\">Excelente desempenho e opera\u00e7\u00e3o f\u00e1cil.<\/h2>\n<p data-v-md-line=\"11\">O n\u00facleo de atomiza\u00e7\u00e3o de malha de 1,1 \u03a9 garante um sabor consistente e suave da primeira \u00e0 \u00faltima mordida - despedindo-se do sabor queimado comum de dispositivos baratos. Com uma capacidade de 20 ml de e-l\u00edquido, pode desfrutar de uma experi\u00eancia de vaporiza\u00e7\u00e3o duradoura sem reabastecimentos frequentes. Quando a bateria de 650 mAh precisar de ser carregada, basta utilizar um cabo de dados Tipo C - tal como o que utiliza para carregar o seu telem\u00f3vel. \u00c9 simples assim.<\/p>\n<h2 data-v-md-heading=\"quick-specifications\" data-v-md-line=\"13\">Especifica\u00e7\u00f5es r\u00e1pidas<\/h2>\n<p data-v-md-line=\"15\"><strong>Frequ\u00eancia do consumo de tabaco:<\/strong>\u00a0at\u00e9 12000 baforadas<\/p>\n<p data-v-md-line=\"17\"><strong>Capacidade do e-l\u00edquido:<\/strong>\u00a020 ml de \u00f3leo pr\u00e9-preenchido<\/p>\n<p data-v-md-line=\"19\"><strong>Bateria:<\/strong>\u00a0Bateria recarreg\u00e1vel de 650mAh (bateria 18250)<\/p>\n<p data-v-md-line=\"21\"><strong>Utiliza\u00e7\u00e3o:<\/strong>\u00a0Inspire para ativar<\/p>\n<p data-v-md-line=\"23\"><strong>M\u00e9todo de carregamento:<\/strong>\u00a0Interface USB tipo C padr\u00e3o<\/p>\n<p data-v-md-line=\"25\"><strong>N\u00facleo de atomiza\u00e7\u00e3o:<\/strong>\u00a0N\u00facleo de atomiza\u00e7\u00e3o de malha de 1,1 \u03a9, proporcionando uma experi\u00eancia de fumo suave e est\u00e1vel<\/p>\n<p data-v-md-line=\"27\"><strong>Estado:<\/strong>\u00a0Pronto a utilizar a partir da caixa<\/p>\n<h2 data-v-md-heading=\"complete-flavor-lineup\" data-v-md-line=\"29\">Linha completa de sabores<\/h2>\n<ul data-v-md-line=\"31\">\n<li>Sorvete de mirtilo e framboesa<\/li>\n<li>Morango e Manga<\/li>\n<li>Morango e banana<\/li>\n<li>Gelo de Melancia<\/li>\n<li>Sr. Blueberry<\/li>\n<li>Sorvete de uva<\/li>\n<li>Como<\/li>\n<li>Molho de frutos mistos<\/li>\n<li>Lichia de morango<\/li>\n<li>Sorvete de morango<\/li>\n<li>Sorvete de p\u00eassego<\/li>\n<li>Melancia e morango<\/li>\n<\/ul>\n<h2 data-v-md-heading=\"tailored-for-you-and-your-business\" data-v-md-line=\"44\">Feito sob medida para voc\u00ea e sua empresa.<\/h2>\n<p data-v-md-line=\"46\">Cri\u00e1mos este impressionante produto TN 12000 para compra pessoal, mas se for propriet\u00e1rio de uma empresa e quiser fornecer aos clientes produtos \u00fanicos, pode optar pela nossa solu\u00e7\u00e3o de venda por grosso. O design da chaleira n\u00e3o \u00e9 um truque, mas faz com que estes produtos se destaquem nas suas prateleiras. Al\u00e9m disso, fornecemos servi\u00e7os de entrega com direitos pagos (DDP) atrav\u00e9s de parceiros de confian\u00e7a, como a UPS, a DPD e a DHL, garantindo que n\u00e3o tem de se preocupar com as taxas alfandeg\u00e1rias. As suas mercadorias ser\u00e3o entregues a tempo, com facilidade e sem preocupa\u00e7\u00f5es.<\/p>\n<h2 data-v-md-heading=\"reasons-why-you-will-like-it\" data-v-md-line=\"48\">Reasons why you will like it<\/h2>\n<p data-v-md-line=\"50\"><strong>Mais de 12000 picadas:<\/strong>\u00a0Permite-lhe desfrutar de semanas em vez de dias<\/p>\n<p data-v-md-line=\"52\"><strong>Design \u00fanico do pote:<\/strong>\u00a0Pega confort\u00e1vel, n\u00e3o \u00e9 f\u00e1cil de rolar da mesa<\/p>\n<p data-v-md-line=\"54\"><strong>20ml de e-l\u00edquido:<\/strong>\u00a0Mais e-l\u00edquido, mais valor para o dinheiro<\/p>\n<p data-v-md-line=\"56\"><strong>Bateria recarreg\u00e1vel:<\/strong>\u00a0Tire o m\u00e1ximo partido de cada gota de e-l\u00edquido que gasta<\/p>\n<p data-v-md-line=\"58\"><strong>Tecnologia de bobina de malha:<\/strong>\u00a0Sabor duradouro e est\u00e1vel<\/p>\n<p data-v-md-line=\"60\"><strong>12 op\u00e7\u00f5es de sabores:<\/strong>\u00a0Desde misturas de fruta a menta refrescante, h\u00e1 sempre uma que se adequa a si<\/p>\n<h2 data-v-md-heading=\"why-choose-to-collaborate-with-agoravape\" data-v-md-line=\"62\">Por que escolher colaborar com a AgoraVape?<\/h2>\n<p data-v-md-line=\"64\">Como um dos distribuidores de vape mais fi\u00e1veis da Europa, vendemos apenas produtos genu\u00ednos 100%. Para os nossos clientes empresariais, isto significa que os produtos Bang TN 12000 oferecer\u00e3o pre\u00e7os grossistas altamente competitivos, apoio p\u00f3s-venda fi\u00e1vel e servi\u00e7os de entrega r\u00e1pidos e est\u00e1veis. Contacte-nos imediatamente para adquirir este produto que satisfaz verdadeiramente os seus clientes - \u00e9 suficientemente \u00fanico para captar a sua aten\u00e7\u00e3o e suficientemente fi\u00e1vel para os tornar clientes habituais.<\/p>\n<p><script src=\"chrome-extension:\/\/fpelahbljekknahkcaegamhcndkfpfnc\/iFrame.js\" type=\"text\/javascript\"><\/script><\/p>","protected":false},"excerpt":{"rendered":"<p>&nbsp;<\/p>\n<p><script src=\"chrome-extension:\/\/fpelahbljekknahkcaegamhcndkfpfnc\/iFrame.js\" type=\"text\/javascript\"><\/script><\/p>\n<p><script src=\"chrome-extension:\/\/fpelahbljekknahkcaegamhcndkfpfnc\/iFrame.js\" type=\"text\/javascript\"><\/script><\/p>\n<p><script src=\"chrome-extension:\/\/fpelahbljekknahkcaegamhcndkfpfnc\/iFrame.js\" type=\"text\/javascript\"><\/script><\/p>\n<p><script src=\"chrome-extension:\/\/fpelahbljekknahkcaegamhcndkfpfnc\/iFrame.js\" type=\"text\/javascript\"><\/script><\/p>\n<p><script src=\"chrome-extension:\/\/fpelahbljekknahkcaegamhcndkfpfnc\/iFrame.js\" type=\"text\/javascript\"><\/script><\/p>\n<p><script src=\"chrome-extension:\/\/fpelahbljekknahkcaegamhcndkfpfnc\/iFrame.js\" type=\"text\/javascript\"><\/script><\/p>\n<p><script src=\"chrome-extension:\/\/fpelahbljekknahkcaegamhcndkfpfnc\/iFrame.js\" type=\"text\/javascript\"><\/script><\/p>\n<p><script src=\"chrome-extension:\/\/fpelahbljekknahkcaegamhcndkfpfnc\/iFrame.js\" type=\"text\/javascript\"><\/script><\/p>","protected":false},"featured_media":20078,"comment_status":"open","ping_status":"closed","template":"","meta":[],"product_brand":[197],"product_cat":[124,187,185,1634,189,123,174,175,193,191,179,173,186,180,190],"product_tag":[],"class_list":{"0":"post-20049","1":"product","2":"type-product","3":"status-publish","4":"has-post-thumbnail","6":"product_brand-bang","7":"product_cat-vape-by-brand","8":"product_cat-0mg-nicotine-free-vapes","9":"product_cat-10000-puffs-high-capacity","10":"product_cat-12000-puffs","11":"product_cat-20mg-standard-nicotine-vapes","12":"product_cat-bang","13":"product_cat-fruit-flavors","14":"product_cat-icy-mint","15":"product_cat-mesh-coil","16":"product_cat-rechargeable-disposables","17":"product_cat-unique-blends","18":"product_cat-vape-by-flavor-profile","19":"product_cat-vape-by-nicotine-strength","20":"product_cat-vape-by-puff-count","21":"product_cat-vape-by-feature-or-type","23":"first","24":"onbackorder","25":"shipping-taxable","26":"purchasable","27":"product-type-variable","28":"has-default-attributes"},"tiered_pricing_type":"percentage","tiered_pricing_fixed_rules":[],"tiered_pricing_product_settings":{"layout":"default","base_unit_name":{"singular":null,"plural":null},"default_variation":null},"tiered_pricing_minimum_quantity":10,"tiered_pricing_roles_data":[],"tiered_pricing_percentage_rules":{"30":"29","50":"35","100":"40","200":"44","500":"47","1000":"49"},"tiered_pricing_maximum_quantity":null,"tiered_pricing_quantity_step":"10","_links":{"self":[{"href":"https:\/\/agoravape.com\/pt\/wp-json\/wp\/v2\/product\/20049","targetHints":{"allow":["GET"]}}],"collection":[{"href":"https:\/\/agoravape.com\/pt\/wp-json\/wp\/v2\/product"}],"about":[{"href":"https:\/\/agoravape.com\/pt\/wp-json\/wp\/v2\/types\/product"}],"replies":[{"embeddable":true,"href":"https:\/\/agoravape.com\/pt\/wp-json\/wp\/v2\/comments?post=20049"}],"version-history":[{"count":0,"href":"https:\/\/agoravape.com\/pt\/wp-json\/wp\/v2\/product\/20049\/revisions"}],"wp:featuredmedia":[{"embeddable":true,"href":"https:\/\/agoravape.com\/pt\/wp-json\/wp\/v2\/media\/20078"}],"wp:attachment":[{"href":"https:\/\/agoravape.com\/pt\/wp-json\/wp\/v2\/media?parent=20049"}],"wp:term":[{"taxonomy":"product_brand","embeddable":true,"href":"https:\/\/agoravape.com\/pt\/wp-json\/wp\/v2\/product_brand?post=20049"},{"taxonomy":"product_cat","embeddable":true,"href":"https:\/\/agoravape.com\/pt\/wp-json\/wp\/v2\/product_cat?post=20049"},{"taxonomy":"product_tag","embeddable":true,"href":"https:\/\/agoravape.com\/pt\/wp-json\/wp\/v2\/product_tag?post=20049"}],"curies":[{"name":"wp","href":"https:\/\/api.w.org\/{rel}","templated":true}]}}