{"id":20080,"date":"2025-10-31T10:57:56","date_gmt":"2025-10-31T02:57:56","guid":{"rendered":"https:\/\/agoravape.com\/?post_type=product&#038;p=20080"},"modified":"2026-02-22T15:14:39","modified_gmt":"2026-02-22T14:14:39","slug":"fluum-box-12000-puffs-vape","status":"publish","type":"product","link":"https:\/\/agoravape.com\/pt\/product\/fluum-box-12000-puffs-vape\/","title":{"rendered":"Fluum Box 12000 | Puffs maci\u00e7os, sem complica\u00e7\u00f5es"},"content":{"rendered":"<h2 data-v-md-heading=\"what-is-special-about-fluum-box-12000\" data-v-md-line=\"3\"><img loading=\"lazy\" decoding=\"async\" class=\"wp-image-20100 size-full alignright\" src=\"https:\/\/agoravape.com\/wp-content\/uploads\/2025\/10\/Fluum-Box-12000-Massive-Puffs-Zero-Hassle_Agora_vape-7.webp\" alt=\"\" width=\"1080\" height=\"1678\" srcset=\"https:\/\/agoravape.com\/wp-content\/uploads\/2025\/10\/Fluum-Box-12000-Massive-Puffs-Zero-Hassle_Agora_vape-7.webp 1080w, https:\/\/agoravape.com\/wp-content\/uploads\/2025\/10\/Fluum-Box-12000-Massive-Puffs-Zero-Hassle_Agora_vape-7-193x300.webp 193w, https:\/\/agoravape.com\/wp-content\/uploads\/2025\/10\/Fluum-Box-12000-Massive-Puffs-Zero-Hassle_Agora_vape-7-659x1024.webp 659w, https:\/\/agoravape.com\/wp-content\/uploads\/2025\/10\/Fluum-Box-12000-Massive-Puffs-Zero-Hassle_Agora_vape-7-768x1193.webp 768w, https:\/\/agoravape.com\/wp-content\/uploads\/2025\/10\/Fluum-Box-12000-Massive-Puffs-Zero-Hassle_Agora_vape-7-989x1536.webp 989w\" sizes=\"auto, (max-width: 1080px) 100vw, 1080px\" \/><\/h2>\n<h2 data-v-md-heading=\"what-is-special-about-fluum-box-12000\" data-v-md-line=\"3\">O que tem de especial a Fluum Box 12000?<\/h2>\n<p data-v-md-line=\"5\">Se est\u00e1 cansado de vaporizadores descart\u00e1veis que n\u00e3o duram muito tempo, ent\u00e3o este produto vai satisfaz\u00ea-lo definitivamente. O Fluum Box 12000 pode fornecer at\u00e9 12000 baforadas de bateria de uma s\u00f3 vez - o suficiente para desfrutar de semanas de experi\u00eancia de vaporiza\u00e7\u00e3o em vez de apenas alguns dias. Para os utilizadores que pretendem uma experi\u00eancia de vaporiza\u00e7\u00e3o fi\u00e1vel e rica sem estarem sempre preocupados com a possibilidade de ficarem sem e-l\u00edquido, esta \u00e9 a escolha perfeita.<\/p>\n<p data-v-md-line=\"7\">Test\u00e1mos muitos vaporizadores de grande capacidade e, para ser sincero, a maioria deles \u00e9 t\u00e3o volumosa como um tijolo. Mas a Fluum Box conseguiu-o - tem uma capacidade t\u00e3o grande sem qualquer sensa\u00e7\u00e3o de ser um banco de pot\u00eancia port\u00e1til. Adopta um design quadrado confort\u00e1vel com uma excelente ader\u00eancia, e a superf\u00edcie mate garante que n\u00e3o escorregar\u00e1 da sua m\u00e3o quando sair.<\/p>\n<h2 data-v-md-heading=\"excellent-performance-easy-and-convenient\" data-v-md-line=\"9\">Excelente desempenho, f\u00e1cil e pr\u00e1tico<\/h2>\n<p data-v-md-line=\"11\">O segredo para o sabor consistente do Fluum Box reside no seu n\u00facleo atomizador de malha de 1,1 \u03a9 - pode aquecer uniformemente o e-l\u00edquido, garantindo que cada mordida seja t\u00e3o deliciosa quanto a primeira. Diga adeus ao sabor a queimado, diga adeus \u00e0 sensa\u00e7\u00e3o de fraqueza repentina a meio. Desfrute de uma experi\u00eancia de vapor suave e satisfat\u00f3ria do in\u00edcio ao fim. A bateria de 650mAh tem uma capacidade muito pequena e, quando precisar de ser carregada (o que n\u00e3o \u00e9 comum), basta lig\u00e1-la a qualquer cabo de dados Tipo C - muito provavelmente o que utiliza para carregar o seu telem\u00f3vel. Simples e c\u00f3modo.<\/p>\n<h2 data-v-md-heading=\"quick-specifications\" data-v-md-line=\"13\">Especifica\u00e7\u00f5es r\u00e1pidas<\/h2>\n<p data-v-md-line=\"15\"><strong>Frequ\u00eancia do consumo de tabaco:<\/strong>\u00a0at\u00e9 12000 baforadas<\/p>\n<p data-v-md-line=\"17\"><strong>Capacidade do e-l\u00edquido:<\/strong>\u00a020 ml de \u00f3leo pr\u00e9-preenchido<\/p>\n<p data-v-md-line=\"19\"><strong>Bateria:<\/strong>\u00a0Bateria recarreg\u00e1vel de 650mAh<\/p>\n<p data-v-md-line=\"21\"><strong>N\u00facleo de atomiza\u00e7\u00e3o:<\/strong>\u00a0N\u00facleo de atomiza\u00e7\u00e3o de malha de 1,1 \u03a9, proporcionando uma del\u00edcia consistente<\/p>\n<p data-v-md-line=\"23\"><strong>Utiliza\u00e7\u00e3o:<\/strong>\u00a0Inspire para ativar<\/p>\n<p data-v-md-line=\"25\"><strong>M\u00e9todo de carregamento:<\/strong>\u00a0Interface USB tipo C padr\u00e3o<\/p>\n<p data-v-md-line=\"27\"><strong>Estado:<\/strong>\u00a0Pronto a utilizar a partir da caixa<\/p>\n<h2 data-v-md-heading=\"complete-flavor-lineup\" data-v-md-line=\"29\">Linha completa de sabores<\/h2>\n<ul data-v-md-line=\"31\">\n<li>Melancia de morango<\/li>\n<li>Morango e Manga<\/li>\n<li>Tr\u00eas Frutas Vermelhas<\/li>\n<li>Gelo de Melancia<\/li>\n<li>Manga P\u00eassego<\/li>\n<li>Mirtilos e framboesas<\/li>\n<li>Sorvete de p\u00eassego<\/li>\n<li>Pista de gelo azul<\/li>\n<li>Ma\u00e7\u00e3s azedas<\/li>\n<li>morango kiwi<\/li>\n<li>Kiwi, maracuj\u00e1, goiaba<\/li>\n<li>Sorvete de uva<\/li>\n<\/ul>\n<h2 data-v-md-heading=\"tailored-for-you-and-your-business\" data-v-md-line=\"44\">Feito sob medida para voc\u00ea e sua empresa.<\/h2>\n<p data-v-md-line=\"46\">Lan\u00e7\u00e1mos agora a Fluum Box 12000, que pode ser adquirida separadamente ou optar pela nossa solu\u00e7\u00e3o grossista para compras a granel. Cada dispositivo \u00e9 devidamente embalado e pode ser vendido diretamente. Trabalhamos com parceiros de confian\u00e7a, como a UPS, DPD e DHL, utilizando o envio DDP para cobrir todas as tarifas de importa\u00e7\u00e3o, para que n\u00e3o tenha de se preocupar com taxas alfandeg\u00e1rias. Basta entregar facilmente \u00e0 sua porta ou na sua loja.<\/p>\n<p data-v-md-line=\"48\">O n\u00famero de produto (FLUUM-Box-12000) torna o reabastecimento simples e r\u00e1pido. Oferecemos 12 op\u00e7\u00f5es de sabores para proporcionar aos seus clientes uma vasta sele\u00e7\u00e3o. Desde o refrescante gelo de melancia at\u00e9 aos sabores tropicais de mistura de kiwi, maracuj\u00e1 e goiaba, h\u00e1 sempre um que se adequa \u00e0s suas prefer\u00eancias de gosto.<\/p>\n<h2 data-v-md-heading=\"reasons-why-you-will-like-it\" data-v-md-line=\"50\">Reasons why you will like it<\/h2>\n<p data-v-md-line=\"52\"><strong>12000 portas:<\/strong>\u00a0Bateria com autonomia para semanas, n\u00e3o dias - uma op\u00e7\u00e3o de grande valor<\/p>\n<p data-v-md-line=\"54\"><strong>20ml de e-l\u00edquido:<\/strong>\u00a0Maior capacidade, boa rela\u00e7\u00e3o qualidade\/pre\u00e7o<\/p>\n<p data-v-md-line=\"56\"><strong>Bateria recarreg\u00e1vel:<\/strong>\u00a0Utilize totalmente cada gota de e-l\u00edquido e nunca o desperdice<\/p>\n<p data-v-md-line=\"58\"><strong>Tecnologia de bobina de malha:<\/strong>\u00a0Sabor suave e consistente desde a primeira at\u00e9 \u00e0 \u00faltima dentada<\/p>\n<p data-v-md-line=\"60\"><strong>Tipo C Carregamento:<\/strong>\u00a0Utiliza o mesmo cabo de carregamento que a maioria dos dispositivos modernos<\/p>\n<p data-v-md-line=\"62\"><strong>12 op\u00e7\u00f5es de sabores:<\/strong>\u00a0De frutado a refrescante, h\u00e1 sempre um que se adequa a si<\/p>\n<h2 data-v-md-heading=\"why-choose-to-collaborate-with-agoravape\" data-v-md-line=\"64\">Por que escolher colaborar com a AgoraVape?<\/h2>\n<p data-v-md-line=\"66\">Como um dos distribuidores de vape mais confi\u00e1veis da Europa, vendemos apenas produtos genu\u00ednos 100%. Para nossos clientes corporativos, isso significa pre\u00e7os com desconto no atacado, suporte t\u00e9cnico abrangente e servi\u00e7os de entrega r\u00e1pidos e confi\u00e1veis para o Fluum Box 12000. Contacte-nos para agradecer verdadeiramente aos seus clientes por fornecerem este produto.<\/p>\n<p><script src=\"chrome-extension:\/\/fpelahbljekknahkcaegamhcndkfpfnc\/iFrame.js\" type=\"text\/javascript\"><\/script><\/p>","protected":false},"excerpt":{"rendered":"<p>&nbsp;<\/p>\n<p><script src=\"chrome-extension:\/\/fpelahbljekknahkcaegamhcndkfpfnc\/iFrame.js\" type=\"text\/javascript\"><\/script><\/p>\n<p><script src=\"chrome-extension:\/\/fpelahbljekknahkcaegamhcndkfpfnc\/iFrame.js\" type=\"text\/javascript\"><\/script><\/p>\n<p><script src=\"chrome-extension:\/\/fpelahbljekknahkcaegamhcndkfpfnc\/iFrame.js\" type=\"text\/javascript\"><\/script><\/p>\n<p><script src=\"chrome-extension:\/\/fpelahbljekknahkcaegamhcndkfpfnc\/iFrame.js\" type=\"text\/javascript\"><\/script><\/p>\n<p><script src=\"chrome-extension:\/\/fpelahbljekknahkcaegamhcndkfpfnc\/iFrame.js\" type=\"text\/javascript\"><\/script><\/p>\n<p><script src=\"chrome-extension:\/\/fpelahbljekknahkcaegamhcndkfpfnc\/iFrame.js\" type=\"text\/javascript\"><\/script><\/p>\n<p><script src=\"chrome-extension:\/\/fpelahbljekknahkcaegamhcndkfpfnc\/iFrame.js\" type=\"text\/javascript\"><\/script><\/p>","protected":false},"featured_media":20106,"comment_status":"open","ping_status":"closed","template":"","meta":[],"product_brand":[197],"product_cat":[124,187,185,1634,189,123,174,175,193,191,179,173,186,180,190],"product_tag":[],"class_list":{"0":"post-20080","1":"product","2":"type-product","3":"status-publish","4":"has-post-thumbnail","6":"product_brand-bang","7":"product_cat-vape-by-brand","8":"product_cat-0mg-nicotine-free-vapes","9":"product_cat-10000-puffs-high-capacity","10":"product_cat-12000-puffs","11":"product_cat-20mg-standard-nicotine-vapes","12":"product_cat-bang","13":"product_cat-fruit-flavors","14":"product_cat-icy-mint","15":"product_cat-mesh-coil","16":"product_cat-rechargeable-disposables","17":"product_cat-unique-blends","18":"product_cat-vape-by-flavor-profile","19":"product_cat-vape-by-nicotine-strength","20":"product_cat-vape-by-puff-count","21":"product_cat-vape-by-feature-or-type","23":"first","24":"onbackorder","25":"shipping-taxable","26":"purchasable","27":"product-type-variable","28":"has-default-attributes"},"tiered_pricing_type":"percentage","tiered_pricing_fixed_rules":[],"tiered_pricing_product_settings":{"layout":"default","base_unit_name":{"singular":null,"plural":null},"default_variation":null},"tiered_pricing_minimum_quantity":10,"tiered_pricing_roles_data":[],"tiered_pricing_percentage_rules":{"30":"29","50":"35","100":"40","200":"44","500":"47","1000":"49"},"tiered_pricing_maximum_quantity":null,"tiered_pricing_quantity_step":"10","_links":{"self":[{"href":"https:\/\/agoravape.com\/pt\/wp-json\/wp\/v2\/product\/20080","targetHints":{"allow":["GET"]}}],"collection":[{"href":"https:\/\/agoravape.com\/pt\/wp-json\/wp\/v2\/product"}],"about":[{"href":"https:\/\/agoravape.com\/pt\/wp-json\/wp\/v2\/types\/product"}],"replies":[{"embeddable":true,"href":"https:\/\/agoravape.com\/pt\/wp-json\/wp\/v2\/comments?post=20080"}],"version-history":[{"count":0,"href":"https:\/\/agoravape.com\/pt\/wp-json\/wp\/v2\/product\/20080\/revisions"}],"wp:featuredmedia":[{"embeddable":true,"href":"https:\/\/agoravape.com\/pt\/wp-json\/wp\/v2\/media\/20106"}],"wp:attachment":[{"href":"https:\/\/agoravape.com\/pt\/wp-json\/wp\/v2\/media?parent=20080"}],"wp:term":[{"taxonomy":"product_brand","embeddable":true,"href":"https:\/\/agoravape.com\/pt\/wp-json\/wp\/v2\/product_brand?post=20080"},{"taxonomy":"product_cat","embeddable":true,"href":"https:\/\/agoravape.com\/pt\/wp-json\/wp\/v2\/product_cat?post=20080"},{"taxonomy":"product_tag","embeddable":true,"href":"https:\/\/agoravape.com\/pt\/wp-json\/wp\/v2\/product_tag?post=20080"}],"curies":[{"name":"wp","href":"https:\/\/api.w.org\/{rel}","templated":true}]}}