{"id":20109,"date":"2025-10-31T11:05:58","date_gmt":"2025-10-31T03:05:58","guid":{"rendered":"https:\/\/agoravape.com\/?post_type=product&#038;p=20109"},"modified":"2026-02-22T15:15:18","modified_gmt":"2026-02-22T14:15:18","slug":"fluum-box-15000-puffs-display-vape","status":"publish","type":"product","link":"https:\/\/agoravape.com\/pt\/product\/fluum-box-15000-puffs-display-vape\/","title":{"rendered":"Fluum Box 15000 | O vape inteligente que realmente dura"},"content":{"rendered":"<h2 data-v-md-heading=\"what-is-the-special-feature-of-fluum-box-15000-vape-with-display-screen\" data-v-md-line=\"3\"><img loading=\"lazy\" decoding=\"async\" class=\"aligncenter size-full wp-image-20123\" src=\"https:\/\/agoravape.com\/wp-content\/uploads\/2025\/10\/Fluum-Box-15000-The-Smart-Vape-That-Actually-Lasts_Agora_vape-1-scaled.webp\" alt=\"\" width=\"1091\" height=\"2560\" srcset=\"https:\/\/agoravape.com\/wp-content\/uploads\/2025\/10\/Fluum-Box-15000-The-Smart-Vape-That-Actually-Lasts_Agora_vape-1-scaled.webp 1091w, https:\/\/agoravape.com\/wp-content\/uploads\/2025\/10\/Fluum-Box-15000-The-Smart-Vape-That-Actually-Lasts_Agora_vape-1-128x300.webp 128w, https:\/\/agoravape.com\/wp-content\/uploads\/2025\/10\/Fluum-Box-15000-The-Smart-Vape-That-Actually-Lasts_Agora_vape-1-437x1024.webp 437w, https:\/\/agoravape.com\/wp-content\/uploads\/2025\/10\/Fluum-Box-15000-The-Smart-Vape-That-Actually-Lasts_Agora_vape-1-768x1802.webp 768w, https:\/\/agoravape.com\/wp-content\/uploads\/2025\/10\/Fluum-Box-15000-The-Smart-Vape-That-Actually-Lasts_Agora_vape-1-655x1536.webp 655w, https:\/\/agoravape.com\/wp-content\/uploads\/2025\/10\/Fluum-Box-15000-The-Smart-Vape-That-Actually-Lasts_Agora_vape-1-873x2048.webp 873w, https:\/\/agoravape.com\/wp-content\/uploads\/2025\/10\/Fluum-Box-15000-The-Smart-Vape-That-Actually-Lasts_Agora_vape-1-1200x2815.webp 1200w\" sizes=\"auto, (max-width: 1091px) 100vw, 1091px\" \/><\/h2>\n<h2 data-v-md-heading=\"what-is-the-special-feature-of-fluum-box-15000-vape-with-display-screen\" data-v-md-line=\"3\">Qual \u00e9 a carater\u00edstica especial do Fluum Box 15000 vape com ecr\u00e3?<\/h2>\n<p data-v-md-line=\"5\">Este vape descart\u00e1vel vai impression\u00e1-lo definitivamente, sem necessidade de adivinhar o n\u00edvel da bateria ou o e-l\u00edquido restante. O Fluum Box 15000 n\u00e3o \u00e9 apenas um vaporizador de alta capacidade, tem tamb\u00e9m um ecr\u00e3 incorporado que mostra claramente a dura\u00e7\u00e3o restante da bateria e o n\u00edvel de e-l\u00edquido. Diga adeus \u00e0 preocupa\u00e7\u00e3o de ficar sem bateria para os vapores a partir de agora. Este dispositivo tem uma dura\u00e7\u00e3o de bateria de 15000 portas, o que lhe permite desfrutar de semanas de utiliza\u00e7\u00e3o fi\u00e1vel sem a necessidade de compras de substitui\u00e7\u00e3o frequentes.<\/p>\n<p data-v-md-line=\"7\">Para quem est\u00e1 farto de adivinhar o n\u00edvel da bateria e o l\u00edquido eletr\u00f3nico restante dos vapes tradicionais, esta \u00e9 a escolha perfeita. J\u00e1 alguma vez teve o problema de um dispositivo deixar de funcionar de repente e n\u00e3o conseguir determinar se a bateria est\u00e1 descarregada ou se o e-l\u00edquido se esgotou? Com ele, tudo se resolver\u00e1 facilmente. O ecr\u00e3 mostrar\u00e1 a dura\u00e7\u00e3o restante da bateria em tempo real e a capacidade de 25 ml de e-l\u00edquido \u00e9 suficiente para o surpreender com a sua dura\u00e7\u00e3o.<\/p>\n<h2 data-v-md-heading=\"excellent-performance-and-easy-operation\" data-v-md-line=\"9\">Excelente desempenho e opera\u00e7\u00e3o f\u00e1cil.<\/h2>\n<p data-v-md-line=\"11\">O n\u00facleo do atomizador de malha incorporado (com uma resist\u00eancia de 1,1 \u03a9, se estiver curioso) garante um sabor fresco e completo em cada dentada, despedindo-se do comum sabor a queimado dos dispositivos baratos. A bateria de 650mAh pode ser carregada atrav\u00e9s da interface Tipo C. Quando o ecr\u00e3 apresentar pouca bateria, basta utilizar o mesmo cabo de dados com que normalmente carrega o telem\u00f3vel. O ecr\u00e3 n\u00e3o \u00e9 apenas um truque, pode mesmo ajud\u00e1-lo a planear o tempo de carregamento com anteced\u00eancia.<\/p>\n<h2 data-v-md-heading=\"quick-specifications\" data-v-md-line=\"13\">Especifica\u00e7\u00f5es r\u00e1pidas<\/h2>\n<p data-v-md-line=\"15\"><strong>Frequ\u00eancia do consumo de tabaco:<\/strong>\u00a0at\u00e9 15000 baforadas<\/p>\n<p data-v-md-line=\"17\"><strong>Capacidade do e-l\u00edquido:<\/strong>\u00a025 ml de \u00f3leo pr\u00e9-preenchido<\/p>\n<p data-v-md-line=\"19\"><strong>Ecr\u00e3 de visualiza\u00e7\u00e3o:<\/strong>\u00a0O ecr\u00e3 LED apresenta o n\u00edvel da bateria e a quantidade de e-l\u00edquido restante<\/p>\n<p data-v-md-line=\"21\"><strong>Utiliza\u00e7\u00e3o:<\/strong>\u00a0Inspire para ativar<\/p>\n<p data-v-md-line=\"23\"><strong>M\u00e9todo de carregamento:<\/strong>\u00a0Interface USB tipo C padr\u00e3o<\/p>\n<p data-v-md-line=\"25\"><strong>N\u00facleo de atomiza\u00e7\u00e3o:<\/strong>\u00a0N\u00facleo de atomiza\u00e7\u00e3o de malha de 1,1 \u03a9, proporcionando uma del\u00edcia consistente<\/p>\n<p data-v-md-line=\"27\"><strong>Bateria:<\/strong>\u00a0Bateria recarreg\u00e1vel de 650mAh<\/p>\n<p data-v-md-line=\"29\"><strong>Estado:<\/strong>\u00a0Pronto a utilizar a partir da caixa<\/p>\n<h2 data-v-md-heading=\"complete-flavor-lineup\" data-v-md-line=\"31\">Linha completa de sabores<\/h2>\n<ul data-v-md-line=\"33\">\n<li>Melancia de morango<\/li>\n<li>Morango e Manga<\/li>\n<li>Tr\u00eas Frutas Vermelhas<\/li>\n<li>Gelo de Melancia<\/li>\n<li>Manga P\u00eassego<\/li>\n<li>Mirtilos e framboesas<\/li>\n<li>Sorvete de p\u00eassego<\/li>\n<li>Pista de gelo azul<\/li>\n<li>Ma\u00e7\u00e3s azedas<\/li>\n<li>morango kiwi<\/li>\n<li>Kiwi, maracuj\u00e1, goiaba<\/li>\n<li>Sorvete de uva<\/li>\n<\/ul>\n<h2 data-v-md-heading=\"for-commercial-use-by-you-and-your-family-friends\" data-v-md-line=\"46\">Para utiliza\u00e7\u00e3o comercial por si e pela sua fam\u00edlia\/amigos<\/h2>\n<p data-v-md-line=\"48\">A Fluum Box 15000 est\u00e1 agora dispon\u00edvel para compra pessoal, mas se for propriet\u00e1rio de uma empresa e quiser fazer uma reserva de produtos que os clientes voltar\u00e3o efetivamente a comprar, pode encomendar embalagens por grosso por 200 unidades\/caixa. Cada caixa de cart\u00e3o mede 64 x 34,5 x 25 cent\u00edmetros para facilitar a arruma\u00e7\u00e3o. Trabalhamos com parceiros de confian\u00e7a, como a UPS, a DPD e a DHL, para tratar de todos os assuntos relacionados com o envio - todas as mercadorias foram tributadas (DDP), pelo que n\u00e3o tem de se preocupar com quaisquer taxas alfandeg\u00e1rias adicionais. Proporcionar-lhe-emos um servi\u00e7o de entrega ao domic\u00edlio simples e fi\u00e1vel.<\/p>\n<p data-v-md-line=\"50\">O ecr\u00e3 de visualiza\u00e7\u00e3o pode parecer insignificante, mas \u00e9 precisamente ele que eleva este produto de um vaporizador comum a um produto que os clientes recomendariam verdadeiramente aos seus amigos. Resolve os problemas pr\u00e1ticos que as pessoas encontram quando utilizam vaporizadores, o que \u00e9 a chave para fidelizar os utilizadores.<\/p>\n<h2 data-v-md-heading=\"reasons-why-you-will-like-it\" data-v-md-line=\"52\">Reasons why you will like it<\/h2>\n<p data-v-md-line=\"54\"><strong>Ecr\u00e3 de visualiza\u00e7\u00e3o:<\/strong>\u00a0N\u00e3o precisa de adivinhar - pode sempre saber claramente quando deve carregar ou quando est\u00e1 prestes a ficar totalmente carregado<\/p>\n<p data-v-md-line=\"56\"><strong>15000 unidades:<\/strong>\u00a0Um dispositivo pode satisfazer as suas necessidades de vaporiza\u00e7\u00e3o durante v\u00e1rias semanas<\/p>\n<p data-v-md-line=\"58\"><strong>Grande capacidade de armazenamento de e-l\u00edquidos de 25 ml:<\/strong>\u00a0A capacidade adequada do e-l\u00edquido garante uma consist\u00eancia deliciosa do primeiro ao \u00faltimo gole<\/p>\n<p data-v-md-line=\"60\"><strong>Tipo C Carregamento:<\/strong>\u00a0Utilize o seu cabo de carregamento existente para carregar<\/p>\n<p data-v-md-line=\"62\"><strong>12 sabores:<\/strong>\u00a0Dos cl\u00e1ssicos sabores de fruta aos refrescantes sabores mistos, h\u00e1 sempre um que se adequa a si<\/p>\n<p data-v-md-line=\"64\"><strong>Tecnologia de bobina de malha:<\/strong>\u00a0proporciona um sabor suave e rico, evitando a irrita\u00e7\u00e3o da garganta<\/p>\n<h2 data-v-md-heading=\"why-choose-to-collaborate-with-agoravape\" data-v-md-line=\"66\">Por que escolher colaborar com a AgoraVape?<\/h2>\n<p data-v-md-line=\"68\">Como um dos distribuidores de vape mais confi\u00e1veis da Europa, vendemos apenas produtos genu\u00ednos 100%. Para os nossos clientes empresariais, isto significa que a Fluum Box 15000 oferece pre\u00e7os grossistas altamente competitivos, apoio t\u00e9cnico fi\u00e1vel e servi\u00e7os de entrega r\u00e1pidos e est\u00e1veis. A sua fun\u00e7\u00e3o de visualiza\u00e7\u00e3o faz com que se destaque da concorr\u00eancia - esta inova\u00e7\u00e3o pr\u00e1tica ir\u00e1 certamente encantar os seus clientes. Contacte-nos imediatamente para apresentar este produto que deixar\u00e1 os seus clientes maravilhados.<\/p>\n<p><script src=\"chrome-extension:\/\/fpelahbljekknahkcaegamhcndkfpfnc\/iFrame.js\" type=\"text\/javascript\"><\/script><\/p>\n<p><script src=\"chrome-extension:\/\/fpelahbljekknahkcaegamhcndkfpfnc\/iFrame.js\" type=\"text\/javascript\"><\/script><\/p>","protected":false},"excerpt":{"rendered":"<p>&nbsp;<\/p>\n<p><script src=\"chrome-extension:\/\/fpelahbljekknahkcaegamhcndkfpfnc\/iFrame.js\" type=\"text\/javascript\"><\/script><\/p>\n<p><script src=\"chrome-extension:\/\/fpelahbljekknahkcaegamhcndkfpfnc\/iFrame.js\" type=\"text\/javascript\"><\/script><\/p>\n<p><script src=\"chrome-extension:\/\/fpelahbljekknahkcaegamhcndkfpfnc\/iFrame.js\" type=\"text\/javascript\"><\/script><\/p>\n<p><script src=\"chrome-extension:\/\/fpelahbljekknahkcaegamhcndkfpfnc\/iFrame.js\" type=\"text\/javascript\"><\/script><\/p>\n<p><script src=\"chrome-extension:\/\/fpelahbljekknahkcaegamhcndkfpfnc\/iFrame.js\" type=\"text\/javascript\"><\/script><\/p>\n<p><script src=\"chrome-extension:\/\/fpelahbljekknahkcaegamhcndkfpfnc\/iFrame.js\" type=\"text\/javascript\"><\/script><\/p>\n<p><script src=\"chrome-extension:\/\/fpelahbljekknahkcaegamhcndkfpfnc\/iFrame.js\" type=\"text\/javascript\"><\/script><\/p>","protected":false},"featured_media":20135,"comment_status":"open","ping_status":"closed","template":"","meta":[],"product_brand":[197],"product_cat":[124,187,185,189,123,174,175,193,191,173,186,180,190,192],"product_tag":[],"class_list":{"0":"post-20109","1":"product","2":"type-product","3":"status-publish","4":"has-post-thumbnail","6":"product_brand-bang","7":"product_cat-vape-by-brand","8":"product_cat-0mg-nicotine-free-vapes","9":"product_cat-10000-puffs-high-capacity","10":"product_cat-20mg-standard-nicotine-vapes","11":"product_cat-bang","12":"product_cat-fruit-flavors","13":"product_cat-icy-mint","14":"product_cat-mesh-coil","15":"product_cat-rechargeable-disposables","16":"product_cat-vape-by-flavor-profile","17":"product_cat-vape-by-nicotine-strength","18":"product_cat-vape-by-puff-count","19":"product_cat-vape-by-feature-or-type","20":"product_cat-vapes-with-screens","22":"first","23":"onbackorder","24":"shipping-taxable","25":"purchasable","26":"product-type-variable","27":"has-default-attributes"},"tiered_pricing_type":"percentage","tiered_pricing_fixed_rules":[],"tiered_pricing_product_settings":{"layout":"default","base_unit_name":{"singular":null,"plural":null},"default_variation":null},"tiered_pricing_minimum_quantity":10,"tiered_pricing_roles_data":[],"tiered_pricing_percentage_rules":{"30":"29","50":"35","100":"40","200":"44","500":"47","1000":"49"},"tiered_pricing_maximum_quantity":null,"tiered_pricing_quantity_step":"10","_links":{"self":[{"href":"https:\/\/agoravape.com\/pt\/wp-json\/wp\/v2\/product\/20109","targetHints":{"allow":["GET"]}}],"collection":[{"href":"https:\/\/agoravape.com\/pt\/wp-json\/wp\/v2\/product"}],"about":[{"href":"https:\/\/agoravape.com\/pt\/wp-json\/wp\/v2\/types\/product"}],"replies":[{"embeddable":true,"href":"https:\/\/agoravape.com\/pt\/wp-json\/wp\/v2\/comments?post=20109"}],"version-history":[{"count":0,"href":"https:\/\/agoravape.com\/pt\/wp-json\/wp\/v2\/product\/20109\/revisions"}],"wp:featuredmedia":[{"embeddable":true,"href":"https:\/\/agoravape.com\/pt\/wp-json\/wp\/v2\/media\/20135"}],"wp:attachment":[{"href":"https:\/\/agoravape.com\/pt\/wp-json\/wp\/v2\/media?parent=20109"}],"wp:term":[{"taxonomy":"product_brand","embeddable":true,"href":"https:\/\/agoravape.com\/pt\/wp-json\/wp\/v2\/product_brand?post=20109"},{"taxonomy":"product_cat","embeddable":true,"href":"https:\/\/agoravape.com\/pt\/wp-json\/wp\/v2\/product_cat?post=20109"},{"taxonomy":"product_tag","embeddable":true,"href":"https:\/\/agoravape.com\/pt\/wp-json\/wp\/v2\/product_tag?post=20109"}],"curies":[{"name":"wp","href":"https:\/\/api.w.org\/{rel}","templated":true}]}}