{"id":20563,"date":"2025-12-30T22:38:15","date_gmt":"2025-12-30T14:38:15","guid":{"rendered":"https:\/\/agoravape.com\/?post_type=product&#038;p=20563"},"modified":"2026-02-25T07:38:10","modified_gmt":"2026-02-25T06:38:10","slug":"jnr-lionking-42000-puffs-disposable-vape","status":"publish","type":"product","link":"https:\/\/agoravape.com\/pt\/product\/jnr-lionking-42000-puffs-disposable-vape\/","title":{"rendered":"JNR LionKing 42000 Puffs Vape Descart\u00e1vel - Atacado em Grande Quantidade | Praticidade de Longa Dura\u00e7\u00e3o com 2% de Nicotina"},"content":{"rendered":"<h2 data-v-md-heading=\"what-are-the-advantages-of-jnr-lionking-s-wholesale-of-42000-disposable-vapes\" data-v-md-line=\"3\"><img loading=\"lazy\" decoding=\"async\" class=\"aligncenter size-full wp-image-20587\" src=\"https:\/\/agoravape.com\/wp-content\/uploads\/2025\/12\/JNR-LionKing-42000-Puffs-Disposable-Vape-Bulk-Wholesale-Long-Running-Convenience-at-2-Nicotine_Agora_vape-13.webp\" alt=\"\" width=\"1600\" height=\"1600\" srcset=\"https:\/\/agoravape.com\/wp-content\/uploads\/2025\/12\/JNR-LionKing-42000-Puffs-Disposable-Vape-Bulk-Wholesale-Long-Running-Convenience-at-2-Nicotine_Agora_vape-13.webp 1600w, https:\/\/agoravape.com\/wp-content\/uploads\/2025\/12\/JNR-LionKing-42000-Puffs-Disposable-Vape-Bulk-Wholesale-Long-Running-Convenience-at-2-Nicotine_Agora_vape-13-600x600.webp 600w, https:\/\/agoravape.com\/wp-content\/uploads\/2025\/12\/JNR-LionKing-42000-Puffs-Disposable-Vape-Bulk-Wholesale-Long-Running-Convenience-at-2-Nicotine_Agora_vape-13-1200x1200.webp 1200w, https:\/\/agoravape.com\/wp-content\/uploads\/2025\/12\/JNR-LionKing-42000-Puffs-Disposable-Vape-Bulk-Wholesale-Long-Running-Convenience-at-2-Nicotine_Agora_vape-13-300x300.webp 300w, https:\/\/agoravape.com\/wp-content\/uploads\/2025\/12\/JNR-LionKing-42000-Puffs-Disposable-Vape-Bulk-Wholesale-Long-Running-Convenience-at-2-Nicotine_Agora_vape-13-1024x1024.webp 1024w, https:\/\/agoravape.com\/wp-content\/uploads\/2025\/12\/JNR-LionKing-42000-Puffs-Disposable-Vape-Bulk-Wholesale-Long-Running-Convenience-at-2-Nicotine_Agora_vape-13-150x150.webp 150w, https:\/\/agoravape.com\/wp-content\/uploads\/2025\/12\/JNR-LionKing-42000-Puffs-Disposable-Vape-Bulk-Wholesale-Long-Running-Convenience-at-2-Nicotine_Agora_vape-13-768x768.webp 768w, https:\/\/agoravape.com\/wp-content\/uploads\/2025\/12\/JNR-LionKing-42000-Puffs-Disposable-Vape-Bulk-Wholesale-Long-Running-Convenience-at-2-Nicotine_Agora_vape-13-1536x1536.webp 1536w, https:\/\/agoravape.com\/wp-content\/uploads\/2025\/12\/JNR-LionKing-42000-Puffs-Disposable-Vape-Bulk-Wholesale-Long-Running-Convenience-at-2-Nicotine_Agora_vape-13-12x12.webp 12w\" sizes=\"auto, (max-width: 1600px) 100vw, 1600px\" \/><\/h2>\n<h2 data-v-md-heading=\"what-are-the-advantages-of-jnr-lionking-s-wholesale-of-42000-disposable-vapes\" data-v-md-line=\"3\">What are the advantages of JNR LionKing\u2019s wholesale of 42000 disposable vapes?<\/h2>\n<p data-v-md-line=\"5\">If you are tired of disposable vapes that can be used up in a few days, then this product is worth your attention. JNR LionKing is designed for long-term use and can take up to 42000 puffs at a nicotine concentration of 2%. It is easy to use and can be charged through the Type-C interface. This product is designed specifically for users who pursue stable taste and are unwilling to engage in tedious operations.<\/p>\n<p data-v-md-line=\"7\">It is suitable for both personal and commercial use. You can achieve long-lasting and stable performance without worrying about running out of e-liquid and having to discard the device.<\/p>\n<h2 data-v-md-heading=\"excellent-performance-and-easy-operation\" data-v-md-line=\"9\">Excelente desempenho e opera\u00e7\u00e3o f\u00e1cil.<\/h2>\n<p data-v-md-line=\"11\">The coil has been carefully tuned to ensure a consistent taste, with the last bite having almost the same flavor as the first bite. No overheating phenomenon, no burnt smell. When the battery is low, simply plug in a Type-C data cable. It\u2019s the kind you use when charging your phone. I will soon be able to continue enjoying vapes.<\/p>\n<p data-v-md-line=\"13\">You may think that the scent of this high suction device will become lighter, but its scent is surprisingly long-lasting, even after prolonged use.<\/p>\n<h2 data-v-md-heading=\"quick-specifications\" data-v-md-line=\"15\">Especifica\u00e7\u00f5es r\u00e1pidas<\/h2>\n<ul data-v-md-line=\"17\">\n<li>Number of suction ports: up to 42000 ports<\/li>\n<li>Teor de nicotina: 2% (20mg\/mL)<\/li>\n<li>Battery: 850mAh, supports Type-C charging<\/li>\n<li>Usage: Simple suction disposable vape<\/li>\n<li>Status: Pronto para usar assim que sai da caixa<\/li>\n<li>Product Code: JNR-LionKing-42k<\/li>\n<li>Packaging: 10 inner boxes; 200 outer boxes; Gross weight 21.95 kilograms<\/li>\n<\/ul>\n<h2 data-v-md-heading=\"complete-flavor-series\" data-v-md-line=\"24\">S\u00e9rie completa de sabores<\/h2>\n<ul data-v-md-line=\"26\">\n<li>Blueberries, raspberries, cherries<\/li>\n<li>Bubble Cherry Cola<\/li>\n<li>Frutas vermelhas misturadas<\/li>\n<li>Sorvete de morango, framboesa e cereja<\/li>\n<li>Sorvete de morango<\/li>\n<li>Gelo de Melancia<\/li>\n<li>Mirtilos e framboesas<\/li>\n<li>morango kiwi<\/li>\n<li>Sorvete de morango e melancia<\/li>\n<li>Frutas tropicais<\/li>\n<li>Bubble Strawberry<\/li>\n<li>Coca-Cola Ice<\/li>\n<li>Peach berry<\/li>\n<li>Summer Peach Ice<\/li>\n<li>Gelo Negro<\/li>\n<li>Hava\u00ed<\/li>\n<li>Fruta do drag\u00e3o<\/li>\n<li>Chiclete de Melancia<\/li>\n<li>Gelo de Cereja<\/li>\n<li>Amor 66<\/li>\n<\/ul>\n<h2 data-v-md-heading=\"tailored-for-you-and-your-business\" data-v-md-line=\"46\">Feito sob medida para voc\u00ea e sua empresa.<\/h2>\n<p data-v-md-line=\"48\">If you just want to give it a try, we offer a single purchase of JNR LionKing 42000 disposable vapes. If you are purchasing for your store, you can order wholesale packaging of 10 units per box or wholesale packaging of 200 units per box. Clean, simple, and easy to manage inventory.<\/p>\n<p data-v-md-line=\"50\">Enviamos para diversas partes da Europa atrav\u00e9s de parceiros de confian\u00e7a como UPS, DPD e DHL no formato DDP, o que significa que os direitos aduaneiros e o IVA j\u00e1 foram processados. N\u00e3o precisa se preocupar com taxas alfandeg\u00e1rias. O prazo de entrega \u00e9 previs\u00edvel e voc\u00ea pode acompanhar todo o processo, desde a coleta at\u00e9 a entrega em domic\u00edlio.<\/p>\n<p data-v-md-line=\"52\">Uma breve explica\u00e7\u00e3o da regulamenta\u00e7\u00e3o: A Diretiva Europeia de Produtos de Tabaco (TPD) limita a capacidade de venda a retalho de l\u00edquidos para cigarros eletr\u00f3nicos descart\u00e1veis \u200b\u200ba 2 mililitros, o que normalmente equivale a 600 a 800 tragadas. Um dispositivo capaz de realizar 42.000 tragadas excede este limite e, portanto, n\u00e3o cumpre as normas da UE para o com\u00e9rcio a retalho B2C. Muitos compradores B2B adquirem produtos para mercados de exporta\u00e7\u00e3o ou canais controlados. Por favor, verifique a regulamenta\u00e7\u00e3o local antes de anunciar o seu produto.<\/p>\n<p data-v-md-line=\"54\">Se precisar saber os pre\u00e7os de atacado e as quantidades m\u00ednimas de pedido, entre em contato com nossa equipe de vendas. Elaboraremos um or\u00e7amento personalizado para voc\u00ea, com base na quantidade do seu pedido e na rota de envio.<\/p>\n<h2 data-v-md-heading=\"the-reason-why-you-will-like-it\" data-v-md-line=\"56\">O motivo pelo qual voc\u00ea vai gostar disso<\/h2>\n<ul data-v-md-line=\"58\">\n<li>Porta de suc\u00e7\u00e3o ultralonga: N\u00e3o \u00e9 necess\u00e1rio substituir o dispositivo com frequ\u00eancia.<\/li>\n<li>2% de nicotina: Adequado para a maioria dos usu\u00e1rios adultos de cigarros eletr\u00f4nicos que apreciam uma experi\u00eancia de fumo est\u00e1vel.<\/li>\n<li>Recarreg\u00e1vel: Voc\u00ea pode continuar usando o e-l\u00edquido comprado sem precisar descartar o dispositivo que estiver pela metade.<\/li>\n<li>Bobina est\u00e1vel: Proporciona um sabor suave e agrad\u00e1vel do in\u00edcio ao fim.<\/li>\n<li>Interface Tipo C: Carregue usando seu cabo de dados existente.<\/li>\n<\/ul>\n<h2 data-v-md-heading=\"why-choose-agoravape\" data-v-md-line=\"64\">Por que escolher a AgoraVape?<\/h2>\n<p data-v-md-line=\"66\">Oferecemos apenas produtos JNR 100% genu\u00ednos. O n\u00famero do lote est\u00e1 dispon\u00edvel para verifica\u00e7\u00e3o. Nossa empresa est\u00e1 registrada na Europa e realiza envios di\u00e1rios para empresas da UE. Voc\u00ea receber\u00e1 documenta\u00e7\u00e3o completa e suporte t\u00e9cnico \u00e1gil.<\/p>\n<p data-v-md-line=\"68\">Aceitamos transfer\u00eancias banc\u00e1rias, os principais cart\u00f5es de cr\u00e9dito e pagamentos via PayPal, al\u00e9m de oferecermos prote\u00e7\u00e3o ao comprador. Clientes atacadistas podem aproveitar pre\u00e7os com desconto, envio r\u00e1pido e servi\u00e7o de entrega DDP para os vapes descart\u00e1veis \u200b\u200bJNR LionKing 42000. Entre em contato com nossa equipe para que seus clientes se apaixonem por este produto e o comprem repetidamente.<\/p>","protected":false},"excerpt":{"rendered":"<p>Quais s\u00e3o as vantagens da venda por grosso de 42 000 cigarros eletr\u00f3nicos descart\u00e1veis da JNR LionKing? Se est\u00e1 cansado de cigarros eletr\u00f3nicos descart\u00e1veis que<\/p>","protected":false},"featured_media":20595,"comment_status":"closed","ping_status":"closed","template":"","meta":[],"product_brand":[225],"product_cat":[124,185,189,177,174,175,152,193,191,173,186,180,190,192],"product_tag":[],"class_list":{"0":"post-20563","1":"product","2":"type-product","3":"status-publish","4":"has-post-thumbnail","6":"product_brand-jnr","7":"product_cat-vape-by-brand","8":"product_cat-10000-puffs-high-capacity","9":"product_cat-20mg-standard-nicotine-vapes","10":"product_cat-dessert-sweets","11":"product_cat-fruit-flavors","12":"product_cat-icy-mint","13":"product_cat-jnr","14":"product_cat-mesh-coil","15":"product_cat-rechargeable-disposables","16":"product_cat-vape-by-flavor-profile","17":"product_cat-vape-by-nicotine-strength","18":"product_cat-vape-by-puff-count","19":"product_cat-vape-by-feature-or-type","20":"product_cat-vapes-with-screens","22":"first","23":"outofstock","24":"shipping-taxable","25":"purchasable","26":"product-type-variable","27":"has-default-attributes"},"tiered_pricing_type":"percentage","tiered_pricing_fixed_rules":{"30":"29","50":"35","100":"40","200":"44","500":"47","1000":"49"},"tiered_pricing_product_settings":{"layout":"default","base_unit_name":{"singular":null,"plural":null},"default_variation":null},"tiered_pricing_minimum_quantity":10,"tiered_pricing_roles_data":[],"tiered_pricing_percentage_rules":{"30":"29","50":"35","100":"40","200":"44","500":"47","1000":"46"},"tiered_pricing_maximum_quantity":null,"tiered_pricing_quantity_step":"10","_links":{"self":[{"href":"https:\/\/agoravape.com\/pt\/wp-json\/wp\/v2\/product\/20563","targetHints":{"allow":["GET"]}}],"collection":[{"href":"https:\/\/agoravape.com\/pt\/wp-json\/wp\/v2\/product"}],"about":[{"href":"https:\/\/agoravape.com\/pt\/wp-json\/wp\/v2\/types\/product"}],"replies":[{"embeddable":true,"href":"https:\/\/agoravape.com\/pt\/wp-json\/wp\/v2\/comments?post=20563"}],"version-history":[{"count":0,"href":"https:\/\/agoravape.com\/pt\/wp-json\/wp\/v2\/product\/20563\/revisions"}],"wp:featuredmedia":[{"embeddable":true,"href":"https:\/\/agoravape.com\/pt\/wp-json\/wp\/v2\/media\/20595"}],"wp:attachment":[{"href":"https:\/\/agoravape.com\/pt\/wp-json\/wp\/v2\/media?parent=20563"}],"wp:term":[{"taxonomy":"product_brand","embeddable":true,"href":"https:\/\/agoravape.com\/pt\/wp-json\/wp\/v2\/product_brand?post=20563"},{"taxonomy":"product_cat","embeddable":true,"href":"https:\/\/agoravape.com\/pt\/wp-json\/wp\/v2\/product_cat?post=20563"},{"taxonomy":"product_tag","embeddable":true,"href":"https:\/\/agoravape.com\/pt\/wp-json\/wp\/v2\/product_tag?post=20563"}],"curies":[{"name":"wp","href":"https:\/\/api.w.org\/{rel}","templated":true}]}}